{"id":8288,"date":"2026-01-29T14:49:04","date_gmt":"2026-01-29T14:49:04","guid":{"rendered":"https:\/\/turkishtrade.co\/?post_type=product&#038;p=8288"},"modified":"2026-04-09T20:30:22","modified_gmt":"2026-04-09T20:30:22","slug":"mens-black-patent-leather-bit-loafers","status":"publish","type":"product","link":"https:\/\/turkishtrade.co\/tr\/shop\/mens-black-patent-leather-bit-loafers\/","title":{"rendered":"Erkek Siyah Rugan Bit Loafer'lar Incredible"},"content":{"rendered":"<p><strong>Erkek Siyah Rugan Bit Loafer<\/strong>. \u0130nan\u0131lmaz kalite ve tasar\u0131m.<\/p>\n<p>Ayakkab\u0131 koleksiyonunuzu se\u00e7kin \u00fcr\u00fcnlerimizle geli\u015ftirin <strong>Erkek Siyah Rugan Bit Loafer<\/strong>. Se\u00e7kin beyefendiler i\u00e7in tasarlanan bu klasik ayakkab\u0131lar, zamans\u0131z sofistikeli\u011fi modern \u00e7ekicilikle harmanl\u0131yor. Birinci s\u0131n\u0131f malzemelerden \u00fcretilen bu <strong>Erkek Siyah Rugan Bit Loafer<\/strong> her t\u00fcrl\u00fc resmi etkinlik, i\u015f toplant\u0131s\u0131 veya l\u00fcks g\u00fcndelik geziler i\u00e7in m\u00fckemmel bir stil \u00f6rne\u011fidir. Y\u00fcksek parlakl\u0131ktaki kaplamas\u0131yla dikkat \u00e7eker ve gard\u0131robunuzun vazge\u00e7ilmez bir par\u00e7as\u0131 haline gelir.<\/p>\n<h3>Rakipsiz \u0130\u015f\u00e7ilik ve Birinci S\u0131n\u0131f Malzemeler<\/h3>\n<p>Her ad\u0131mda benzersiz l\u00fcks\u00fc deneyimleyin. Bu \u00e7arp\u0131c\u0131 ayakkab\u0131lar\u0131n \u00fcst <strong>Erkek Siyah Rugan Bit Loafer<\/strong> hakiki dana derisinden titizlikle \u00fcretilmi\u015ftir ve \u0131\u015f\u0131\u011f\u0131 g\u00fczel bir \u015fekilde yakalayan parlak, patent benzeri bir parlakl\u0131k elde etmek i\u00e7in i\u015flenmi\u015ftir. Parlak d\u0131\u015f y\u00fczeyi tamamlayan tam hakiki ke\u00e7i derisi astar, g\u00fcn boyunca ola\u011fan\u00fcst\u00fc nefes alabilirlik ve konfor sa\u011flar. Birinci s\u0131n\u0131f derilerin bu kombinasyonu sadece yumu\u015fak, eldiven benzeri bir uyum sa\u011flamakla kalmaz, ayn\u0131 zamanda y\u0131llarca s\u00fcrecek bir \u00e7ift ayakkab\u0131 vaat eden geli\u015fmi\u015f dayan\u0131kl\u0131l\u0131k sa\u011flar. S\u0131rt k\u0131sm\u0131n\u0131 s\u00fcsleyen ikonik g\u00fcm\u00fc\u015f toka, bu mokasen ayakkab\u0131lar\u0131 s\u0131radan ayakkab\u0131lardan ay\u0131ran rafine bir zarafet dokunu\u015fu katar.<\/p>\n<h3>Stil ve Konforun M\u00fckemmel Kar\u0131\u015f\u0131m\u0131<\/h3>\n<p>Bu muhte\u015fem eserlerin temeli <strong>Erkek Siyah Rugan Bit Loafer<\/strong> sa\u011flam ve \u015f\u0131k bir hakiki deri taband\u0131r. Dayan\u0131kl\u0131l\u0131\u011f\u0131 ve klasik esteti\u011fiyle tan\u0131nan deri taban, sofistike bir g\u00f6r\u00fcn\u00fcm ve his sunarken m\u00fckemmel tutu\u015f ve rahat bir ad\u0131m sa\u011flar. Geleneksel yap\u0131s\u0131, bu mokasen ayakkab\u0131lar\u0131n zaman i\u00e7inde aya\u011f\u0131n\u0131za uyum sa\u011flamas\u0131n\u0131 ve yaln\u0131zca y\u00fcksek kaliteli derinin sa\u011flayabilece\u011fi ki\u015fiselle\u015ftirilmi\u015f bir uyum sunmas\u0131n\u0131 sa\u011flar. Toplant\u0131 odas\u0131ndan \u00f6zel ak\u015fam etkinliklerine kadar, bu hakiki rugan mokasen ayakkab\u0131lar her zaman g\u00f6steri\u015fli bir izlenim b\u0131rakman\u0131z\u0131 sa\u011flar. Klasik tasar\u0131mlar\u0131 her zaman moda olmalar\u0131n\u0131 sa\u011flar ve modaya \u00f6nem veren her erkek i\u00e7in ak\u0131ll\u0131ca bir yat\u0131r\u0131md\u0131r.<\/p>\n<h3>Her Durum i\u00e7in \u00c7ok Y\u00f6nl\u00fcl\u00fck ve Toptan Sat\u0131\u015f F\u0131rsatlar\u0131<\/h3>\n<p>\u00c7ok y\u00f6nl\u00fcl\u00fck bizim i\u00e7in \u00e7ok \u00f6nemli <strong>Erkek Siyah Rugan Bit Loafer<\/strong>. Siyah kravatl\u0131 bir etkinlik i\u00e7in keskin bir smokinle, i\u015f i\u00e7in \u00f6zel bir tak\u0131mla e\u015fle\u015ftirin veya sofistike bir hafta sonu g\u00f6r\u00fcn\u00fcm\u00fc i\u00e7in ak\u0131ll\u0131 g\u00fcndelik k\u0131yafetleri bile giydirin. 39'dan 45'e kadar kapsaml\u0131 bir beden yelpazesinde mevcut olan bu ayakkab\u0131lar, geni\u015f bir ayak yelpazesi i\u00e7in m\u00fckemmel uyum sa\u011flar. Birinci s\u0131n\u0131f ayakkab\u0131lar sunmak isteyen perakendeciler ve i\u015fletmeler i\u00e7in bu zarif <strong>Erkek Siyah Rugan Bit Loafer<\/strong> toptan sat\u0131n al\u0131nabilir. Sadece 8 \u00e7iftlik minimum sipari\u015fle, envanterinizi bu y\u00fcksek talep g\u00f6ren klasik erkek ayakkab\u0131lar\u0131yla kolayca doldurabilirsiniz. Koleksiyonunuza veya i\u015f tekliflerinize zamans\u0131z bir sofistike dokunu\u015f ekleme f\u0131rsat\u0131n\u0131 ka\u00e7\u0131rmay\u0131n. Sipari\u015finizi verin <strong>Erkek Siyah Rugan Bit Loafer<\/strong> bug\u00fcn, zarafet ve kalite dolu bir d\u00fcnyaya ad\u0131m at\u0131n.<\/p>","protected":false},"excerpt":{"rendered":"<ul>\n<li>Y\u00fcksek parlakl\u0131k i\u00e7in birinci s\u0131n\u0131f hakiki rugan dana derisi saya.<\/li>\n<li>L\u00fcks hakiki ke\u00e7i derisi astar, ola\u011fan\u00fcst\u00fc nefes alabilirlik ve konfor sa\u011flar.<\/li>\n<li>Zarif g\u00fcm\u00fc\u015f tonlu donan\u0131ma sahip ikonik bit loafer tasar\u0131m\u0131.<\/li>\n<li>Dayan\u0131kl\u0131 hakiki deri taban, klasik bir \u015f\u0131kl\u0131k ve uzun s\u00fcreli kullan\u0131m sa\u011flar.<\/li>\n<li>39'dan 45'e kadar kapsaml\u0131 bir beden yelpazesinde mevcuttur.<\/li>\n<li>Toplu sipari\u015fler i\u00e7in toptan sat\u0131\u015f talepleri kabul edilir (minimum 8 \u00e7ift).<\/li>\n<\/ul>","protected":false},"featured_media":6853,"template":"","meta":{"_acf_changed":false,"_uag_custom_page_level_css":"","site-sidebar-layout":"default","site-content-layout":"","ast-site-content-layout":"default","site-content-style":"default","site-sidebar-style":"default","ast-global-header-display":"","ast-banner-title-visibility":"","ast-main-header-display":"","ast-hfb-above-header-display":"","ast-hfb-below-header-display":"","ast-hfb-mobile-header-display":"","site-post-title":"","ast-breadcrumbs-content":"","ast-featured-img":"","footer-sml-layout":"","ast-disable-related-posts":"","theme-transparent-header-meta":"","adv-header-id-meta":"","stick-header-meta":"","header-above-stick-meta":"","header-main-stick-meta":"","header-below-stick-meta":"","astra-migrate-meta-layouts":"default","ast-page-background-enabled":"default","ast-page-background-meta":{"desktop":{"background-color":"var(--ast-global-color-4)","background-image":"","background-repeat":"repeat","background-position":"center center","background-size":"auto","background-attachment":"scroll","background-type":"","background-media":"","overlay-type":"","overlay-color":"","overlay-opacity":"","overlay-gradient":""},"tablet":{"background-color":"","background-image":"","background-repeat":"repeat","background-position":"center center","background-size":"auto","background-attachment":"scroll","background-type":"","background-media":"","overlay-type":"","overlay-color":"","overlay-opacity":"","overlay-gradient":""},"mobile":{"background-color":"","background-image":"","background-repeat":"repeat","background-position":"center center","background-size":"auto","background-attachment":"scroll","background-type":"","background-media":"","overlay-type":"","overlay-color":"","overlay-opacity":"","overlay-gradient":""}},"ast-content-background-meta":{"desktop":{"background-color":"var(--ast-global-color-5)","background-image":"","background-repeat":"repeat","background-position":"center center","background-size":"auto","background-attachment":"scroll","background-type":"","background-media":"","overlay-type":"","overlay-color":"","overlay-opacity":"","overlay-gradient":""},"tablet":{"background-color":"var(--ast-global-color-5)","background-image":"","background-repeat":"repeat","background-position":"center center","background-size":"auto","background-attachment":"scroll","background-type":"","background-media":"","overlay-type":"","overlay-color":"","overlay-opacity":"","overlay-gradient":""},"mobile":{"background-color":"var(--ast-global-color-5)","background-image":"","background-repeat":"repeat","background-position":"center center","background-size":"auto","background-attachment":"scroll","background-type":"","background-media":"","overlay-type":"","overlay-color":"","overlay-opacity":"","overlay-gradient":""}}},"product_brand":[],"product_cat":[47,430,1200],"product_tag":[178,370,405,457,352,952,1295,324,657,262],"class_list":{"0":"post-8288","1":"product","2":"type-product","3":"status-publish","4":"has-post-thumbnail","6":"product_cat-classic","7":"product_cat-men","8":"product_cat-mens-shoes-2","9":"product_tag-bit-loafers","10":"product_tag-black-loafers","11":"product_tag-business-shoes","12":"product_tag-classic-loafers","13":"product_tag-formal-loafers","14":"product_tag-genuine-leather-shoes","15":"product_tag-mens-black-patent-leather-bit-loafers","16":"product_tag-mens-dress-shoes","17":"product_tag-patent-leather-shoes","18":"product_tag-wholesale-mens-shoes","19":"desktop-align-center","20":"tablet-align-center","21":"mobile-align-center","23":"first","24":"instock","25":"shipping-taxable","26":"purchasable","27":"product-type-variable","28":"has-default-attributes"},"acf":[],"uagb_featured_image_src":{"full":["https:\/\/turkishtrade.co\/wp-content\/uploads\/2026\/01\/2600NZWMN00004-BLACK.png",453,250,false],"thumbnail":["https:\/\/turkishtrade.co\/wp-content\/uploads\/2026\/01\/2600NZWMN00004-BLACK-150x150.png",150,150,true],"medium":["https:\/\/turkishtrade.co\/wp-content\/uploads\/2026\/01\/2600NZWMN00004-BLACK-300x166.png",300,166,true],"medium_large":["https:\/\/turkishtrade.co\/wp-content\/uploads\/2026\/01\/2600NZWMN00004-BLACK.png",453,250,false],"large":["https:\/\/turkishtrade.co\/wp-content\/uploads\/2026\/01\/2600NZWMN00004-BLACK.png",453,250,false],"1536x1536":["https:\/\/turkishtrade.co\/wp-content\/uploads\/2026\/01\/2600NZWMN00004-BLACK.png",453,250,false],"2048x2048":["https:\/\/turkishtrade.co\/wp-content\/uploads\/2026\/01\/2600NZWMN00004-BLACK.png",453,250,false],"trp-custom-language-flag":["https:\/\/turkishtrade.co\/wp-content\/uploads\/2026\/01\/2600NZWMN00004-BLACK-18x10.png",18,10,true],"woocommerce_thumbnail":["https:\/\/turkishtrade.co\/wp-content\/uploads\/2026\/01\/2600NZWMN00004-BLACK-400x250.png",400,250,true],"woocommerce_single":["https:\/\/turkishtrade.co\/wp-content\/uploads\/2026\/01\/2600NZWMN00004-BLACK.png",453,250,false],"woocommerce_gallery_thumbnail":["https:\/\/turkishtrade.co\/wp-content\/uploads\/2026\/01\/2600NZWMN00004-BLACK-100x100.png",100,100,true]},"uagb_author_info":{"display_name":"python python","author_link":"https:\/\/turkishtrade.co\/tr\/author\/"},"uagb_comment_info":0,"uagb_excerpt":"Premium genuine patent calf leather upper for a high-shine finish. Luxurious genuine goat leather lining ensures exceptional breathability and comfort. Iconic bit loafer design with elegant silver-tone hardware. Durable genuine leather sole provides classic sophistication and lasting wear. Available in a comprehensive range of sizes from 39 to 45. Wholesale inquiries welcome for bulk orders&hellip;","_links":{"self":[{"href":"https:\/\/turkishtrade.co\/tr\/wp-json\/wp\/v2\/product\/8288","targetHints":{"allow":["GET"]}}],"collection":[{"href":"https:\/\/turkishtrade.co\/tr\/wp-json\/wp\/v2\/product"}],"about":[{"href":"https:\/\/turkishtrade.co\/tr\/wp-json\/wp\/v2\/types\/product"}],"wp:featuredmedia":[{"embeddable":true,"href":"https:\/\/turkishtrade.co\/tr\/wp-json\/wp\/v2\/media\/6853"}],"wp:attachment":[{"href":"https:\/\/turkishtrade.co\/tr\/wp-json\/wp\/v2\/media?parent=8288"}],"wp:term":[{"taxonomy":"product_brand","embeddable":true,"href":"https:\/\/turkishtrade.co\/tr\/wp-json\/wp\/v2\/product_brand?post=8288"},{"taxonomy":"product_cat","embeddable":true,"href":"https:\/\/turkishtrade.co\/tr\/wp-json\/wp\/v2\/product_cat?post=8288"},{"taxonomy":"product_tag","embeddable":true,"href":"https:\/\/turkishtrade.co\/tr\/wp-json\/wp\/v2\/product_tag?post=8288"}],"curies":[{"name":"wp","href":"https:\/\/api.w.org\/{rel}","templated":true}]}}