{"id":8287,"date":"2026-01-29T14:49:04","date_gmt":"2026-01-29T14:49:04","guid":{"rendered":"https:\/\/turkishtrade.co\/?post_type=product&#038;p=8287"},"modified":"2026-04-09T20:30:25","modified_gmt":"2026-04-09T20:30:25","slug":"mens-black-patent-loafers-2","status":"publish","type":"product","link":"https:\/\/turkishtrade.co\/tr\/shop\/mens-black-patent-loafers-2\/","title":{"rendered":"Erkek Siyah Rugan Loafer Sensational | Erkek Siyah Rugan Loafer"},"content":{"rendered":"<p><strong>Erkek Siyah Patent Loafer<\/strong>. Sansasyonel kalite ve tasar\u0131m.<\/p>\n<p>Enfes \u00fcr\u00fcnlerimizle benzersiz bir sofistike ortama ad\u0131m at\u0131n <b>Erkek Siyah Patent Loafer<\/b>. Modern beyefendiler i\u00e7in tasarlanan bu klasik ayakkab\u0131lar, zamans\u0131z \u015f\u0131kl\u0131\u011f\u0131 \u00e7a\u011fda\u015f konforla m\u00fckemmel bir \u015fekilde harmanlayarak her se\u00e7kin gard\u0131robun vazge\u00e7ilmez bir par\u00e7as\u0131 haline geliyor.<\/p>\n<h3>Rakipsiz \u0130\u015f\u00e7ilik ve Birinci S\u0131n\u0131f Malzemeler<\/h3>\n<p>Bu premium \u00fcr\u00fcnlerin her bir \u00e7ifti <b>Erkek Siyah Patent Loafer<\/b> en iyi hakiki deriden titizlikle \u00fcretilmi\u015ftir. \u00dcst k\u0131s\u0131m, \u0131\u015f\u0131\u011f\u0131 g\u00fczel bir \u015fekilde yakalayan \u00e7arp\u0131c\u0131 bir patent kaplamaya sahipken, i\u00e7 k\u0131s\u0131m yumu\u015fak, nefes alabilen ke\u00e7i derisiyle astarlanm\u0131\u015ft\u0131r ve her ad\u0131mda l\u00fcks konfor sa\u011flar. Sa\u011flam ancak hafif EVA taban, ola\u011fan\u00fcst\u00fc yast\u0131klama ve esneklik sa\u011flayarak stilinizden \u00f6d\u00fcn vermeden g\u00fcn boyunca kolayl\u0131kla hareket etmenize olanak tan\u0131r. Kaliteye olan sars\u0131lmaz ba\u011fl\u0131l\u0131\u011f\u0131m\u0131z, \u00fcst\u00fcn T\u00fcrk i\u015f\u00e7ili\u011fini yans\u0131tan, zamana meydan okuyan dayan\u0131kl\u0131 bir ayakkab\u0131 sa\u011flar.<\/p>\n<h3>Her Durum \u0130\u00e7in Zarif Tasar\u0131m<\/h3>\n<p>\u0130nce ama \u00e7arp\u0131c\u0131 metal toka detay\u0131yla tamamlanan \u015f\u0131k bir siluete sahip olan bu <b>Erkek Siyah Patent Loafer<\/b> zarif bir \u00e7ekicilik havas\u0131 yayar. \u00c7ok y\u00f6nl\u00fc tasar\u0131mlar\u0131, onlar\u0131 bir\u00e7ok durum i\u00e7in uygun hale getirir. \u00d6nemli i\u015f toplant\u0131lar\u0131, d\u00fc\u011f\u00fcnler ve galalar gibi resmi etkinlikler i\u00e7in keskin bir tak\u0131m elbise ile e\u015fle\u015ftirin veya sofistike bir yar\u0131 g\u00fcndelik g\u00f6r\u00fcn\u00fcm i\u00e7in \u00f6zel dikim pantolonlar ve \u015f\u0131k bir blazer ceket ile hafif\u00e7e giydirin. Bu makosen ayakkab\u0131lar, ortam ne olursa olsun kal\u0131c\u0131 bir izlenim b\u0131rakman\u0131z\u0131 sa\u011flamak i\u00e7in tasarlanm\u0131\u015ft\u0131r.<\/p>\n<h3>\u00dcst\u00fcn Konfor ve M\u00fckemmel Uyum<\/h3>\n<p>\u00d6zenle tasarlanm\u0131\u015f yap\u0131s\u0131 ve y\u00fcksek kaliteli malzemeleri sayesinde g\u00fcn boyu konforu ya\u015fay\u0131n. 39, 40, 41, 42, 43, 44 ve 45 dahil olmak \u00fczere kapsaml\u0131 bir Avrupa beden yelpazesinde mevcut olan bu <b>Erkek Siyah Patent Loafer<\/b> \u00e7e\u015fitli ayak boyutlar\u0131 i\u00e7in optimum uyum sa\u011flayacak \u015fekilde tasarlanm\u0131\u015ft\u0131r. Geli\u015fmi\u015f EVA taban sadece \u00fcst\u00fcn \u015fok emilimi sa\u011flamakla kalmaz, ayn\u0131 zamanda ayakkab\u0131n\u0131n genel hafifli\u011fine de \u00f6nemli \u00f6l\u00e7\u00fcde katk\u0131da bulunur ve uzun s\u00fcreli kullan\u0131mdan sonra bile ayak yorgunlu\u011funu aktif olarak azalt\u0131r.<\/p>\n<h3>Toptan Sat\u0131\u015f F\u0131rsat\u0131<\/h3>\n<p>\u00dcst\u00fcn kaliteli ayakkab\u0131lar sunmak isteyen perakendeciler ve i\u015fletmeler i\u00e7in bu ola\u011fan\u00fcst\u00fc <b>Erkek Siyah Patent Loafer<\/b> toptan sat\u0131n al\u0131nabilir. Sadece 8 \u00e7iftlik minimum sipari\u015f miktar\u0131yla, de\u011ferli m\u00fc\u015fterileriniz i\u00e7in hem y\u00fcksek kalite hem de kusursuz stil vaat eden, aranan bir \u00fcr\u00fcn\u00fc kolayca stoklayabilirsiniz. Envanterinize hakiki deri \u015f\u0131kl\u0131\u011f\u0131 katmak i\u00e7in bizimle i\u015f birli\u011fi yap\u0131n.<\/p>\n<p>Bir \u00e7ift ayakkab\u0131ya yat\u0131r\u0131m yap\u0131n <b>Erkek Siyah Patent Loafer<\/b> ve ayakkab\u0131 koleksiyonunuzu zamans\u0131z bir zarafet ve e\u015fsiz bir i\u015f\u00e7ilikle yeniden tan\u0131mlay\u0131n. Bunlar sadece ayakkab\u0131 de\u011fil; sofistike bir zevkin ifadesidir.<\/p>","protected":false},"excerpt":{"rendered":"<ul>\n<li>\u00dcst\u00fcn konfor ve dayan\u0131kl\u0131l\u0131k i\u00e7in birinci s\u0131n\u0131f hakiki dana ve ke\u00e7i derisi saya ve astar.<\/li>\n<li>\u015e\u0131k siyah rugan kaplama, her tak\u0131ma sofistike bir dokunu\u015f katar.<\/li>\n<li>Hafif ve esnek EVA taban g\u00fcn boyu konfor ve \u00fcst\u00fcn \u015fok emilimi sa\u011flar.<\/li>\n<li>\u015e\u0131k metal toka vurgusu klasik loafer tasar\u0131m\u0131n\u0131 g\u00fc\u00e7lendirir.<\/li>\n<li>M\u00fckemmel uyum i\u00e7in 39, 40, 41, 42, 43, 44, 45 AB bedenlerinde mevcuttur.<\/li>\n<li>Minimum 8 \u00e7ift sipari\u015f ile toptan sat\u0131\u015f f\u0131rsatlar\u0131 mevcuttur.<\/li>\n<\/ul>","protected":false},"featured_media":6852,"template":"","meta":{"_acf_changed":false,"_uag_custom_page_level_css":"","site-sidebar-layout":"default","site-content-layout":"","ast-site-content-layout":"default","site-content-style":"default","site-sidebar-style":"default","ast-global-header-display":"","ast-banner-title-visibility":"","ast-main-header-display":"","ast-hfb-above-header-display":"","ast-hfb-below-header-display":"","ast-hfb-mobile-header-display":"","site-post-title":"","ast-breadcrumbs-content":"","ast-featured-img":"","footer-sml-layout":"","ast-disable-related-posts":"","theme-transparent-header-meta":"","adv-header-id-meta":"","stick-header-meta":"","header-above-stick-meta":"","header-main-stick-meta":"","header-below-stick-meta":"","astra-migrate-meta-layouts":"default","ast-page-background-enabled":"default","ast-page-background-meta":{"desktop":{"background-color":"var(--ast-global-color-4)","background-image":"","background-repeat":"repeat","background-position":"center center","background-size":"auto","background-attachment":"scroll","background-type":"","background-media":"","overlay-type":"","overlay-color":"","overlay-opacity":"","overlay-gradient":""},"tablet":{"background-color":"","background-image":"","background-repeat":"repeat","background-position":"center center","background-size":"auto","background-attachment":"scroll","background-type":"","background-media":"","overlay-type":"","overlay-color":"","overlay-opacity":"","overlay-gradient":""},"mobile":{"background-color":"","background-image":"","background-repeat":"repeat","background-position":"center center","background-size":"auto","background-attachment":"scroll","background-type":"","background-media":"","overlay-type":"","overlay-color":"","overlay-opacity":"","overlay-gradient":""}},"ast-content-background-meta":{"desktop":{"background-color":"var(--ast-global-color-5)","background-image":"","background-repeat":"repeat","background-position":"center center","background-size":"auto","background-attachment":"scroll","background-type":"","background-media":"","overlay-type":"","overlay-color":"","overlay-opacity":"","overlay-gradient":""},"tablet":{"background-color":"var(--ast-global-color-5)","background-image":"","background-repeat":"repeat","background-position":"center center","background-size":"auto","background-attachment":"scroll","background-type":"","background-media":"","overlay-type":"","overlay-color":"","overlay-opacity":"","overlay-gradient":""},"mobile":{"background-color":"var(--ast-global-color-5)","background-image":"","background-repeat":"repeat","background-position":"center center","background-size":"auto","background-attachment":"scroll","background-type":"","background-media":"","overlay-type":"","overlay-color":"","overlay-opacity":"","overlay-gradient":""}}},"product_brand":[],"product_cat":[47,430,1200],"product_tag":[315,457,609,287,1294,932,860,565,657,596],"class_list":{"0":"post-8287","1":"product","2":"type-product","3":"status-publish","4":"has-post-thumbnail","6":"product_cat-classic","7":"product_cat-men","8":"product_cat-mens-shoes-2","9":"product_tag-buckle-loafers","10":"product_tag-classic-loafers","11":"product_tag-elegant-mens-shoes","12":"product_tag-eva-sole-shoes","13":"product_tag-genuine-leather-loafers","14":"product_tag-mens-black-patent-loafers","15":"product_tag-mens-dress-loafers","16":"product_tag-mens-formal-shoes","17":"product_tag-patent-leather-shoes","18":"product_tag-turkish-made-shoes","19":"desktop-align-center","20":"tablet-align-center","21":"mobile-align-center","23":"first","24":"instock","25":"shipping-taxable","26":"purchasable","27":"product-type-variable","28":"has-default-attributes"},"acf":[],"uagb_featured_image_src":{"full":["https:\/\/turkishtrade.co\/wp-content\/uploads\/2026\/01\/2600NZWMN00003-BLACK.png",453,250,false],"thumbnail":["https:\/\/turkishtrade.co\/wp-content\/uploads\/2026\/01\/2600NZWMN00003-BLACK-150x150.png",150,150,true],"medium":["https:\/\/turkishtrade.co\/wp-content\/uploads\/2026\/01\/2600NZWMN00003-BLACK-300x166.png",300,166,true],"medium_large":["https:\/\/turkishtrade.co\/wp-content\/uploads\/2026\/01\/2600NZWMN00003-BLACK.png",453,250,false],"large":["https:\/\/turkishtrade.co\/wp-content\/uploads\/2026\/01\/2600NZWMN00003-BLACK.png",453,250,false],"1536x1536":["https:\/\/turkishtrade.co\/wp-content\/uploads\/2026\/01\/2600NZWMN00003-BLACK.png",453,250,false],"2048x2048":["https:\/\/turkishtrade.co\/wp-content\/uploads\/2026\/01\/2600NZWMN00003-BLACK.png",453,250,false],"trp-custom-language-flag":["https:\/\/turkishtrade.co\/wp-content\/uploads\/2026\/01\/2600NZWMN00003-BLACK-18x10.png",18,10,true],"woocommerce_thumbnail":["https:\/\/turkishtrade.co\/wp-content\/uploads\/2026\/01\/2600NZWMN00003-BLACK-400x250.png",400,250,true],"woocommerce_single":["https:\/\/turkishtrade.co\/wp-content\/uploads\/2026\/01\/2600NZWMN00003-BLACK.png",453,250,false],"woocommerce_gallery_thumbnail":["https:\/\/turkishtrade.co\/wp-content\/uploads\/2026\/01\/2600NZWMN00003-BLACK-100x100.png",100,100,true]},"uagb_author_info":{"display_name":"python python","author_link":"https:\/\/turkishtrade.co\/tr\/author\/"},"uagb_comment_info":0,"uagb_excerpt":"Premium genuine calf and goat leather upper and lining for ultimate comfort and durability. Sleek black patent finish adds a touch of sophistication to any ensemble. Lightweight and flexible EVA sole provides all-day comfort and superior shock absorption. Stylish metal buckle accent enhances the classic loafer design. Available in EU sizes 39, 40, 41, 42,&hellip;","_links":{"self":[{"href":"https:\/\/turkishtrade.co\/tr\/wp-json\/wp\/v2\/product\/8287","targetHints":{"allow":["GET"]}}],"collection":[{"href":"https:\/\/turkishtrade.co\/tr\/wp-json\/wp\/v2\/product"}],"about":[{"href":"https:\/\/turkishtrade.co\/tr\/wp-json\/wp\/v2\/types\/product"}],"wp:featuredmedia":[{"embeddable":true,"href":"https:\/\/turkishtrade.co\/tr\/wp-json\/wp\/v2\/media\/6852"}],"wp:attachment":[{"href":"https:\/\/turkishtrade.co\/tr\/wp-json\/wp\/v2\/media?parent=8287"}],"wp:term":[{"taxonomy":"product_brand","embeddable":true,"href":"https:\/\/turkishtrade.co\/tr\/wp-json\/wp\/v2\/product_brand?post=8287"},{"taxonomy":"product_cat","embeddable":true,"href":"https:\/\/turkishtrade.co\/tr\/wp-json\/wp\/v2\/product_cat?post=8287"},{"taxonomy":"product_tag","embeddable":true,"href":"https:\/\/turkishtrade.co\/tr\/wp-json\/wp\/v2\/product_tag?post=8287"}],"curies":[{"name":"wp","href":"https:\/\/api.w.org\/{rel}","templated":true}]}}