{"id":8286,"date":"2026-01-29T14:49:04","date_gmt":"2026-01-29T14:49:04","guid":{"rendered":"https:\/\/turkishtrade.co\/?post_type=product&#038;p=8286"},"modified":"2026-04-09T20:30:28","modified_gmt":"2026-04-09T20:30:28","slug":"mens-classic-black-patent-leather-derby-shoes","status":"publish","type":"product","link":"https:\/\/turkishtrade.co\/tr\/shop\/mens-classic-black-patent-leather-derby-shoes\/","title":{"rendered":"Erkek Klasik Siyah Rugan Derby Ayakkab\u0131 Sensational"},"content":{"rendered":"<p><strong>Erkek Klasik Siyah Rugan Derby Ayakkab\u0131<\/strong>. Sansasyonel kalite ve tasar\u0131m.<\/p>\n<p>Enfes \u00fcr\u00fcnlerimizle benzersiz bir sofistike ortama ad\u0131m at\u0131n <strong>Erkek Klasik Siyah Rugan Derby Ayakkab\u0131<\/strong>. Modern beyefendiler i\u00e7in tasarlanan bu ayakkab\u0131lar, zamans\u0131z \u015f\u0131kl\u0131\u011f\u0131 \u00e7a\u011fda\u015f konforla m\u00fckemmel bir \u015fekilde harmanl\u0131yor. \u0130ster siyah kravatl\u0131 bir etkinli\u011fe, ister \u00f6nemli bir i\u015f toplant\u0131s\u0131na veya \u00f6zel bir kutlamaya kat\u0131l\u0131yor olun, bu Derby ayakkab\u0131lar resmi k\u0131yafetlerinizi y\u00fckseltmek ve kal\u0131c\u0131 bir izlenim b\u0131rakmak i\u00e7in tasarlanm\u0131\u015ft\u0131r. \u00c7arp\u0131c\u0131 parlak y\u00fczeyleri \u0131\u015f\u0131\u011f\u0131 yakalayarak abart\u0131s\u0131z bir g\u00fcven ve stil ile \u00f6ne \u00e7\u0131kman\u0131z\u0131 sa\u011flar.<\/p>\n<h3>Rakipsiz \u0130\u015f\u00e7ilik ve Birinci S\u0131n\u0131f Malzemeler<\/h3>\n<p>Bu \u00e7arp\u0131c\u0131 Derby ayakkab\u0131lar\u0131n her bir \u00e7ifti, hem l\u00fcks bir his hem de ola\u011fan\u00fcst\u00fc dayan\u0131kl\u0131l\u0131k sa\u011flayan birinci s\u0131n\u0131f hakiki deriden titizlikle \u00fcretilmi\u015ftir. \u201cic keci d dana hakiki deri\u201d, y\u00fcksek kaliteli ke\u00e7i ve dana hakiki deri kar\u0131\u015f\u0131m\u0131n\u0131 ifade eder ve ki\u015fiselle\u015ftirilmi\u015f bir uyum i\u00e7in zamanla aya\u011f\u0131n\u0131za uyum sa\u011flayan esnek ancak esnek bir \u00fcst k\u0131s\u0131m sa\u011flar. Parlak rugan kaplama sadece g\u00f6rsel olarak \u00e7ekici de\u011fildir; ayn\u0131 zamanda bir dereceye kadar koruma sa\u011flar ve bak\u0131m\u0131 olduk\u00e7a kolayd\u0131r, ayakkab\u0131n\u0131z\u0131n minimum \u00e7abayla bozulmam\u0131\u015f g\u00f6r\u00fcnmesini sa\u011flar. Resimde diki\u015fli deri taban olarak a\u00e7\u0131k\u00e7a g\u00f6r\u00fclebilen sa\u011flam d\u0131\u015f taban kalitenin alt\u0131n\u0131 \u00e7izerken, entegre EVA yast\u0131klama katman\u0131 (\u201cEva CLASSIC SHOES\u201d taraf\u0131ndan \u00f6nerildi\u011fi gibi) her ad\u0131mda \u00fcst\u00fcn \u015fok emilimi ve destek sa\u011flayarak t\u00fcm g\u00fcn konfor sa\u011flar. Bunlar ger\u00e7ekten <strong>Erkek Klasik Siyah Rugan Derby Ayakkab\u0131<\/strong> uzun s\u00fcre dayanacak ve etkileyecek \u015fekilde \u00fcretilmi\u015ftir.<\/p>\n<h3>Zamans\u0131z Tasar\u0131m Modern Konforla Bulu\u015fuyor<\/h3>\n<p>Erkek resmi ayakkab\u0131lar\u0131n\u0131n temel ta\u015flar\u0131ndan biri olan Derby tasar\u0131m\u0131, Oxford'lara k\u0131yasla biraz daha rahat ama ayn\u0131 derecede zarif bir g\u00f6r\u00fcn\u00fcm sa\u011flayan a\u00e7\u0131k ba\u011fc\u0131k sistemiyle bilinir. Bu tasar\u0131m, daha geni\u015f bir ayak \u015fekli yelpazesi i\u00e7in rahat bir uyum sa\u011flar. Bizim <strong>Erkek Klasik Siyah Rugan Derby Ayakkab\u0131<\/strong> temiz hatlara ve \u015f\u0131k bir siluete sahiptir, bu da onlar\u0131 inan\u0131lmaz derecede \u00e7ok y\u00f6nl\u00fc hale getirir. Bir ak\u015fam daveti i\u00e7in keskin bir smokinle, i\u015f i\u00e7in \u00f6zel dikim bir tak\u0131mla e\u015fle\u015ftirin veya sofistike bir g\u00fcndelik g\u00f6r\u00fcn\u00fcm i\u00e7in \u015f\u0131k bir pantolonla hafif\u00e7e giydirin. Klasik siyah rengi, gard\u0131robunuzdaki hemen her k\u0131yafeti tamamlamas\u0131n\u0131 sa\u011flayarak koleksiyonunuzun vazge\u00e7ilmez bir par\u00e7as\u0131 haline getirir.<\/p>\n<h3>Dayan\u0131kl\u0131l\u0131k ve Bak\u0131m Kolayl\u0131\u011f\u0131<\/h3>\n<p>Kaliteli ayakkab\u0131ya yat\u0131r\u0131m yapmak, uzun \u00f6m\u00fcrl\u00fcl\u00fc\u011fe yat\u0131r\u0131m yapmak demektir. Bu hakiki deri ayakkab\u0131lar, g\u00fc\u00e7lendirilmi\u015f diki\u015flerden sa\u011flam tabana kadar detaylara titizlikle dikkat edilerek \u00fcretilmi\u015ftir ve yap\u0131sal b\u00fct\u00fcnl\u00fcklerini ve parlak g\u00f6r\u00fcn\u00fcmlerini korurken g\u00fcnl\u00fck kullan\u0131m\u0131n zorluklar\u0131na dayanmalar\u0131n\u0131 sa\u011flar. Rugan kaplama sadece \u015f\u0131k olmakla kalmaz, ayn\u0131 zamanda temizlenmesi de son derece kolayd\u0131r - parlakl\u0131\u011f\u0131n\u0131 geri kazanmak i\u00e7in yumu\u015fak bir bezle basit bir silme i\u015flemi genellikle yeterlidir. Do\u011fru bak\u0131m ile bu <strong>Erkek Klasik Siyah Deri Ayakkab\u0131<\/strong> y\u0131llarca gard\u0131robunuzda temel bir par\u00e7a olarak kalacak, s\u00fcrekli olarak stil ve konfor sunacakt\u0131r.<\/p>\n<h3>Toptan Sat\u0131\u015f F\u0131rsat\u0131<\/h3>\n<p>\u00dcst\u00fcn kaliteli ayakkab\u0131lar sunmak isteyen perakendeciler ve i\u015fletmeler i\u00e7in <strong>Erkek Klasik Siyah Rugan Derby Ayakkab\u0131<\/strong> toptan sat\u0131n al\u0131nabilir. Yaln\u0131zca 8 \u00e7iftlik minimum sipari\u015fle, y\u00fcksek talep g\u00f6ren bu klasik ayakkab\u0131lar\u0131 kolayca stoklayabilirsiniz. Rekabet\u00e7i fiyatland\u0131rma ve tutarl\u0131 kalite sunarak, \u00fcst\u00fcn hakiki deri ayakkab\u0131 arayan se\u00e7ici m\u00fc\u015fterilere hitap eden g\u00fcvenilir ve \u015f\u0131k bir se\u00e7enekle \u00fcr\u00fcn yelpazenizi geni\u015fletmek i\u00e7in m\u00fckemmel bir se\u00e7im haline getiriyoruz.<\/p>","protected":false},"excerpt":{"rendered":"<ul>\n<li>Parlak rugan kaplamal\u0131 birinci s\u0131n\u0131f hakiki deri saya<\/li>\n<li>Resmi ve i\u015f ortamlar\u0131 i\u00e7in m\u00fckemmel zamans\u0131z Derby stili<\/li>\n<li>T\u00fcm g\u00fcn kullan\u0131m ve dayan\u0131kl\u0131l\u0131k i\u00e7in konforu art\u0131r\u0131lm\u0131\u015f tasar\u0131m<\/li>\n<li>Geni\u015f bir ebat yelpazesinde mevcuttur: 39, 40, 41, 42, 43, 44, 45<\/li>\n<li>Toptan sat\u0131\u015f talepleri kabul edilir (minimum sipari\u015f: 8 \u00e7ift)<\/li>\n<\/ul>","protected":false},"featured_media":6851,"template":"","meta":{"_acf_changed":false,"_uag_custom_page_level_css":"","site-sidebar-layout":"default","site-content-layout":"","ast-site-content-layout":"default","site-content-style":"default","site-sidebar-style":"default","ast-global-header-display":"","ast-banner-title-visibility":"","ast-main-header-display":"","ast-hfb-above-header-display":"","ast-hfb-below-header-display":"","ast-hfb-mobile-header-display":"","site-post-title":"","ast-breadcrumbs-content":"","ast-featured-img":"","footer-sml-layout":"","ast-disable-related-posts":"","theme-transparent-header-meta":"","adv-header-id-meta":"","stick-header-meta":"","header-above-stick-meta":"","header-main-stick-meta":"","header-below-stick-meta":"","astra-migrate-meta-layouts":"default","ast-page-background-enabled":"default","ast-page-background-meta":{"desktop":{"background-color":"var(--ast-global-color-4)","background-image":"","background-repeat":"repeat","background-position":"center center","background-size":"auto","background-attachment":"scroll","background-type":"","background-media":"","overlay-type":"","overlay-color":"","overlay-opacity":"","overlay-gradient":""},"tablet":{"background-color":"","background-image":"","background-repeat":"repeat","background-position":"center center","background-size":"auto","background-attachment":"scroll","background-type":"","background-media":"","overlay-type":"","overlay-color":"","overlay-opacity":"","overlay-gradient":""},"mobile":{"background-color":"","background-image":"","background-repeat":"repeat","background-position":"center center","background-size":"auto","background-attachment":"scroll","background-type":"","background-media":"","overlay-type":"","overlay-color":"","overlay-opacity":"","overlay-gradient":""}},"ast-content-background-meta":{"desktop":{"background-color":"var(--ast-global-color-5)","background-image":"","background-repeat":"repeat","background-position":"center center","background-size":"auto","background-attachment":"scroll","background-type":"","background-media":"","overlay-type":"","overlay-color":"","overlay-opacity":"","overlay-gradient":""},"tablet":{"background-color":"var(--ast-global-color-5)","background-image":"","background-repeat":"repeat","background-position":"center center","background-size":"auto","background-attachment":"scroll","background-type":"","background-media":"","overlay-type":"","overlay-color":"","overlay-opacity":"","overlay-gradient":""},"mobile":{"background-color":"var(--ast-global-color-5)","background-image":"","background-repeat":"repeat","background-position":"center center","background-size":"auto","background-attachment":"scroll","background-type":"","background-media":"","overlay-type":"","overlay-color":"","overlay-opacity":"","overlay-gradient":""}}},"product_brand":[],"product_cat":[47,430,1200],"product_tag":[295,405,212,314,952,1293,198,657,675],"class_list":{"0":"post-8286","1":"product","2":"type-product","3":"status-publish","4":"has-post-thumbnail","6":"product_cat-classic","7":"product_cat-men","8":"product_cat-mens-shoes-2","9":"product_tag-black-dress-shoes","10":"product_tag-business-shoes","11":"product_tag-derby-shoes","12":"product_tag-formal-mens-shoes","13":"product_tag-genuine-leather-shoes","14":"product_tag-mens-classic-black-leather-shoes","15":"product_tag-mens-fashion","16":"product_tag-patent-leather-shoes","17":"product_tag-wedding-shoes","18":"desktop-align-center","19":"tablet-align-center","20":"mobile-align-center","22":"first","23":"instock","24":"shipping-taxable","25":"purchasable","26":"product-type-variable","27":"has-default-attributes"},"acf":[],"uagb_featured_image_src":{"full":["https:\/\/turkishtrade.co\/wp-content\/uploads\/2026\/01\/2600NZWMN00002-BLACK.png",453,250,false],"thumbnail":["https:\/\/turkishtrade.co\/wp-content\/uploads\/2026\/01\/2600NZWMN00002-BLACK-150x150.png",150,150,true],"medium":["https:\/\/turkishtrade.co\/wp-content\/uploads\/2026\/01\/2600NZWMN00002-BLACK-300x166.png",300,166,true],"medium_large":["https:\/\/turkishtrade.co\/wp-content\/uploads\/2026\/01\/2600NZWMN00002-BLACK.png",453,250,false],"large":["https:\/\/turkishtrade.co\/wp-content\/uploads\/2026\/01\/2600NZWMN00002-BLACK.png",453,250,false],"1536x1536":["https:\/\/turkishtrade.co\/wp-content\/uploads\/2026\/01\/2600NZWMN00002-BLACK.png",453,250,false],"2048x2048":["https:\/\/turkishtrade.co\/wp-content\/uploads\/2026\/01\/2600NZWMN00002-BLACK.png",453,250,false],"trp-custom-language-flag":["https:\/\/turkishtrade.co\/wp-content\/uploads\/2026\/01\/2600NZWMN00002-BLACK-18x10.png",18,10,true],"woocommerce_thumbnail":["https:\/\/turkishtrade.co\/wp-content\/uploads\/2026\/01\/2600NZWMN00002-BLACK-400x250.png",400,250,true],"woocommerce_single":["https:\/\/turkishtrade.co\/wp-content\/uploads\/2026\/01\/2600NZWMN00002-BLACK.png",453,250,false],"woocommerce_gallery_thumbnail":["https:\/\/turkishtrade.co\/wp-content\/uploads\/2026\/01\/2600NZWMN00002-BLACK-100x100.png",100,100,true]},"uagb_author_info":{"display_name":"python python","author_link":"https:\/\/turkishtrade.co\/tr\/author\/"},"uagb_comment_info":0,"uagb_excerpt":"Premium genuine leather upper with glossy patent finish Timeless Derby style perfect for formal and business occasions Comfort-enhanced design for all-day wear and durability Available in a wide range of sizes: 39, 40, 41, 42, 43, 44, 45 Wholesale inquiries welcome (minimum order: 8 pairs)","_links":{"self":[{"href":"https:\/\/turkishtrade.co\/tr\/wp-json\/wp\/v2\/product\/8286","targetHints":{"allow":["GET"]}}],"collection":[{"href":"https:\/\/turkishtrade.co\/tr\/wp-json\/wp\/v2\/product"}],"about":[{"href":"https:\/\/turkishtrade.co\/tr\/wp-json\/wp\/v2\/types\/product"}],"wp:featuredmedia":[{"embeddable":true,"href":"https:\/\/turkishtrade.co\/tr\/wp-json\/wp\/v2\/media\/6851"}],"wp:attachment":[{"href":"https:\/\/turkishtrade.co\/tr\/wp-json\/wp\/v2\/media?parent=8286"}],"wp:term":[{"taxonomy":"product_brand","embeddable":true,"href":"https:\/\/turkishtrade.co\/tr\/wp-json\/wp\/v2\/product_brand?post=8286"},{"taxonomy":"product_cat","embeddable":true,"href":"https:\/\/turkishtrade.co\/tr\/wp-json\/wp\/v2\/product_cat?post=8286"},{"taxonomy":"product_tag","embeddable":true,"href":"https:\/\/turkishtrade.co\/tr\/wp-json\/wp\/v2\/product_tag?post=8286"}],"curies":[{"name":"wp","href":"https:\/\/api.w.org\/{rel}","templated":true}]}}