{"id":8269,"date":"2026-01-29T14:48:51","date_gmt":"2026-01-29T14:48:51","guid":{"rendered":"https:\/\/turkishtrade.co\/?post_type=product&#038;p=8269"},"modified":"2026-04-09T20:30:34","modified_gmt":"2026-04-09T20:30:34","slug":"mens-genuine-leather-brogue-shoes","status":"publish","type":"product","link":"https:\/\/turkishtrade.co\/tr\/shop\/mens-genuine-leather-brogue-shoes\/","title":{"rendered":"Erkek Hakiki Deri Brogue Ayakkab\u0131 Garantili | Erkek Siyah Hakiki Deri Brogue"},"content":{"rendered":"<p><strong>Erkek Hakiki Deri Brogue Ayakkab\u0131<\/strong>. Garantili kalite ve tasar\u0131m.<\/p>\n<p>Enfes koleksiyonumuzla benzersiz bir sofistikeli\u011fe ad\u0131m at\u0131n <strong>Erkek Siyah Hakiki Deri Brogue Klasik Ayakkab\u0131<\/strong>. Titizlikle el i\u015f\u00e7ili\u011fiyle \u00fcretilen bu ayakkab\u0131lar, hem zamans\u0131z stile hem de ola\u011fan\u00fcst\u00fc kaliteye de\u011fer veren modern beyefendiler i\u00e7in tasarlanm\u0131\u015ft\u0131r. Birinci s\u0131n\u0131f hakiki deriden \u00fcretilen bu ayakkab\u0131lar dayan\u0131kl\u0131l\u0131k, rahatl\u0131k ve her k\u0131yafeti y\u00fcceltecek g\u00f6steri\u015fli bir estetik vaat ediyor.<\/p>\n<h3>Rakipsiz \u0130\u015f\u00e7ilik ve Malzeme Kalitesi<\/h3>\n<p>Bunlar\u0131n her bir \u00e7ifti <strong>Erkek Siyah Hakiki Deri Brogue Klasik Ayakkab\u0131<\/strong> \u00fcst\u00fcn i\u015f\u00e7ilik sergiler. Hakiki deri kullan\u0131m\u0131 sadece l\u00fcks bir his sa\u011flamakla kalmaz, ayn\u0131 zamanda nefes alabilirlik sa\u011flar ve ki\u015fiselle\u015ftirilmi\u015f bir uyum i\u00e7in zamanla aya\u011f\u0131n\u0131za uyum sa\u011flar. Klasik ayakkab\u0131lar\u0131n ay\u0131rt edici \u00f6zelli\u011fi olan karma\u015f\u0131k broguing detaylar\u0131 ustal\u0131kla uygulanarak ayakkab\u0131n\u0131n \u015f\u0131k siluetinden \u00f6d\u00fcn vermeden rafine bir zarafet dokunu\u015fu katar. Kalitenin temelden ba\u015flad\u0131\u011f\u0131n\u0131 biliyoruz, bu nedenle her diki\u015f ve delik m\u00fckemmelli\u011fe olan ba\u011fl\u0131l\u0131\u011f\u0131m\u0131z\u0131n bir kan\u0131t\u0131d\u0131r ve Erkek Hakiki Deri Brogue Ayakkab\u0131lar\u0131n\u0131z\u0131n zamana kar\u015f\u0131 dayan\u0131kl\u0131 olmas\u0131n\u0131 sa\u011flar.<\/p>\n<h3>Her Durum i\u00e7in Zamans\u0131z Tasar\u0131m<\/h3>\n<p>\u00c7ok y\u00f6nl\u00fc siyah renk, bunlar\u0131 <strong>Erkek Hakiki Deri Brogue Ayakkab\u0131<\/strong> her gard\u0131rop i\u00e7in vazge\u00e7ilmez bir ektir. \u0130ster kritik bir i\u015f toplant\u0131s\u0131, ister resmi bir etkinlik ya da \u015f\u0131k bir g\u00fcndelik bulu\u015fma i\u00e7in giyiniyor olun, bu klasik brogue ayakkab\u0131lar m\u00fckemmel bir son dokunu\u015f sa\u011flar. Tasar\u0131mlar\u0131 her y\u0131l \u015f\u0131k kalmalar\u0131n\u0131 sa\u011flarken inan\u0131lmaz bir de\u011fer ve \u00e7ok y\u00f6nl\u00fcl\u00fck sunar. Se\u00e7kin bir g\u00f6r\u00fcn\u00fcm i\u00e7in keskin bir tak\u0131m elbise ile veya y\u00fcksek bir hafta sonu toplulu\u011fu i\u00e7in chino pantolon ve bir blazer ile e\u015fle\u015ftirin. Bu klasik brogue ayakkab\u0131lar \u00e7ok \u00e7e\u015fitli durumlar i\u00e7in uygundur ve onlar\u0131 ak\u0131ll\u0131ca bir yat\u0131r\u0131m haline getirir.<\/p>\n<h3>Se\u00e7ici Bireyler i\u00e7in Konfor ve Uyum<\/h3>\n<p>\u00c7arp\u0131c\u0131 g\u00f6r\u00fcn\u00fcmlerinin \u00f6tesinde, konfor her \u015feyden \u00f6nemlidir. Bu hakiki deri broglar, g\u00fcn boyu rahatl\u0131k sa\u011flamak \u00fczere tasarlanm\u0131\u015ft\u0131r ve sabahtan ak\u015fama kadar g\u00fcvenle hareket etmenizi sa\u011flar. 39'dan 45'e kadar kapsaml\u0131 bir beden yelpazesinde mevcut oldu\u011fundan, m\u00fckemmel uyumunuzu bulmak zahmetsizdir. Sadece m\u00fckemmel g\u00f6r\u00fcnmekle kalmay\u0131p ayn\u0131 zamanda m\u00fckemmel hissettiren ayakkab\u0131lara yat\u0131r\u0131m yap\u0131n. Erkek Siyah Hakiki Deri Brogue Klasik Ayakkab\u0131lar\u0131m\u0131z ile gelenek ve konforun kar\u0131\u015f\u0131m\u0131n\u0131 deneyimleyin.<\/p>\n<h3>Toptan Sat\u0131\u015f F\u0131rsatlar\u0131 Mevcut<\/h3>\n<p>M\u00fc\u015fterilerine birinci s\u0131n\u0131f ayakkab\u0131lar sunmak isteyen perakendeciler ve i\u015fletmeler i\u00e7in <strong>Erkek Siyah Hakiki Deri Brogue Klasik Ayakkab\u0131<\/strong> toptan sat\u0131n al\u0131nabilir. Sadece 8 \u00e7iftlik minimum sipari\u015f miktar\u0131yla, bu \u00e7ok aranan klasik ayakkab\u0131lar\u0131 kolayca stoklayabilirsiniz. Toptan fiyatland\u0131rma ve ortakl\u0131k f\u0131rsatlar\u0131n\u0131 g\u00f6r\u00fc\u015fmek i\u00e7in bug\u00fcn bize ula\u015f\u0131n. Bu ger\u00e7ekten ola\u011fan\u00fcst\u00fc hakiki deri ayakkab\u0131larla m\u00fc\u015fterilerinize hak ettikleri l\u00fcks\u00fc ve i\u015f\u00e7ili\u011fi sunun, m\u00fc\u015fteri memnuniyetini ve i\u015f tekrar\u0131n\u0131 sa\u011flay\u0131n.<\/p>","protected":false},"excerpt":{"rendered":"<ul>\n<li>\u00dcst\u00fcn kalite ve dayan\u0131kl\u0131l\u0131k i\u00e7in 100% Hakiki Deriden ustal\u0131kla \u00fcretilmi\u015ftir.<\/li>\n<li>Zamans\u0131z siyah brogue tasar\u0131m\u0131, resmi ve \u015f\u0131k g\u00fcndelik durumlar i\u00e7in m\u00fckemmeldir.<\/li>\n<li>Ola\u011fan\u00fcst\u00fc konfor ve sofistike bir uyum i\u00e7in tasarlanm\u0131\u015ft\u0131r.<\/li>\n<li>Geni\u015f bir beden yelpazesinde mevcuttur: 39, 40, 41, 42, 43, 44, 45.<\/li>\n<li>Toptan sat\u0131\u015f talepleri minimum 8 \u00e7ift sipari\u015f ile kabul edilir.<\/li>\n<\/ul>","protected":false},"featured_media":6849,"template":"","meta":{"_acf_changed":false,"_uag_custom_page_level_css":"","site-sidebar-layout":"default","site-content-layout":"","ast-site-content-layout":"default","site-content-style":"default","site-sidebar-style":"default","ast-global-header-display":"","ast-banner-title-visibility":"","ast-main-header-display":"","ast-hfb-above-header-display":"","ast-hfb-below-header-display":"","ast-hfb-mobile-header-display":"","site-post-title":"","ast-breadcrumbs-content":"","ast-featured-img":"","footer-sml-layout":"","ast-disable-related-posts":"","theme-transparent-header-meta":"","adv-header-id-meta":"","stick-header-meta":"","header-above-stick-meta":"","header-main-stick-meta":"","header-below-stick-meta":"","astra-migrate-meta-layouts":"default","ast-page-background-enabled":"default","ast-page-background-meta":{"desktop":{"background-color":"var(--ast-global-color-4)","background-image":"","background-repeat":"repeat","background-position":"center center","background-size":"auto","background-attachment":"scroll","background-type":"","background-media":"","overlay-type":"","overlay-color":"","overlay-opacity":"","overlay-gradient":""},"tablet":{"background-color":"","background-image":"","background-repeat":"repeat","background-position":"center center","background-size":"auto","background-attachment":"scroll","background-type":"","background-media":"","overlay-type":"","overlay-color":"","overlay-opacity":"","overlay-gradient":""},"mobile":{"background-color":"","background-image":"","background-repeat":"repeat","background-position":"center center","background-size":"auto","background-attachment":"scroll","background-type":"","background-media":"","overlay-type":"","overlay-color":"","overlay-opacity":"","overlay-gradient":""}},"ast-content-background-meta":{"desktop":{"background-color":"var(--ast-global-color-5)","background-image":"","background-repeat":"repeat","background-position":"center center","background-size":"auto","background-attachment":"scroll","background-type":"","background-media":"","overlay-type":"","overlay-color":"","overlay-opacity":"","overlay-gradient":""},"tablet":{"background-color":"var(--ast-global-color-5)","background-image":"","background-repeat":"repeat","background-position":"center center","background-size":"auto","background-attachment":"scroll","background-type":"","background-media":"","overlay-type":"","overlay-color":"","overlay-opacity":"","overlay-gradient":""},"mobile":{"background-color":"var(--ast-global-color-5)","background-image":"","background-repeat":"repeat","background-position":"center center","background-size":"auto","background-attachment":"scroll","background-type":"","background-media":"","overlay-type":"","overlay-color":"","overlay-opacity":"","overlay-gradient":""}}},"product_brand":[],"product_cat":[47,430,1200],"product_tag":[196,1291,1285,609,314,260,700,1181,1292,289],"class_list":{"0":"post-8269","1":"product","2":"type-product","3":"status-publish","4":"has-post-thumbnail","6":"product_cat-classic","7":"product_cat-men","8":"product_cat-mens-shoes-2","9":"product_tag-black-leather-shoes","10":"product_tag-business-attire-shoes","11":"product_tag-classic-dress-shoes","12":"product_tag-elegant-mens-shoes","13":"product_tag-formal-mens-shoes","14":"product_tag-genuine-leather-footwear","15":"product_tag-mens-brogue-shoes","16":"product_tag-oxford-brogues","17":"product_tag-timeless-footwear","18":"product_tag-wholesale-leather-shoes","19":"desktop-align-center","20":"tablet-align-center","21":"mobile-align-center","23":"first","24":"instock","25":"shipping-taxable","26":"purchasable","27":"product-type-variable","28":"has-default-attributes"},"acf":[],"uagb_featured_image_src":{"full":["https:\/\/turkishtrade.co\/wp-content\/uploads\/2026\/01\/2600NZWMN00001-BLACK.png",453,250,false],"thumbnail":["https:\/\/turkishtrade.co\/wp-content\/uploads\/2026\/01\/2600NZWMN00001-BLACK-150x150.png",150,150,true],"medium":["https:\/\/turkishtrade.co\/wp-content\/uploads\/2026\/01\/2600NZWMN00001-BLACK-300x166.png",300,166,true],"medium_large":["https:\/\/turkishtrade.co\/wp-content\/uploads\/2026\/01\/2600NZWMN00001-BLACK.png",453,250,false],"large":["https:\/\/turkishtrade.co\/wp-content\/uploads\/2026\/01\/2600NZWMN00001-BLACK.png",453,250,false],"1536x1536":["https:\/\/turkishtrade.co\/wp-content\/uploads\/2026\/01\/2600NZWMN00001-BLACK.png",453,250,false],"2048x2048":["https:\/\/turkishtrade.co\/wp-content\/uploads\/2026\/01\/2600NZWMN00001-BLACK.png",453,250,false],"trp-custom-language-flag":["https:\/\/turkishtrade.co\/wp-content\/uploads\/2026\/01\/2600NZWMN00001-BLACK-18x10.png",18,10,true],"woocommerce_thumbnail":["https:\/\/turkishtrade.co\/wp-content\/uploads\/2026\/01\/2600NZWMN00001-BLACK-400x250.png",400,250,true],"woocommerce_single":["https:\/\/turkishtrade.co\/wp-content\/uploads\/2026\/01\/2600NZWMN00001-BLACK.png",453,250,false],"woocommerce_gallery_thumbnail":["https:\/\/turkishtrade.co\/wp-content\/uploads\/2026\/01\/2600NZWMN00001-BLACK-100x100.png",100,100,true]},"uagb_author_info":{"display_name":"python python","author_link":"https:\/\/turkishtrade.co\/tr\/author\/"},"uagb_comment_info":0,"uagb_excerpt":"Expertly crafted from 100% Genuine Leather for superior quality and durability. Timeless black brogue design, perfect for formal and smart-casual occasions. Designed for exceptional comfort and a sophisticated fit. Available in a wide range of sizes: 39, 40, 41, 42, 43, 44, 45. Wholesale inquiries welcome with a minimum order of 8 pairs.","_links":{"self":[{"href":"https:\/\/turkishtrade.co\/tr\/wp-json\/wp\/v2\/product\/8269","targetHints":{"allow":["GET"]}}],"collection":[{"href":"https:\/\/turkishtrade.co\/tr\/wp-json\/wp\/v2\/product"}],"about":[{"href":"https:\/\/turkishtrade.co\/tr\/wp-json\/wp\/v2\/types\/product"}],"wp:featuredmedia":[{"embeddable":true,"href":"https:\/\/turkishtrade.co\/tr\/wp-json\/wp\/v2\/media\/6849"}],"wp:attachment":[{"href":"https:\/\/turkishtrade.co\/tr\/wp-json\/wp\/v2\/media?parent=8269"}],"wp:term":[{"taxonomy":"product_brand","embeddable":true,"href":"https:\/\/turkishtrade.co\/tr\/wp-json\/wp\/v2\/product_brand?post=8269"},{"taxonomy":"product_cat","embeddable":true,"href":"https:\/\/turkishtrade.co\/tr\/wp-json\/wp\/v2\/product_cat?post=8269"},{"taxonomy":"product_tag","embeddable":true,"href":"https:\/\/turkishtrade.co\/tr\/wp-json\/wp\/v2\/product_tag?post=8269"}],"curies":[{"name":"wp","href":"https:\/\/api.w.org\/{rel}","templated":true}]}}