{"id":8267,"date":"2026-01-29T14:48:51","date_gmt":"2026-01-29T14:48:51","guid":{"rendered":"https:\/\/turkishtrade.co\/?post_type=product&#038;p=8267"},"modified":"2026-04-09T20:30:39","modified_gmt":"2026-04-09T20:30:39","slug":"mens-brown-leather-derby-shoes-15","status":"publish","type":"product","link":"https:\/\/turkishtrade.co\/tr\/shop\/mens-brown-leather-derby-shoes-15\/","title":{"rendered":"Erkek Kahverengi Deri Derby Ayakkab\u0131 Exclusive | Klasik Kahverengi Dana Derisi Derby"},"content":{"rendered":"<p><strong>Erkek Kahverengi Deri Derby Ayakkab\u0131<\/strong>. \u00d6zel kalite ve tasar\u0131m.<\/p>\n<p>Klasik Kahverengi Dana Derisi Derby Ayakkab\u0131lar\u0131m\u0131zla zamans\u0131z bir stile ve e\u015fsiz bir konfora ad\u0131m at\u0131n. Hem \u015f\u0131kl\u0131\u011fa hem de pratikli\u011fe de\u011fer veren modern erkekler i\u00e7in tasarlanan bu zarif <strong>erkek kahverengi deri derby ayakkab\u0131<\/strong> her gard\u0131rop i\u00e7in m\u00fckemmel bir eklentidir. En iyi dana derisinden \u00fcretilen \u00fcst k\u0131s\u0131m, g\u00fczel bir \u015fekilde eskiyen ve zamanla benzersiz bir patine geli\u015ftiren zengin, s\u0131cak kahverengi bir tona sahiptir. Malzemelerin \u00f6zenle se\u00e7ilmesi yaln\u0131zca l\u00fcks bir g\u00f6r\u00fcn\u00fcm de\u011fil, ayn\u0131 zamanda uzun s\u00fcreli dayan\u0131kl\u0131l\u0131k da sa\u011flayarak bu ayakkab\u0131lar\u0131 ayakkab\u0131 koleksiyonunuz i\u00e7in ak\u0131ll\u0131ca bir yat\u0131r\u0131m haline getirir.<\/p>\n<p>Giydi\u011finiz andan itibaren ger\u00e7ek konforu ya\u015fay\u0131n. \u0130\u00e7 k\u0131s\u0131mda, nefes alabilen nitelikleri ve cilde verdi\u011fi yumu\u015fak his ile bilinen yumu\u015fak ve esnek ke\u00e7i derisi astar bulunur. Bu birinci s\u0131n\u0131f astar, hafif EVA tabanla uyum i\u00e7inde \u00e7al\u0131\u015farak g\u00fcn boyunca yorgunlu\u011fu azaltan yast\u0131kl\u0131 bir ad\u0131m sa\u011flar. \u0130ster \u015fehir sokaklar\u0131nda geziniyor, ister i\u015f toplant\u0131lar\u0131na kat\u0131l\u0131yor ya da rahat bir hafta sonu gezintisinin tad\u0131n\u0131 \u00e7\u0131kar\u0131yor olun, bu <strong>erkek kahverengi deri derby ayakkab\u0131<\/strong> destek ve esnekli\u011fin m\u00fckemmel bir kar\u0131\u015f\u0131m\u0131n\u0131 sunar. Sa\u011flam ancak hafif EVA taban \u015foku emer ve m\u00fckemmel tutu\u015f sa\u011flayarak \u00e7e\u015fitli y\u00fczeylerde denge sa\u011flar.<\/p>\n<h3>Her Durum i\u00e7in \u00c7ok Y\u00f6nl\u00fc Stil<\/h3>\n<p>Klasik Kahverengi Dana Derisi Derby Ayakkab\u0131lar\u0131m\u0131z inan\u0131lmaz derecede \u00e7ok y\u00f6nl\u00fcd\u00fcr ve resmi ortamlardan g\u00fcndelik ortamlara zahmetsizce ge\u00e7i\u015f yapar. Se\u00e7kin bir ofis g\u00f6r\u00fcn\u00fcm\u00fc i\u00e7in \u00f6zel dikim tak\u0131m elbiselerle e\u015fle\u015ftirin veya sofistike bir g\u00fcndelik topluluk i\u00e7in chino pantolon ve \u015f\u0131k bir g\u00f6mlekle giydirin. Klasik derby ba\u011fc\u0131k, rahat ve ayarlanabilir bir uyum sa\u011flayarak bu ayakkab\u0131lar\u0131 \u00e7e\u015fitli ayak tipleri i\u00e7in uygun hale getirir. \u015e\u0131k silueti ve zarif tasar\u0131m\u0131 bu ayakkab\u0131lar\u0131 <strong>erkek kahverengi deri derby ayakkab\u0131<\/strong> her se\u00e7ici birey i\u00e7in bir tercih. Kalite ve stilin \u00f6neminin fark\u0131nday\u0131z ve bu ayakkab\u0131lar her ikisini de b\u00fcnyesinde bar\u0131nd\u0131r\u0131yor.<\/p>\n<h3>G\u00fcvenebilece\u011finiz \u0130\u015f\u00e7ilik ve Kalite<\/h3>\n<p>Bu erkek kahverengi deri derby ayakkab\u0131lar\u0131n her bir \u00e7ifti \u00fcst\u00fcn i\u015f\u00e7ili\u011fin bir kan\u0131t\u0131d\u0131r. Titiz diki\u015flerden ustal\u0131kla i\u015flenmi\u015f dana derisine kadar her ayr\u0131nt\u0131 m\u00fckemmelli\u011fe olan ba\u011fl\u0131l\u0131\u011f\u0131 yans\u0131t\u0131r. 40'tan 44'e kadar pop\u00fcler AB bedenlerinde mevcut oldu\u011fundan, m\u00fckemmel uyumunuzu bulmak \u00e7ok kolay. Birinci s\u0131n\u0131f ayakkab\u0131lar sunmak isteyen i\u015fletmeler i\u00e7in bu zarif <strong>erkek kahverengi deri derby ayakkab\u0131<\/strong> minimum 16 \u00e7ift sipari\u015fle toptan sat\u0131n al\u0131nabilir. M\u00fc\u015fterilerinizi etkileyece\u011finden emin oldu\u011funuz, hem stil hem de kal\u0131c\u0131 kalite vaat eden bir \u00fcr\u00fcnle envanterinizi y\u00fckseltin. Sadece iyi g\u00f6r\u00fcnmekle kalmayan, ayn\u0131 zamanda her g\u00fcn ola\u011fan\u00fcst\u00fc hissettiren bir \u00e7ift ayakkab\u0131ya yat\u0131r\u0131m yap\u0131n.<\/p>","protected":false},"excerpt":{"rendered":"<ul>\n<li>\u00dcst\u00fcn dayan\u0131kl\u0131l\u0131k ve sofistike stil i\u00e7in Premium Dana Derisi Saya<\/li>\n<li>L\u00fcks Ke\u00e7i Derisi Astar, ola\u011fan\u00fcst\u00fc nefes alabilirlik ve konfor sa\u011flar<\/li>\n<li>Hafif ve esnek EVA Taban g\u00fcn boyu yast\u0131klama ve destek sunar<\/li>\n<li>\u00c7ok y\u00f6nl\u00fc stil i\u00e7in m\u00fckemmel Klasik Derbi Ba\u011fc\u0131kl\u0131 Tasar\u0131m<\/li>\n<li>40, 41, 42, 43 ve 44 AB bedenlerinde mevcuttur<\/li>\n<li>Toptan sipari\u015fler minimum 16 \u00e7ift sipari\u015f miktar\u0131 ile kabul edilir<\/li>\n<\/ul>","protected":false},"featured_media":6975,"template":"","meta":{"_acf_changed":false,"_uag_custom_page_level_css":"","site-sidebar-layout":"default","site-content-layout":"","ast-site-content-layout":"default","site-content-style":"default","site-sidebar-style":"default","ast-global-header-display":"","ast-banner-title-visibility":"","ast-main-header-display":"","ast-hfb-above-header-display":"","ast-hfb-below-header-display":"","ast-hfb-mobile-header-display":"","site-post-title":"","ast-breadcrumbs-content":"","ast-featured-img":"","footer-sml-layout":"","ast-disable-related-posts":"","theme-transparent-header-meta":"","adv-header-id-meta":"","stick-header-meta":"","header-above-stick-meta":"","header-main-stick-meta":"","header-below-stick-meta":"","astra-migrate-meta-layouts":"default","ast-page-background-enabled":"default","ast-page-background-meta":{"desktop":{"background-color":"var(--ast-global-color-4)","background-image":"","background-repeat":"repeat","background-position":"center center","background-size":"auto","background-attachment":"scroll","background-type":"","background-media":"","overlay-type":"","overlay-color":"","overlay-opacity":"","overlay-gradient":""},"tablet":{"background-color":"","background-image":"","background-repeat":"repeat","background-position":"center center","background-size":"auto","background-attachment":"scroll","background-type":"","background-media":"","overlay-type":"","overlay-color":"","overlay-opacity":"","overlay-gradient":""},"mobile":{"background-color":"","background-image":"","background-repeat":"repeat","background-position":"center center","background-size":"auto","background-attachment":"scroll","background-type":"","background-media":"","overlay-type":"","overlay-color":"","overlay-opacity":"","overlay-gradient":""}},"ast-content-background-meta":{"desktop":{"background-color":"var(--ast-global-color-5)","background-image":"","background-repeat":"repeat","background-position":"center center","background-size":"auto","background-attachment":"scroll","background-type":"","background-media":"","overlay-type":"","overlay-color":"","overlay-opacity":"","overlay-gradient":""},"tablet":{"background-color":"var(--ast-global-color-5)","background-image":"","background-repeat":"repeat","background-position":"center center","background-size":"auto","background-attachment":"scroll","background-type":"","background-media":"","overlay-type":"","overlay-color":"","overlay-opacity":"","overlay-gradient":""},"mobile":{"background-color":"var(--ast-global-color-5)","background-image":"","background-repeat":"repeat","background-position":"center center","background-size":"auto","background-attachment":"scroll","background-type":"","background-media":"","overlay-type":"","overlay-color":"","overlay-opacity":"","overlay-gradient":""}}},"product_brand":[],"product_cat":[48,47,49,430,1200],"product_tag":[292,566,248,754,1386,438,1249,1385,310,254],"class_list":{"0":"post-8267","1":"product","2":"type-product","3":"status-publish","4":"has-post-thumbnail","6":"product_cat-casual","7":"product_cat-classic","8":"product_cat-loafer","9":"product_cat-men","10":"product_cat-mens-shoes-2","11":"product_tag-brown-leather-shoes","12":"product_tag-calfskin-shoes","13":"product_tag-casual-leather-shoes","14":"product_tag-classic-mens-shoes","15":"product_tag-comfortable-derby","16":"product_tag-eva-sole","17":"product_tag-goat-lining","18":"product_tag-laced-leather-shoes","19":"product_tag-mens-derby-shoes","20":"product_tag-wholesale-footwear","21":"desktop-align-center","22":"tablet-align-center","23":"mobile-align-center","25":"first","26":"instock","27":"shipping-taxable","28":"purchasable","29":"product-type-variable","30":"has-default-attributes"},"acf":[],"uagb_featured_image_src":{"full":["https:\/\/turkishtrade.co\/wp-content\/uploads\/2026\/01\/2600NZTMN00082-CAMEL.png",453,250,false],"thumbnail":["https:\/\/turkishtrade.co\/wp-content\/uploads\/2026\/01\/2600NZTMN00082-CAMEL-150x150.png",150,150,true],"medium":["https:\/\/turkishtrade.co\/wp-content\/uploads\/2026\/01\/2600NZTMN00082-CAMEL-300x166.png",300,166,true],"medium_large":["https:\/\/turkishtrade.co\/wp-content\/uploads\/2026\/01\/2600NZTMN00082-CAMEL.png",453,250,false],"large":["https:\/\/turkishtrade.co\/wp-content\/uploads\/2026\/01\/2600NZTMN00082-CAMEL.png",453,250,false],"1536x1536":["https:\/\/turkishtrade.co\/wp-content\/uploads\/2026\/01\/2600NZTMN00082-CAMEL.png",453,250,false],"2048x2048":["https:\/\/turkishtrade.co\/wp-content\/uploads\/2026\/01\/2600NZTMN00082-CAMEL.png",453,250,false],"trp-custom-language-flag":["https:\/\/turkishtrade.co\/wp-content\/uploads\/2026\/01\/2600NZTMN00082-CAMEL-18x10.png",18,10,true],"woocommerce_thumbnail":["https:\/\/turkishtrade.co\/wp-content\/uploads\/2026\/01\/2600NZTMN00082-CAMEL-400x250.png",400,250,true],"woocommerce_single":["https:\/\/turkishtrade.co\/wp-content\/uploads\/2026\/01\/2600NZTMN00082-CAMEL.png",453,250,false],"woocommerce_gallery_thumbnail":["https:\/\/turkishtrade.co\/wp-content\/uploads\/2026\/01\/2600NZTMN00082-CAMEL-100x100.png",100,100,true]},"uagb_author_info":{"display_name":"python python","author_link":"https:\/\/turkishtrade.co\/tr\/author\/"},"uagb_comment_info":0,"uagb_excerpt":"Premium Calf Leather Upper for superior durability and sophisticated style Luxurious Goat Leather Lining ensures exceptional breathability and comfort Lightweight and flexible EVA Sole offers all-day cushioning and support Classic Derby Laced Design perfect for versatile styling Available in EU sizes 40, 41, 42, 43, and 44 Wholesale orders are welcome with a minimum order&hellip;","_links":{"self":[{"href":"https:\/\/turkishtrade.co\/tr\/wp-json\/wp\/v2\/product\/8267","targetHints":{"allow":["GET"]}}],"collection":[{"href":"https:\/\/turkishtrade.co\/tr\/wp-json\/wp\/v2\/product"}],"about":[{"href":"https:\/\/turkishtrade.co\/tr\/wp-json\/wp\/v2\/types\/product"}],"wp:featuredmedia":[{"embeddable":true,"href":"https:\/\/turkishtrade.co\/tr\/wp-json\/wp\/v2\/media\/6975"}],"wp:attachment":[{"href":"https:\/\/turkishtrade.co\/tr\/wp-json\/wp\/v2\/media?parent=8267"}],"wp:term":[{"taxonomy":"product_brand","embeddable":true,"href":"https:\/\/turkishtrade.co\/tr\/wp-json\/wp\/v2\/product_brand?post=8267"},{"taxonomy":"product_cat","embeddable":true,"href":"https:\/\/turkishtrade.co\/tr\/wp-json\/wp\/v2\/product_cat?post=8267"},{"taxonomy":"product_tag","embeddable":true,"href":"https:\/\/turkishtrade.co\/tr\/wp-json\/wp\/v2\/product_tag?post=8267"}],"curies":[{"name":"wp","href":"https:\/\/api.w.org\/{rel}","templated":true}]}}