{"id":8266,"date":"2026-01-29T14:48:51","date_gmt":"2026-01-29T14:48:51","guid":{"rendered":"https:\/\/turkishtrade.co\/?post_type=product&#038;p=8266"},"modified":"2026-04-09T20:30:43","modified_gmt":"2026-04-09T20:30:43","slug":"brown-leather-casual-loafers","status":"publish","type":"product","link":"https:\/\/turkishtrade.co\/tr\/shop\/brown-leather-casual-loafers\/","title":{"rendered":"Kahverengi Deri G\u00fcnl\u00fck Loaferlar Amazing | Brogue Detayl\u0131 Erkek"},"content":{"rendered":"<p><strong>Kahverengi Deri G\u00fcnl\u00fck Loaferlar<\/strong>. \u0130nan\u0131lmaz kalite ve tasar\u0131m.<\/p>\n<p>Ayakkab\u0131 koleksiyonunuzu se\u00e7kin \u00fcr\u00fcnlerimizle geli\u015ftirin <strong>Kahverengi Deri G\u00fcnl\u00fck Loaferlar<\/strong>, hem stil hem de konfora de\u011fer veren modern erkekler i\u00e7in tasarland\u0131. Zamans\u0131z \u015f\u0131kl\u0131\u011f\u0131 g\u00fcnl\u00fck pratiklikle m\u00fckemmel bir \u015fekilde harmanlayan bu slip-on ayakkab\u0131lar, her gard\u0131rop i\u00e7in vazge\u00e7ilmez bir eklentidir. Detaylara titizlikle \u00f6zen g\u00f6sterilerek \u00fcretilen bu loafer ayakkab\u0131lar, giydi\u011finiz andan itibaren birinci s\u0131n\u0131f bir deneyim sunmay\u0131 vaat ediyor. \u00c7ok y\u00f6nl\u00fc kahverengi rengi ve zarif detaylar\u0131, bu ayakkab\u0131lar\u0131 her se\u00e7ici beyefendinin sahip olmas\u0131 gereken bir par\u00e7a haline getiriyor.<\/p>\n<h3>Rakipsiz Konfor ve Birinci S\u0131n\u0131f Malzemeler<\/h3>\n<p>Bu \u00fcr\u00fcnlerde kullan\u0131lan \u00fcst\u00fcn malzemelerle benzersiz konforu ya\u015fay\u0131n <strong>Kahverengi Deri G\u00fcnl\u00fck Loaferlar<\/strong>. Y\u00fcksek kaliteli dana derisinden \u00fcretilen \u00fcst k\u0131s\u0131m, zaman i\u00e7inde g\u00fczel bir \u015fekilde eskiyen l\u00fcks bir his ve ola\u011fan\u00fcst\u00fc dayan\u0131kl\u0131l\u0131k sunar. \u0130\u00e7 k\u0131s\u0131mda, ayaklar\u0131n\u0131z nefes alabilirli\u011fi ve nem emme \u00f6zellikleriyle bilinen hakiki ke\u00e7i derisi astar\u0131n yumu\u015fak dokunu\u015fuyla tedavi edilecek ve ayaklar\u0131n\u0131z\u0131n g\u00fcn boyunca taze ve rahat kalmas\u0131n\u0131 sa\u011flayacakt\u0131r. Yenilik\u00e7i EVA taban, hafif yast\u0131klama ve esneklik sa\u011flayarak her ad\u0131mda darbeyi emer ve bu loafer'lar\u0131 ister \u015fehir sokaklar\u0131nda geziniyor ister rahat bir hafta sonunun tad\u0131n\u0131 \u00e7\u0131kar\u0131yor olun, uzun s\u00fcreli kullan\u0131m i\u00e7in ideal hale getirir.<\/p>\n<h3>Her Durum \u0130\u00e7in Sofistike Stil<\/h3>\n<p>Bunlar\u0131n tasar\u0131m\u0131 <strong>Kahverengi Deri G\u00fcnl\u00fck Loaferlar<\/strong> sofistike g\u00fcndelik giyim hakk\u0131nda \u00e7ok \u015fey s\u00f6yl\u00fcyor. S\u0131rt ve ayak parma\u011f\u0131 boyunca ince ama belirgin brogue esintili deliklere sahip olan bu ayakkab\u0131lar, a\u015f\u0131r\u0131 resmi olmadan klasik detaylara bir dokunu\u015f kat\u0131yor. Zengin kahverengi tonu inan\u0131lmaz bir \u00e7ok y\u00f6nl\u00fcl\u00fck sunarak chino ve jean pantolonlardan daha \u00f6zel g\u00fcndelik pantolonlara kadar \u00e7ok \u00e7e\u015fitli k\u0131yafetleri zahmetsizce tamamlar. Bu mokasen ayakkab\u0131lar, \u00e7ok y\u00f6nl\u00fc ayakkab\u0131lar\u0131n \u00f6z\u00fcd\u00fcr; \u015f\u0131k ve rahat bir ofis g\u00f6r\u00fcn\u00fcm\u00fcnden arkada\u015flar\u0131n\u0131zla d\u0131\u015far\u0131da ge\u00e7irece\u011finiz bir geceye sorunsuzca ge\u00e7i\u015f yaparak her zaman \u015f\u0131k bir \u015fekilde d\u0131\u015far\u0131 \u00e7\u0131kman\u0131z\u0131 sa\u011flar.<\/p>\n<h3>Dayan\u0131kl\u0131 \u0130\u015f\u00e7ilik ve Toptan Sat\u0131\u015f F\u0131rsatlar\u0131<\/h3>\n<p>Kaliteye olan ba\u011fl\u0131l\u0131\u011f\u0131m\u0131z bu \u00fcr\u00fcnlerin <strong>Kahverengi Deri G\u00fcnl\u00fck Loaferlar<\/strong> uzun s\u00fcre dayanacak \u015fekilde \u00fcretilmi\u015ftir. Her bir \u00e7ift, \u00fcst\u00fcn i\u015f\u00e7ilik ve finisaj\u0131 garanti etmek i\u00e7in s\u0131k\u0131 kalite kontrollerinden ge\u00e7erek size sadece harika g\u00f6r\u00fcnmekle kalmay\u0131p ayn\u0131 zamanda zaman\u0131n testine de dayanan ayakkab\u0131lar sunar. Pop\u00fcler 40, 41, 42, 43 ve 44 numara se\u00e7enekleriyle m\u00fckemmel uyumunuzu bulmak \u00e7ok kolay. Bu \u015f\u0131k erkek mokasen ayakkab\u0131lar\u0131n kal\u0131c\u0131 cazibesine ve kalitesine g\u00fcveniyoruz.<\/p>\n<p>M\u00fc\u015fterilerine birinci s\u0131n\u0131f ayakkab\u0131lar sunmak isteyen i\u015fletmeler i\u00e7in bu ola\u011fan\u00fcst\u00fc <strong>Kahverengi Deri G\u00fcnl\u00fck Loaferlar<\/strong> toptan sat\u0131n al\u0131nabilir. Sadece 16 \u00e7iftlik minimum sipari\u015f miktar\u0131yla, aranan stil, ola\u011fan\u00fcst\u00fc konfor ve kal\u0131c\u0131 kaliteyi bir araya getiren bir \u00fcr\u00fcn\u00fc kolayca stoklayabilirsiniz. Bu mokasenlere yat\u0131r\u0131m yap\u0131n ve m\u00fc\u015fterilerinize sofistike, g\u00fcnl\u00fck l\u00fcks\u00fc ger\u00e7ekten temsil eden bir \u00fcr\u00fcn sa\u011flay\u0131n.<\/p>","protected":false},"excerpt":{"rendered":"<ul>\n<li>Sofistike bir g\u00f6r\u00fcn\u00fcm i\u00e7in birinci s\u0131n\u0131f dana derisi saya<\/li>\n<li>Nefes alabilen ke\u00e7i derisi astar g\u00fcn boyu konfor sa\u011flar<\/li>\n<li>\u00dcst\u00fcn yast\u0131klama i\u00e7in hafif ve esnek EVA taban<\/li>\n<li>\u015e\u0131k brogue detaylar klasik bir zarafet dokunu\u015fu katar<\/li>\n<li>40, 41, 42, 43, 44 bedenlerde mevcuttur<\/li>\n<li>Minimum sipari\u015f miktar\u0131: 16 \u00e7ift (toptan sat\u0131\u015f mevcuttur)<\/li>\n<\/ul>","protected":false},"featured_media":6974,"template":"","meta":{"_acf_changed":false,"_uag_custom_page_level_css":"","site-sidebar-layout":"default","site-content-layout":"","ast-site-content-layout":"default","site-content-style":"default","site-sidebar-style":"default","ast-global-header-display":"","ast-banner-title-visibility":"","ast-main-header-display":"","ast-hfb-above-header-display":"","ast-hfb-below-header-display":"","ast-hfb-mobile-header-display":"","site-post-title":"","ast-breadcrumbs-content":"","ast-featured-img":"","footer-sml-layout":"","ast-disable-related-posts":"","theme-transparent-header-meta":"","adv-header-id-meta":"","stick-header-meta":"","header-above-stick-meta":"","header-main-stick-meta":"","header-below-stick-meta":"","astra-migrate-meta-layouts":"default","ast-page-background-enabled":"default","ast-page-background-meta":{"desktop":{"background-color":"var(--ast-global-color-4)","background-image":"","background-repeat":"repeat","background-position":"center center","background-size":"auto","background-attachment":"scroll","background-type":"","background-media":"","overlay-type":"","overlay-color":"","overlay-opacity":"","overlay-gradient":""},"tablet":{"background-color":"","background-image":"","background-repeat":"repeat","background-position":"center center","background-size":"auto","background-attachment":"scroll","background-type":"","background-media":"","overlay-type":"","overlay-color":"","overlay-opacity":"","overlay-gradient":""},"mobile":{"background-color":"","background-image":"","background-repeat":"repeat","background-position":"center center","background-size":"auto","background-attachment":"scroll","background-type":"","background-media":"","overlay-type":"","overlay-color":"","overlay-opacity":"","overlay-gradient":""}},"ast-content-background-meta":{"desktop":{"background-color":"var(--ast-global-color-5)","background-image":"","background-repeat":"repeat","background-position":"center center","background-size":"auto","background-attachment":"scroll","background-type":"","background-media":"","overlay-type":"","overlay-color":"","overlay-opacity":"","overlay-gradient":""},"tablet":{"background-color":"var(--ast-global-color-5)","background-image":"","background-repeat":"repeat","background-position":"center center","background-size":"auto","background-attachment":"scroll","background-type":"","background-media":"","overlay-type":"","overlay-color":"","overlay-opacity":"","overlay-gradient":""},"mobile":{"background-color":"var(--ast-global-color-5)","background-image":"","background-repeat":"repeat","background-position":"center center","background-size":"auto","background-attachment":"scroll","background-type":"","background-media":"","overlay-type":"","overlay-color":"","overlay-opacity":"","overlay-gradient":""}}},"product_brand":[],"product_cat":[48,47,49,430,1200],"product_tag":[654,147,202,512,438,1249,215,186,184],"class_list":{"0":"post-8266","1":"product","2":"type-product","3":"status-publish","4":"has-post-thumbnail","6":"product_cat-casual","7":"product_cat-classic","8":"product_cat-loafer","9":"product_cat-men","10":"product_cat-mens-shoes-2","11":"product_tag-brogue-shoes","12":"product_tag-brown-loafers","13":"product_tag-calf-leather","14":"product_tag-casual-loafers","15":"product_tag-eva-sole","16":"product_tag-goat-lining","17":"product_tag-leather-loafers","18":"product_tag-mens-loafers","19":"product_tag-slip-on-shoes","20":"desktop-align-center","21":"tablet-align-center","22":"mobile-align-center","24":"first","25":"instock","26":"shipping-taxable","27":"purchasable","28":"product-type-variable","29":"has-default-attributes"},"acf":[],"uagb_featured_image_src":{"full":["https:\/\/turkishtrade.co\/wp-content\/uploads\/2026\/01\/2600NZTMN00081-BROWN.png",453,250,false],"thumbnail":["https:\/\/turkishtrade.co\/wp-content\/uploads\/2026\/01\/2600NZTMN00081-BROWN-150x150.png",150,150,true],"medium":["https:\/\/turkishtrade.co\/wp-content\/uploads\/2026\/01\/2600NZTMN00081-BROWN-300x166.png",300,166,true],"medium_large":["https:\/\/turkishtrade.co\/wp-content\/uploads\/2026\/01\/2600NZTMN00081-BROWN.png",453,250,false],"large":["https:\/\/turkishtrade.co\/wp-content\/uploads\/2026\/01\/2600NZTMN00081-BROWN.png",453,250,false],"1536x1536":["https:\/\/turkishtrade.co\/wp-content\/uploads\/2026\/01\/2600NZTMN00081-BROWN.png",453,250,false],"2048x2048":["https:\/\/turkishtrade.co\/wp-content\/uploads\/2026\/01\/2600NZTMN00081-BROWN.png",453,250,false],"trp-custom-language-flag":["https:\/\/turkishtrade.co\/wp-content\/uploads\/2026\/01\/2600NZTMN00081-BROWN-18x10.png",18,10,true],"woocommerce_thumbnail":["https:\/\/turkishtrade.co\/wp-content\/uploads\/2026\/01\/2600NZTMN00081-BROWN-400x250.png",400,250,true],"woocommerce_single":["https:\/\/turkishtrade.co\/wp-content\/uploads\/2026\/01\/2600NZTMN00081-BROWN.png",453,250,false],"woocommerce_gallery_thumbnail":["https:\/\/turkishtrade.co\/wp-content\/uploads\/2026\/01\/2600NZTMN00081-BROWN-100x100.png",100,100,true]},"uagb_author_info":{"display_name":"python python","author_link":"https:\/\/turkishtrade.co\/tr\/author\/"},"uagb_comment_info":0,"uagb_excerpt":"Premium calf leather upper for a sophisticated finish Breathable goat leather lining ensures all-day comfort Lightweight and flexible EVA sole for superior cushioning Stylish brogue detailing adds a touch of classic elegance Available in sizes 40, 41, 42, 43, 44 Minimum order quantity: 16 pairs (wholesale available)","_links":{"self":[{"href":"https:\/\/turkishtrade.co\/tr\/wp-json\/wp\/v2\/product\/8266","targetHints":{"allow":["GET"]}}],"collection":[{"href":"https:\/\/turkishtrade.co\/tr\/wp-json\/wp\/v2\/product"}],"about":[{"href":"https:\/\/turkishtrade.co\/tr\/wp-json\/wp\/v2\/types\/product"}],"wp:featuredmedia":[{"embeddable":true,"href":"https:\/\/turkishtrade.co\/tr\/wp-json\/wp\/v2\/media\/6974"}],"wp:attachment":[{"href":"https:\/\/turkishtrade.co\/tr\/wp-json\/wp\/v2\/media?parent=8266"}],"wp:term":[{"taxonomy":"product_brand","embeddable":true,"href":"https:\/\/turkishtrade.co\/tr\/wp-json\/wp\/v2\/product_brand?post=8266"},{"taxonomy":"product_cat","embeddable":true,"href":"https:\/\/turkishtrade.co\/tr\/wp-json\/wp\/v2\/product_cat?post=8266"},{"taxonomy":"product_tag","embeddable":true,"href":"https:\/\/turkishtrade.co\/tr\/wp-json\/wp\/v2\/product_tag?post=8266"}],"curies":[{"name":"wp","href":"https:\/\/api.w.org\/{rel}","templated":true}]}}