{"id":8265,"date":"2026-01-29T14:48:51","date_gmt":"2026-01-29T14:48:51","guid":{"rendered":"https:\/\/turkishtrade.co\/?post_type=product&#038;p=8265"},"modified":"2026-04-09T20:30:46","modified_gmt":"2026-04-09T20:30:46","slug":"mens-perforated-leather-loafers","status":"publish","type":"product","link":"https:\/\/turkishtrade.co\/tr\/shop\/mens-perforated-leather-loafers\/","title":{"rendered":"Erkek Delikli Deri Loafer Premium | Erkek Klasik Kahverengi Delikli Buza\u011f\u0131"},"content":{"rendered":"<p><strong>Erkek Delikli Deri Loafer<\/strong>. \u00dcst\u00fcn kalite ve tasar\u0131m.<\/p>\n<p>Zarif tasar\u0131m\u0131m\u0131zla stil ve konforun en \u00fcst d\u00fczey kar\u0131\u015f\u0131m\u0131n\u0131 ke\u015ffedin <b>Erkek Delikli Deri Loafer<\/b>. Se\u00e7kin beyefendiler i\u00e7in \u00fcretilen bu mokasen ayakkab\u0131lar, g\u00fcndelik \u015f\u0131kl\u0131\u011f\u0131 yeniden tan\u0131ml\u0131yor ve her k\u0131yafeti y\u00fckseltmek i\u00e7in tasarland\u0131. Her bir \u00e7iftimiz <b>Erkek Delikli Deri Loafer<\/b> yumu\u015fak dokusu, ola\u011fan\u00fcst\u00fc dayan\u0131kl\u0131l\u0131\u011f\u0131 ve zengin, perdahlanm\u0131\u015f kahverengi tonuyla tan\u0131nan birinci s\u0131n\u0131f dana derisi sayaya sahiptir. Titizlikle uygulanan perforasyonlar sadece sofistike bir detay katmakla kalmaz, ayn\u0131 zamanda \u00fcst\u00fcn nefes alabilirlik sa\u011flayarak ayaklar\u0131n\u0131z\u0131 g\u00fcn boyunca serin ve rahat tutar. Bu klasik tasar\u0131m, bu ayakkab\u0131lar\u0131 <b>Erkek Delikli Deri Loafer<\/b> ger\u00e7ekten \u00e7ok y\u00f6nl\u00fc bir se\u00e7imdir, g\u00fcnd\u00fczden geceye sorunsuzca ge\u00e7i\u015f yapar.<\/p>\n<h3>Rakipsiz Konfor ve \u0130\u015f\u00e7ili\u011fi Deneyimleyin<\/h3>\n<p>L\u00fcks ke\u00e7i derisi astar ile benzersiz bir konfor ya\u015fay\u0131n. Bu yumu\u015fak, esnek i\u00e7 k\u0131s\u0131m aya\u011f\u0131n\u0131z\u0131 sarar ve giydi\u011finiz andan itibaren p\u00fcr\u00fczs\u00fcz, s\u00fcrt\u00fcnmesiz bir deneyim sunar. Hafif ancak sa\u011flam EVA taban ile e\u015fle\u015ftirilen bu <b>Erkek Delikli Deri Loafer<\/b> ola\u011fan\u00fcst\u00fc yast\u0131klama ve esneklik sa\u011flayarak zahmetsizce hareket etmeye olanak tan\u0131r ve saatler s\u00fcren kullan\u0131mdan sonra bile yorgunlu\u011fu azalt\u0131r. Dayan\u0131kl\u0131 EVA taban ayn\u0131 zamanda m\u00fckemmel tutu\u015f sa\u011flayarak \u00e7e\u015fitli y\u00fczeyler i\u00e7in uygun hale getirir ve birinci s\u0131n\u0131f ayakkab\u0131lara yapt\u0131\u011f\u0131n\u0131z yat\u0131r\u0131m\u0131n uzun \u00f6m\u00fcrl\u00fc olmas\u0131n\u0131 sa\u011flar. Kaliteye olan ba\u011fl\u0131l\u0131\u011f\u0131m\u0131z, geleneksel ayakkab\u0131 yap\u0131m\u0131n\u0131 modern konfor teknolojisiyle birle\u015ftirerek her ad\u0131m\u0131n bir zevk olmas\u0131n\u0131 sa\u011flar.<\/p>\n<h3>Her Durum i\u00e7in \u00c7ok Y\u00f6nl\u00fc Stil<\/h3>\n<p>\u0130ster i\u015f ama\u00e7l\u0131 g\u00fcndelik bir toplant\u0131ya gidiyor olun, ister hafta sonu brunch'\u0131n\u0131n tad\u0131n\u0131 \u00e7\u0131kar\u0131n ya da sadece zarif bir g\u00fcnl\u00fck ayakkab\u0131 ar\u0131yor olun, bu klasik loafer'lar m\u00fckemmel yol arkada\u015f\u0131n\u0131zd\u0131r. Zamans\u0131z tasar\u0131mlar\u0131, modern konfor teknolojileriyle birle\u015ferek onlar\u0131 inan\u0131lmaz derecede \u00e7ok y\u00f6nl\u00fc hale getiriyor. \u0130nce diki\u015fler ve zarif penny loafer kay\u0131\u015f detay\u0131, sofistike \u00e7ekicili\u011fini daha da art\u0131rarak bu ayakkab\u0131lar\u0131 <b>Erkek Delikli Deri Loafer<\/b> her \u00e7a\u011fda\u015f gard\u0131rop i\u00e7in olmazsa olmaz bir eklentidir. 40, 41c, 42c, 43c ve 44 gibi pop\u00fcler bedenlerde mevcut olan bu \u015f\u0131k ayakkab\u0131lara m\u00fckemmel uyumunuzu bulmak i\u00e7in <b>Erkek Delikli Deri Loafer<\/b> kolay olmas\u0131, herkesin bu l\u00fcks ve pratiklik kar\u0131\u015f\u0131m\u0131n\u0131n keyfini \u00e7\u0131karabilmesini sa\u011flar.<\/p>\n<h3>Toptan Sat\u0131\u015f F\u0131rsat\u0131: Envanterinizi Y\u00fckseltin<\/h3>\n<p>Y\u00fcksek kaliteli ayakkab\u0131lar sunmak isteyen perakendeciler ve i\u015fletmeler i\u00e7in <b>Erkek Delikli Deri Loafer<\/b> toptan sat\u0131n al\u0131nabilir. Sadece 16 \u00e7iftlik minimum sipari\u015fle, m\u00fc\u015fteri memnuniyeti ve tekrar i\u015f vaat eden bir \u00fcr\u00fcn\u00fc kolayca stoklayabilirsiniz. Bu mokasen ayakkab\u0131lar, geni\u015f bir m\u00fc\u015fteri taban\u0131na hitap eden \u00e7e\u015fitli pop\u00fcler bedenlerde (40, 41c, 42c, 43c, 44) mevcuttur. Geleneksel i\u015f\u00e7ili\u011fi yenilik\u00e7i tasar\u0131mla birle\u015ftiren ayakkab\u0131lara yat\u0131r\u0131m yap\u0131n. Koleksiyonunuzu birinci s\u0131n\u0131f \u00fcr\u00fcnlerimizle y\u00fckseltin. <b>Erkek Delikli Deri Loafer<\/b> bug\u00fcn al\u0131n ve m\u00fc\u015fterilerinize konfor ve stilin zirvesini ya\u015fat\u0131n. Bunlar sadece ayakkab\u0131 de\u011fil; her t\u00fcrl\u00fc ayakkab\u0131 sunumunu zenginle\u015ftirecek kal\u0131c\u0131 bir kalite ve rafine bir zevkin ifadesidir.<\/p>","protected":false},"excerpt":{"rendered":"<ul>\n<li>Dayan\u0131kl\u0131l\u0131k ve sofistike stil i\u00e7in birinci s\u0131n\u0131f dana derisi saya<\/li>\n<li>Nefes alabilen delikli tasar\u0131m, geli\u015fmi\u015f hava ak\u0131\u015f\u0131 ve konfor sa\u011flar<\/li>\n<li>L\u00fcks ke\u00e7i derisi astar son derece yumu\u015fak bir his verir<\/li>\n<li>G\u00fcn boyu konfor ve destek i\u00e7in hafif ve esnek EVA taban<\/li>\n<li>Klasik loafer tasar\u0131m\u0131, g\u00fcndelik ve yar\u0131 resmi durumlar i\u00e7in ideal<\/li>\n<li>Minimum 16 \u00e7ift sipari\u015f ile toptan sat\u0131\u015f mevcuttur<\/li>\n<\/ul>","protected":false},"featured_media":6973,"template":"","meta":{"_acf_changed":false,"_uag_custom_page_level_css":"","site-sidebar-layout":"default","site-content-layout":"","ast-site-content-layout":"default","site-content-style":"default","site-sidebar-style":"default","ast-global-header-display":"","ast-banner-title-visibility":"","ast-main-header-display":"","ast-hfb-above-header-display":"","ast-hfb-below-header-display":"","ast-hfb-mobile-header-display":"","site-post-title":"","ast-breadcrumbs-content":"","ast-featured-img":"","footer-sml-layout":"","ast-disable-related-posts":"","theme-transparent-header-meta":"","adv-header-id-meta":"","stick-header-meta":"","header-above-stick-meta":"","header-main-stick-meta":"","header-below-stick-meta":"","astra-migrate-meta-layouts":"default","ast-page-background-enabled":"default","ast-page-background-meta":{"desktop":{"background-color":"var(--ast-global-color-4)","background-image":"","background-repeat":"repeat","background-position":"center center","background-size":"auto","background-attachment":"scroll","background-type":"","background-media":"","overlay-type":"","overlay-color":"","overlay-opacity":"","overlay-gradient":""},"tablet":{"background-color":"","background-image":"","background-repeat":"repeat","background-position":"center center","background-size":"auto","background-attachment":"scroll","background-type":"","background-media":"","overlay-type":"","overlay-color":"","overlay-opacity":"","overlay-gradient":""},"mobile":{"background-color":"","background-image":"","background-repeat":"repeat","background-position":"center center","background-size":"auto","background-attachment":"scroll","background-type":"","background-media":"","overlay-type":"","overlay-color":"","overlay-opacity":"","overlay-gradient":""}},"ast-content-background-meta":{"desktop":{"background-color":"var(--ast-global-color-5)","background-image":"","background-repeat":"repeat","background-position":"center center","background-size":"auto","background-attachment":"scroll","background-type":"","background-media":"","overlay-type":"","overlay-color":"","overlay-opacity":"","overlay-gradient":""},"tablet":{"background-color":"var(--ast-global-color-5)","background-image":"","background-repeat":"repeat","background-position":"center center","background-size":"auto","background-attachment":"scroll","background-type":"","background-media":"","overlay-type":"","overlay-color":"","overlay-opacity":"","overlay-gradient":""},"mobile":{"background-color":"var(--ast-global-color-5)","background-image":"","background-repeat":"repeat","background-position":"center center","background-size":"auto","background-attachment":"scroll","background-type":"","background-media":"","overlay-type":"","overlay-color":"","overlay-opacity":"","overlay-gradient":""}}},"product_brand":[],"product_cat":[48,47,49,430,1200],"product_tag":[147,185,512,457,438,1249,215,186,279,1289],"class_list":{"0":"post-8265","1":"product","2":"type-product","3":"status-publish","4":"has-post-thumbnail","6":"product_cat-casual","7":"product_cat-classic","8":"product_cat-loafer","9":"product_cat-men","10":"product_cat-mens-shoes-2","11":"product_tag-brown-loafers","12":"product_tag-calf-leather-shoes","13":"product_tag-casual-loafers","14":"product_tag-classic-loafers","15":"product_tag-eva-sole","16":"product_tag-goat-lining","17":"product_tag-leather-loafers","18":"product_tag-mens-loafers","19":"product_tag-penny-loafers","20":"product_tag-perforated-loafers","21":"desktop-align-center","22":"tablet-align-center","23":"mobile-align-center","25":"first","26":"instock","27":"shipping-taxable","28":"purchasable","29":"product-type-variable","30":"has-default-attributes"},"acf":[],"uagb_featured_image_src":{"full":["https:\/\/turkishtrade.co\/wp-content\/uploads\/2026\/01\/2600NZTMN00080-CAMEL.png",453,250,false],"thumbnail":["https:\/\/turkishtrade.co\/wp-content\/uploads\/2026\/01\/2600NZTMN00080-CAMEL-150x150.png",150,150,true],"medium":["https:\/\/turkishtrade.co\/wp-content\/uploads\/2026\/01\/2600NZTMN00080-CAMEL-300x166.png",300,166,true],"medium_large":["https:\/\/turkishtrade.co\/wp-content\/uploads\/2026\/01\/2600NZTMN00080-CAMEL.png",453,250,false],"large":["https:\/\/turkishtrade.co\/wp-content\/uploads\/2026\/01\/2600NZTMN00080-CAMEL.png",453,250,false],"1536x1536":["https:\/\/turkishtrade.co\/wp-content\/uploads\/2026\/01\/2600NZTMN00080-CAMEL.png",453,250,false],"2048x2048":["https:\/\/turkishtrade.co\/wp-content\/uploads\/2026\/01\/2600NZTMN00080-CAMEL.png",453,250,false],"trp-custom-language-flag":["https:\/\/turkishtrade.co\/wp-content\/uploads\/2026\/01\/2600NZTMN00080-CAMEL-18x10.png",18,10,true],"woocommerce_thumbnail":["https:\/\/turkishtrade.co\/wp-content\/uploads\/2026\/01\/2600NZTMN00080-CAMEL-400x250.png",400,250,true],"woocommerce_single":["https:\/\/turkishtrade.co\/wp-content\/uploads\/2026\/01\/2600NZTMN00080-CAMEL.png",453,250,false],"woocommerce_gallery_thumbnail":["https:\/\/turkishtrade.co\/wp-content\/uploads\/2026\/01\/2600NZTMN00080-CAMEL-100x100.png",100,100,true]},"uagb_author_info":{"display_name":"python python","author_link":"https:\/\/turkishtrade.co\/tr\/author\/"},"uagb_comment_info":0,"uagb_excerpt":"Premium calf leather upper for durability and sophisticated style Breathable perforated design ensures enhanced airflow and comfort Luxurious goat leather lining provides an exceptionally soft feel Lightweight and flexible EVA sole for all-day comfort and support Classic loafer design, ideal for casual and semi-formal occasions Wholesale available with a minimum order of 16 pairs","_links":{"self":[{"href":"https:\/\/turkishtrade.co\/tr\/wp-json\/wp\/v2\/product\/8265","targetHints":{"allow":["GET"]}}],"collection":[{"href":"https:\/\/turkishtrade.co\/tr\/wp-json\/wp\/v2\/product"}],"about":[{"href":"https:\/\/turkishtrade.co\/tr\/wp-json\/wp\/v2\/types\/product"}],"wp:featuredmedia":[{"embeddable":true,"href":"https:\/\/turkishtrade.co\/tr\/wp-json\/wp\/v2\/media\/6973"}],"wp:attachment":[{"href":"https:\/\/turkishtrade.co\/tr\/wp-json\/wp\/v2\/media?parent=8265"}],"wp:term":[{"taxonomy":"product_brand","embeddable":true,"href":"https:\/\/turkishtrade.co\/tr\/wp-json\/wp\/v2\/product_brand?post=8265"},{"taxonomy":"product_cat","embeddable":true,"href":"https:\/\/turkishtrade.co\/tr\/wp-json\/wp\/v2\/product_cat?post=8265"},{"taxonomy":"product_tag","embeddable":true,"href":"https:\/\/turkishtrade.co\/tr\/wp-json\/wp\/v2\/product_tag?post=8265"}],"curies":[{"name":"wp","href":"https:\/\/api.w.org\/{rel}","templated":true}]}}