{"id":8263,"date":"2026-01-29T14:48:50","date_gmt":"2026-01-29T14:48:50","guid":{"rendered":"https:\/\/turkishtrade.co\/?post_type=product&#038;p=8263"},"modified":"2026-04-09T20:30:59","modified_gmt":"2026-04-09T20:30:59","slug":"mens-brown-leather-casual-shoes-4","status":"publish","type":"product","link":"https:\/\/turkishtrade.co\/tr\/shop\/mens-brown-leather-casual-shoes-4\/","title":{"rendered":"Erkek Kahverengi Deri G\u00fcnl\u00fck Ayakkab\u0131 L\u00fcks | Erkek Klasik Kahverengi Deri G\u00fcnl\u00fck"},"content":{"rendered":"<p><strong>Erkek Kahverengi Deri G\u00fcnl\u00fck Ayakkab\u0131<\/strong>. L\u00fcks kalite ve tasar\u0131m.<\/p>\n<p>Enfes tasar\u0131m\u0131m\u0131zla benzersiz bir stil ve konfora ad\u0131m at\u0131n <strong>Erkek Klasik Kahverengi Deri G\u00fcnl\u00fck Ayakkab\u0131<\/strong>. Hem \u015f\u0131kl\u0131\u011fa hem de rahatl\u0131\u011fa de\u011fer veren modern erkekler i\u00e7in tasarlanan bu ayakkab\u0131lar, \u00fcst\u00fcn i\u015f\u00e7ili\u011fin ve birinci s\u0131n\u0131f malzemelerin bir kan\u0131t\u0131d\u0131r. Zengin, hakiki dana derisinden \u00fcretilen bu ayakkab\u0131lar, sofistike bir g\u00f6r\u00fcn\u00fcm sergileyen ve g\u00fcnl\u00fck i\u015f k\u0131yafetlerinden hafta sonu k\u0131yafetlerine kadar her t\u00fcrl\u00fc k\u0131yafeti zahmetsizce y\u00fckseltebilen g\u00fczel, perdahlanm\u0131\u015f kahverengi bir y\u00fczeye sahiptir.<\/p>\n<p>Detaylara g\u00f6sterilen \u00f6zen, yumu\u015fak ve nefes alabilen ke\u00e7i derisi astar\u0131n g\u00fcn boyunca maksimum konfor sa\u011flad\u0131\u011f\u0131 i\u00e7 k\u0131sma kadar uzan\u0131r. Sentetik alternatiflerin aksine ke\u00e7i derisi nemi do\u011fal olarak uzakla\u015ft\u0131rarak uzun s\u00fcreli kullan\u0131mlarda bile ayaklar\u0131n\u0131z\u0131n kuru ve ferah kalmas\u0131n\u0131 sa\u011flar. Bu d\u00fc\u015f\u00fcnceli tasar\u0131m, ayakkab\u0131m\u0131z\u0131 <strong>Erkek Kahverengi Deri G\u00fcnl\u00fck Ayakkab\u0131<\/strong> Her ad\u0131mda l\u00fcks bir his veren, giymesi ger\u00e7ek bir zevk.<\/p>\n<h3>EVA Taban Teknolojisi ile Rakipsiz Konfor<\/h3>\n<p>Bu ayakkab\u0131lar\u0131 di\u011ferlerinden ay\u0131ran \u015fey, yenilik\u00e7i hafif EVA taban\u0131d\u0131r. EVA (Etilen-vinil asetat) taban, ola\u011fan\u00fcst\u00fc esnekli\u011fi, \u015fok emilimi ve dayan\u0131kl\u0131l\u0131\u011f\u0131 ile \u00fcnl\u00fcd\u00fcr. Bu geli\u015fmi\u015f taban teknolojisi, yaylanma hissi sa\u011flayarak yorgunlu\u011fu azalt\u0131r ve \u00fcst\u00fcn yast\u0131klama sunar. <strong>Erkek Kahverengi Deri G\u00fcnl\u00fck Ayakkab\u0131<\/strong> G\u00fcnl\u00fck kullan\u0131m, uzun y\u00fcr\u00fcy\u00fc\u015fler veya uzun s\u00fcre ayakta kalmak i\u00e7in idealdir. Tabandaki dokulu kavrama, g\u00fcvenilir \u00e7eki\u015f g\u00fcc\u00fc sa\u011flayarak ayakkab\u0131n\u0131n pratikli\u011fine ve g\u00fcvenli\u011fine katk\u0131da bulunur.<\/p>\n<p>Klasik ba\u011fc\u0131kl\u0131 tasar\u0131m\u0131n zamans\u0131z cazibesini rahat ayakkab\u0131lar\u0131n rahat hissiyle birle\u015ftiren bu ayakkab\u0131lar m\u00fckemmel bir denge kurar. \u0130ster g\u00fcndelik bir toplant\u0131ya gidiyor olun, ister rahat bir brunch'\u0131n tad\u0131n\u0131 \u00e7\u0131kar\u0131n ya da \u015fehri ke\u015ffedin, bu kahverengi deri ayakkab\u0131lar g\u00f6r\u00fcn\u00fcm\u00fcn\u00fcz\u00fc zahmetsiz bir \u00e7ekicilikle tamamlayacakt\u0131r. Zengin kahverengi tonu \u00e7ok y\u00f6nl\u00fcl\u00fck sunar; denim, chino ve hatta \u015f\u0131k pantolonlarla iyi uyum sa\u011flar.<\/p>\n<p>40'tan 44'e kadar kapsaml\u0131 bir beden yelpazesinde mevcut oldu\u011fundan, m\u00fckemmel uyumunuzu bulmak \u00e7ok kolay. Birinci s\u0131n\u0131f malzemelerin ve uzman yap\u0131n\u0131n yaratt\u0131\u011f\u0131 fark\u0131 deneyimleyin. Y\u00fcksek kaliteli ayakkab\u0131lar\u0131m\u0131z\u0131 stoklamak isteyen i\u015fletmeler i\u00e7in bu <strong>Erkek Kahverengi Deri G\u00fcnl\u00fck Ayakkab\u0131<\/strong> minimum 16 \u00e7ift sipari\u015f miktar\u0131 ile toptan sat\u0131n al\u0131nabilir. Kal\u0131c\u0131 stil, ola\u011fan\u00fcst\u00fc konfor ve hak etti\u011finiz kal\u0131c\u0131 kaliteyi sunan bir \u00e7ifte yat\u0131r\u0131m yap\u0131n.<\/p>","protected":false},"excerpt":{"rendered":"<ul>\n<li>Y\u00fcksek kaliteli hakiki dana derisinden (dana deri) ustal\u0131kla \u00fcretilmi\u015ftir.<\/li>\n<li>\u00dcst\u00fcn konfor ve nefes alabilirlik i\u00e7in l\u00fcks ke\u00e7i derisi i\u00e7 astar (ke\u00e7i astar).<\/li>\n<li>Hafif ve esnek EVA taban (EVA taban) ola\u011fan\u00fcst\u00fc yast\u0131klama ve destek sa\u011flar.<\/li>\n<li>Klasik stili g\u00fcndelik \u00e7ok y\u00f6nl\u00fcl\u00fckle harmanlar, \u00e7e\u015fitli durumlar i\u00e7in m\u00fckemmeldir.<\/li>\n<li>M\u00fckemmel bir uyum sa\u011flamak i\u00e7in 40, 41, 42, 43, 44 bedenleri mevcuttur.<\/li>\n<li>Minimum 16 \u00e7ift sipari\u015f ile toptan sat\u0131\u015f mevcuttur.<\/li>\n<\/ul>","protected":false},"featured_media":6969,"template":"","meta":{"_acf_changed":false,"_uag_custom_page_level_css":"","site-sidebar-layout":"default","site-content-layout":"","ast-site-content-layout":"default","site-content-style":"default","site-sidebar-style":"default","ast-global-header-display":"","ast-banner-title-visibility":"","ast-main-header-display":"","ast-hfb-above-header-display":"","ast-hfb-below-header-display":"","ast-hfb-mobile-header-display":"","site-post-title":"","ast-breadcrumbs-content":"","ast-featured-img":"","footer-sml-layout":"","ast-disable-related-posts":"","theme-transparent-header-meta":"","adv-header-id-meta":"","stick-header-meta":"","header-above-stick-meta":"","header-main-stick-meta":"","header-below-stick-meta":"","astra-migrate-meta-layouts":"default","ast-page-background-enabled":"default","ast-page-background-meta":{"desktop":{"background-color":"var(--ast-global-color-4)","background-image":"","background-repeat":"repeat","background-position":"center center","background-size":"auto","background-attachment":"scroll","background-type":"","background-media":"","overlay-type":"","overlay-color":"","overlay-opacity":"","overlay-gradient":""},"tablet":{"background-color":"","background-image":"","background-repeat":"repeat","background-position":"center center","background-size":"auto","background-attachment":"scroll","background-type":"","background-media":"","overlay-type":"","overlay-color":"","overlay-opacity":"","overlay-gradient":""},"mobile":{"background-color":"","background-image":"","background-repeat":"repeat","background-position":"center center","background-size":"auto","background-attachment":"scroll","background-type":"","background-media":"","overlay-type":"","overlay-color":"","overlay-opacity":"","overlay-gradient":""}},"ast-content-background-meta":{"desktop":{"background-color":"var(--ast-global-color-5)","background-image":"","background-repeat":"repeat","background-position":"center center","background-size":"auto","background-attachment":"scroll","background-type":"","background-media":"","overlay-type":"","overlay-color":"","overlay-opacity":"","overlay-gradient":""},"tablet":{"background-color":"var(--ast-global-color-5)","background-image":"","background-repeat":"repeat","background-position":"center center","background-size":"auto","background-attachment":"scroll","background-type":"","background-media":"","overlay-type":"","overlay-color":"","overlay-opacity":"","overlay-gradient":""},"mobile":{"background-color":"var(--ast-global-color-5)","background-image":"","background-repeat":"repeat","background-position":"center center","background-size":"auto","background-attachment":"scroll","background-type":"","background-media":"","overlay-type":"","overlay-color":"","overlay-opacity":"","overlay-gradient":""}}},"product_brand":[],"product_cat":[48,47,49,430,1200],"product_tag":[292,202,449,145,222,212,438,1249,281],"class_list":{"0":"post-8263","1":"product","2":"type-product","3":"status-publish","4":"has-post-thumbnail","6":"product_cat-casual","7":"product_cat-classic","8":"product_cat-loafer","9":"product_cat-men","10":"product_cat-mens-shoes-2","11":"product_tag-brown-leather-shoes","12":"product_tag-calf-leather","13":"product_tag-casual-shoes","14":"product_tag-classic-shoes","15":"product_tag-comfortable-shoes","16":"product_tag-derby-shoes","17":"product_tag-eva-sole","18":"product_tag-goat-lining","19":"product_tag-wholesale-shoes","20":"desktop-align-center","21":"tablet-align-center","22":"mobile-align-center","24":"first","25":"instock","26":"shipping-taxable","27":"purchasable","28":"product-type-variable","29":"has-default-attributes"},"acf":[],"uagb_featured_image_src":{"full":["https:\/\/turkishtrade.co\/wp-content\/uploads\/2026\/01\/2600NZTMN00078-BROWN.png",453,250,false],"thumbnail":["https:\/\/turkishtrade.co\/wp-content\/uploads\/2026\/01\/2600NZTMN00078-BROWN-150x150.png",150,150,true],"medium":["https:\/\/turkishtrade.co\/wp-content\/uploads\/2026\/01\/2600NZTMN00078-BROWN-300x166.png",300,166,true],"medium_large":["https:\/\/turkishtrade.co\/wp-content\/uploads\/2026\/01\/2600NZTMN00078-BROWN.png",453,250,false],"large":["https:\/\/turkishtrade.co\/wp-content\/uploads\/2026\/01\/2600NZTMN00078-BROWN.png",453,250,false],"1536x1536":["https:\/\/turkishtrade.co\/wp-content\/uploads\/2026\/01\/2600NZTMN00078-BROWN.png",453,250,false],"2048x2048":["https:\/\/turkishtrade.co\/wp-content\/uploads\/2026\/01\/2600NZTMN00078-BROWN.png",453,250,false],"trp-custom-language-flag":["https:\/\/turkishtrade.co\/wp-content\/uploads\/2026\/01\/2600NZTMN00078-BROWN-18x10.png",18,10,true],"woocommerce_thumbnail":["https:\/\/turkishtrade.co\/wp-content\/uploads\/2026\/01\/2600NZTMN00078-BROWN-400x250.png",400,250,true],"woocommerce_single":["https:\/\/turkishtrade.co\/wp-content\/uploads\/2026\/01\/2600NZTMN00078-BROWN.png",453,250,false],"woocommerce_gallery_thumbnail":["https:\/\/turkishtrade.co\/wp-content\/uploads\/2026\/01\/2600NZTMN00078-BROWN-100x100.png",100,100,true]},"uagb_author_info":{"display_name":"python python","author_link":"https:\/\/turkishtrade.co\/tr\/author\/"},"uagb_comment_info":0,"uagb_excerpt":"Expertly crafted from high-quality genuine calf leather (dana deri). Luxurious goat leather interior lining (ke\u00e7i astar) for superior comfort and breathability. Lightweight and flexible EVA sole (EVA taban) provides exceptional cushioning and support. Blends classic style with casual versatility, perfect for various occasions. Available in sizes 40, 41, 42, 43, 44 to ensure a perfect&hellip;","_links":{"self":[{"href":"https:\/\/turkishtrade.co\/tr\/wp-json\/wp\/v2\/product\/8263","targetHints":{"allow":["GET"]}}],"collection":[{"href":"https:\/\/turkishtrade.co\/tr\/wp-json\/wp\/v2\/product"}],"about":[{"href":"https:\/\/turkishtrade.co\/tr\/wp-json\/wp\/v2\/types\/product"}],"wp:featuredmedia":[{"embeddable":true,"href":"https:\/\/turkishtrade.co\/tr\/wp-json\/wp\/v2\/media\/6969"}],"wp:attachment":[{"href":"https:\/\/turkishtrade.co\/tr\/wp-json\/wp\/v2\/media?parent=8263"}],"wp:term":[{"taxonomy":"product_brand","embeddable":true,"href":"https:\/\/turkishtrade.co\/tr\/wp-json\/wp\/v2\/product_brand?post=8263"},{"taxonomy":"product_cat","embeddable":true,"href":"https:\/\/turkishtrade.co\/tr\/wp-json\/wp\/v2\/product_cat?post=8263"},{"taxonomy":"product_tag","embeddable":true,"href":"https:\/\/turkishtrade.co\/tr\/wp-json\/wp\/v2\/product_tag?post=8263"}],"curies":[{"name":"wp","href":"https:\/\/api.w.org\/{rel}","templated":true}]}}