{"id":8262,"date":"2026-01-29T14:48:50","date_gmt":"2026-01-29T14:48:50","guid":{"rendered":"https:\/\/turkishtrade.co\/?post_type=product&#038;p=8262"},"modified":"2026-04-09T20:31:04","modified_gmt":"2026-04-09T20:31:04","slug":"mens-casual-suede-loafers-2","status":"publish","type":"product","link":"https:\/\/turkishtrade.co\/tr\/shop\/mens-casual-suede-loafers-2\/","title":{"rendered":"Erkek G\u00fcnl\u00fck S\u00fcet Loaferlar Incredible | Erkek G\u00fcnl\u00fck Kahverengi S\u00fcet Loaferlar"},"content":{"rendered":"<p><strong>Erkek G\u00fcnl\u00fck S\u00fcet Loafer<\/strong>. \u0130nan\u0131lmaz kalite ve tasar\u0131m.<\/p>\n<p>Enfes \u00fcr\u00fcnlerimizle benzersiz konfora ve zamans\u0131z stile ad\u0131m at\u0131n <strong>Erkek G\u00fcnl\u00fck S\u00fcet Loafer<\/strong>. Hem esteti\u011fe hem de pratikli\u011fe de\u011fer veren modern erkekler i\u00e7in tasarlanan bu mokasen ayakkab\u0131lar, \u00fcst\u00fcn i\u015f\u00e7ili\u011fin ve birinci s\u0131n\u0131f malzemelerin bir kan\u0131t\u0131d\u0131r. \u0130ster rahat bir brunch'a, ister rahat bir i\u015f toplant\u0131s\u0131na gidiyor olun, ister sadece d\u0131\u015far\u0131da bir g\u00fcn\u00fcn tad\u0131n\u0131 \u00e7\u0131kar\u0131n, bu kahverengi s\u00fcet mokasen ayakkab\u0131lar \u015f\u0131kl\u0131k ve rahatl\u0131\u011f\u0131n m\u00fckemmel bir kar\u0131\u015f\u0131m\u0131n\u0131 sunar.<\/p>\n<h3>E\u015fsiz Konfor ve Premium Malzemeler<\/h3>\n<p>Bizim <strong>erkek g\u00fcnl\u00fck s\u00fcet mokasen<\/strong> hakiki dana derisi s\u00fcetten titizlikle \u00fcretilmi\u015ftir ve hem dayan\u0131kl\u0131 hem de \u015f\u0131k olan zengin, yumu\u015fak bir doku sa\u011flar. Koyu, s\u0131cak kahverengi tonu \u00e7ok y\u00f6nl\u00fcl\u00fck sunarak denimden chino pantolonlara kadar geni\u015f bir yelpazedeki k\u0131yafetleri kolayca tamamlar. \u0130\u00e7 k\u0131s\u0131mdaki tam ke\u00e7i derisi astar sayesinde ayaklar\u0131n\u0131z l\u00fcksle sarmalanacak. Bu do\u011fal astar malzemesi ola\u011fan\u00fcst\u00fc yumu\u015fakl\u0131\u011f\u0131, nefes alabilirli\u011fi ve nemi emme \u00f6zellikleriyle \u00fcnl\u00fcd\u00fcr ve uzun s\u00fcreli kullan\u0131mlarda bile ayaklar\u0131n\u0131z\u0131n g\u00fcn boyunca rahat ve ferah kalmas\u0131n\u0131 sa\u011flar.<\/p>\n<p>Bu ola\u011fan\u00fcst\u00fc ayakkab\u0131lar\u0131n temeli, geli\u015fmi\u015f EVA taban\u0131nda yatmaktad\u0131r. Geleneksel a\u011f\u0131r tabanlardan farkl\u0131 olarak, EVA taban inan\u0131lmaz derecede hafif ve esnektir, m\u00fckemmel \u015fok emilimi ve yast\u0131klama sunar. Bu yenilik\u00e7i tasar\u0131m, y\u00fcr\u00fcmeyi zahmetsiz hale getirerek ayak yorgunlu\u011funu azalt\u0131r ve her ad\u0131mda kald\u0131rma kuvveti hissi sa\u011flar. Dayan\u0131kl\u0131 taban ayr\u0131ca \u00e7e\u015fitli y\u00fczeylerde denge sa\u011flayarak g\u00fcvenilir tutu\u015f sunar. Esnek s\u00fcet \u00fcst k\u0131s\u0131mdan destekleyici EVA tabana kadar her bile\u015fen birinci s\u0131n\u0131f bir ayakkab\u0131 deneyimi sunmak i\u00e7in se\u00e7ilmi\u015ftir.<\/p>\n<h3>Her Durum i\u00e7in \u00c7ok Y\u00f6nl\u00fc Stil<\/h3>\n<p>\u0130nce, sofistike detaylarla zenginle\u015ftirilmi\u015f klasik loafer sil\u00fceti, bu ayakkab\u0131lar\u0131 inan\u0131lmaz derecede \u00e7ok y\u00f6nl\u00fc hale getiriyor. Zarif bir kay\u0131\u015f vurgusuna sahip minimalist tasar\u0131m, bu ayakkab\u0131lar\u0131n <strong>erkek g\u00fcnl\u00fck s\u00fcet mokasen<\/strong> rahat hafta sonlar\u0131ndan daha g\u00f6steri\u015fli g\u00fcndelik ortamlara zahmetsizce ge\u00e7i\u015f yapabilir. Yazl\u0131k bir g\u00f6r\u00fcn\u00fcm i\u00e7in \u00f6zel dikim \u015fortlarla, \u015f\u0131k ve rahat bir ofis havas\u0131 i\u00e7in chino pantolonlarla veya g\u00fcnl\u00fck bir kombin i\u00e7in en sevdi\u011finiz kot pantolonla e\u015fle\u015ftirin. Geleneksel elbise ayakkab\u0131lar\u0131na veya spor ayakkab\u0131lara \u015f\u0131k ama rahat bir alternatif arayanlar i\u00e7in ideal bir se\u00e7imdir.<\/p>\n<p>40'tan 44'e kadar kapsaml\u0131 bir AB beden yelpazesinde mevcut oldu\u011fundan, m\u00fckemmel uyumunuzu bulmak \u00e7ok kolay. Sadece iyi g\u00f6r\u00fcnmekle kalmayan, ayn\u0131 zamanda inan\u0131lmaz hissettiren ayakkab\u0131lar sunmaktan gurur duyuyoruz. M\u00fc\u015fterilerine y\u00fcksek kaliteli ve modaya uygun ayakkab\u0131lar sunmak isteyen i\u015fletmeler i\u00e7in bu kahverengi s\u00fcet mokasen ayakkab\u0131lar, minimum 16 \u00e7ift sipari\u015fle toptan sat\u0131n al\u0131nabilir. Bug\u00fcn bir \u00e7ifte yat\u0131r\u0131m yap\u0131n ve l\u00fcks, konfor ve kal\u0131c\u0131 stilin m\u00fckemmel birle\u015fimini deneyimleyin.<\/p>","protected":false},"excerpt":{"rendered":"<ul>\n<li>Sofistike bir g\u00f6r\u00fcn\u00fcm i\u00e7in birinci s\u0131n\u0131f kahverengi dana derisi s\u00fcetten \u00fcretilmi\u015ftir<\/li>\n<li>L\u00fcks ke\u00e7i derisi astar ola\u011fan\u00fcst\u00fc nefes alabilirlik ve konfor sa\u011flar<\/li>\n<li>T\u00fcm g\u00fcn kullan\u0131m i\u00e7in hafif, esnek ve dayan\u0131kl\u0131 EVA taban<\/li>\n<li>Zarif detaylara sahip \u015f\u0131k ve rahat loafer tasar\u0131m\u0131<\/li>\n<li>40, 41, 42, 43, 44 AB bedenlerinde mevcuttur<\/li>\n<li>Toplu sipari\u015fler i\u00e7in toptan sat\u0131\u015f talepleri kabul edilir (Minimum Sipari\u015f: 16 \u00c7ift)<\/li>\n<\/ul>","protected":false},"featured_media":6967,"template":"","meta":{"_acf_changed":false,"_uag_custom_page_level_css":"","site-sidebar-layout":"default","site-content-layout":"","ast-site-content-layout":"default","site-content-style":"default","site-sidebar-style":"default","ast-global-header-display":"","ast-banner-title-visibility":"","ast-main-header-display":"","ast-hfb-above-header-display":"","ast-hfb-below-header-display":"","ast-hfb-mobile-header-display":"","site-post-title":"","ast-breadcrumbs-content":"","ast-featured-img":"","footer-sml-layout":"","ast-disable-related-posts":"","theme-transparent-header-meta":"","adv-header-id-meta":"","stick-header-meta":"","header-above-stick-meta":"","header-main-stick-meta":"","header-below-stick-meta":"","astra-migrate-meta-layouts":"default","ast-page-background-enabled":"default","ast-page-background-meta":{"desktop":{"background-color":"var(--ast-global-color-4)","background-image":"","background-repeat":"repeat","background-position":"center center","background-size":"auto","background-attachment":"scroll","background-type":"","background-media":"","overlay-type":"","overlay-color":"","overlay-opacity":"","overlay-gradient":""},"tablet":{"background-color":"","background-image":"","background-repeat":"repeat","background-position":"center center","background-size":"auto","background-attachment":"scroll","background-type":"","background-media":"","overlay-type":"","overlay-color":"","overlay-opacity":"","overlay-gradient":""},"mobile":{"background-color":"","background-image":"","background-repeat":"repeat","background-position":"center center","background-size":"auto","background-attachment":"scroll","background-type":"","background-media":"","overlay-type":"","overlay-color":"","overlay-opacity":"","overlay-gradient":""}},"ast-content-background-meta":{"desktop":{"background-color":"var(--ast-global-color-5)","background-image":"","background-repeat":"repeat","background-position":"center center","background-size":"auto","background-attachment":"scroll","background-type":"","background-media":"","overlay-type":"","overlay-color":"","overlay-opacity":"","overlay-gradient":""},"tablet":{"background-color":"var(--ast-global-color-5)","background-image":"","background-repeat":"repeat","background-position":"center center","background-size":"auto","background-attachment":"scroll","background-type":"","background-media":"","overlay-type":"","overlay-color":"","overlay-opacity":"","overlay-gradient":""},"mobile":{"background-color":"var(--ast-global-color-5)","background-image":"","background-repeat":"repeat","background-position":"center center","background-size":"auto","background-attachment":"scroll","background-type":"","background-media":"","overlay-type":"","overlay-color":"","overlay-opacity":"","overlay-gradient":""}}},"product_brand":[],"product_cat":[48,49,430,1200],"product_tag":[348,287,189,215,1049,1042,787,184,380,307],"class_list":{"0":"post-8262","1":"product","2":"type-product","3":"status-publish","4":"has-post-thumbnail","6":"product_cat-casual","7":"product_cat-loafer","8":"product_cat-men","9":"product_cat-mens-shoes-2","10":"product_tag-brown-suede-shoes","11":"product_tag-eva-sole-shoes","12":"product_tag-goat-leather-lining","13":"product_tag-leather-loafers","14":"product_tag-mens-casual-loafers","15":"product_tag-mens-comfort-shoes","16":"product_tag-premium-mens-shoes","17":"product_tag-slip-on-shoes","18":"product_tag-smart-casual-footwear","19":"product_tag-suede-footwear","20":"desktop-align-center","21":"tablet-align-center","22":"mobile-align-center","24":"first","25":"instock","26":"shipping-taxable","27":"purchasable","28":"product-type-variable","29":"has-default-attributes"},"acf":[],"uagb_featured_image_src":{"full":["https:\/\/turkishtrade.co\/wp-content\/uploads\/2026\/01\/2600NZTMN00077-CAMEL.png",453,250,false],"thumbnail":["https:\/\/turkishtrade.co\/wp-content\/uploads\/2026\/01\/2600NZTMN00077-CAMEL-150x150.png",150,150,true],"medium":["https:\/\/turkishtrade.co\/wp-content\/uploads\/2026\/01\/2600NZTMN00077-CAMEL-300x166.png",300,166,true],"medium_large":["https:\/\/turkishtrade.co\/wp-content\/uploads\/2026\/01\/2600NZTMN00077-CAMEL.png",453,250,false],"large":["https:\/\/turkishtrade.co\/wp-content\/uploads\/2026\/01\/2600NZTMN00077-CAMEL.png",453,250,false],"1536x1536":["https:\/\/turkishtrade.co\/wp-content\/uploads\/2026\/01\/2600NZTMN00077-CAMEL.png",453,250,false],"2048x2048":["https:\/\/turkishtrade.co\/wp-content\/uploads\/2026\/01\/2600NZTMN00077-CAMEL.png",453,250,false],"trp-custom-language-flag":["https:\/\/turkishtrade.co\/wp-content\/uploads\/2026\/01\/2600NZTMN00077-CAMEL-18x10.png",18,10,true],"woocommerce_thumbnail":["https:\/\/turkishtrade.co\/wp-content\/uploads\/2026\/01\/2600NZTMN00077-CAMEL-400x250.png",400,250,true],"woocommerce_single":["https:\/\/turkishtrade.co\/wp-content\/uploads\/2026\/01\/2600NZTMN00077-CAMEL.png",453,250,false],"woocommerce_gallery_thumbnail":["https:\/\/turkishtrade.co\/wp-content\/uploads\/2026\/01\/2600NZTMN00077-CAMEL-100x100.png",100,100,true]},"uagb_author_info":{"display_name":"python python","author_link":"https:\/\/turkishtrade.co\/tr\/author\/"},"uagb_comment_info":0,"uagb_excerpt":"Crafted from premium brown calf leather suede for a sophisticated look Luxurious goat leather lining ensures exceptional breathability and comfort Lightweight, flexible, and durable EVA sole for all-day wear Stylish casual loafer design with elegant detailing Available in EU sizes 40, 41, 42, 43, 44 Wholesale inquiries welcome for bulk orders (Minimum Order: 16 Pairs)","_links":{"self":[{"href":"https:\/\/turkishtrade.co\/tr\/wp-json\/wp\/v2\/product\/8262","targetHints":{"allow":["GET"]}}],"collection":[{"href":"https:\/\/turkishtrade.co\/tr\/wp-json\/wp\/v2\/product"}],"about":[{"href":"https:\/\/turkishtrade.co\/tr\/wp-json\/wp\/v2\/types\/product"}],"wp:featuredmedia":[{"embeddable":true,"href":"https:\/\/turkishtrade.co\/tr\/wp-json\/wp\/v2\/media\/6967"}],"wp:attachment":[{"href":"https:\/\/turkishtrade.co\/tr\/wp-json\/wp\/v2\/media?parent=8262"}],"wp:term":[{"taxonomy":"product_brand","embeddable":true,"href":"https:\/\/turkishtrade.co\/tr\/wp-json\/wp\/v2\/product_brand?post=8262"},{"taxonomy":"product_cat","embeddable":true,"href":"https:\/\/turkishtrade.co\/tr\/wp-json\/wp\/v2\/product_cat?post=8262"},{"taxonomy":"product_tag","embeddable":true,"href":"https:\/\/turkishtrade.co\/tr\/wp-json\/wp\/v2\/product_tag?post=8262"}],"curies":[{"name":"wp","href":"https:\/\/api.w.org\/{rel}","templated":true}]}}