{"id":8261,"date":"2026-01-29T14:48:50","date_gmt":"2026-01-29T14:48:50","guid":{"rendered":"https:\/\/turkishtrade.co\/?post_type=product&#038;p=8261"},"modified":"2026-04-09T20:31:07","modified_gmt":"2026-04-09T20:31:07","slug":"mens-classic-black-calfskin-loafers","status":"publish","type":"product","link":"https:\/\/turkishtrade.co\/tr\/shop\/mens-classic-black-calfskin-loafers\/","title":{"rendered":"Erkek Klasik Siyah Dana Derisi Loafer L\u00fcks"},"content":{"rendered":"<p><strong>Erkek Klasik Siyah Dana Derisi Loafer<\/strong>. L\u00fcks kalite ve tasar\u0131m.<\/p>\n<p>Enfes tasar\u0131m\u0131m\u0131zla benzersiz bir sofistike ve konforlu ortama ad\u0131m at\u0131n <b>Erkek Klasik Siyah Dana Derisi Loafer<\/b>. Modern beyefendiler i\u00e7in tasarlanan bu mokasen ayakkab\u0131lar, zamans\u0131z stili \u00fcst\u00fcn i\u015f\u00e7ilikle kusursuz bir \u015fekilde harmanlayarak her gard\u0131rop i\u00e7in vazge\u00e7ilmez bir eklenti haline geliyor. \u0130ster yo\u011fun bir i\u015f g\u00fcn\u00fc ge\u00e7iriyor olun, ister resmi bir etkinli\u011fe kat\u0131l\u0131yor ya da d\u0131\u015far\u0131da rahat bir ak\u015fam\u0131n tad\u0131n\u0131 \u00e7\u0131kar\u0131yor olun, bu mokasenlerin \u00e7ok y\u00f6nl\u00fcl\u00fc\u011f\u00fc <b>Erkek Klasik Siyah Dana Derisi Loafer<\/b> her zaman zarif bir a\u00e7\u0131klama yapman\u0131z\u0131 sa\u011flar.<\/p>\n<p>En iyi tam tah\u0131ll\u0131 dana derisinden \u00fcretilen bu ayakkab\u0131n\u0131n d\u0131\u015f y\u00fczeyi <b>Erkek Klasik Siyah Dana Derisi Loafer<\/b> hem zarif hem de dayan\u0131kl\u0131 \u015f\u0131k bir siyah kaplamaya sahiptir. Dana derisi, p\u00fcr\u00fczs\u00fcz dokusu, esnekli\u011fi ve g\u00fczel bir \u015fekilde ya\u015flanma kabiliyeti ile \u00fcnl\u00fcd\u00fcr. <b>Erkek Klasik Siyah Dana Derisi Loafer<\/b> y\u0131llarca vazge\u00e7ilmeziniz olmaya devam edecek. L\u00fcks d\u0131\u015f y\u00fczeyi tamamlayan yumu\u015fak, nefes alabilen ke\u00e7i derisi astar. Bu birinci s\u0131n\u0131f i\u00e7 k\u0131s\u0131m ola\u011fan\u00fcst\u00fc konfor sa\u011flar, nemi uzakla\u015ft\u0131r\u0131r ve her giyimde ki\u015fiselle\u015ftirilmi\u015f bir uyum i\u00e7in aya\u011f\u0131n\u0131za uyum sa\u011flar.<\/p>\n<h3>E\u015fsiz Konfor ve Dayan\u0131kl\u0131l\u0131k<\/h3>\n<p>Rahatl\u0131k astarda bitmiyor. Bunlar\u0131n her bir \u00e7ifti <b>Erkek Klasik Siyah Dana Derisi Loafer<\/b> hafif ama sa\u011flam bir EVA tabana sahiptir. EVA (etilen-vinil asetat) m\u00fckemmel \u015fok emilimi, esneklik ve yal\u0131t\u0131m sunarak yast\u0131kl\u0131 bir y\u00fcr\u00fcy\u00fc\u015f sa\u011flar ve g\u00fcn boyunca ayak yorgunlu\u011funu azalt\u0131r. \u0130nce desenli taban ayr\u0131ca ayakkab\u0131n\u0131n \u015f\u0131k profilinden \u00f6d\u00fcn vermeden g\u00fcvenilir tutu\u015f sa\u011flar.<\/p>\n<h3>Her Durum i\u00e7in \u00c7ok Y\u00f6nl\u00fc Stil<\/h3>\n<p>Slip-on rahatl\u0131\u011f\u0131 ve zarif silueti ile karakterize edilen klasik loafer tasar\u0131m\u0131, bu <b>Erkek Klasik Siyah Dana Derisi Loafer<\/b> bir\u00e7ok durum i\u00e7in uygundur. \u0130\u015f i\u00e7in \u00f6zel dikim tak\u0131m elbiselerle, \u015f\u0131k ve g\u00fcndelik toplant\u0131lar i\u00e7in chino pantolonlar ve blazer ceketle, hatta hafta sonu i\u00e7in koyu renk denimlerle zahmetsizce e\u015fle\u015fir. Kapsaml\u0131 bir beden yelpazesinde (40, 41, 42, 43, 44) mevcut olup, her erke\u011fin bu ola\u011fan\u00fcst\u00fc l\u00fcks\u00fc deneyimleyebilmesini sa\u011flamak i\u00e7in m\u00fckemmel uyumunuza hitap ediyoruz. <b>Erkek Klasik Siyah Dana Derisi Loafer<\/b>. Bu zarif \u00e7iftlerden birine yat\u0131r\u0131m yap\u0131n <b>Erkek Klasik Siyah Dana Derisi Loafer<\/b> ve l\u00fcks, konfor ve kal\u0131c\u0131 stilin m\u00fckemmel birle\u015fimini deneyimleyin. Bu vazge\u00e7ilmez siyah mokasen ayakkab\u0131larla ayakkab\u0131 koleksiyonunuzu bug\u00fcn y\u00fckseltin.<\/p>","protected":false},"excerpt":{"rendered":"<ul>\n<li>Zarif bir g\u00f6r\u00fcn\u00fcm ve his i\u00e7in birinci s\u0131n\u0131f dana derisinden \u00fcretilmi\u015ftir<\/li>\n<li>L\u00fcks ke\u00e7i derisi i\u00e7 astar \u00fcst\u00fcn konfor ve nefes alabilirlik sa\u011flar<\/li>\n<li>G\u00fcn boyu yast\u0131klama ve destek i\u00e7in hafif ve esnek EVA tabana sahiptir<\/li>\n<li>Zamans\u0131z klasik loafer tasar\u0131m\u0131, hem resmi hem de g\u00fcndelik giyim i\u00e7in m\u00fckemmel<\/li>\n<li>Avrupa bedenlerinde mevcuttur: 40, 41, 42, 43, 44<\/li>\n<li>Minimum 16 \u00e7ift miktar\u0131yla toptan sipari\u015fler mevcuttur<\/li>\n<\/ul>","protected":false},"featured_media":7012,"template":"","meta":{"_acf_changed":false,"_uag_custom_page_level_css":"","site-sidebar-layout":"default","site-content-layout":"","ast-site-content-layout":"default","site-content-style":"default","site-sidebar-style":"default","ast-global-header-display":"","ast-banner-title-visibility":"","ast-main-header-display":"","ast-hfb-above-header-display":"","ast-hfb-below-header-display":"","ast-hfb-mobile-header-display":"","site-post-title":"","ast-breadcrumbs-content":"","ast-featured-img":"","footer-sml-layout":"","ast-disable-related-posts":"","theme-transparent-header-meta":"","adv-header-id-meta":"","stick-header-meta":"","header-above-stick-meta":"","header-main-stick-meta":"","header-below-stick-meta":"","astra-migrate-meta-layouts":"default","ast-page-background-enabled":"default","ast-page-background-meta":{"desktop":{"background-color":"var(--ast-global-color-4)","background-image":"","background-repeat":"repeat","background-position":"center center","background-size":"auto","background-attachment":"scroll","background-type":"","background-media":"","overlay-type":"","overlay-color":"","overlay-opacity":"","overlay-gradient":""},"tablet":{"background-color":"","background-image":"","background-repeat":"repeat","background-position":"center center","background-size":"auto","background-attachment":"scroll","background-type":"","background-media":"","overlay-type":"","overlay-color":"","overlay-opacity":"","overlay-gradient":""},"mobile":{"background-color":"","background-image":"","background-repeat":"repeat","background-position":"center center","background-size":"auto","background-attachment":"scroll","background-type":"","background-media":"","overlay-type":"","overlay-color":"","overlay-opacity":"","overlay-gradient":""}},"ast-content-background-meta":{"desktop":{"background-color":"var(--ast-global-color-5)","background-image":"","background-repeat":"repeat","background-position":"center center","background-size":"auto","background-attachment":"scroll","background-type":"","background-media":"","overlay-type":"","overlay-color":"","overlay-opacity":"","overlay-gradient":""},"tablet":{"background-color":"var(--ast-global-color-5)","background-image":"","background-repeat":"repeat","background-position":"center center","background-size":"auto","background-attachment":"scroll","background-type":"","background-media":"","overlay-type":"","overlay-color":"","overlay-opacity":"","overlay-gradient":""},"mobile":{"background-color":"var(--ast-global-color-5)","background-image":"","background-repeat":"repeat","background-position":"center center","background-size":"auto","background-attachment":"scroll","background-type":"","background-media":"","overlay-type":"","overlay-color":"","overlay-opacity":"","overlay-gradient":""}}},"product_brand":[],"product_cat":[47,430,1200],"product_tag":[370,1160,457,220,287,189,324,186,525,184],"class_list":{"0":"post-8261","1":"product","2":"type-product","3":"status-publish","4":"has-post-thumbnail","6":"product_cat-classic","7":"product_cat-men","8":"product_cat-mens-shoes-2","9":"product_tag-black-loafers","10":"product_tag-calfskin-leather-shoes","11":"product_tag-classic-loafers","12":"product_tag-comfortable-loafers","13":"product_tag-eva-sole-shoes","14":"product_tag-goat-leather-lining","15":"product_tag-mens-dress-shoes","16":"product_tag-mens-loafers","17":"product_tag-premium-leather-footwear","18":"product_tag-slip-on-shoes","19":"desktop-align-center","20":"tablet-align-center","21":"mobile-align-center","23":"first","24":"instock","25":"shipping-taxable","26":"purchasable","27":"product-type-variable","28":"has-default-attributes"},"acf":[],"uagb_featured_image_src":{"full":["https:\/\/turkishtrade.co\/wp-content\/uploads\/2026\/01\/2600NZTMN00076-BLACK.png",453,250,false],"thumbnail":["https:\/\/turkishtrade.co\/wp-content\/uploads\/2026\/01\/2600NZTMN00076-BLACK-150x150.png",150,150,true],"medium":["https:\/\/turkishtrade.co\/wp-content\/uploads\/2026\/01\/2600NZTMN00076-BLACK-300x166.png",300,166,true],"medium_large":["https:\/\/turkishtrade.co\/wp-content\/uploads\/2026\/01\/2600NZTMN00076-BLACK.png",453,250,false],"large":["https:\/\/turkishtrade.co\/wp-content\/uploads\/2026\/01\/2600NZTMN00076-BLACK.png",453,250,false],"1536x1536":["https:\/\/turkishtrade.co\/wp-content\/uploads\/2026\/01\/2600NZTMN00076-BLACK.png",453,250,false],"2048x2048":["https:\/\/turkishtrade.co\/wp-content\/uploads\/2026\/01\/2600NZTMN00076-BLACK.png",453,250,false],"trp-custom-language-flag":["https:\/\/turkishtrade.co\/wp-content\/uploads\/2026\/01\/2600NZTMN00076-BLACK-18x10.png",18,10,true],"woocommerce_thumbnail":["https:\/\/turkishtrade.co\/wp-content\/uploads\/2026\/01\/2600NZTMN00076-BLACK-400x250.png",400,250,true],"woocommerce_single":["https:\/\/turkishtrade.co\/wp-content\/uploads\/2026\/01\/2600NZTMN00076-BLACK.png",453,250,false],"woocommerce_gallery_thumbnail":["https:\/\/turkishtrade.co\/wp-content\/uploads\/2026\/01\/2600NZTMN00076-BLACK-100x100.png",100,100,true]},"uagb_author_info":{"display_name":"python python","author_link":"https:\/\/turkishtrade.co\/tr\/author\/"},"uagb_comment_info":0,"uagb_excerpt":"Crafted from premium full-grain calfskin leather for a refined look and feel Luxurious goat leather interior lining ensures superior comfort and breathability Features a lightweight and flexible EVA sole for all-day cushioning and support Timeless classic loafer design, perfect for both formal and casual wear Available in European sizes: 40, 41, 42, 43, 44 Wholesale&hellip;","_links":{"self":[{"href":"https:\/\/turkishtrade.co\/tr\/wp-json\/wp\/v2\/product\/8261","targetHints":{"allow":["GET"]}}],"collection":[{"href":"https:\/\/turkishtrade.co\/tr\/wp-json\/wp\/v2\/product"}],"about":[{"href":"https:\/\/turkishtrade.co\/tr\/wp-json\/wp\/v2\/types\/product"}],"wp:featuredmedia":[{"embeddable":true,"href":"https:\/\/turkishtrade.co\/tr\/wp-json\/wp\/v2\/media\/7012"}],"wp:attachment":[{"href":"https:\/\/turkishtrade.co\/tr\/wp-json\/wp\/v2\/media?parent=8261"}],"wp:term":[{"taxonomy":"product_brand","embeddable":true,"href":"https:\/\/turkishtrade.co\/tr\/wp-json\/wp\/v2\/product_brand?post=8261"},{"taxonomy":"product_cat","embeddable":true,"href":"https:\/\/turkishtrade.co\/tr\/wp-json\/wp\/v2\/product_cat?post=8261"},{"taxonomy":"product_tag","embeddable":true,"href":"https:\/\/turkishtrade.co\/tr\/wp-json\/wp\/v2\/product_tag?post=8261"}],"curies":[{"name":"wp","href":"https:\/\/api.w.org\/{rel}","templated":true}]}}