{"id":8260,"date":"2026-01-29T14:48:50","date_gmt":"2026-01-29T14:48:50","guid":{"rendered":"https:\/\/turkishtrade.co\/?post_type=product&#038;p=8260"},"modified":"2026-04-09T20:31:10","modified_gmt":"2026-04-09T20:31:10","slug":"mens-navy-leather-loafers-3","status":"publish","type":"product","link":"https:\/\/turkishtrade.co\/tr\/shop\/mens-navy-leather-loafers-3\/","title":{"rendered":"Erkek Lacivert Deri Loafer Sensational | Bit Detayl\u0131 Klasik"},"content":{"rendered":"<p>Enfes tasar\u0131m\u0131m\u0131zla zamans\u0131z \u015f\u0131kl\u0131\u011fa ad\u0131m at\u0131n <strong>Erkek Lacivert Deri Loafer<\/strong>. Hem stil hem de konfora \u00f6nem veren modern beyler i\u00e7in tasarlanan bu klasik mokasen ayakkab\u0131lar, her sofistike gard\u0131robun olmazsa olmaz\u0131d\u0131r. Detaylara titizlikle \u00f6zen g\u00f6sterilerek \u00fcretilen <strong>Erkek Lacivert Deri Loafer<\/strong> her durumda g\u00f6r\u00fcn\u00fcm\u00fcn\u00fcz\u00fc y\u00fckseltmeyi vaat ederek l\u00fcks\u00fc ba\u015ftan a\u015fa\u011f\u0131 somutla\u015ft\u0131r\u0131yor.<\/p>\n<h3>Benzersiz \u0130\u015f\u00e7ilik ve \u00dcst\u00fcn Kaliteli Malzemeler<\/h3>\n<p>Bu \u00e7arp\u0131c\u0131 \u00e7iftlerin her biri <strong>Erkek Lacivert Deri Loafer<\/strong> en iyi hakiki dana derisinden \u00fcretilmi\u015ftir ve derin, \u00e7ok y\u00f6nl\u00fc bir lacivert tonunda zengin, dokulu bir y\u00fczey sunar. Dayan\u0131kl\u0131 ancak son derece esnek dana derisi uzun \u00f6m\u00fcrl\u00fcl\u00fck sa\u011flar ve zaman i\u00e7inde aya\u011f\u0131n\u0131za g\u00fczelce \u015fekil vererek ki\u015fiye \u00f6zel bir uyum sa\u011flar. \u00dcst\u00fcn d\u0131\u015f y\u00fczeyi tamamlayan i\u00e7 k\u0131s\u0131m, yumu\u015fak ve nefes alabilen ke\u00e7i derisi bir astara sahiptir. Bu l\u00fcks astar sadece nemi uzakla\u015ft\u0131rmakla kalmaz, ayn\u0131 zamanda inan\u0131lmaz derecede rahat bir deneyim sa\u011flar. <strong>Erkek Lacivert Deri Loafer<\/strong> \u0130ster ofiste ister \u00f6zel bir etkinli\u011fe kat\u0131l\u0131yor olun, uzun s\u00fcreli kullan\u0131m i\u00e7in idealdir.<\/p>\n<h3>Konfor Klasik Tarzla Bulu\u015fuyor<\/h3>\n<p>\u00c7arp\u0131c\u0131 g\u00f6r\u00fcn\u00fcmlerinin \u00f6tesinde, bu klasik ayakkab\u0131lar\u0131n tasar\u0131m\u0131nda konfor \u00e7ok \u00f6nemlidir. Hafif ve esnek EVA taban m\u00fckemmel yast\u0131klama ve destek sa\u011flayarak yorgunlu\u011fu azalt\u0131r ve g\u00fcn boyunca zahmetsizce hareket etmenizi sa\u011flar. \u0130konik loafer silueti, zengin lacivert deriyi m\u00fckemmel bir \u015fekilde tamamlayan zarif bir sofistike dokunu\u015f ekleyerek, vampirdeki zarif bir g\u00fcm\u00fc\u015f tonlu bit detay\u0131 ile y\u00fckseltilmi\u015ftir. Bunlar sadece ayakkab\u0131 de\u011fil; se\u00e7ici zevkiniz ve kaliteli ayakkab\u0131lara olan ba\u011fl\u0131l\u0131\u011f\u0131n\u0131z hakk\u0131nda \u00e7ok \u015fey anlatan bir ifade par\u00e7as\u0131d\u0131r. Bizim <strong>Erkek Lacivert Deri Loafer<\/strong> geleneksel esteti\u011fi \u00e7a\u011fda\u015f konforla kusursuz bir \u015fekilde harmanl\u0131yor.<\/p>\n<h3>Her Durum i\u00e7in \u00c7ok Y\u00f6nl\u00fcl\u00fck<\/h3>\n<p>Bizim <strong>Erkek Lacivert Deri Loafer<\/strong> inan\u0131lmaz derecede \u00e7ok y\u00f6nl\u00fcd\u00fcr, resmi ortamlardan \u015f\u0131k ve rahat ortamlara zahmetsizce ge\u00e7i\u015f yapar. Keskin bir i\u015f g\u00f6r\u00fcn\u00fcm\u00fc i\u00e7in \u00f6zel dikim tak\u0131m elbiselerle, sofistike bir ak\u015fam i\u00e7in chino pantolonlar ve keskin bir blazer ceketle, hatta y\u00fcksek bir g\u00fcndelik topluluk i\u00e7in koyu y\u0131kama kot pantolonlarla e\u015fle\u015ftirin. 40'tan 44'e kadar \u00e7e\u015fitli bedenlerde mevcut olan bu mokasen ayakkab\u0131lar, geni\u015f bir yelpazedeki se\u00e7kin m\u00fc\u015fteriler i\u00e7in rahat ve \u015f\u0131k bir uyum sa\u011flamak \u00fczere tasarlanm\u0131\u015ft\u0131r. Ayakkab\u0131 koleksiyonunuzu bu ola\u011fan\u00fcst\u00fc ayakkab\u0131larla geli\u015ftirin <strong>Erkek Lacivert Deri Loafer<\/strong> ve gelenek ile \u00e7a\u011fda\u015f modan\u0131n m\u00fckemmel kar\u0131\u015f\u0131m\u0131n\u0131 deneyimleyin.<\/p>\n<p>Y\u00fcksek kaliteli ayakkab\u0131 stoklamak isteyen i\u015fletmeler i\u00e7in bu premium ayakkab\u0131lar <strong>Erkek Lacivert Deri Loafer<\/strong> minimum 16 \u00e7ift sipari\u015fle toptan sat\u0131n al\u0131nabilir. M\u00fc\u015fterilerinize e\u015fsiz bir stil ve konfor sunan koleksiyonumuzu di\u011ferlerinden ay\u0131ran kal\u0131c\u0131 \u00e7ekicili\u011fi ve \u00fcst\u00fcn kaliteyi deneyimleyin.<\/p>","protected":false},"excerpt":{"rendered":"<ul>\n<li>Sofistike lacivert renkte birinci s\u0131n\u0131f hakiki dana derisi saya<\/li>\n<li>Ola\u011fan\u00fcst\u00fc konfor ve nefes alabilirlik i\u00e7in l\u00fcks ke\u00e7i derisi astar<\/li>\n<li>G\u00fcn boyu kullan\u0131m ve \u00fcst\u00fcn tutu\u015f i\u00e7in hafif ve esnek EVA taban<\/li>\n<li>Zarif g\u00fcm\u00fc\u015f tonlu bit detay\u0131 ile vurgulanan klasik loafer tasar\u0131m\u0131<\/li>\n<li>40-44 aras\u0131 geni\u015f bir beden yelpazesinde mevcuttur<\/li>\n<li>Toptan sat\u0131\u015f talepleri kabul edilir - Minimum sipari\u015f: 16 \u00e7ift<\/li>\n<\/ul>","protected":false},"featured_media":7011,"template":"","meta":{"_acf_changed":false,"_uag_custom_page_level_css":"","site-sidebar-layout":"default","site-content-layout":"","ast-site-content-layout":"default","site-content-style":"default","site-sidebar-style":"default","ast-global-header-display":"","ast-banner-title-visibility":"","ast-main-header-display":"","ast-hfb-above-header-display":"","ast-hfb-below-header-display":"","ast-hfb-mobile-header-display":"","site-post-title":"","ast-breadcrumbs-content":"","ast-featured-img":"","footer-sml-layout":"","ast-disable-related-posts":"","theme-transparent-header-meta":"","adv-header-id-meta":"","stick-header-meta":"","header-above-stick-meta":"","header-main-stick-meta":"","header-below-stick-meta":"","astra-migrate-meta-layouts":"default","ast-page-background-enabled":"default","ast-page-background-meta":{"desktop":{"background-color":"var(--ast-global-color-4)","background-image":"","background-repeat":"repeat","background-position":"center center","background-size":"auto","background-attachment":"scroll","background-type":"","background-media":"","overlay-type":"","overlay-color":"","overlay-opacity":"","overlay-gradient":""},"tablet":{"background-color":"","background-image":"","background-repeat":"repeat","background-position":"center center","background-size":"auto","background-attachment":"scroll","background-type":"","background-media":"","overlay-type":"","overlay-color":"","overlay-opacity":"","overlay-gradient":""},"mobile":{"background-color":"","background-image":"","background-repeat":"repeat","background-position":"center center","background-size":"auto","background-attachment":"scroll","background-type":"","background-media":"","overlay-type":"","overlay-color":"","overlay-opacity":"","overlay-gradient":""}},"ast-content-background-meta":{"desktop":{"background-color":"var(--ast-global-color-5)","background-image":"","background-repeat":"repeat","background-position":"center center","background-size":"auto","background-attachment":"scroll","background-type":"","background-media":"","overlay-type":"","overlay-color":"","overlay-opacity":"","overlay-gradient":""},"tablet":{"background-color":"var(--ast-global-color-5)","background-image":"","background-repeat":"repeat","background-position":"center center","background-size":"auto","background-attachment":"scroll","background-type":"","background-media":"","overlay-type":"","overlay-color":"","overlay-opacity":"","overlay-gradient":""},"mobile":{"background-color":"var(--ast-global-color-5)","background-image":"","background-repeat":"repeat","background-position":"center center","background-size":"auto","background-attachment":"scroll","background-type":"","background-media":"","overlay-type":"","overlay-color":"","overlay-opacity":"","overlay-gradient":""}}},"product_brand":[],"product_cat":[47,430,1200],"product_tag":[178,322,263,457,326,352,189,324,1366,280],"class_list":{"0":"post-8260","1":"product","2":"type-product","3":"status-publish","4":"has-post-thumbnail","6":"product_cat-classic","7":"product_cat-men","8":"product_cat-mens-shoes-2","9":"product_tag-bit-loafers","10":"product_tag-blue-leather-shoes","11":"product_tag-calf-leather-loafers","12":"product_tag-classic-loafers","13":"product_tag-eva-sole-loafers","14":"product_tag-formal-loafers","15":"product_tag-goat-leather-lining","16":"product_tag-mens-dress-shoes","17":"product_tag-mens-navy-leather-loafers","18":"product_tag-smart-casual-shoes","19":"desktop-align-center","20":"tablet-align-center","21":"mobile-align-center","23":"first","24":"instock","25":"shipping-taxable","26":"purchasable","27":"product-type-variable","28":"has-default-attributes"},"acf":[],"uagb_featured_image_src":{"full":["https:\/\/turkishtrade.co\/wp-content\/uploads\/2026\/01\/2600NZTMN00075-DARK-BLUE.png",453,250,false],"thumbnail":["https:\/\/turkishtrade.co\/wp-content\/uploads\/2026\/01\/2600NZTMN00075-DARK-BLUE-150x150.png",150,150,true],"medium":["https:\/\/turkishtrade.co\/wp-content\/uploads\/2026\/01\/2600NZTMN00075-DARK-BLUE-300x166.png",300,166,true],"medium_large":["https:\/\/turkishtrade.co\/wp-content\/uploads\/2026\/01\/2600NZTMN00075-DARK-BLUE.png",453,250,false],"large":["https:\/\/turkishtrade.co\/wp-content\/uploads\/2026\/01\/2600NZTMN00075-DARK-BLUE.png",453,250,false],"1536x1536":["https:\/\/turkishtrade.co\/wp-content\/uploads\/2026\/01\/2600NZTMN00075-DARK-BLUE.png",453,250,false],"2048x2048":["https:\/\/turkishtrade.co\/wp-content\/uploads\/2026\/01\/2600NZTMN00075-DARK-BLUE.png",453,250,false],"trp-custom-language-flag":["https:\/\/turkishtrade.co\/wp-content\/uploads\/2026\/01\/2600NZTMN00075-DARK-BLUE-18x10.png",18,10,true],"woocommerce_thumbnail":["https:\/\/turkishtrade.co\/wp-content\/uploads\/2026\/01\/2600NZTMN00075-DARK-BLUE-400x250.png",400,250,true],"woocommerce_single":["https:\/\/turkishtrade.co\/wp-content\/uploads\/2026\/01\/2600NZTMN00075-DARK-BLUE.png",453,250,false],"woocommerce_gallery_thumbnail":["https:\/\/turkishtrade.co\/wp-content\/uploads\/2026\/01\/2600NZTMN00075-DARK-BLUE-100x100.png",100,100,true]},"uagb_author_info":{"display_name":"python python","author_link":"https:\/\/turkishtrade.co\/tr\/author\/"},"uagb_comment_info":0,"uagb_excerpt":"Premium genuine calf leather upper in a sophisticated navy hue Luxurious goat leather lining for exceptional comfort and breathability Lightweight and flexible EVA sole for all-day wear and superior traction Classic loafer design accented with an elegant silver-tone bit detail Available in a comprehensive range of sizes from 40-44 Wholesale inquiries welcome - Minimum order:&hellip;","_links":{"self":[{"href":"https:\/\/turkishtrade.co\/tr\/wp-json\/wp\/v2\/product\/8260","targetHints":{"allow":["GET"]}}],"collection":[{"href":"https:\/\/turkishtrade.co\/tr\/wp-json\/wp\/v2\/product"}],"about":[{"href":"https:\/\/turkishtrade.co\/tr\/wp-json\/wp\/v2\/types\/product"}],"wp:featuredmedia":[{"embeddable":true,"href":"https:\/\/turkishtrade.co\/tr\/wp-json\/wp\/v2\/media\/7011"}],"wp:attachment":[{"href":"https:\/\/turkishtrade.co\/tr\/wp-json\/wp\/v2\/media?parent=8260"}],"wp:term":[{"taxonomy":"product_brand","embeddable":true,"href":"https:\/\/turkishtrade.co\/tr\/wp-json\/wp\/v2\/product_brand?post=8260"},{"taxonomy":"product_cat","embeddable":true,"href":"https:\/\/turkishtrade.co\/tr\/wp-json\/wp\/v2\/product_cat?post=8260"},{"taxonomy":"product_tag","embeddable":true,"href":"https:\/\/turkishtrade.co\/tr\/wp-json\/wp\/v2\/product_tag?post=8260"}],"curies":[{"name":"wp","href":"https:\/\/api.w.org\/{rel}","templated":true}]}}