{"id":8258,"date":"2026-01-29T14:48:50","date_gmt":"2026-01-29T14:48:50","guid":{"rendered":"https:\/\/turkishtrade.co\/?post_type=product&#038;p=8258"},"modified":"2026-04-09T20:31:13","modified_gmt":"2026-04-09T20:31:13","slug":"mens-black-platform-brogue-derbies","status":"publish","type":"product","link":"https:\/\/turkishtrade.co\/tr\/shop\/mens-black-platform-brogue-derbies\/","title":{"rendered":"Erkek Siyah Platform Brogue Derbiler Ultimate | Erkek Siyah Dana Derisi Platform"},"content":{"rendered":"<p><strong>Erkek Siyah Platform Brogue Derbiler<\/strong>. \u00dcst\u00fcn kalite ve tasar\u0131m.<\/p>\n<p>Zarif tasar\u0131m\u0131m\u0131zla sofistike bir tarza ve benzersiz bir konfora ad\u0131m at\u0131n <strong>Erkek Siyah Platform Brogue Derbiler<\/strong>. Bu ayakkab\u0131lar, klasik zarafet ve \u00e7a\u011fda\u015f yetene\u011fin uyumlu bir kar\u0131\u015f\u0131m\u0131n\u0131 sunmak i\u00e7in titizlikle \u00fcretilmi\u015ftir. Hem gelene\u011fi hem de yenili\u011fi takdir eden modern erkek i\u00e7in tasarlanan <strong>Erkek Siyah Platform Brogue Derbiler<\/strong> zamans\u0131z \u00e7ekicili\u011fi hakk\u0131nda \u00e7ok \u015fey anlatan karma\u015f\u0131k brogue detaylar\u0131na sahipken, sa\u011flam platform taban\u0131 modaya uygun bir kenar ve \u00fcst\u00fcn konfor katar.<\/p>\n<h3>Rakipsiz \u0130\u015f\u00e7ilik ve Birinci S\u0131n\u0131f Malzemeler<\/h3>\n<p>Bu \u00e7arp\u0131c\u0131 \u00e7iftlerin her biri <strong>Erkek Siyah Platform Brogue Derbiler<\/strong> yaln\u0131zca en iyi malzemeler kullan\u0131larak \u00fcretilmi\u015ftir. \u00dcst k\u0131s\u0131m, yumu\u015fak dokusu, dayan\u0131kl\u0131l\u0131\u011f\u0131 ve l\u00fcks g\u00f6r\u00fcn\u00fcm\u00fcyle tan\u0131nan hakiki dana derisinden yap\u0131lm\u0131\u015ft\u0131r. Bu birinci s\u0131n\u0131f deri, ayakkab\u0131n\u0131z\u0131n yaln\u0131zca ola\u011fan\u00fcst\u00fc g\u00f6r\u00fcnmesini de\u011fil, ayn\u0131 zamanda zamana kar\u015f\u0131 dayan\u0131kl\u0131 olmas\u0131n\u0131 ve ki\u015fiselle\u015ftirilmi\u015f bir uyum i\u00e7in aya\u011f\u0131n\u0131za g\u00f6re \u015fekillenmesini sa\u011flar. \u0130\u00e7 k\u0131s\u0131mda ayaklar\u0131n\u0131z, bu ayakkab\u0131lar\u0131 g\u00fcn boyu kullan\u0131m i\u00e7in ideal k\u0131lan nefes alabilirlik ve ekstra bir konfor katman\u0131 sunan esnek ke\u00e7i derisi astarla sar\u0131lacakt\u0131r. Bu ola\u011fan\u00fcst\u00fc ayakkab\u0131n\u0131n temeli <strong>Erkek Siyah Platform Brogue Derbiler<\/strong> hafif ama sa\u011flam EVA taban, stilden \u00f6d\u00fcn vermeden m\u00fckemmel yast\u0131klama ve destek sa\u011flar. Bu platform taban, g\u00f6r\u00fcn\u00fcm\u00fcn\u00fcz\u00fc y\u00fckseltir ve \u015fehir maceralar\u0131 veya sofistike toplant\u0131lar i\u00e7in m\u00fckemmel olan rahat bir ad\u0131m sa\u011flar. Ustal\u0131kla \u00fcretilmi\u015f ayakkab\u0131lar\u0131n fark\u0131n\u0131 ya\u015fay\u0131n <strong>Erkek Siyah Platform Brogue Derbiler<\/strong>.<\/p>\n<h3>Her Durum i\u00e7in \u00c7ok Y\u00f6nl\u00fc Stil<\/h3>\n<p>Genellikle geleneksel wingtip tasar\u0131mlar\u0131yla ili\u015fkilendirilen ay\u0131rt edici brogue deseni, bu <strong>Erkek Siyah Platform Brogue Derbiler<\/strong> zarif bir karaktere sahiptir. \u00c7a\u011fda\u015f platform taban ile e\u015fle\u015ftirildi\u011finde, resmi ve g\u00fcndelik aras\u0131ndaki bo\u015flu\u011fu doldurarak inan\u0131lmaz derecede \u00e7ok y\u00f6nl\u00fc olmas\u0131n\u0131 sa\u011flar. \u0130ster i\u015f ama\u00e7l\u0131 g\u00fcndelik bir etkinlik, ister bir ak\u015fam yeme\u011fi randevusu i\u00e7in giyiniyor olun, ister sadece g\u00fcnl\u00fck k\u0131yafetlerinizi zenginle\u015ftiriyor olun, bu ayakkab\u0131lar m\u00fckemmel bir se\u00e7imdir. \u015e\u0131k siyah y\u00fczeyi, \u00f6zel dikim pantolonlardan \u015f\u0131k kot pantolonlara kadar \u00e7ok \u00e7e\u015fitli k\u0131yafetlerle zahmetsizce e\u015fle\u015ftirilebilmesini sa\u011flar. Bu dikkat \u00e7ekici platform brogue ayakkab\u0131larla \u201cg\u00fcndelik klasik\u201d esteti\u011fini kucaklay\u0131n. Bu \u00e7ok y\u00f6nl\u00fc <strong>Erkek Siyah Platform Brogue Derbiler<\/strong> gard\u0131robunuzun vazge\u00e7ilmezi olaca\u011f\u0131ndan emin olabilirsiniz.<\/p>\n<h3>Toptan Sat\u0131\u015f F\u0131rsatlar\u0131<\/h3>\n<p>\u00dcst\u00fcn kaliteli ayakkab\u0131lar sunmak isteyen perakendeciler ve i\u015fletmeler i\u00e7in <strong>Erkek Siyah Platform Brogue Derbiler<\/strong> toptan sat\u0131n al\u0131nabilir. Bu pop\u00fcler ve \u015f\u0131k \u00fcr\u00fcn\u00fc stoklayabilmeniz i\u00e7in minimum 16 \u00e7ift sipari\u015f vermeniz gerekmektedir. 40'tan 44'e kadar beden se\u00e7enekleri sunan bu y\u00fcksek kaliteli <strong>Erkek Siyah Platform Brogue Derbiler<\/strong> her koleksiyona de\u011ferli bir katk\u0131d\u0131r ve stil, konfor ve dayan\u0131kl\u0131l\u0131k kar\u0131\u015f\u0131m\u0131yla m\u00fc\u015fteri memnuniyeti vaat eder. \u00dcst\u00fcn i\u015f\u00e7ili\u011fi ve zamans\u0131z tasar\u0131m\u0131yla \u00f6ne \u00e7\u0131kan ayakkab\u0131lara yat\u0131r\u0131m yap\u0131n.<\/p>","protected":false},"excerpt":{"rendered":"<ul>\n<li>Kal\u0131c\u0131 dayan\u0131kl\u0131l\u0131k ve sofistike stil i\u00e7in birinci s\u0131n\u0131f dana derisi saya.<\/li>\n<li>Rahat ke\u00e7i derisi astar nefes alabilirlik ve l\u00fcks bir his sa\u011flar.<\/li>\n<li>G\u00fcn boyu konfor ve \u00e7a\u011fda\u015f bir duru\u015f i\u00e7in hafif ve destekleyici EVA taban.<\/li>\n<li>Belirgin brogue detaylar klasik \u015f\u0131kl\u0131\u011fa bir dokunu\u015f katar.<\/li>\n<li>40, 41, 42, 43, 44 bedenleri mevcuttur.<\/li>\n<li>G\u00fcnl\u00fck konfor ve klasik tasar\u0131m\u0131n m\u00fckemmel kar\u0131\u015f\u0131m\u0131.<\/li>\n<li>Minimum 16 \u00e7ift sipari\u015f i\u00e7in toptan sat\u0131\u015f talepleri kabul edilir.<\/li>\n<\/ul>","protected":false},"featured_media":6911,"template":"","meta":{"_acf_changed":false,"_uag_custom_page_level_css":"","site-sidebar-layout":"default","site-content-layout":"","ast-site-content-layout":"default","site-content-style":"default","site-sidebar-style":"default","ast-global-header-display":"","ast-banner-title-visibility":"","ast-main-header-display":"","ast-hfb-above-header-display":"","ast-hfb-below-header-display":"","ast-hfb-mobile-header-display":"","site-post-title":"","ast-breadcrumbs-content":"","ast-featured-img":"","footer-sml-layout":"","ast-disable-related-posts":"","theme-transparent-header-meta":"","adv-header-id-meta":"","stick-header-meta":"","header-above-stick-meta":"","header-main-stick-meta":"","header-below-stick-meta":"","astra-migrate-meta-layouts":"default","ast-page-background-enabled":"default","ast-page-background-meta":{"desktop":{"background-color":"var(--ast-global-color-4)","background-image":"","background-repeat":"repeat","background-position":"center center","background-size":"auto","background-attachment":"scroll","background-type":"","background-media":"","overlay-type":"","overlay-color":"","overlay-opacity":"","overlay-gradient":""},"tablet":{"background-color":"","background-image":"","background-repeat":"repeat","background-position":"center center","background-size":"auto","background-attachment":"scroll","background-type":"","background-media":"","overlay-type":"","overlay-color":"","overlay-opacity":"","overlay-gradient":""},"mobile":{"background-color":"","background-image":"","background-repeat":"repeat","background-position":"center center","background-size":"auto","background-attachment":"scroll","background-type":"","background-media":"","overlay-type":"","overlay-color":"","overlay-opacity":"","overlay-gradient":""}},"ast-content-background-meta":{"desktop":{"background-color":"var(--ast-global-color-5)","background-image":"","background-repeat":"repeat","background-position":"center center","background-size":"auto","background-attachment":"scroll","background-type":"","background-media":"","overlay-type":"","overlay-color":"","overlay-opacity":"","overlay-gradient":""},"tablet":{"background-color":"var(--ast-global-color-5)","background-image":"","background-repeat":"repeat","background-position":"center center","background-size":"auto","background-attachment":"scroll","background-type":"","background-media":"","overlay-type":"","overlay-color":"","overlay-opacity":"","overlay-gradient":""},"mobile":{"background-color":"var(--ast-global-color-5)","background-image":"","background-repeat":"repeat","background-position":"center center","background-size":"auto","background-attachment":"scroll","background-type":"","background-media":"","overlay-type":"","overlay-color":"","overlay-opacity":"","overlay-gradient":""}}},"product_brand":[],"product_cat":[48,47,49,430,1200],"product_tag":[605,654,202,1268,212,438,437,400,254],"class_list":{"0":"post-8258","1":"product","2":"type-product","3":"status-publish","4":"has-post-thumbnail","6":"product_cat-casual","7":"product_cat-classic","8":"product_cat-loafer","9":"product_cat-men","10":"product_cat-mens-shoes-2","11":"product_tag-black-shoes","12":"product_tag-brogue-shoes","13":"product_tag-calf-leather","14":"product_tag-casual-classic","15":"product_tag-derby-shoes","16":"product_tag-eva-sole","17":"product_tag-goat-leather","18":"product_tag-platform-shoes","19":"product_tag-wholesale-footwear","20":"desktop-align-center","21":"tablet-align-center","22":"mobile-align-center","24":"first","25":"instock","26":"shipping-taxable","27":"purchasable","28":"product-type-variable","29":"has-default-attributes"},"acf":[],"uagb_featured_image_src":{"full":["https:\/\/turkishtrade.co\/wp-content\/uploads\/2026\/01\/2600NZTMN00073-BLACK.png",453,250,false],"thumbnail":["https:\/\/turkishtrade.co\/wp-content\/uploads\/2026\/01\/2600NZTMN00073-BLACK-150x150.png",150,150,true],"medium":["https:\/\/turkishtrade.co\/wp-content\/uploads\/2026\/01\/2600NZTMN00073-BLACK-300x166.png",300,166,true],"medium_large":["https:\/\/turkishtrade.co\/wp-content\/uploads\/2026\/01\/2600NZTMN00073-BLACK.png",453,250,false],"large":["https:\/\/turkishtrade.co\/wp-content\/uploads\/2026\/01\/2600NZTMN00073-BLACK.png",453,250,false],"1536x1536":["https:\/\/turkishtrade.co\/wp-content\/uploads\/2026\/01\/2600NZTMN00073-BLACK.png",453,250,false],"2048x2048":["https:\/\/turkishtrade.co\/wp-content\/uploads\/2026\/01\/2600NZTMN00073-BLACK.png",453,250,false],"trp-custom-language-flag":["https:\/\/turkishtrade.co\/wp-content\/uploads\/2026\/01\/2600NZTMN00073-BLACK-18x10.png",18,10,true],"woocommerce_thumbnail":["https:\/\/turkishtrade.co\/wp-content\/uploads\/2026\/01\/2600NZTMN00073-BLACK-400x250.png",400,250,true],"woocommerce_single":["https:\/\/turkishtrade.co\/wp-content\/uploads\/2026\/01\/2600NZTMN00073-BLACK.png",453,250,false],"woocommerce_gallery_thumbnail":["https:\/\/turkishtrade.co\/wp-content\/uploads\/2026\/01\/2600NZTMN00073-BLACK-100x100.png",100,100,true]},"uagb_author_info":{"display_name":"python python","author_link":"https:\/\/turkishtrade.co\/tr\/author\/"},"uagb_comment_info":0,"uagb_excerpt":"Premium calf leather upper for lasting durability and sophisticated style. Comfortable goat leather lining ensures breathability and a luxurious feel. Lightweight and supportive EVA sole for all-day comfort and a contemporary lift. Distinctive brogue detailing adds a touch of classic elegance. Available in sizes 40, 41, 42, 43, 44. Perfect blend of casual comfort and&hellip;","_links":{"self":[{"href":"https:\/\/turkishtrade.co\/tr\/wp-json\/wp\/v2\/product\/8258","targetHints":{"allow":["GET"]}}],"collection":[{"href":"https:\/\/turkishtrade.co\/tr\/wp-json\/wp\/v2\/product"}],"about":[{"href":"https:\/\/turkishtrade.co\/tr\/wp-json\/wp\/v2\/types\/product"}],"wp:featuredmedia":[{"embeddable":true,"href":"https:\/\/turkishtrade.co\/tr\/wp-json\/wp\/v2\/media\/6911"}],"wp:attachment":[{"href":"https:\/\/turkishtrade.co\/tr\/wp-json\/wp\/v2\/media?parent=8258"}],"wp:term":[{"taxonomy":"product_brand","embeddable":true,"href":"https:\/\/turkishtrade.co\/tr\/wp-json\/wp\/v2\/product_brand?post=8258"},{"taxonomy":"product_cat","embeddable":true,"href":"https:\/\/turkishtrade.co\/tr\/wp-json\/wp\/v2\/product_cat?post=8258"},{"taxonomy":"product_tag","embeddable":true,"href":"https:\/\/turkishtrade.co\/tr\/wp-json\/wp\/v2\/product_tag?post=8258"}],"curies":[{"name":"wp","href":"https:\/\/api.w.org\/{rel}","templated":true}]}}