{"id":8257,"date":"2026-01-29T14:48:50","date_gmt":"2026-01-29T14:48:50","guid":{"rendered":"https:\/\/turkishtrade.co\/?post_type=product&#038;p=8257"},"modified":"2026-04-09T20:31:17","modified_gmt":"2026-04-09T20:31:17","slug":"mens-leather-cap-toe-derby","status":"publish","type":"product","link":"https:\/\/turkishtrade.co\/tr\/shop\/mens-leather-cap-toe-derby\/","title":{"rendered":"Erkek Deri Cap Toe Derby En \u00c7ok Satan | Erkek Premium Deri Cap Toe"},"content":{"rendered":"<h3>Premium Erkek Deri Cap Toe Derby Ayakkab\u0131lar\u0131m\u0131z ile G\u00fcnl\u00fck Ya\u015fam\u0131n\u0131z\u0131 Y\u00fckseltin<\/h3>\n<p>Enfes tasar\u0131m\u0131m\u0131zla benzersiz bir stil ve konfora ad\u0131m at\u0131n <strong>Erkek Deri Cap Toe Derby<\/strong> ayakkab\u0131lar. Hem klasik esteti\u011fi hem de modern pratikli\u011fi takdir eden se\u00e7ici bireyler i\u00e7in tasarlanan bu ayakkab\u0131lar, her sofistike gard\u0131rop i\u00e7in m\u00fckemmel bir ektir. Bizim <strong>Erkek Deri Cap Toe Derby<\/strong> smart-casual ve semi-formal aras\u0131ndaki bo\u015flu\u011fu zahmetsizce doldurarak, \u00f6nemli i\u015f toplant\u0131lar\u0131ndan sofistike ak\u015fam etkinliklerine kadar \u00e7e\u015fitli durumlar i\u00e7in inan\u0131lmaz derecede \u00e7ok y\u00f6nl\u00fc olmas\u0131n\u0131 sa\u011flar.<\/p>\n<p>En iyi hakiki dana derisinden \u00fcretilen bu ayakkab\u0131n\u0131n \u00fcst k\u0131sm\u0131 <strong>Erkek Deri Cap Toe Derby<\/strong> ayakkab\u0131lar, l\u00fcks\u00fc yans\u0131tan ve uzun s\u00fcreli dayan\u0131kl\u0131l\u0131k vaat eden zengin, derin bir renk tonuna sahiptir. Karma\u015f\u0131k burun detay\u0131 geleneksel zarafete bir dokunu\u015f katarken, ba\u011fc\u0131k yak\u0131n\u0131ndaki ince delikler rafine \u00e7ekicili\u011fini art\u0131r\u0131r. \u0130\u00e7 k\u0131s\u0131mdaki yumu\u015fak, nefes alabilen ke\u00e7i derisi astar sayesinde ayaklar\u0131n\u0131z \u00fcst\u00fcn konforla sar\u0131lacak ve saatlerce giydikten sonra bile ho\u015f bir deneyim ya\u015fayacaks\u0131n\u0131z. Birinci s\u0131n\u0131f malzemelerin bu \u00f6zenli kombinasyonu, her bir \u00e7ift ayakkab\u0131da kaliteye olan ba\u011fl\u0131l\u0131\u011f\u0131m\u0131z\u0131n alt\u0131n\u0131 \u00e7iziyor. <strong>Erkek Deri Cap Toe Derby<\/strong> sundu\u011fumuz ayakkab\u0131lar.<\/p>\n<p>Bunlar\u0131 ger\u00e7ekten belirleyen \u015fey <strong>Erkek Deri Cap Toe Derby<\/strong> ayakkab\u0131lar\u0131n\u0131 di\u011ferlerinden ay\u0131ran en \u00f6nemli \u00f6zelli\u011fi sa\u011flam ama hafif EVA taban\u0131d\u0131r. \u00dcst\u00fcn \u015fok emilimi ve \u00e7eki\u015f g\u00fcc\u00fc i\u00e7in tasarlanan kal\u0131n \u00e7\u0131k\u0131nt\u0131l\u0131 taban, ister \u015fehir sokaklar\u0131nda geziniyor ister ofiste bir g\u00fcn ge\u00e7iriyor olun, ola\u011fan\u00fcst\u00fc konfor ve denge sa\u011flar. Bu yenilik\u00e7i taban tasar\u0131m\u0131, klasik bir g\u00f6r\u00fcn\u00fcm sa\u011flarken, bu <strong>Erkek Deri Cap Toe Derby<\/strong> ayakkab\u0131lar, g\u00fcnl\u00fck a\u015f\u0131nma ve y\u0131pranmaya kar\u015f\u0131 \u00e7a\u011fda\u015f performans ve dayan\u0131kl\u0131l\u0131k sunar. \u0130\u015f toplant\u0131lar\u0131ndan hafta sonu gezmelerine kadar, bu ayakkab\u0131lar sizi rahat ve \u015f\u0131k tutmak i\u00e7in \u00fcretilmi\u015ftir ve modern ayakkab\u0131 teknolojisinin en iyisini sergiler.<\/p>\n<p>40'tan 44'e kadar kapsaml\u0131 bir Avrupa beden yelpazesinde mevcut olan bu temel \u00fcr\u00fcnlere m\u00fckemmel uyumunuzu bulmak i\u00e7in <strong>Erkek Deri Cap Toe Derby<\/strong> ayakkab\u0131lar basittir. Zamans\u0131z tasar\u0131m\u0131 sayesinde \u00f6zel dikim pantolonlar, \u015f\u0131k kot pantolonlar veya chino pantolonlarla m\u00fckemmel uyum sa\u011flar ve her kombine \u015f\u0131k bir g\u00f6r\u00fcn\u00fcm kazand\u0131r\u0131r. Bir \u00e7ift ayakkab\u0131ya yat\u0131r\u0131m yap\u0131n <strong>Erkek Deri Cap Toe Derby<\/strong> Sadece ola\u011fan\u00fcst\u00fc g\u00f6r\u00fcnmekle kalmay\u0131p ayn\u0131 zamanda uzun \u00f6m\u00fcrl\u00fc olan, kusursuz i\u015f\u00e7ili\u011fi ve detaylara g\u00f6sterilen \u00f6zeni yans\u0131tan ayakkab\u0131lar. Y\u00fcksek kaliteli ayakkab\u0131 stoklamak isteyen i\u015fletmeler i\u00e7in bu zarif <strong>Erkek Deri Cap Toe Derby<\/strong> ayakkab\u0131lar, minimum 16 \u00e7ift sipari\u015fle toptan sat\u0131\u015f i\u00e7in mevcuttur. Toplu fiyatland\u0131rma i\u00e7in bizimle ileti\u015fime ge\u00e7in ve envanterinizi bu aranan stille y\u00fckseltin.<\/p>","protected":false},"excerpt":{"rendered":"<ul>\n<li>\u00dcst\u00fcn kalite i\u00e7in hakiki dana derisinden \u00fcretilmi\u015ftir.<\/li>\n<li>L\u00fcks Ke\u00e7i Derisi astar, \u00fcst\u00fcn konfor ve nefes alabilirlik sa\u011flar.<\/li>\n<li>T\u00fcm g\u00fcn kullan\u0131m i\u00e7in modern, \u015fok emici EVA D\u0131\u015f Tabana sahiptir.<\/li>\n<li>Klasik Cap Toe Derby tasar\u0131m\u0131, smart-casual ve yar\u0131 resmi g\u00f6r\u00fcn\u00fcmler i\u00e7in m\u00fckemmeldir.<\/li>\n<li>Avrupa bedenlerinde mevcuttur: 40, 41, 42, 43, 44.<\/li>\n<li>Toptan sat\u0131\u015f f\u0131rsatlar\u0131 mevcuttur (Minimum Sipari\u015f: 16 \u00c7ift).<\/li>\n<\/ul>","protected":false},"featured_media":6910,"template":"","meta":{"_acf_changed":false,"_uag_custom_page_level_css":"","site-sidebar-layout":"default","site-content-layout":"","ast-site-content-layout":"default","site-content-style":"default","site-sidebar-style":"default","ast-global-header-display":"","ast-banner-title-visibility":"","ast-main-header-display":"","ast-hfb-above-header-display":"","ast-hfb-below-header-display":"","ast-hfb-mobile-header-display":"","site-post-title":"","ast-breadcrumbs-content":"","ast-featured-img":"","footer-sml-layout":"","ast-disable-related-posts":"","theme-transparent-header-meta":"","adv-header-id-meta":"","stick-header-meta":"","header-above-stick-meta":"","header-main-stick-meta":"","header-below-stick-meta":"","astra-migrate-meta-layouts":"default","ast-page-background-enabled":"default","ast-page-background-meta":{"desktop":{"background-color":"var(--ast-global-color-4)","background-image":"","background-repeat":"repeat","background-position":"center center","background-size":"auto","background-attachment":"scroll","background-type":"","background-media":"","overlay-type":"","overlay-color":"","overlay-opacity":"","overlay-gradient":""},"tablet":{"background-color":"","background-image":"","background-repeat":"repeat","background-position":"center center","background-size":"auto","background-attachment":"scroll","background-type":"","background-media":"","overlay-type":"","overlay-color":"","overlay-opacity":"","overlay-gradient":""},"mobile":{"background-color":"","background-image":"","background-repeat":"repeat","background-position":"center center","background-size":"auto","background-attachment":"scroll","background-type":"","background-media":"","overlay-type":"","overlay-color":"","overlay-opacity":"","overlay-gradient":""}},"ast-content-background-meta":{"desktop":{"background-color":"var(--ast-global-color-5)","background-image":"","background-repeat":"repeat","background-position":"center center","background-size":"auto","background-attachment":"scroll","background-type":"","background-media":"","overlay-type":"","overlay-color":"","overlay-opacity":"","overlay-gradient":""},"tablet":{"background-color":"var(--ast-global-color-5)","background-image":"","background-repeat":"repeat","background-position":"center center","background-size":"auto","background-attachment":"scroll","background-type":"","background-media":"","overlay-type":"","overlay-color":"","overlay-opacity":"","overlay-gradient":""},"mobile":{"background-color":"var(--ast-global-color-5)","background-image":"","background-repeat":"repeat","background-position":"center center","background-size":"auto","background-attachment":"scroll","background-type":"","background-media":"","overlay-type":"","overlay-color":"","overlay-opacity":"","overlay-gradient":""}}},"product_brand":[],"product_cat":[48,47,49,430,1200],"product_tag":[202,458,449,145,212,438,1249,227,380],"class_list":{"0":"post-8257","1":"product","2":"type-product","3":"status-publish","4":"has-post-thumbnail","6":"product_cat-casual","7":"product_cat-classic","8":"product_cat-loafer","9":"product_cat-men","10":"product_cat-mens-shoes-2","11":"product_tag-calf-leather","12":"product_tag-cap-toe-shoes","13":"product_tag-casual-shoes","14":"product_tag-classic-shoes","15":"product_tag-derby-shoes","16":"product_tag-eva-sole","17":"product_tag-goat-lining","18":"product_tag-leather-shoes","19":"product_tag-smart-casual-footwear","20":"desktop-align-center","21":"tablet-align-center","22":"mobile-align-center","24":"first","25":"instock","26":"shipping-taxable","27":"purchasable","28":"product-type-variable","29":"has-default-attributes"},"acf":[],"uagb_featured_image_src":{"full":["https:\/\/turkishtrade.co\/wp-content\/uploads\/2026\/01\/2600NZTMN00071-BROWN.png",453,250,false],"thumbnail":["https:\/\/turkishtrade.co\/wp-content\/uploads\/2026\/01\/2600NZTMN00071-BROWN-150x150.png",150,150,true],"medium":["https:\/\/turkishtrade.co\/wp-content\/uploads\/2026\/01\/2600NZTMN00071-BROWN-300x166.png",300,166,true],"medium_large":["https:\/\/turkishtrade.co\/wp-content\/uploads\/2026\/01\/2600NZTMN00071-BROWN.png",453,250,false],"large":["https:\/\/turkishtrade.co\/wp-content\/uploads\/2026\/01\/2600NZTMN00071-BROWN.png",453,250,false],"1536x1536":["https:\/\/turkishtrade.co\/wp-content\/uploads\/2026\/01\/2600NZTMN00071-BROWN.png",453,250,false],"2048x2048":["https:\/\/turkishtrade.co\/wp-content\/uploads\/2026\/01\/2600NZTMN00071-BROWN.png",453,250,false],"trp-custom-language-flag":["https:\/\/turkishtrade.co\/wp-content\/uploads\/2026\/01\/2600NZTMN00071-BROWN-18x10.png",18,10,true],"woocommerce_thumbnail":["https:\/\/turkishtrade.co\/wp-content\/uploads\/2026\/01\/2600NZTMN00071-BROWN-400x250.png",400,250,true],"woocommerce_single":["https:\/\/turkishtrade.co\/wp-content\/uploads\/2026\/01\/2600NZTMN00071-BROWN.png",453,250,false],"woocommerce_gallery_thumbnail":["https:\/\/turkishtrade.co\/wp-content\/uploads\/2026\/01\/2600NZTMN00071-BROWN-100x100.png",100,100,true]},"uagb_author_info":{"display_name":"python python","author_link":"https:\/\/turkishtrade.co\/tr\/author\/"},"uagb_comment_info":0,"uagb_excerpt":"Crafted from genuine Calf Leather for superior quality. Luxurious Goat Leather lining ensures ultimate comfort and breathability. Features a modern, shock-absorbent EVA Outsole for all-day wear. Classic Cap Toe Derby design, perfect for smart-casual and semi-formal looks. Available in European sizes: 40, 41, 42, 43, 44. Wholesale opportunities available (Minimum Order: 16 Pairs).","_links":{"self":[{"href":"https:\/\/turkishtrade.co\/tr\/wp-json\/wp\/v2\/product\/8257","targetHints":{"allow":["GET"]}}],"collection":[{"href":"https:\/\/turkishtrade.co\/tr\/wp-json\/wp\/v2\/product"}],"about":[{"href":"https:\/\/turkishtrade.co\/tr\/wp-json\/wp\/v2\/types\/product"}],"wp:featuredmedia":[{"embeddable":true,"href":"https:\/\/turkishtrade.co\/tr\/wp-json\/wp\/v2\/media\/6910"}],"wp:attachment":[{"href":"https:\/\/turkishtrade.co\/tr\/wp-json\/wp\/v2\/media?parent=8257"}],"wp:term":[{"taxonomy":"product_brand","embeddable":true,"href":"https:\/\/turkishtrade.co\/tr\/wp-json\/wp\/v2\/product_brand?post=8257"},{"taxonomy":"product_cat","embeddable":true,"href":"https:\/\/turkishtrade.co\/tr\/wp-json\/wp\/v2\/product_cat?post=8257"},{"taxonomy":"product_tag","embeddable":true,"href":"https:\/\/turkishtrade.co\/tr\/wp-json\/wp\/v2\/product_tag?post=8257"}],"curies":[{"name":"wp","href":"https:\/\/api.w.org\/{rel}","templated":true}]}}