{"id":8236,"date":"2026-01-29T14:48:36","date_gmt":"2026-01-29T14:48:36","guid":{"rendered":"https:\/\/turkishtrade.co\/?post_type=product&#038;p=8236"},"modified":"2026-04-09T20:31:20","modified_gmt":"2026-04-09T20:31:20","slug":"mens-casual-black-leather-derby-shoes","status":"publish","type":"product","link":"https:\/\/turkishtrade.co\/tr\/shop\/mens-casual-black-leather-derby-shoes\/","title":{"rendered":"Erkek G\u00fcnl\u00fck Siyah Deri Derby Ayakkab\u0131 EVA Taban ile Kan\u0131tlanm\u0131\u015f |"},"content":{"rendered":"<p><strong>Erkek G\u00fcnl\u00fck Siyah Deri Derby Ayakkab\u0131<\/strong>. Kan\u0131tlanm\u0131\u015f kalite ve tasar\u0131m.<\/p>\n<p>Klasik stil ve modern konforun m\u00fckemmel kar\u0131\u015f\u0131m\u0131n\u0131 birinci s\u0131n\u0131f \u00fcr\u00fcnlerimizle ke\u015ffedin <b>Erkek G\u00fcnl\u00fck Siyah Deri Derby Ayakkab\u0131<\/b>. Se\u00e7kin beyefendiler i\u00e7in \u00fcretilen bu zarif ba\u011fc\u0131kl\u0131 ayakkab\u0131lar, her durumda benzersiz bir \u015f\u0131kl\u0131k sunmak \u00fczere tasarlanm\u0131\u015ft\u0131r. \u00d6nemli i\u015f toplant\u0131lar\u0131ndan rahat hafta sonu bulu\u015fmalar\u0131na kadar, bu <b>Erkek G\u00fcnl\u00fck Siyah Deri Derby Ayakkab\u0131<\/b> d\u0131\u015far\u0131ya \u015f\u0131k ve rahat ad\u0131mlar atman\u0131z\u0131 sa\u011flar. Kaliteye olan ba\u011fl\u0131l\u0131\u011f\u0131m\u0131z, her bir \u00e7ift <b>Erkek G\u00fcnl\u00fck Siyah Deri Derby Ayakkab\u0131<\/b> \u00fcst\u00fcn i\u015f\u00e7ilik ve kal\u0131c\u0131 tasar\u0131m\u0131n bir kan\u0131t\u0131d\u0131r.<\/p>\n<h3>E\u015fsiz \u0130\u015f\u00e7ilik ve Birinci S\u0131n\u0131f Malzemeler<\/h3>\n<p>Her bir \u00e7iftimiz <b>Erkek G\u00fcnl\u00fck Siyah Deri Derby Ayakkab\u0131<\/b> yaln\u0131zca en iyi malzemeler kullan\u0131larak \u00fcretilmi\u015ftir. \u00dcst k\u0131s\u0131m, l\u00fcks hissi, do\u011fal parlakl\u0131\u011f\u0131 ve ola\u011fan\u00fcst\u00fc dayan\u0131kl\u0131l\u0131\u011f\u0131 ile \u00fcnl\u00fc hakiki dana derisinden yap\u0131lm\u0131\u015ft\u0131r. Bu birinci s\u0131n\u0131f deri, ayakkab\u0131n\u0131z\u0131n <b>Erkek G\u00fcnl\u00fck Siyah Deri Derby Ayakkab\u0131<\/b> zaman i\u00e7inde benzersiz bir patina geli\u015ftirerek g\u00fczel bir \u015fekilde ya\u015flanacakt\u0131r. \u0130\u00e7 k\u0131s\u0131mda, \u00fcst\u00fcn konfor sa\u011flayan ve ayaklar\u0131n\u0131z\u0131 g\u00fcn boyunca ferah tutmaya yard\u0131mc\u0131 olan yumu\u015fak ve nefes alabilen ke\u00e7i derisi astar bulacaks\u0131n\u0131z. Bu ola\u011fan\u00fcst\u00fc ayakkab\u0131lar\u0131n temeli hafif ama sa\u011flam EVA taban\u0131d\u0131r. Bu geli\u015fmi\u015f taban malzemesi m\u00fckemmel \u015fok emilimi ve esneklik sunarak <b>Erkek G\u00fcnl\u00fck Siyah Deri Derby Ayakkab\u0131<\/b> uzun s\u00fcre giymek i\u00e7in mutlak bir zevk.<\/p>\n<h3>Her Gard\u0131rop \u0130\u00e7in \u00c7ok Y\u00f6nl\u00fc Stil<\/h3>\n<p>Bunlar\u0131n zamans\u0131z tasar\u0131m\u0131 <b>Erkek G\u00fcnl\u00fck Siyah Deri Derby Ayakkab\u0131<\/b> onlar\u0131 inan\u0131lmaz derecede \u00e7ok y\u00f6nl\u00fc k\u0131l\u0131yor. Klasik siyah rengi ve sofistike silueti, resmi ortamlardan g\u00fcndelik ortamlara sorunsuz bir \u015fekilde ge\u00e7i\u015f yapmas\u0131n\u0131 sa\u011flar. Bunlar\u0131 e\u015fle\u015ftirdi\u011finizi hayal edin <b>Erkek G\u00fcnl\u00fck Siyah Deri Derby Ayakkab\u0131<\/b> \u015e\u0131k bir ofis g\u00f6r\u00fcn\u00fcm\u00fc i\u00e7in keskin bir tak\u0131m elbise ile veya y\u00fcksek bir g\u00fcndelik k\u0131yafet i\u00e7in koyu y\u0131kama kot pantolon ve bir blazer ile. Ay\u0131rt edici ancak ince platform benzeri EVA taban, \u00e7a\u011fda\u015f bir dokunu\u015f katarak bu <b>Erkek G\u00fcnl\u00fck Siyah Deri Derby Ayakkab\u0131<\/b> geleneksel tasar\u0131mlardan farkl\u0131d\u0131r. \u0130\u015flevselli\u011fi modaya uygun \u00e7ekicilikle birle\u015ftiren ayakkab\u0131lar arayan her erkek i\u00e7in ger\u00e7ekten sahip olunmas\u0131 gereken bir \u00fcr\u00fcnd\u00fcr.<\/p>\n<h3>G\u00fcn Boyu Rakipsiz Konforu Deneyimleyin<\/h3>\n<p>Konfor sonradan d\u00fc\u015f\u00fcn\u00fclm\u00fc\u015f bir \u015fey de\u011fildir; bizim temel ta\u015f\u0131m\u0131zd\u0131r <b>Erkek G\u00fcnl\u00fck Siyah Deri Derby Ayakkab\u0131<\/b>. Ergonomik tasar\u0131m, yast\u0131kl\u0131 EVA taban ile birle\u015fti\u011finde her ad\u0131m\u0131n desteklenmesini ve rahat olmas\u0131n\u0131 sa\u011flar. Yumu\u015fak ke\u00e7i derisi astar aya\u011f\u0131n\u0131za uyum sa\u011flayarak ki\u015fiye \u00f6zel bir uyum sunar ve rahats\u0131zl\u0131\u011f\u0131 \u00f6nler. \u0130ster uzun saatler ayakta kal\u0131n, ister \u015fehirde y\u00fcr\u00fcy\u00fcn ya da d\u0131\u015far\u0131da bir ak\u015fam\u0131n tad\u0131n\u0131 \u00e7\u0131kar\u0131n, bu <b>Erkek G\u00fcnl\u00fck Siyah Deri Derby Ayakkab\u0131<\/b> ayaklar\u0131n\u0131z\u0131n harika hissetmesini sa\u011flayacak. Konforunuza yat\u0131r\u0131m yap\u0131n ve bu ola\u011fan\u00fcst\u00fc ayakkab\u0131larla kaliteli malzemelerin ve \u00f6zenli tasar\u0131m\u0131n yaratt\u0131\u011f\u0131 fark\u0131 deneyimleyin.<\/p>\n<h3>\u00d6zel Toptan Sat\u0131\u015f F\u0131rsat\u0131<\/h3>\n<p>M\u00fc\u015fterilerine y\u00fcksek talep g\u00f6ren bir \u00fcr\u00fcn sunmak isteyen perakende ortaklar\u0131 i\u00e7in <b>Erkek G\u00fcnl\u00fck Siyah Deri Derby Ayakkab\u0131<\/b> toptan sat\u0131n al\u0131nabilir. Minimum 16 \u00e7ift sipari\u015f gereksinimi ile cazip toptan fiyatland\u0131rma sa\u011fl\u0131yoruz. Bu \u015f\u0131k ve rahat <b>Erkek G\u00fcnl\u00fck Siyah Deri Derby Ayakkab\u0131<\/b> kapsaml\u0131 bir Avrupa beden yelpazesinde (40, 41, 42, 43, 44) sunulmakta olup, geni\u015f bir m\u00fc\u015fteri taban\u0131na hitap edebilmenizi sa\u011flar. Kalite, stil ve konfor arayan erkeklerin garantili favorisi olan bu birinci s\u0131n\u0131f hakiki deri derby ayakkab\u0131larla envanterinizi geli\u015ftirin. Bu \u00e7ok aranan ayakkab\u0131lar\u0131n toptan sat\u0131\u015f se\u00e7eneklerini g\u00f6r\u00fc\u015fmek i\u00e7in bug\u00fcn bize ula\u015f\u0131n <b>Erkek G\u00fcnl\u00fck Siyah Deri Derby Ayakkab\u0131<\/b>.<\/p>","protected":false},"excerpt":{"rendered":"<ul>\n<li>Kal\u0131c\u0131 \u015f\u0131kl\u0131k ve dayan\u0131kl\u0131l\u0131k i\u00e7in birinci s\u0131n\u0131f hakiki dana derisi saya.<\/li>\n<li>L\u00fcks ve g\u00fcn boyu konfor i\u00e7in yumu\u015fak ve nefes alabilen ke\u00e7i derisi astar.<\/li>\n<li>\u00dcst\u00fcn yast\u0131klama ve esneklik i\u00e7in hafif, \u015fok emici EVA taban.<\/li>\n<li>Klasik ba\u011fc\u0131kl\u0131 derby tasar\u0131m\u0131, g\u00fcndelikten yar\u0131 resmiyete kadar \u00e7ok y\u00f6nl\u00fc stil i\u00e7in m\u00fckemmeldir.<\/li>\n<li>Avrupa bedenlerinde mevcuttur: 40, 41, 42, 43, 44.<\/li>\n<li>Minimum 16 \u00e7ift sat\u0131n alma ile toptan sipari\u015fler kabul edilir.<\/li>\n<\/ul>","protected":false},"featured_media":6909,"template":"","meta":{"_acf_changed":false,"_uag_custom_page_level_css":"","site-sidebar-layout":"default","site-content-layout":"","ast-site-content-layout":"default","site-content-style":"default","site-sidebar-style":"default","ast-global-header-display":"","ast-banner-title-visibility":"","ast-main-header-display":"","ast-hfb-above-header-display":"","ast-hfb-below-header-display":"","ast-hfb-mobile-header-display":"","site-post-title":"","ast-breadcrumbs-content":"","ast-featured-img":"","footer-sml-layout":"","ast-disable-related-posts":"","theme-transparent-header-meta":"","adv-header-id-meta":"","stick-header-meta":"","header-above-stick-meta":"","header-main-stick-meta":"","header-below-stick-meta":"","astra-migrate-meta-layouts":"default","ast-page-background-enabled":"default","ast-page-background-meta":{"desktop":{"background-color":"var(--ast-global-color-4)","background-image":"","background-repeat":"repeat","background-position":"center center","background-size":"auto","background-attachment":"scroll","background-type":"","background-media":"","overlay-type":"","overlay-color":"","overlay-opacity":"","overlay-gradient":""},"tablet":{"background-color":"","background-image":"","background-repeat":"repeat","background-position":"center center","background-size":"auto","background-attachment":"scroll","background-type":"","background-media":"","overlay-type":"","overlay-color":"","overlay-opacity":"","overlay-gradient":""},"mobile":{"background-color":"","background-image":"","background-repeat":"repeat","background-position":"center center","background-size":"auto","background-attachment":"scroll","background-type":"","background-media":"","overlay-type":"","overlay-color":"","overlay-opacity":"","overlay-gradient":""}},"ast-content-background-meta":{"desktop":{"background-color":"var(--ast-global-color-5)","background-image":"","background-repeat":"repeat","background-position":"center center","background-size":"auto","background-attachment":"scroll","background-type":"","background-media":"","overlay-type":"","overlay-color":"","overlay-opacity":"","overlay-gradient":""},"tablet":{"background-color":"var(--ast-global-color-5)","background-image":"","background-repeat":"repeat","background-position":"center center","background-size":"auto","background-attachment":"scroll","background-type":"","background-media":"","overlay-type":"","overlay-color":"","overlay-opacity":"","overlay-gradient":""},"mobile":{"background-color":"var(--ast-global-color-5)","background-image":"","background-repeat":"repeat","background-position":"center center","background-size":"auto","background-attachment":"scroll","background-type":"","background-media":"","overlay-type":"","overlay-color":"","overlay-opacity":"","overlay-gradient":""}}},"product_brand":[],"product_cat":[48,47,49,430,1200],"product_tag":[1391,202,1392,1393,303,189,649,1390,198,281],"class_list":{"0":"post-8236","1":"product","2":"type-product","3":"status-publish","4":"has-post-thumbnail","6":"product_cat-casual","7":"product_cat-classic","8":"product_cat-loafer","9":"product_cat-men","10":"product_cat-mens-shoes-2","11":"product_tag-black-mens-shoes","12":"product_tag-calf-leather","13":"product_tag-classic-mens-style","14":"product_tag-comfortable-lace-ups","15":"product_tag-eva-sole-footwear","16":"product_tag-goat-leather-lining","17":"product_tag-leather-derby-shoes","18":"product_tag-mens-casual-black-leather-derby-shoes","19":"product_tag-mens-fashion","20":"product_tag-wholesale-shoes","21":"desktop-align-center","22":"tablet-align-center","23":"mobile-align-center","25":"first","26":"instock","27":"shipping-taxable","28":"purchasable","29":"product-type-variable","30":"has-default-attributes"},"acf":[],"uagb_featured_image_src":{"full":["https:\/\/turkishtrade.co\/wp-content\/uploads\/2026\/01\/2600NZTMN00070-BLACK.png",453,250,false],"thumbnail":["https:\/\/turkishtrade.co\/wp-content\/uploads\/2026\/01\/2600NZTMN00070-BLACK-150x150.png",150,150,true],"medium":["https:\/\/turkishtrade.co\/wp-content\/uploads\/2026\/01\/2600NZTMN00070-BLACK-300x166.png",300,166,true],"medium_large":["https:\/\/turkishtrade.co\/wp-content\/uploads\/2026\/01\/2600NZTMN00070-BLACK.png",453,250,false],"large":["https:\/\/turkishtrade.co\/wp-content\/uploads\/2026\/01\/2600NZTMN00070-BLACK.png",453,250,false],"1536x1536":["https:\/\/turkishtrade.co\/wp-content\/uploads\/2026\/01\/2600NZTMN00070-BLACK.png",453,250,false],"2048x2048":["https:\/\/turkishtrade.co\/wp-content\/uploads\/2026\/01\/2600NZTMN00070-BLACK.png",453,250,false],"trp-custom-language-flag":["https:\/\/turkishtrade.co\/wp-content\/uploads\/2026\/01\/2600NZTMN00070-BLACK-18x10.png",18,10,true],"woocommerce_thumbnail":["https:\/\/turkishtrade.co\/wp-content\/uploads\/2026\/01\/2600NZTMN00070-BLACK-400x250.png",400,250,true],"woocommerce_single":["https:\/\/turkishtrade.co\/wp-content\/uploads\/2026\/01\/2600NZTMN00070-BLACK.png",453,250,false],"woocommerce_gallery_thumbnail":["https:\/\/turkishtrade.co\/wp-content\/uploads\/2026\/01\/2600NZTMN00070-BLACK-100x100.png",100,100,true]},"uagb_author_info":{"display_name":"python python","author_link":"https:\/\/turkishtrade.co\/tr\/author\/"},"uagb_comment_info":0,"uagb_excerpt":"Premium genuine calf leather upper for lasting elegance and durability. Soft and breathable goat leather lining for luxurious, all-day comfort. Lightweight, shock-absorbing EVA sole for superior cushioning and flexibility. Classic lace-up derby design, perfect for versatile styling from casual to semi-formal. Available in European sizes: 40, 41, 42, 43, 44. Wholesale orders welcome with a&hellip;","_links":{"self":[{"href":"https:\/\/turkishtrade.co\/tr\/wp-json\/wp\/v2\/product\/8236","targetHints":{"allow":["GET"]}}],"collection":[{"href":"https:\/\/turkishtrade.co\/tr\/wp-json\/wp\/v2\/product"}],"about":[{"href":"https:\/\/turkishtrade.co\/tr\/wp-json\/wp\/v2\/types\/product"}],"wp:featuredmedia":[{"embeddable":true,"href":"https:\/\/turkishtrade.co\/tr\/wp-json\/wp\/v2\/media\/6909"}],"wp:attachment":[{"href":"https:\/\/turkishtrade.co\/tr\/wp-json\/wp\/v2\/media?parent=8236"}],"wp:term":[{"taxonomy":"product_brand","embeddable":true,"href":"https:\/\/turkishtrade.co\/tr\/wp-json\/wp\/v2\/product_brand?post=8236"},{"taxonomy":"product_cat","embeddable":true,"href":"https:\/\/turkishtrade.co\/tr\/wp-json\/wp\/v2\/product_cat?post=8236"},{"taxonomy":"product_tag","embeddable":true,"href":"https:\/\/turkishtrade.co\/tr\/wp-json\/wp\/v2\/product_tag?post=8236"}],"curies":[{"name":"wp","href":"https:\/\/api.w.org\/{rel}","templated":true}]}}