{"id":8235,"date":"2026-01-29T14:48:36","date_gmt":"2026-01-29T14:48:36","guid":{"rendered":"https:\/\/turkishtrade.co\/?post_type=product&#038;p=8235"},"modified":"2026-04-09T20:31:26","modified_gmt":"2026-04-09T20:31:26","slug":"mens-black-chunky-loafers","status":"publish","type":"product","link":"https:\/\/turkishtrade.co\/tr\/shop\/mens-black-chunky-loafers\/","title":{"rendered":"Erkek Siyah T\u0131knaz Loafer Elite | Erkek Siyah Deri T\u0131knaz Loafer"},"content":{"rendered":"<p>Enfes koleksiyonumuzla tan\u0131\u015f\u0131n <strong>Erkek Siyah T\u0131knaz Loafer<\/strong>, hem stil hem de konfora de\u011fer veren modern erkekler i\u00e7in tasarland\u0131. Bu birinci s\u0131n\u0131f mokasen ayakkab\u0131lar, klasik \u015f\u0131kl\u0131\u011f\u0131 \u00e7a\u011fda\u015f bir \u00e7izgiyle kusursuz bir \u015fekilde harmanlayarak her gard\u0131roba \u00e7ok y\u00f6nl\u00fc bir katk\u0131 sa\u011flar. En iyi dana derisinden \u00fcretilen saya \u015f\u0131k ve sofistike bir g\u00f6r\u00fcn\u00fcm sunarken, kendine \u00f6zg\u00fc kal\u0131n EVA taban cesur ve modaya uygun bir g\u00f6r\u00fcn\u00fcm sa\u011flar.<\/p>\n<p>Bunlar\u0131n her detay\u0131 <strong>Erkek Siyah T\u0131knaz Loafer<\/strong> benzersiz bir kullan\u0131m deneyimi sa\u011flamak i\u00e7in titizlikle d\u00fc\u015f\u00fcn\u00fclm\u00fc\u015ft\u00fcr. Dayan\u0131kl\u0131 ve p\u00fcr\u00fczs\u00fcz dokusuyla tan\u0131nan y\u00fcksek kaliteli dana derisinden \u00fcretilen \u00fcst k\u0131s\u0131m, uzun \u00f6m\u00fcrl\u00fcl\u00fck ve zarif bir g\u00f6r\u00fcn\u00fcm vadediyor. Yumu\u015fak ve nefes alabilen ke\u00e7i derisi astar sayesinde ayaklar\u0131n\u0131z l\u00fcksle kucakla\u015facak ve ister \u015fehir sokaklar\u0131nda geziniyor ister g\u00fcndelik bir toplant\u0131ya kat\u0131l\u0131yor olun, g\u00fcn boyu konfor sa\u011flayacakt\u0131r. Yenilik\u00e7i EVA taban sadece ayakkab\u0131n\u0131n modern esteti\u011fine katk\u0131da bulunmakla kalmaz, ayn\u0131 zamanda \u00fcst\u00fcn \u015fok emilimi ve hafif esneklik sunarak bu ayakkab\u0131lar\u0131 en rahat ayakkab\u0131lardan biri haline getirir. <strong>Erkek Siyah T\u0131knaz Loafer<\/strong> sahip olabilece\u011fin tek \u015fey.<\/p>\n<h3>E\u015fsiz Stil ve \u00c7ok Y\u00f6nl\u00fcl\u00fck<\/h3>\n<p>Bizim <strong>Erkek Siyah T\u0131knaz Loafer<\/strong> bir ayakkab\u0131dan \u00e7ok daha fazlas\u0131d\u0131r; onlar bir ifadedir. Sa\u011flam ve kal\u0131n bir tabanla zenginle\u015ftirilmi\u015f klasik loafer silueti, geleneksel cazibe ile \u00e7a\u011fda\u015f modan\u0131n benzersiz bir kar\u0131\u015f\u0131m\u0131n\u0131 sunar. Bu mokasen ayakkab\u0131lar, g\u00fcndelik bir k\u0131yafeti y\u00fckseltmek, \u015f\u0131k ve rahat tak\u0131mlara sofistike bir dokunu\u015f katmak ve hatta daha resmi k\u0131yafetlere rahat bir hava katmak i\u00e7in m\u00fckemmeldir. Ofiste ge\u00e7irilen bir g\u00fcnden d\u0131\u015far\u0131da ge\u00e7irilen bir geceye kadar, bu ayakkab\u0131lar \u00e7e\u015fitli durumlara zahmetsizce uyum sa\u011flayarak \u00e7ok y\u00f6nl\u00fcl\u00fcklerini kan\u0131tl\u0131yor.<\/p>\n<h3>Kal\u0131c\u0131 Kalite i\u00e7in Birinci S\u0131n\u0131f Malzemeler<\/h3>\n<p>Yaln\u0131zca en iyi malzemeleri kullanmaktan gurur duyuyoruz. Zengin dana derisi saya sadece harika g\u00f6r\u00fcnmekle kalmaz, ayn\u0131 zamanda inan\u0131lmaz derecede dayan\u0131kl\u0131d\u0131r, zaman\u0131n testine dayanacak ve bozulmam\u0131\u015f g\u00f6r\u00fcn\u00fcm\u00fcn\u00fc koruyacak \u015fekilde tasarlanm\u0131\u015ft\u0131r. Yumu\u015fak ke\u00e7i derisi astar ola\u011fan\u00fcst\u00fc nefes alabilirlik sunarak ayaklar\u0131n\u0131z\u0131 rahat ve ferah tutar. Hafif ve dayan\u0131kl\u0131 EVA taban ile e\u015fle\u015ftirilen bu <strong>Erkek Siyah T\u0131knaz Loafer<\/strong> hem stil hem de dayan\u0131kl\u0131l\u0131k i\u00e7in \u00fcretilmi\u015ftir. 40'tan 44'e kadar kapsaml\u0131 bir beden yelpazesinde mevcut oldu\u011fundan, m\u00fckemmel uyumunuzu bulmak kolayd\u0131r.<\/p>\n<h3>Toptan Sat\u0131\u015f F\u0131rsatlar\u0131 Mevcut<\/h3>\n<p>Y\u00fcksek kaliteli, modaya uygun ayakkab\u0131lar sunmak isteyen perakendeciler ve i\u015fletmeler i\u00e7in bu <strong>Erkek Siyah T\u0131knaz Loafer<\/strong> toptan sat\u0131n al\u0131nabilir. Yaln\u0131zca 16 \u00e7iftlik minimum sipari\u015f miktar\u0131yla, m\u00fc\u015fterilerin favorisi olaca\u011f\u0131 kesin olan bir \u00fcr\u00fcn\u00fc kolayca stoklayabilirsiniz. M\u00fc\u015fterilerinize zamans\u0131z tasar\u0131m\u0131 modern konforla birle\u015ftiren birinci s\u0131n\u0131f erkek ayakkab\u0131s\u0131 sunun. Bu \u015f\u0131k ve dayan\u0131kl\u0131 mokasen ayakkab\u0131lara yat\u0131r\u0131m yap\u0131n ve m\u00fc\u015fterilerinizin g\u00fcven ve stil i\u00e7inde d\u0131\u015far\u0131 ad\u0131m atmalar\u0131n\u0131 izleyin.<\/p>","protected":false},"excerpt":{"rendered":"<ul>\n<li>Birinci s\u0131n\u0131f dana derisi saya ile \u00fcst\u00fcn konforu ya\u015fay\u0131n.<\/li>\n<li>Tam ke\u00e7i derisi astar ile l\u00fcks yumu\u015fakl\u0131\u011f\u0131n keyfini \u00e7\u0131kar\u0131n.<\/li>\n<li>Hafif ama dayan\u0131kl\u0131 EVA kal\u0131n taban \u00fczerinde g\u00fcvenle y\u00fcr\u00fcy\u00fcn.<\/li>\n<li>Modern ve \u015f\u0131k bir dokunu\u015fa sahip klasik bir loafer tasar\u0131m\u0131na sahiptir.<\/li>\n<li>\u00c7ok y\u00f6nl\u00fc boyutlarda mevcuttur: 40, 41, 42, 43, 44.<\/li>\n<li>Toptan sipari\u015fler minimum 16 \u00e7ift miktar\u0131yla kabul edilir.<\/li>\n<\/ul>","protected":false},"featured_media":6907,"template":"","meta":{"_acf_changed":false,"_uag_custom_page_level_css":"","site-sidebar-layout":"default","site-content-layout":"","ast-site-content-layout":"default","site-content-style":"default","site-sidebar-style":"default","ast-global-header-display":"","ast-banner-title-visibility":"","ast-main-header-display":"","ast-hfb-above-header-display":"","ast-hfb-below-header-display":"","ast-hfb-mobile-header-display":"","site-post-title":"","ast-breadcrumbs-content":"","ast-featured-img":"","footer-sml-layout":"","ast-disable-related-posts":"","theme-transparent-header-meta":"","adv-header-id-meta":"","stick-header-meta":"","header-above-stick-meta":"","header-main-stick-meta":"","header-below-stick-meta":"","astra-migrate-meta-layouts":"default","ast-page-background-enabled":"default","ast-page-background-meta":{"desktop":{"background-color":"var(--ast-global-color-4)","background-image":"","background-repeat":"repeat","background-position":"center center","background-size":"auto","background-attachment":"scroll","background-type":"","background-media":"","overlay-type":"","overlay-color":"","overlay-opacity":"","overlay-gradient":""},"tablet":{"background-color":"","background-image":"","background-repeat":"repeat","background-position":"center center","background-size":"auto","background-attachment":"scroll","background-type":"","background-media":"","overlay-type":"","overlay-color":"","overlay-opacity":"","overlay-gradient":""},"mobile":{"background-color":"","background-image":"","background-repeat":"repeat","background-position":"center center","background-size":"auto","background-attachment":"scroll","background-type":"","background-media":"","overlay-type":"","overlay-color":"","overlay-opacity":"","overlay-gradient":""}},"ast-content-background-meta":{"desktop":{"background-color":"var(--ast-global-color-5)","background-image":"","background-repeat":"repeat","background-position":"center center","background-size":"auto","background-attachment":"scroll","background-type":"","background-media":"","overlay-type":"","overlay-color":"","overlay-opacity":"","overlay-gradient":""},"tablet":{"background-color":"var(--ast-global-color-5)","background-image":"","background-repeat":"repeat","background-position":"center center","background-size":"auto","background-attachment":"scroll","background-type":"","background-media":"","overlay-type":"","overlay-color":"","overlay-opacity":"","overlay-gradient":""},"mobile":{"background-color":"var(--ast-global-color-5)","background-image":"","background-repeat":"repeat","background-position":"center center","background-size":"auto","background-attachment":"scroll","background-type":"","background-media":"","overlay-type":"","overlay-color":"","overlay-opacity":"","overlay-gradient":""}}},"product_brand":[],"product_cat":[48,47,49,430,1200],"product_tag":[185,512,304,457,303,215,517,969,279,456],"class_list":{"0":"post-8235","1":"product","2":"type-product","3":"status-publish","4":"has-post-thumbnail","6":"product_cat-casual","7":"product_cat-classic","8":"product_cat-loafer","9":"product_cat-men","10":"product_cat-mens-shoes-2","11":"product_tag-calf-leather-shoes","12":"product_tag-casual-loafers","13":"product_tag-chunky-sole-loafers","14":"product_tag-classic-loafers","15":"product_tag-eva-sole-footwear","16":"product_tag-leather-loafers","17":"product_tag-mens-black-loafers","18":"product_tag-mens-fashion-shoes","19":"product_tag-penny-loafers","20":"product_tag-wholesale-loafers","21":"desktop-align-center","22":"tablet-align-center","23":"mobile-align-center","25":"first","26":"instock","27":"shipping-taxable","28":"purchasable","29":"product-type-variable","30":"has-default-attributes"},"acf":[],"uagb_featured_image_src":{"full":["https:\/\/turkishtrade.co\/wp-content\/uploads\/2026\/01\/2600NZTMN00069-BLACK.png",453,250,false],"thumbnail":["https:\/\/turkishtrade.co\/wp-content\/uploads\/2026\/01\/2600NZTMN00069-BLACK-150x150.png",150,150,true],"medium":["https:\/\/turkishtrade.co\/wp-content\/uploads\/2026\/01\/2600NZTMN00069-BLACK-300x166.png",300,166,true],"medium_large":["https:\/\/turkishtrade.co\/wp-content\/uploads\/2026\/01\/2600NZTMN00069-BLACK.png",453,250,false],"large":["https:\/\/turkishtrade.co\/wp-content\/uploads\/2026\/01\/2600NZTMN00069-BLACK.png",453,250,false],"1536x1536":["https:\/\/turkishtrade.co\/wp-content\/uploads\/2026\/01\/2600NZTMN00069-BLACK.png",453,250,false],"2048x2048":["https:\/\/turkishtrade.co\/wp-content\/uploads\/2026\/01\/2600NZTMN00069-BLACK.png",453,250,false],"trp-custom-language-flag":["https:\/\/turkishtrade.co\/wp-content\/uploads\/2026\/01\/2600NZTMN00069-BLACK-18x10.png",18,10,true],"woocommerce_thumbnail":["https:\/\/turkishtrade.co\/wp-content\/uploads\/2026\/01\/2600NZTMN00069-BLACK-400x250.png",400,250,true],"woocommerce_single":["https:\/\/turkishtrade.co\/wp-content\/uploads\/2026\/01\/2600NZTMN00069-BLACK.png",453,250,false],"woocommerce_gallery_thumbnail":["https:\/\/turkishtrade.co\/wp-content\/uploads\/2026\/01\/2600NZTMN00069-BLACK-100x100.png",100,100,true]},"uagb_author_info":{"display_name":"python python","author_link":"https:\/\/turkishtrade.co\/tr\/author\/"},"uagb_comment_info":0,"uagb_excerpt":"Experience ultimate comfort with premium calf leather uppers. Enjoy luxurious softness with a full goat leather lining. Walk with confidence on a lightweight yet durable EVA chunky sole. Features a classic loafer design with a modern, stylish twist. Available in versatile sizes: 40, 41, 42, 43, 44. Wholesale orders are welcome with a minimum quantity&hellip;","_links":{"self":[{"href":"https:\/\/turkishtrade.co\/tr\/wp-json\/wp\/v2\/product\/8235","targetHints":{"allow":["GET"]}}],"collection":[{"href":"https:\/\/turkishtrade.co\/tr\/wp-json\/wp\/v2\/product"}],"about":[{"href":"https:\/\/turkishtrade.co\/tr\/wp-json\/wp\/v2\/types\/product"}],"wp:featuredmedia":[{"embeddable":true,"href":"https:\/\/turkishtrade.co\/tr\/wp-json\/wp\/v2\/media\/6907"}],"wp:attachment":[{"href":"https:\/\/turkishtrade.co\/tr\/wp-json\/wp\/v2\/media?parent=8235"}],"wp:term":[{"taxonomy":"product_brand","embeddable":true,"href":"https:\/\/turkishtrade.co\/tr\/wp-json\/wp\/v2\/product_brand?post=8235"},{"taxonomy":"product_cat","embeddable":true,"href":"https:\/\/turkishtrade.co\/tr\/wp-json\/wp\/v2\/product_cat?post=8235"},{"taxonomy":"product_tag","embeddable":true,"href":"https:\/\/turkishtrade.co\/tr\/wp-json\/wp\/v2\/product_tag?post=8235"}],"curies":[{"name":"wp","href":"https:\/\/api.w.org\/{rel}","templated":true}]}}