{"id":8234,"date":"2026-01-29T14:48:36","date_gmt":"2026-01-29T14:48:36","guid":{"rendered":"https:\/\/turkishtrade.co\/?post_type=product&#038;p=8234"},"modified":"2026-04-09T20:31:32","modified_gmt":"2026-04-09T20:31:32","slug":"mens-black-leather-brogue-derby","status":"publish","type":"product","link":"https:\/\/turkishtrade.co\/tr\/shop\/mens-black-leather-brogue-derby\/","title":{"rendered":"EVA Tabanl\u0131 Erkek Siyah Deri Brogue Derby Elite | Ayakkab\u0131"},"content":{"rendered":"<p><strong>Erkek Siyah Deri Brogue Derby<\/strong>. Elit kalite ve tasar\u0131m.<\/p>\n<p>Ayakkab\u0131 koleksiyonunuzu se\u00e7kin \u00fcr\u00fcnlerimizle geli\u015ftirin <strong>Erkek Siyah Deri Brogue Derby Ayakkab\u0131<\/strong>. Hem stile hem de \u00f6ze de\u011fer veren modern beyefendiler i\u00e7in tasarlanan bu ayakkab\u0131lar, klasik i\u015f\u00e7ili\u011fi \u00e7a\u011fda\u015f konforla kusursuz bir \u015fekilde harmanl\u0131yor. En iyi tam tah\u0131ll\u0131 dana derisinden el yap\u0131m\u0131 olarak \u00fcretilen bu ayakkab\u0131lar, ofis ortamlar\u0131ndan \u015f\u0131k ve g\u00fcndelik gezilere zahmetsizce ge\u00e7i\u015f yapan sofistike bir estetik sunar. Zengin siyah tonu zamans\u0131z bir \u00e7ekicilik sunarak her gard\u0131rop i\u00e7in \u00e7ok y\u00f6nl\u00fc bir eklenti olmas\u0131n\u0131 sa\u011flar.<\/p>\n<h3>Rakipsiz Konfor ve Birinci S\u0131n\u0131f Malzemeler<\/h3>\n<p>\u00d6zenle se\u00e7ilmi\u015f malzemeler sayesinde her ad\u0131mda benzersiz bir konfor ya\u015fay\u0131n. \u0130\u00e7 k\u0131sm\u0131 yumu\u015fak ke\u00e7i derisiyle titizlikle astarlanm\u0131\u015ft\u0131r ve aya\u011f\u0131n\u0131za nefes alabilir ve l\u00fcks bir his verir. Bu do\u011fal astar nemi uzakla\u015ft\u0131rarak ayaklar\u0131n\u0131z\u0131n g\u00fcn boyunca ferah ve rahat kalmas\u0131n\u0131 sa\u011flar. Alt k\u0131s\u0131mdaki yenilik\u00e7i EVA taban, ola\u011fan\u00fcst\u00fc yast\u0131klama ve hafif esneklik sa\u011flar. Geleneksel a\u011f\u0131r tabanlardan farkl\u0131 olarak EVA taban\u0131m\u0131z darbeyi emerek yorgunlu\u011fu azalt\u0131r ve bu <strong>Erkek Siyah Deri Brogue Derby Ayakkab\u0131<\/strong> uzun s\u00fcreli kullan\u0131m i\u00e7in m\u00fckemmeldir.<\/p>\n<h3>Zamans\u0131z Tasar\u0131m Modern Dayan\u0131kl\u0131l\u0131kla Bulu\u015fuyor<\/h3>\n<p>Bu Derby ayakkab\u0131lar, geleneksel zarafete dokunu\u015f katan klasik brogue perforasyonlara sahiptir ve detaylara g\u00f6sterilen titiz dikkati sergiler. Derby ayakkab\u0131lar\u0131n karakteristik \u00f6zelli\u011fi olan a\u00e7\u0131k ba\u011fc\u0131k sistemi, \u00e7e\u015fitli ayak \u015fekillerine uyum sa\u011flayarak rahat ve ayarlanabilir bir uyum sunar. Sa\u011flam, hafif kal\u0131n EVA taban sadece konforu art\u0131rmakla kalmaz, ayn\u0131 zamanda m\u00fckemmel \u00e7eki\u015f ve dayan\u0131kl\u0131l\u0131k sa\u011flayarak klasik tasar\u0131ma modern bir hava katar. \u0130ster \u00f6zel dikim pantolonlarla, ister \u015f\u0131k chino pantolonlarla, hatta koyu renk kot pantolonlarla e\u015fle\u015ftirilsin, bu <strong>Erkek Siyah Deri Brogue Derby Ayakkab\u0131<\/strong> g\u00f6r\u00fcn\u00fcm\u00fcn\u00fcz\u00fc zahmetsiz bir sofistikelikle tamamlayacak.<\/p>\n<h3>Fark\u0131ndal\u0131k Sahibi Bireyler \u0130\u00e7in Haz\u0131rland\u0131<\/h3>\n<p>Her bir \u00e7ift, kaliteli zanaatkar ayakkab\u0131c\u0131l\u0131\u011f\u0131n\u0131n bir kan\u0131t\u0131d\u0131r, uzun s\u00fcre dayanacak \u015fekilde \u00fcretilmi\u015ftir ve etkilemek i\u00e7in tasarlanm\u0131\u015ft\u0131r. Dayan\u0131kl\u0131 dana derisi, zaman i\u00e7inde kendi hikayesini anlatan benzersiz bir patina geli\u015ftirerek g\u00fczel bir \u015fekilde ya\u015flanacakt\u0131r. 40'tan 44'e kadar kapsaml\u0131 bir Avrupa beden yelpazesinde mevcut oldu\u011fundan, m\u00fckemmel uyumunuzu bulmak \u00e7ok kolay. Sadece ola\u011fan\u00fcst\u00fc g\u00f6r\u00fcnmekle kalmayan, ayn\u0131 zamanda g\u00fcnden g\u00fcne inan\u0131lmaz hissettiren bir \u00e7ift ayakkab\u0131ya yat\u0131r\u0131m yap\u0131n. Toptan sat\u0131\u015f ortaklar\u0131m\u0131z i\u00e7in bu premium ayakkab\u0131lar minimum 16 \u00e7ift sipari\u015f miktar\u0131yla sunulmakta olup, y\u00fcksek talep g\u00f6ren kaliteli bir \u00fcr\u00fcn\u00fc stoklamak i\u00e7in harika bir f\u0131rsat sunmaktad\u0131r.<\/p>","protected":false},"excerpt":{"rendered":"<ul>\n<li>\u00dcst\u00fcn kalite i\u00e7in birinci s\u0131n\u0131f dana derisinden el yap\u0131m\u0131<\/li>\n<li>L\u00fcks ke\u00e7i derisi astar ola\u011fan\u00fcst\u00fc konfor sa\u011flar<\/li>\n<li>T\u00fcm g\u00fcn kullan\u0131m i\u00e7in hafif ve dayan\u0131kl\u0131 EVA taban<\/li>\n<li>Modern Derby silueti \u00fczerinde klasik brogue detaylar\u0131na sahiptir<\/li>\n<li>\u00c7ok y\u00f6nl\u00fc 40-44 Avrupa bedenlerinde mevcuttur<\/li>\n<li>Toptan sat\u0131\u015f f\u0131rsatlar\u0131 mevcuttur (Minimum Sipari\u015f: 16 \u00c7ift)<\/li>\n<\/ul>","protected":false},"featured_media":6905,"template":"","meta":{"_acf_changed":false,"_uag_custom_page_level_css":"","site-sidebar-layout":"default","site-content-layout":"","ast-site-content-layout":"default","site-content-style":"default","site-sidebar-style":"default","ast-global-header-display":"","ast-banner-title-visibility":"","ast-main-header-display":"","ast-hfb-above-header-display":"","ast-hfb-below-header-display":"","ast-hfb-mobile-header-display":"","site-post-title":"","ast-breadcrumbs-content":"","ast-featured-img":"","footer-sml-layout":"","ast-disable-related-posts":"","theme-transparent-header-meta":"","adv-header-id-meta":"","stick-header-meta":"","header-above-stick-meta":"","header-main-stick-meta":"","header-below-stick-meta":"","astra-migrate-meta-layouts":"default","ast-page-background-enabled":"default","ast-page-background-meta":{"desktop":{"background-color":"var(--ast-global-color-4)","background-image":"","background-repeat":"repeat","background-position":"center center","background-size":"auto","background-attachment":"scroll","background-type":"","background-media":"","overlay-type":"","overlay-color":"","overlay-opacity":"","overlay-gradient":""},"tablet":{"background-color":"","background-image":"","background-repeat":"repeat","background-position":"center center","background-size":"auto","background-attachment":"scroll","background-type":"","background-media":"","overlay-type":"","overlay-color":"","overlay-opacity":"","overlay-gradient":""},"mobile":{"background-color":"","background-image":"","background-repeat":"repeat","background-position":"center center","background-size":"auto","background-attachment":"scroll","background-type":"","background-media":"","overlay-type":"","overlay-color":"","overlay-opacity":"","overlay-gradient":""}},"ast-content-background-meta":{"desktop":{"background-color":"var(--ast-global-color-5)","background-image":"","background-repeat":"repeat","background-position":"center center","background-size":"auto","background-attachment":"scroll","background-type":"","background-media":"","overlay-type":"","overlay-color":"","overlay-opacity":"","overlay-gradient":""},"tablet":{"background-color":"var(--ast-global-color-5)","background-image":"","background-repeat":"repeat","background-position":"center center","background-size":"auto","background-attachment":"scroll","background-type":"","background-media":"","overlay-type":"","overlay-color":"","overlay-opacity":"","overlay-gradient":""},"mobile":{"background-color":"var(--ast-global-color-5)","background-image":"","background-repeat":"repeat","background-position":"center center","background-size":"auto","background-attachment":"scroll","background-type":"","background-media":"","overlay-type":"","overlay-color":"","overlay-opacity":"","overlay-gradient":""}}},"product_brand":[],"product_cat":[48,47,49,430,1200],"product_tag":[605,654,202,449,145,212,438,1389,227],"class_list":{"0":"post-8234","1":"product","2":"type-product","3":"status-publish","4":"has-post-thumbnail","6":"product_cat-casual","7":"product_cat-classic","8":"product_cat-loafer","9":"product_cat-men","10":"product_cat-mens-shoes-2","11":"product_tag-black-shoes","12":"product_tag-brogue-shoes","13":"product_tag-calf-leather","14":"product_tag-casual-shoes","15":"product_tag-classic-shoes","16":"product_tag-derby-shoes","17":"product_tag-eva-sole","18":"product_tag-goat-lined","19":"product_tag-leather-shoes","20":"desktop-align-center","21":"tablet-align-center","22":"mobile-align-center","24":"first","25":"instock","26":"shipping-taxable","27":"purchasable","28":"product-type-variable","29":"has-default-attributes"},"acf":[],"uagb_featured_image_src":{"full":["https:\/\/turkishtrade.co\/wp-content\/uploads\/2026\/01\/2600NZTMN00068-BLACK.png",453,250,false],"thumbnail":["https:\/\/turkishtrade.co\/wp-content\/uploads\/2026\/01\/2600NZTMN00068-BLACK-150x150.png",150,150,true],"medium":["https:\/\/turkishtrade.co\/wp-content\/uploads\/2026\/01\/2600NZTMN00068-BLACK-300x166.png",300,166,true],"medium_large":["https:\/\/turkishtrade.co\/wp-content\/uploads\/2026\/01\/2600NZTMN00068-BLACK.png",453,250,false],"large":["https:\/\/turkishtrade.co\/wp-content\/uploads\/2026\/01\/2600NZTMN00068-BLACK.png",453,250,false],"1536x1536":["https:\/\/turkishtrade.co\/wp-content\/uploads\/2026\/01\/2600NZTMN00068-BLACK.png",453,250,false],"2048x2048":["https:\/\/turkishtrade.co\/wp-content\/uploads\/2026\/01\/2600NZTMN00068-BLACK.png",453,250,false],"trp-custom-language-flag":["https:\/\/turkishtrade.co\/wp-content\/uploads\/2026\/01\/2600NZTMN00068-BLACK-18x10.png",18,10,true],"woocommerce_thumbnail":["https:\/\/turkishtrade.co\/wp-content\/uploads\/2026\/01\/2600NZTMN00068-BLACK-400x250.png",400,250,true],"woocommerce_single":["https:\/\/turkishtrade.co\/wp-content\/uploads\/2026\/01\/2600NZTMN00068-BLACK.png",453,250,false],"woocommerce_gallery_thumbnail":["https:\/\/turkishtrade.co\/wp-content\/uploads\/2026\/01\/2600NZTMN00068-BLACK-100x100.png",100,100,true]},"uagb_author_info":{"display_name":"python python","author_link":"https:\/\/turkishtrade.co\/tr\/author\/"},"uagb_comment_info":0,"uagb_excerpt":"Handcrafted from premium calf leather for superior quality Luxurious goat leather lining ensures exceptional comfort Lightweight and durable EVA sole for all-day wear Features classic brogue detailing on a modern Derby silhouette Available in versatile European sizes 40-44 Wholesale opportunities available (Minimum Order: 16 Pairs)","_links":{"self":[{"href":"https:\/\/turkishtrade.co\/tr\/wp-json\/wp\/v2\/product\/8234","targetHints":{"allow":["GET"]}}],"collection":[{"href":"https:\/\/turkishtrade.co\/tr\/wp-json\/wp\/v2\/product"}],"about":[{"href":"https:\/\/turkishtrade.co\/tr\/wp-json\/wp\/v2\/types\/product"}],"wp:featuredmedia":[{"embeddable":true,"href":"https:\/\/turkishtrade.co\/tr\/wp-json\/wp\/v2\/media\/6905"}],"wp:attachment":[{"href":"https:\/\/turkishtrade.co\/tr\/wp-json\/wp\/v2\/media?parent=8234"}],"wp:term":[{"taxonomy":"product_brand","embeddable":true,"href":"https:\/\/turkishtrade.co\/tr\/wp-json\/wp\/v2\/product_brand?post=8234"},{"taxonomy":"product_cat","embeddable":true,"href":"https:\/\/turkishtrade.co\/tr\/wp-json\/wp\/v2\/product_cat?post=8234"},{"taxonomy":"product_tag","embeddable":true,"href":"https:\/\/turkishtrade.co\/tr\/wp-json\/wp\/v2\/product_tag?post=8234"}],"curies":[{"name":"wp","href":"https:\/\/api.w.org\/{rel}","templated":true}]}}