{"id":8233,"date":"2026-01-29T14:48:35","date_gmt":"2026-01-29T14:48:35","guid":{"rendered":"https:\/\/turkishtrade.co\/?post_type=product&#038;p=8233"},"modified":"2026-04-09T20:31:35","modified_gmt":"2026-04-09T20:31:35","slug":"mens-brown-leather-derby-shoes-16","status":"publish","type":"product","link":"https:\/\/turkishtrade.co\/tr\/shop\/mens-brown-leather-derby-shoes-16\/","title":{"rendered":"Erkek Kahverengi Deri Derby Ayakkab\u0131 EVA Taban ile \u0130nan\u0131lmaz |"},"content":{"rendered":"<p><strong>Erkek Kahverengi Deri Derby Ayakkab\u0131<\/strong>. \u0130nan\u0131lmaz kalite ve tasar\u0131m.<\/p>\n<p>Enfes tasar\u0131m\u0131m\u0131zla benzersiz konfora ve sofistike stile ad\u0131m at\u0131n <b>Erkek Kahverengi Deri Derby Ayakkab\u0131<\/b>. Modern erkekler i\u00e7in ustal\u0131kla \u00fcretilen bu ayakkab\u0131lar, zamans\u0131z \u015f\u0131kl\u0131\u011f\u0131 \u00e7a\u011fda\u015f g\u00fcndelik yetenekle harmanlayarak her gard\u0131roba \u00e7ok y\u00f6nl\u00fc bir katk\u0131 sa\u011flar. \u0130ster g\u00fcndelik bir i\u015f toplant\u0131s\u0131na ister hafta sonu bulu\u015fmas\u0131na gidiyor olun, bu <b>Erkek Kahverengi Deri Derby Ayakkab\u0131<\/b> keskin g\u00f6r\u00fcnmenizi ve rahat hissetmenizi sa\u011flayacakt\u0131r.<\/p>\n<h3>Rakipsiz \u0130\u015f\u00e7ilik ve Birinci S\u0131n\u0131f Malzemeler<\/h3>\n<p>Bu \u00e7arp\u0131c\u0131 \u00e7iftlerin her biri <b>Erkek Kahverengi Deri Derby Ayakkab\u0131<\/b> \u00fcst\u00fcn i\u015f\u00e7ili\u011fin bir kan\u0131t\u0131d\u0131r. Saya i\u00e7in dayan\u0131kl\u0131l\u0131\u011f\u0131, esnek dokusu ve zaman i\u00e7inde benzersiz bir patina geli\u015ftiren zengin kahverengi tonu i\u00e7in se\u00e7ilen en iyi \u2018dana derisi'ni (dana derisi) kullan\u0131yoruz. \u0130\u00e7 k\u0131s\u0131m, cildinize kar\u015f\u0131 ola\u011fan\u00fcst\u00fc nefes alabilirlik ve yumu\u015fakl\u0131k sunan, uzun s\u00fcreli kullan\u0131mdan sonra bile rahats\u0131zl\u0131\u011f\u0131 \u00f6nleyen l\u00fcks bir \u2019keci astar\u0131na\u2018 (ke\u00e7i derisi astar) sahiptir. Malzeme se\u00e7imine g\u00f6sterilen bu titiz \u00f6zen sayesinde <b>Erkek Kahverengi Deri Derby Ayakkab\u0131<\/b> sadece iyi g\u00f6r\u00fcnmekle kalmaz, ayn\u0131 zamanda i\u00e7ten d\u0131\u015fa inan\u0131lmaz derecede l\u00fcks hissettirir.<\/p>\n<h3>Rahat EVA Taban ile Yenilik\u00e7i Tasar\u0131m<\/h3>\n<p>Bunlar\u0131 ger\u00e7ekten belirleyen \u015fey <b>Erkek Kahverengi Deri Derby Ayakkab\u0131<\/b> Bunun d\u0131\u015f\u0131nda, sa\u011flam ancak hafif siyah EVA tabana sahip yenilik\u00e7i tasar\u0131mlar\u0131d\u0131r. \u2018eva taban\u2019 \u00fcst\u00fcn yast\u0131klama ve esneklik sa\u011flayarak her ad\u0131mda \u015foku emer ve en sevdi\u011finiz spor ayakkab\u0131lar\u0131n\u0131za rakip olacak ola\u011fan\u00fcst\u00fc bir konfor sunar. Bu kal\u0131n taban, klasik Derby sil\u00fcetine modern ve modaya uygun bir hava katarak bu ayakkab\u0131lar\u0131 hem stil hem de pratiklikten ho\u015flanan erkekler i\u00e7in m\u00fckemmel bir g\u00fcnl\u00fck deri ayakkab\u0131 haline getiriyor. G\u00fcnl\u00fck aktiviteleriniz i\u00e7in m\u00fckemmel tutu\u015f ve destek sa\u011flayan iyi tasarlanm\u0131\u015f bir taban\u0131n yaratt\u0131\u011f\u0131 fark\u0131 deneyimleyin.<\/p>\n<h3>Her Durum i\u00e7in \u00c7ok Y\u00f6nl\u00fcl\u00fck<\/h3>\n<p>Bizim <b>Erkek Kahverengi Deri Derby Ayakkab\u0131<\/b> inan\u0131lmaz derecede \u00e7ok y\u00f6nl\u00fcd\u00fcr ve \u00e7ok \u00e7e\u015fitli k\u0131yafetleri tamamlamak i\u00e7in tasarlanm\u0131\u015ft\u0131r. \u015e\u0131k ve rahat bir ofis g\u00f6r\u00fcn\u00fcm\u00fc i\u00e7in \u00f6zel dikim chino pantolonlarla e\u015fle\u015ftirin ya da rahat ama zarif bir hafta sonu kombini i\u00e7in koyu y\u0131kamal\u0131 kot pantolonlarla giydirin. Zengin kahverengi deri ve \u015f\u0131k tasar\u0131m, bu \u015f\u0131k erkek ayakkab\u0131lar\u0131n\u0131 her se\u00e7ici birey i\u00e7in vazge\u00e7ilmez bir par\u00e7a haline getiriyor. 40, 41, 42, 43 ve 44 AB numaralar\u0131nda mevcut olan bu zarif ve rahat erkek ayakkab\u0131lar\u0131 i\u00e7in m\u00fckemmel uyumu bulmak \u00e7ok kolay.<\/p>\n<h3>\u0130\u015fletmeler i\u00e7in Toptan Sat\u0131\u015f F\u0131rsat\u0131<\/h3>\n<p>Y\u00fcksek kaliteli erkek ayakkab\u0131s\u0131 arayan perakendeciler ve i\u015fletmeler i\u00e7in bu <b>Erkek Kahverengi Deri Derby Ayakkab\u0131<\/b> toptan sat\u0131n al\u0131nabilir. M\u00fc\u015fteri memnuniyeti vaat eden bir \u00fcr\u00fcn\u00fc stoklaman\u0131za olanak tan\u0131yan minimum 16 \u00e7ift sipari\u015f istiyoruz. Bu \u00f6zenle haz\u0131rlanm\u0131\u015f, rahat ve \u015f\u0131k kahverengi deri derbilerle m\u00fc\u015fterilerinize g\u00fcnl\u00fck deri ayakkab\u0131larda en iyisini sunun. Bu ola\u011fan\u00fcst\u00fc \u00fcr\u00fcn\u00fc m\u00fc\u015fterilerinize sunma f\u0131rsat\u0131n\u0131 ka\u00e7\u0131rmay\u0131n. <b>Erkek Kahverengi Deri Derby Ayakkab\u0131<\/b> envanterinize ekleyin. Kaliteye, konfora ve zamans\u0131z stile bug\u00fcn yat\u0131r\u0131m yap\u0131n!<\/p>","protected":false},"excerpt":{"rendered":"<ul>\n<li>Premium Kahverengi Dana Derisi Saya<\/li>\n<li>\u00dcst\u00fcn Konfor i\u00e7in L\u00fcks Ke\u00e7i Derisi \u0130\u00e7 Astar<\/li>\n<li>G\u00fcn Boyu Kullan\u0131m i\u00e7in Hafif ve Yast\u0131kl\u0131 Siyah EVA Taban<\/li>\n<li>AB Bedenlerinde mevcuttur: 40, 41, 42, 43, 44<\/li>\n<li>Klasik Derby Tasar\u0131m\u0131na Modern ve Rahat Bir Dokunu\u015f<\/li>\n<li>G\u00fcnl\u00fck Stil ve \u00c7ok Y\u00f6nl\u00fcl\u00fck i\u00e7in M\u00fckemmel<\/li>\n<li>Toptan Sat\u0131\u015f \u0130mkanlar\u0131 Mevcuttur: Minimum Sipari\u015f 16 \u00c7ift<\/li>\n<\/ul>","protected":false},"featured_media":6904,"template":"","meta":{"_acf_changed":false,"_uag_custom_page_level_css":"","site-sidebar-layout":"default","site-content-layout":"","ast-site-content-layout":"default","site-content-style":"default","site-sidebar-style":"default","ast-global-header-display":"","ast-banner-title-visibility":"","ast-main-header-display":"","ast-hfb-above-header-display":"","ast-hfb-below-header-display":"","ast-hfb-mobile-header-display":"","site-post-title":"","ast-breadcrumbs-content":"","ast-featured-img":"","footer-sml-layout":"","ast-disable-related-posts":"","theme-transparent-header-meta":"","adv-header-id-meta":"","stick-header-meta":"","header-above-stick-meta":"","header-main-stick-meta":"","header-below-stick-meta":"","astra-migrate-meta-layouts":"default","ast-page-background-enabled":"default","ast-page-background-meta":{"desktop":{"background-color":"var(--ast-global-color-4)","background-image":"","background-repeat":"repeat","background-position":"center center","background-size":"auto","background-attachment":"scroll","background-type":"","background-media":"","overlay-type":"","overlay-color":"","overlay-opacity":"","overlay-gradient":""},"tablet":{"background-color":"","background-image":"","background-repeat":"repeat","background-position":"center center","background-size":"auto","background-attachment":"scroll","background-type":"","background-media":"","overlay-type":"","overlay-color":"","overlay-opacity":"","overlay-gradient":""},"mobile":{"background-color":"","background-image":"","background-repeat":"repeat","background-position":"center center","background-size":"auto","background-attachment":"scroll","background-type":"","background-media":"","overlay-type":"","overlay-color":"","overlay-opacity":"","overlay-gradient":""}},"ast-content-background-meta":{"desktop":{"background-color":"var(--ast-global-color-5)","background-image":"","background-repeat":"repeat","background-position":"center center","background-size":"auto","background-attachment":"scroll","background-type":"","background-media":"","overlay-type":"","overlay-color":"","overlay-opacity":"","overlay-gradient":""},"tablet":{"background-color":"var(--ast-global-color-5)","background-image":"","background-repeat":"repeat","background-position":"center center","background-size":"auto","background-attachment":"scroll","background-type":"","background-media":"","overlay-type":"","overlay-color":"","overlay-opacity":"","overlay-gradient":""},"mobile":{"background-color":"var(--ast-global-color-5)","background-image":"","background-repeat":"repeat","background-position":"center center","background-size":"auto","background-attachment":"scroll","background-type":"","background-media":"","overlay-type":"","overlay-color":"","overlay-opacity":"","overlay-gradient":""}}},"product_brand":[],"product_cat":[48,49,430,1200,50],"product_tag":[292,185,1062,331,287,1278,872,964,546,289],"class_list":{"0":"post-8233","1":"product","2":"type-product","3":"status-publish","4":"has-post-thumbnail","6":"product_cat-casual","7":"product_cat-loafer","8":"product_cat-men","9":"product_cat-mens-shoes-2","10":"product_cat-sneakers","11":"product_tag-brown-leather-shoes","12":"product_tag-calf-leather-shoes","13":"product_tag-casual-derby-shoes","14":"product_tag-chunky-sole-shoes","15":"product_tag-eva-sole-shoes","16":"product_tag-goat-lining-shoes","17":"product_tag-mens-brown-leather-derby-shoes","18":"product_tag-mens-casual-footwear","19":"product_tag-stylish-mens-shoes","20":"product_tag-wholesale-leather-shoes","21":"desktop-align-center","22":"tablet-align-center","23":"mobile-align-center","25":"first","26":"instock","27":"shipping-taxable","28":"purchasable","29":"product-type-variable","30":"has-default-attributes"},"acf":[],"uagb_featured_image_src":{"full":["https:\/\/turkishtrade.co\/wp-content\/uploads\/2026\/01\/2600NZTMN00067-BEIGE.png",453,250,false],"thumbnail":["https:\/\/turkishtrade.co\/wp-content\/uploads\/2026\/01\/2600NZTMN00067-BEIGE-150x150.png",150,150,true],"medium":["https:\/\/turkishtrade.co\/wp-content\/uploads\/2026\/01\/2600NZTMN00067-BEIGE-300x166.png",300,166,true],"medium_large":["https:\/\/turkishtrade.co\/wp-content\/uploads\/2026\/01\/2600NZTMN00067-BEIGE.png",453,250,false],"large":["https:\/\/turkishtrade.co\/wp-content\/uploads\/2026\/01\/2600NZTMN00067-BEIGE.png",453,250,false],"1536x1536":["https:\/\/turkishtrade.co\/wp-content\/uploads\/2026\/01\/2600NZTMN00067-BEIGE.png",453,250,false],"2048x2048":["https:\/\/turkishtrade.co\/wp-content\/uploads\/2026\/01\/2600NZTMN00067-BEIGE.png",453,250,false],"trp-custom-language-flag":["https:\/\/turkishtrade.co\/wp-content\/uploads\/2026\/01\/2600NZTMN00067-BEIGE-18x10.png",18,10,true],"woocommerce_thumbnail":["https:\/\/turkishtrade.co\/wp-content\/uploads\/2026\/01\/2600NZTMN00067-BEIGE-400x250.png",400,250,true],"woocommerce_single":["https:\/\/turkishtrade.co\/wp-content\/uploads\/2026\/01\/2600NZTMN00067-BEIGE.png",453,250,false],"woocommerce_gallery_thumbnail":["https:\/\/turkishtrade.co\/wp-content\/uploads\/2026\/01\/2600NZTMN00067-BEIGE-100x100.png",100,100,true]},"uagb_author_info":{"display_name":"python python","author_link":"https:\/\/turkishtrade.co\/tr\/author\/"},"uagb_comment_info":0,"uagb_excerpt":"Premium Brown Calf Leather Upper Luxurious Goat Leather Inner Lining for Supreme Comfort Lightweight &amp; Cushioned Black EVA Sole for All-Day Wear Available in EU Sizes: 40, 41, 42, 43, 44 Classic Derby Design with a Modern Casual Appeal Perfect for Everyday Style and Versatility Wholesale Opportunities Available: Minimum Order 16 Pairs","_links":{"self":[{"href":"https:\/\/turkishtrade.co\/tr\/wp-json\/wp\/v2\/product\/8233","targetHints":{"allow":["GET"]}}],"collection":[{"href":"https:\/\/turkishtrade.co\/tr\/wp-json\/wp\/v2\/product"}],"about":[{"href":"https:\/\/turkishtrade.co\/tr\/wp-json\/wp\/v2\/types\/product"}],"wp:featuredmedia":[{"embeddable":true,"href":"https:\/\/turkishtrade.co\/tr\/wp-json\/wp\/v2\/media\/6904"}],"wp:attachment":[{"href":"https:\/\/turkishtrade.co\/tr\/wp-json\/wp\/v2\/media?parent=8233"}],"wp:term":[{"taxonomy":"product_brand","embeddable":true,"href":"https:\/\/turkishtrade.co\/tr\/wp-json\/wp\/v2\/product_brand?post=8233"},{"taxonomy":"product_cat","embeddable":true,"href":"https:\/\/turkishtrade.co\/tr\/wp-json\/wp\/v2\/product_cat?post=8233"},{"taxonomy":"product_tag","embeddable":true,"href":"https:\/\/turkishtrade.co\/tr\/wp-json\/wp\/v2\/product_tag?post=8233"}],"curies":[{"name":"wp","href":"https:\/\/api.w.org\/{rel}","templated":true}]}}