{"id":8232,"date":"2026-01-29T14:48:35","date_gmt":"2026-01-29T14:48:35","guid":{"rendered":"https:\/\/turkishtrade.co\/?post_type=product&#038;p=8232"},"modified":"2026-04-09T20:31:41","modified_gmt":"2026-04-09T20:31:41","slug":"mens-casual-black-leather-shoes","status":"publish","type":"product","link":"https:\/\/turkishtrade.co\/tr\/shop\/mens-casual-black-leather-shoes\/","title":{"rendered":"Erkek G\u00fcnl\u00fck Siyah Deri Ayakkab\u0131 Garantili | Erkek Klasik G\u00fcnl\u00fck Siyah Deri"},"content":{"rendered":"<p><strong>Erkek G\u00fcnl\u00fck Siyah Deri Ayakkab\u0131<\/strong>. Garantili kalite ve tasar\u0131m.<\/p>\n<p>Enfes tasar\u0131m\u0131m\u0131zla benzersiz bir stil ve konfora ad\u0131m at\u0131n <strong>Erkek G\u00fcnl\u00fck Siyah Deri Ayakkab\u0131<\/strong>. Se\u00e7kin bireyler i\u00e7in tasarlanan bu birinci s\u0131n\u0131f ayakkab\u0131lar, klasik esteti\u011fi \u00e7a\u011fda\u015f konforla m\u00fckemmel bir \u015fekilde harmanl\u0131yor. En iyi dana derisinden \u00fcretilen bu derby ayakkab\u0131lar\u0131n \u00fcst k\u0131sm\u0131, burun k\u0131sm\u0131nda sofistike bir dokuya sahiptir. Koyu siyah renk tonu \u00e7ok y\u00f6nl\u00fcl\u00fck sa\u011flayarak bu ayakkab\u0131lar\u0131 <strong>Erkek G\u00fcnl\u00fck Siyah Deri Ayakkab\u0131<\/strong> her modern gard\u0131robun vazge\u00e7ilmez bir par\u00e7as\u0131d\u0131r.<\/p>\n<p>Yenilik\u00e7i EVA taban sayesinde her ad\u0131mda \u00fcst\u00fcn konforu ya\u015fay\u0131n. Bu hafif ama dayan\u0131kl\u0131 malzeme m\u00fckemmel yast\u0131klama ve destek sa\u011flayarak bu ayakkab\u0131y\u0131 <strong>Erkek G\u00fcnl\u00fck Siyah Deri Ayakkab\u0131<\/strong> uzun s\u00fcreli kullan\u0131m i\u00e7in ideal. \u0130ster kalabal\u0131k \u015fehir sokaklar\u0131nda geziniyor ister rahat bir hafta sonunun tad\u0131n\u0131 \u00e7\u0131kar\u0131yor olun, EVA taban yorgunlu\u011fu en aza indirir ve konforunuzu en \u00fcst d\u00fczeye \u00e7\u0131kar\u0131r. Sa\u011flam d\u0131\u015f y\u00fczeyi tamamlayan l\u00fcks ke\u00e7i derisi astar, nefes alabilirlik ve cildinize yumu\u015fak bir dokunu\u015f sa\u011flar; bu \u00f6zellik genellikle klasik loafer'lar\u0131n do\u011fal rahatl\u0131\u011f\u0131 ve kolayl\u0131\u011f\u0131 ile ili\u015fkilendirilir.<\/p>\n<h3>Rakipsiz Kalite ve \u00c7ok Y\u00f6nl\u00fc Stil<\/h3>\n<p>Kaliteye olan ba\u011fl\u0131l\u0131\u011f\u0131m\u0131z her ayr\u0131nt\u0131da kendini g\u00f6sterir. Zengin dana derisi yaln\u0131zca ola\u011fan\u00fcst\u00fc dayan\u0131kl\u0131l\u0131k sunmakla kalmaz, ayn\u0131 zamanda zaman i\u00e7inde benzersiz bir patina geli\u015ftirerek yolculuklar\u0131n\u0131z\u0131n hikayesini anlat\u0131r. Klasik bir siluete sahip olan bu ba\u011fc\u0131kl\u0131 derby ayakkab\u0131lar, \u00e7a\u011fda\u015f bir hava katan modern kal\u0131n taban\u0131yla resmi ve tamamen g\u00fcndelik ayakkab\u0131lar aras\u0131nda k\u00f6pr\u00fc kurar. Bu sayede son derece \u00e7ok y\u00f6nl\u00fcd\u00fcr; \u00f6zel dikim pantolonlar, chino pantolonlar ve hatta birinci s\u0131n\u0131f denimlerle zahmetsizce e\u015fle\u015ferek farkl\u0131 bir g\u00f6r\u00fcn\u00fcm yarat\u0131r.<\/p>\n<p>Bunlar\u0131n zamans\u0131z \u00e7ekicili\u011fi <strong>Erkek G\u00fcnl\u00fck Siyah Deri Ayakkab\u0131<\/strong> sezondan sezona temel bir \u00fcr\u00fcn olarak kalmalar\u0131n\u0131 sa\u011flar. 40'tan 44'e kadar geni\u015f bir beden yelpazesinde mevcut olup, geni\u015f bir m\u00fc\u015fteri kitlesine hitap ediyoruz. Klasik tasar\u0131m, rahat konfor ve sa\u011flam yap\u0131n\u0131n m\u00fckemmel birle\u015fimini kucaklay\u0131n. Y\u00fcksek kaliteli ayakkab\u0131 arayan i\u015fletmeler i\u00e7in bu <strong>Erkek G\u00fcnl\u00fck Siyah Deri Ayakkab\u0131<\/strong> minimum 16 \u00e7ift sipari\u015f miktar\u0131 ile toptan sat\u0131\u015fa sunulmakta olup, envanteriniz i\u00e7in m\u00fckemmel bir yat\u0131r\u0131md\u0131r.<\/p>\n<p>Hem kal\u0131c\u0131 stil hem de ola\u011fan\u00fcst\u00fc konfor vaat eden ayakkab\u0131lara yat\u0131r\u0131m yap\u0131n. Bizim <strong>Erkek G\u00fcnl\u00fck Siyah Deri Ayakkab\u0131<\/strong> bir \u00e7ift ayakkab\u0131dan \u00e7ok daha fazlas\u0131d\u0131r; sofistike g\u00fcndelik \u015f\u0131kl\u0131\u011f\u0131n ifadesidir. Stilinizi geli\u015ftirmeyi ve uzun s\u00fcreli kullan\u0131m sa\u011flamay\u0131 vaat eden bu olmazsa olmaz \u00e7ift ile ayakkab\u0131 koleksiyonunuzu bug\u00fcn y\u00fckseltin.<\/p>","protected":false},"excerpt":{"rendered":"<ul>\n<li><strong>Premium Dana Derisi Saya:<\/strong> Zarif bir g\u00f6r\u00fcn\u00fcm ve uzun s\u00fcreli dayan\u0131kl\u0131l\u0131k i\u00e7in y\u00fcksek kaliteli dana derisinden ustal\u0131kla \u00fcretilmi\u015ftir.<\/li>\n<li><strong>Hafif EVA Taban:<\/strong> \u00dcst\u00fcn \u015fok emilimi ve g\u00fcn boyu konfor i\u00e7in sa\u011flam ancak hafif EVA taban ile tasarlanm\u0131\u015ft\u0131r.<\/li>\n<li><strong>L\u00fcks Ke\u00e7i Derisi Astar:<\/strong> Ola\u011fan\u00fcst\u00fc konfor ve havaland\u0131rma sa\u011flayan yumu\u015fak ve nefes alabilen ke\u00e7i derisi i\u00e7 k\u0131sma sahiptir.<\/li>\n<li><strong>\u00c7ok Y\u00f6nl\u00fc Rahat Tasar\u0131m:<\/strong> Klasik ve modernin m\u00fckemmel bir kar\u0131\u015f\u0131m\u0131, \u015f\u0131k g\u00fcndelik giyim, ofis veya hafta sonu gezmeleri i\u00e7in ideal.<\/li>\n<li><strong>Toptan Sat\u0131\u015f:<\/strong> Minimum 16 \u00e7ift sipari\u015f, birinci s\u0131n\u0131f erkek ayakkab\u0131s\u0131 arayan perakendeciler i\u00e7in m\u00fckemmeldir.<\/li>\n<\/ul>","protected":false},"featured_media":6902,"template":"","meta":{"_acf_changed":false,"_uag_custom_page_level_css":"","site-sidebar-layout":"default","site-content-layout":"","ast-site-content-layout":"default","site-content-style":"default","site-sidebar-style":"default","ast-global-header-display":"","ast-banner-title-visibility":"","ast-main-header-display":"","ast-hfb-above-header-display":"","ast-hfb-below-header-display":"","ast-hfb-mobile-header-display":"","site-post-title":"","ast-breadcrumbs-content":"","ast-featured-img":"","footer-sml-layout":"","ast-disable-related-posts":"","theme-transparent-header-meta":"","adv-header-id-meta":"","stick-header-meta":"","header-above-stick-meta":"","header-main-stick-meta":"","header-below-stick-meta":"","astra-migrate-meta-layouts":"default","ast-page-background-enabled":"default","ast-page-background-meta":{"desktop":{"background-color":"var(--ast-global-color-4)","background-image":"","background-repeat":"repeat","background-position":"center center","background-size":"auto","background-attachment":"scroll","background-type":"","background-media":"","overlay-type":"","overlay-color":"","overlay-opacity":"","overlay-gradient":""},"tablet":{"background-color":"","background-image":"","background-repeat":"repeat","background-position":"center center","background-size":"auto","background-attachment":"scroll","background-type":"","background-media":"","overlay-type":"","overlay-color":"","overlay-opacity":"","overlay-gradient":""},"mobile":{"background-color":"","background-image":"","background-repeat":"repeat","background-position":"center center","background-size":"auto","background-attachment":"scroll","background-type":"","background-media":"","overlay-type":"","overlay-color":"","overlay-opacity":"","overlay-gradient":""}},"ast-content-background-meta":{"desktop":{"background-color":"var(--ast-global-color-5)","background-image":"","background-repeat":"repeat","background-position":"center center","background-size":"auto","background-attachment":"scroll","background-type":"","background-media":"","overlay-type":"","overlay-color":"","overlay-opacity":"","overlay-gradient":""},"tablet":{"background-color":"var(--ast-global-color-5)","background-image":"","background-repeat":"repeat","background-position":"center center","background-size":"auto","background-attachment":"scroll","background-type":"","background-media":"","overlay-type":"","overlay-color":"","overlay-opacity":"","overlay-gradient":""},"mobile":{"background-color":"var(--ast-global-color-5)","background-image":"","background-repeat":"repeat","background-position":"center center","background-size":"auto","background-attachment":"scroll","background-type":"","background-media":"","overlay-type":"","overlay-color":"","overlay-opacity":"","overlay-gradient":""}}},"product_brand":[],"product_cat":[48,47,49,430,1200],"product_tag":[420,185,1062,331,754,319,303,1255,1388,254],"class_list":{"0":"post-8232","1":"product","2":"type-product","3":"status-publish","4":"has-post-thumbnail","6":"product_cat-casual","7":"product_cat-classic","8":"product_cat-loafer","9":"product_cat-men","10":"product_cat-mens-shoes-2","11":"product_tag-black-lace-up-shoes","12":"product_tag-calf-leather-shoes","13":"product_tag-casual-derby-shoes","14":"product_tag-chunky-sole-shoes","15":"product_tag-classic-mens-shoes","16":"product_tag-comfortable-leather-shoes","17":"product_tag-eva-sole-footwear","18":"product_tag-goat-leather-lined","19":"product_tag-mens-black-leather-shoes","20":"product_tag-wholesale-footwear","21":"desktop-align-center","22":"tablet-align-center","23":"mobile-align-center","25":"first","26":"instock","27":"shipping-taxable","28":"purchasable","29":"product-type-variable","30":"has-default-attributes"},"acf":[],"uagb_featured_image_src":{"full":["https:\/\/turkishtrade.co\/wp-content\/uploads\/2026\/01\/2600NZTMN00066-BLACK.png",453,250,false],"thumbnail":["https:\/\/turkishtrade.co\/wp-content\/uploads\/2026\/01\/2600NZTMN00066-BLACK-150x150.png",150,150,true],"medium":["https:\/\/turkishtrade.co\/wp-content\/uploads\/2026\/01\/2600NZTMN00066-BLACK-300x166.png",300,166,true],"medium_large":["https:\/\/turkishtrade.co\/wp-content\/uploads\/2026\/01\/2600NZTMN00066-BLACK.png",453,250,false],"large":["https:\/\/turkishtrade.co\/wp-content\/uploads\/2026\/01\/2600NZTMN00066-BLACK.png",453,250,false],"1536x1536":["https:\/\/turkishtrade.co\/wp-content\/uploads\/2026\/01\/2600NZTMN00066-BLACK.png",453,250,false],"2048x2048":["https:\/\/turkishtrade.co\/wp-content\/uploads\/2026\/01\/2600NZTMN00066-BLACK.png",453,250,false],"trp-custom-language-flag":["https:\/\/turkishtrade.co\/wp-content\/uploads\/2026\/01\/2600NZTMN00066-BLACK-18x10.png",18,10,true],"woocommerce_thumbnail":["https:\/\/turkishtrade.co\/wp-content\/uploads\/2026\/01\/2600NZTMN00066-BLACK-400x250.png",400,250,true],"woocommerce_single":["https:\/\/turkishtrade.co\/wp-content\/uploads\/2026\/01\/2600NZTMN00066-BLACK.png",453,250,false],"woocommerce_gallery_thumbnail":["https:\/\/turkishtrade.co\/wp-content\/uploads\/2026\/01\/2600NZTMN00066-BLACK-100x100.png",100,100,true]},"uagb_author_info":{"display_name":"python python","author_link":"https:\/\/turkishtrade.co\/tr\/author\/"},"uagb_comment_info":0,"uagb_excerpt":"Premium Calf Leather Upper: Expertly crafted from high-quality calf leather for a refined look and lasting durability. Lightweight EVA Sole: Engineered with a robust yet lightweight EVA sole for superior shock absorption and all-day comfort. Luxurious Goat Leather Lining: Features a soft and breathable goat leather interior, ensuring exceptional comfort and ventilation. Versatile Casual Design:&hellip;","_links":{"self":[{"href":"https:\/\/turkishtrade.co\/tr\/wp-json\/wp\/v2\/product\/8232","targetHints":{"allow":["GET"]}}],"collection":[{"href":"https:\/\/turkishtrade.co\/tr\/wp-json\/wp\/v2\/product"}],"about":[{"href":"https:\/\/turkishtrade.co\/tr\/wp-json\/wp\/v2\/types\/product"}],"wp:featuredmedia":[{"embeddable":true,"href":"https:\/\/turkishtrade.co\/tr\/wp-json\/wp\/v2\/media\/6902"}],"wp:attachment":[{"href":"https:\/\/turkishtrade.co\/tr\/wp-json\/wp\/v2\/media?parent=8232"}],"wp:term":[{"taxonomy":"product_brand","embeddable":true,"href":"https:\/\/turkishtrade.co\/tr\/wp-json\/wp\/v2\/product_brand?post=8232"},{"taxonomy":"product_cat","embeddable":true,"href":"https:\/\/turkishtrade.co\/tr\/wp-json\/wp\/v2\/product_cat?post=8232"},{"taxonomy":"product_tag","embeddable":true,"href":"https:\/\/turkishtrade.co\/tr\/wp-json\/wp\/v2\/product_tag?post=8232"}],"curies":[{"name":"wp","href":"https:\/\/api.w.org\/{rel}","templated":true}]}}