{"id":8231,"date":"2026-01-29T14:48:35","date_gmt":"2026-01-29T14:48:35","guid":{"rendered":"https:\/\/turkishtrade.co\/?post_type=product&#038;p=8231"},"modified":"2026-04-09T20:31:43","modified_gmt":"2026-04-09T20:31:43","slug":"mens-black-chunky-sole-derby-shoes","status":"publish","type":"product","link":"https:\/\/turkishtrade.co\/tr\/shop\/mens-black-chunky-sole-derby-shoes\/","title":{"rendered":"Erkek Siyah T\u0131knaz Taban Derby Ayakkab\u0131 Rakipsiz | Erkek Siyah Dana Derisi T\u0131knaz"},"content":{"rendered":"<p><strong>Erkek Siyah Kal\u0131n Tabanl\u0131 Derby Ayakkab\u0131<\/strong>. Rakipsiz kalite ve tasar\u0131m.<\/p>\n<p>\u00dcst\u00fcn kaliteli \u00fcr\u00fcnlerimizle sofistike bir konfora ad\u0131m at\u0131n <strong>Erkek Siyah Kal\u0131n Tabanl\u0131 Derby Ayakkab\u0131<\/strong>. Y\u00fcksek kaliteli dana derisinden ustal\u0131kla \u00fcretilen bu ayakkab\u0131lar, zamans\u0131z tasar\u0131m\u0131 modern bir yetenekle birle\u015ftiriyor. Zengin siyah kaplama ve p\u00fcr\u00fczs\u00fcz burun kapa\u011f\u0131 ve hafif dokulu yan paneller dahil olmak \u00fczere ince doku varyasyonlar\u0131, \u00f6ne \u00e7\u0131kan dinamik bir g\u00f6r\u00fcn\u00fcm yarat\u0131r. Se\u00e7ici bireyler i\u00e7in tasarlanan bu <strong>Erkek Siyah Kal\u0131n Tabanl\u0131 Derby Ayakkab\u0131<\/strong> stil, konfor ve dayan\u0131kl\u0131l\u0131\u011f\u0131n benzersiz bir kar\u0131\u015f\u0131m\u0131n\u0131 sunarak her \u00e7a\u011fda\u015f gard\u0131rop i\u00e7in vazge\u00e7ilmez bir eklenti haline getirir.<\/p>\n<h3>Rakipsiz Konfor ve Kaliteli Malzemeler<\/h3>\n<p>Bu derby ayakkab\u0131lar\u0131n \u00f6zenli yap\u0131s\u0131 sayesinde her ad\u0131mda l\u00fcks konforu ya\u015fay\u0131n. \u0130\u00e7 k\u0131sm\u0131 tamamen yumu\u015fak, nefes alabilen ke\u00e7i derisi ile astarlanm\u0131\u015ft\u0131r ve zamanla aya\u011f\u0131n\u0131za oturan rahat bir uyum sa\u011flar. Bu do\u011fal astar nemi uzakla\u015ft\u0131rarak ayaklar\u0131n\u0131z\u0131n g\u00fcn boyunca ferah ve rahat kalmas\u0131n\u0131 sa\u011flar. Zarif dana derisi sayan\u0131n alt\u0131ndaki sa\u011flam ve hafif EVA taban, ola\u011fan\u00fcst\u00fc yast\u0131klama ve \u015fok emilimi sa\u011flar. Bu yenilik\u00e7i kal\u0131n taban, klasik derby sil\u00fcetine \u00e7a\u011fda\u015f bir hava katmakla kalmaz, ayn\u0131 zamanda \u00e7e\u015fitli y\u00fczeylerde \u00fcst\u00fcn tutu\u015f ve denge sa\u011flar. \u015eehir sokaklar\u0131nda gezinmekten g\u00fcndelik ak\u015fam gezmelerine kadar, bu <strong>Erkek Siyah Kal\u0131n Tabanl\u0131 Derby Ayakkab\u0131<\/strong> sizi desteklemek i\u00e7in in\u015fa edilmi\u015ftir.<\/p>\n<h3>Her Durum i\u00e7in \u00c7ok Y\u00f6nl\u00fc Stil<\/h3>\n<p>Bu sadece bir ayakkab\u0131 de\u011fil; bir ifade. Diki\u015flerin etraf\u0131ndaki ince brogue benzeri deliklerle zenginle\u015ftirilmi\u015f klasik ba\u011fc\u0131kl\u0131 derby stili, smart-casual'dan daha rahat ortamlara sorunsuzca ge\u00e7i\u015f yapan \u00e7ok y\u00f6nl\u00fc bir estetik sunar. Bu ayakkab\u0131y\u0131 \u015f\u0131k bir i\u015f k\u0131yafeti g\u00f6r\u00fcn\u00fcm\u00fc i\u00e7in \u00f6zel dikim pantolonlarla e\u015fle\u015ftirin ya da zahmetsizce haval\u0131 bir kombin i\u00e7in koyu renk kot pantolon ve \u015f\u0131k bir ceketle kombinleyin. Koyu siyah renk tonu, gard\u0131robunuzdaki geni\u015f bir renk ve desen yelpazesini tamamlayarak maksimum \u00e7ok y\u00f6nl\u00fcl\u00fck sa\u011flar. Geleneksel i\u015f\u00e7ilik ve modern tasar\u0131m\u0131n m\u00fckemmel birle\u015fimini bu \u00e7arp\u0131c\u0131 ayakkab\u0131larla kucaklay\u0131n <strong>Erkek Siyah Kal\u0131n Tabanl\u0131 Derby Ayakkab\u0131<\/strong>.<\/p>\n<h3>G\u00fcvenebilece\u011finiz Dayan\u0131kl\u0131l\u0131k ve \u0130\u015f\u00e7ilik<\/h3>\n<p>Bu derby ayakkab\u0131lar\u0131n her bir \u00e7ifti \u00fcst\u00fcn i\u015f\u00e7ili\u011fin bir kan\u0131t\u0131d\u0131r. Y\u00fcksek kaliteli dana derisi, dayan\u0131kl\u0131l\u0131\u011f\u0131 ve zaman i\u00e7inde benzersiz bir patina geli\u015ftirerek g\u00fczel bir \u015fekilde ya\u015flanma yetene\u011fi i\u00e7in se\u00e7ilmi\u015ftir. Sa\u011flam yap\u0131, esnek EVA taban ile birle\u015fti\u011finde bu ayakkab\u0131lar\u0131n koleksiyonunuzda uzun \u00f6m\u00fcrl\u00fc bir temel olmas\u0131n\u0131 sa\u011flar. 40'tan 44'e kadar pratik bir Avrupa beden yelpazesinde mevcut oldu\u011fundan, m\u00fckemmel uyumunuzu bulmak \u00e7ok kolay. Ayr\u0131ca, toptan sat\u0131\u015f i\u00e7in minimum 16 \u00e7ift sat\u0131n alma ile toplu sipari\u015flere de hizmet veriyoruz. Kaliteye yat\u0131r\u0131m yap\u0131n, stile yat\u0131r\u0131m yap\u0131n ve bu ola\u011fan\u00fcst\u00fc ayakkab\u0131larla ayakkab\u0131 koleksiyonunuzu y\u00fckseltin <strong>Erkek Siyah Kal\u0131n Tabanl\u0131 Derby Ayakkab\u0131<\/strong>.<\/p>","protected":false},"excerpt":{"rendered":"<ul>\n<li>Dayan\u0131kl\u0131l\u0131k ve sofistike stil i\u00e7in birinci s\u0131n\u0131f dana derisi saya<\/li>\n<li>G\u00fcn boyu konfor i\u00e7in yumu\u015fak, nefes alabilen ke\u00e7i derisi astar<\/li>\n<li>Modern kal\u0131n EVA taban m\u00fckemmel tutu\u015f ve yast\u0131klama sa\u011flar<\/li>\n<li>\u0130nce brogue detaylar\u0131na sahip klasik ba\u011fc\u0131kl\u0131 derby tasar\u0131m<\/li>\n<li>\u00c7ok y\u00f6nl\u00fc siyah kaplama, \u015f\u0131k ve g\u00fcndelik k\u0131yafetler i\u00e7in m\u00fckemmeldir<\/li>\n<li>40, 41, 42, 43, 44 Avrupa bedenlerinde mevcuttur<\/li>\n<li>Minimum 16 \u00e7ift sipari\u015f ile toptan sat\u0131\u015f talepleri kabul edilir<\/li>\n<\/ul>","protected":false},"featured_media":6901,"template":"","meta":{"_acf_changed":false,"_uag_custom_page_level_css":"","site-sidebar-layout":"default","site-content-layout":"","ast-site-content-layout":"default","site-content-style":"default","site-sidebar-style":"default","ast-global-header-display":"","ast-banner-title-visibility":"","ast-main-header-display":"","ast-hfb-above-header-display":"","ast-hfb-below-header-display":"","ast-hfb-mobile-header-display":"","site-post-title":"","ast-breadcrumbs-content":"","ast-featured-img":"","footer-sml-layout":"","ast-disable-related-posts":"","theme-transparent-header-meta":"","adv-header-id-meta":"","stick-header-meta":"","header-above-stick-meta":"","header-main-stick-meta":"","header-below-stick-meta":"","astra-migrate-meta-layouts":"default","ast-page-background-enabled":"default","ast-page-background-meta":{"desktop":{"background-color":"var(--ast-global-color-4)","background-image":"","background-repeat":"repeat","background-position":"center center","background-size":"auto","background-attachment":"scroll","background-type":"","background-media":"","overlay-type":"","overlay-color":"","overlay-opacity":"","overlay-gradient":""},"tablet":{"background-color":"","background-image":"","background-repeat":"repeat","background-position":"center center","background-size":"auto","background-attachment":"scroll","background-type":"","background-media":"","overlay-type":"","overlay-color":"","overlay-opacity":"","overlay-gradient":""},"mobile":{"background-color":"","background-image":"","background-repeat":"repeat","background-position":"center center","background-size":"auto","background-attachment":"scroll","background-type":"","background-media":"","overlay-type":"","overlay-color":"","overlay-opacity":"","overlay-gradient":""}},"ast-content-background-meta":{"desktop":{"background-color":"var(--ast-global-color-5)","background-image":"","background-repeat":"repeat","background-position":"center center","background-size":"auto","background-attachment":"scroll","background-type":"","background-media":"","overlay-type":"","overlay-color":"","overlay-opacity":"","overlay-gradient":""},"tablet":{"background-color":"var(--ast-global-color-5)","background-image":"","background-repeat":"repeat","background-position":"center center","background-size":"auto","background-attachment":"scroll","background-type":"","background-media":"","overlay-type":"","overlay-color":"","overlay-opacity":"","overlay-gradient":""},"mobile":{"background-color":"var(--ast-global-color-5)","background-image":"","background-repeat":"repeat","background-position":"center center","background-size":"auto","background-attachment":"scroll","background-type":"","background-media":"","overlay-type":"","overlay-color":"","overlay-opacity":"","overlay-gradient":""}}},"product_brand":[],"product_cat":[48,47,49,430,1200],"product_tag":[407,672,185,449,436,222,189,210],"class_list":{"0":"post-8231","1":"product","2":"type-product","3":"status-publish","4":"has-post-thumbnail","6":"product_cat-casual","7":"product_cat-classic","8":"product_cat-loafer","9":"product_cat-men","10":"product_cat-mens-shoes-2","11":"product_tag-black-derby-shoes","12":"product_tag-brogues","13":"product_tag-calf-leather-shoes","14":"product_tag-casual-shoes","15":"product_tag-chunky-sole","16":"product_tag-comfortable-shoes","17":"product_tag-goat-leather-lining","18":"product_tag-smart-casual","19":"desktop-align-center","20":"tablet-align-center","21":"mobile-align-center","23":"first","24":"instock","25":"shipping-taxable","26":"purchasable","27":"product-type-variable","28":"has-default-attributes"},"acf":[],"uagb_featured_image_src":{"full":["https:\/\/turkishtrade.co\/wp-content\/uploads\/2026\/01\/2600NZTMN00065-BLACK.png",453,250,false],"thumbnail":["https:\/\/turkishtrade.co\/wp-content\/uploads\/2026\/01\/2600NZTMN00065-BLACK-150x150.png",150,150,true],"medium":["https:\/\/turkishtrade.co\/wp-content\/uploads\/2026\/01\/2600NZTMN00065-BLACK-300x166.png",300,166,true],"medium_large":["https:\/\/turkishtrade.co\/wp-content\/uploads\/2026\/01\/2600NZTMN00065-BLACK.png",453,250,false],"large":["https:\/\/turkishtrade.co\/wp-content\/uploads\/2026\/01\/2600NZTMN00065-BLACK.png",453,250,false],"1536x1536":["https:\/\/turkishtrade.co\/wp-content\/uploads\/2026\/01\/2600NZTMN00065-BLACK.png",453,250,false],"2048x2048":["https:\/\/turkishtrade.co\/wp-content\/uploads\/2026\/01\/2600NZTMN00065-BLACK.png",453,250,false],"trp-custom-language-flag":["https:\/\/turkishtrade.co\/wp-content\/uploads\/2026\/01\/2600NZTMN00065-BLACK-18x10.png",18,10,true],"woocommerce_thumbnail":["https:\/\/turkishtrade.co\/wp-content\/uploads\/2026\/01\/2600NZTMN00065-BLACK-400x250.png",400,250,true],"woocommerce_single":["https:\/\/turkishtrade.co\/wp-content\/uploads\/2026\/01\/2600NZTMN00065-BLACK.png",453,250,false],"woocommerce_gallery_thumbnail":["https:\/\/turkishtrade.co\/wp-content\/uploads\/2026\/01\/2600NZTMN00065-BLACK-100x100.png",100,100,true]},"uagb_author_info":{"display_name":"python python","author_link":"https:\/\/turkishtrade.co\/tr\/author\/"},"uagb_comment_info":0,"uagb_excerpt":"Premium calf leather upper for durability and sophisticated style Soft, breathable goat leather lining for all-day comfort Modern chunky EVA sole provides excellent traction and cushioning Classic lace-up derby design with subtle brogue detailing Versatile black finish perfect for smart-casual and casual outfits Available in European sizes 40, 41, 42, 43, 44 Wholesale inquiries welcome&hellip;","_links":{"self":[{"href":"https:\/\/turkishtrade.co\/tr\/wp-json\/wp\/v2\/product\/8231","targetHints":{"allow":["GET"]}}],"collection":[{"href":"https:\/\/turkishtrade.co\/tr\/wp-json\/wp\/v2\/product"}],"about":[{"href":"https:\/\/turkishtrade.co\/tr\/wp-json\/wp\/v2\/types\/product"}],"wp:featuredmedia":[{"embeddable":true,"href":"https:\/\/turkishtrade.co\/tr\/wp-json\/wp\/v2\/media\/6901"}],"wp:attachment":[{"href":"https:\/\/turkishtrade.co\/tr\/wp-json\/wp\/v2\/media?parent=8231"}],"wp:term":[{"taxonomy":"product_brand","embeddable":true,"href":"https:\/\/turkishtrade.co\/tr\/wp-json\/wp\/v2\/product_brand?post=8231"},{"taxonomy":"product_cat","embeddable":true,"href":"https:\/\/turkishtrade.co\/tr\/wp-json\/wp\/v2\/product_cat?post=8231"},{"taxonomy":"product_tag","embeddable":true,"href":"https:\/\/turkishtrade.co\/tr\/wp-json\/wp\/v2\/product_tag?post=8231"}],"curies":[{"name":"wp","href":"https:\/\/api.w.org\/{rel}","templated":true}]}}