{"id":8230,"date":"2026-01-29T14:48:35","date_gmt":"2026-01-29T14:48:35","guid":{"rendered":"https:\/\/turkishtrade.co\/?post_type=product&#038;p=8230"},"modified":"2026-04-09T20:31:46","modified_gmt":"2026-04-09T20:31:46","slug":"mens-suede-brogue-casual-sneakers","status":"publish","type":"product","link":"https:\/\/turkishtrade.co\/tr\/shop\/mens-suede-brogue-casual-sneakers\/","title":{"rendered":"Erkek S\u00fcet Brogue G\u00fcnl\u00fck Spor Ayakkab\u0131 Proven | Zeytin Ye\u015fili"},"content":{"rendered":"<p>\u00d6zel ayakkab\u0131lar\u0131m\u0131zla g\u00fcnl\u00fck ayakkab\u0131lar\u0131n\u0131z\u0131 y\u00fckseltin <strong>Erkek S\u00fcet Brogue G\u00fcnl\u00fck Spor Ayakkab\u0131<\/strong> sofistike zeytin ye\u015fili. Geleneksel zarafeti modern konforla kusursuz bir \u015fekilde harmanlayan bu ola\u011fan\u00fcst\u00fc ayakkab\u0131lar, hem stile hem de pratikli\u011fe de\u011fer veren se\u00e7ici beyler i\u00e7in m\u00fckemmel bir se\u00e7imdir. Klasik brogue detaylar\u0131n\u0131n rahat bir spor ayakkab\u0131n\u0131n rahat \u00e7ekicili\u011fiyle bulu\u015ftu\u011fu benzersiz bir f\u00fczyonu deneyimleyin.<\/p>\n<p>Birinci s\u0131n\u0131f hakiki dana derisi s\u00fcetten \u00fcretilen bu \u00fcst k\u0131s\u0131m <strong>s\u00fcet brogue g\u00fcnl\u00fck spor ayakkab\u0131<\/strong> l\u00fcks bir doku ve ola\u011fan\u00fcst\u00fc dayan\u0131kl\u0131l\u0131k sunar. Zengin zeytin ye\u015fili tonu, sade bir sofistike dokunu\u015f katarak bu ayakkab\u0131lar\u0131n \u015f\u0131k g\u00fcnl\u00fck chino pantolonlardan en sevdi\u011finiz kot pantolonlara kadar \u00e7ok \u00e7e\u015fitli k\u0131yafetleri tamamlamas\u0131n\u0131 sa\u011flar. Wingtip brogue tasar\u0131m\u0131n\u0131n her bir diki\u015fi ve perforasyonu titiz i\u015f\u00e7ili\u011fi yans\u0131t\u0131r ve bu spor ayakkab\u0131lar\u0131 s\u0131radan ayakkab\u0131lardan ay\u0131r\u0131r.<\/p>\n<h3>Rakipsiz Konfor ve Kalite<\/h3>\n<p>\u00c7arp\u0131c\u0131 g\u00f6r\u00fcn\u00fcmlerinin \u00f6tesinde, konfor her \u015feyden \u00f6nemlidir. Bunlar\u0131n her bir \u00e7ifti <strong>Erkek S\u00fcet Brogue G\u00fcnl\u00fck Spor Ayakkab\u0131<\/strong> ola\u011fan\u00fcst\u00fc nefes alabilirlik ve g\u00fcn boyunca ayaklar\u0131n\u0131z i\u00e7in yumu\u015fak, rahat bir kucaklama sa\u011flayan pel\u00fc\u015f ke\u00e7i derisi astara sahiptir. Bu birinci s\u0131n\u0131f astar, s\u0131cakl\u0131\u011f\u0131 d\u00fczenlemeye yard\u0131mc\u0131 olarak uzun s\u00fcreli kullan\u0131mlarda bile tazelik ve rahatl\u0131k sa\u011flar. Bu inan\u0131lmaz ayakkab\u0131lar\u0131n temelinde hafif ancak inan\u0131lmaz derecede dayan\u0131kl\u0131 EVA taban yer al\u0131r. Bu geli\u015fmi\u015f taban teknolojisi, \u00fcst\u00fcn yast\u0131klama ve esneklik sa\u011flayarak her ad\u0131mda darbeyi emer ve ister \u015fehir sokaklar\u0131nda geziniyor ister rahat bir hafta sonunun tad\u0131n\u0131 \u00e7\u0131kar\u0131yor olun, bu ayakkab\u0131lar\u0131 t\u00fcm g\u00fcn kullan\u0131m i\u00e7in ideal hale getirir.<\/p>\n<p>Yenilik\u00e7i tasar\u0131m, her iki d\u00fcnyan\u0131n en iyilerini bir araya getiriyor: brogue ayakkab\u0131n\u0131n zamans\u0131z \u00e7ekicili\u011fi ile spor ayakkab\u0131n\u0131n \u00e7a\u011fda\u015f kolayl\u0131\u011f\u0131. Bu da bizim <strong>Erkek S\u00fcet Brogue G\u00fcnl\u00fck Spor Ayakkab\u0131<\/strong> inan\u0131lmaz derecede \u00e7ok y\u00f6nl\u00fcd\u00fcr. \u00c7e\u015fitli durumlar i\u00e7in m\u00fckemmel bir se\u00e7imdir, i\u015f toplant\u0131lar\u0131ndan arkada\u015flarla hafta sonu gezmelerine zahmetsizce ge\u00e7i\u015f yapar. Sa\u011flam yap\u0131s\u0131, dana derisi s\u00fcet ve esnek EVA taban gibi kaliteli malzemelerle birle\u015ferek uzun \u00f6m\u00fcrl\u00fc olmas\u0131n\u0131 sa\u011flar ve gard\u0131robunuz i\u00e7in ak\u0131ll\u0131ca bir yat\u0131r\u0131m haline getirir. Tarz\u0131n\u0131zdan veya konforunuzdan \u00f6d\u00fcn vermeyin; kal\u0131c\u0131 bir izlenim b\u0131rakmak i\u00e7in bu ay\u0131rt edici g\u00fcnl\u00fck spor ayakkab\u0131lar\u0131 se\u00e7in.<\/p>","protected":false},"excerpt":{"rendered":"<ul>\n<li>Zeytin ye\u015fili birinci s\u0131n\u0131f hakiki dana derisi s\u00fcet saya<\/li>\n<li>L\u00fcks ve nefes alabilen ke\u00e7i derisi astar<\/li>\n<li>G\u00fcn boyu konfor i\u00e7in hafif, esnek ve dayan\u0131kl\u0131 EVA taban<\/li>\n<li>Kontrast diki\u015fli klasik brogue ve wingtip detaylar<\/li>\n<li>\u00c7e\u015fitli durumlar i\u00e7in uygun \u00e7ok y\u00f6nl\u00fc rahat tasar\u0131m<\/li>\n<li>40, 41, 42, 43, 44 bedenlerde mevcuttur<\/li>\n<li>En az 16 \u00e7ift olmak \u00fczere toptan sipari\u015fler mevcuttur<\/li>\n<\/ul>","protected":false},"featured_media":6900,"template":"","meta":{"_acf_changed":false,"_uag_custom_page_level_css":"","site-sidebar-layout":"default","site-content-layout":"","ast-site-content-layout":"default","site-content-style":"default","site-sidebar-style":"default","ast-global-header-display":"","ast-banner-title-visibility":"","ast-main-header-display":"","ast-hfb-above-header-display":"","ast-hfb-below-header-display":"","ast-hfb-mobile-header-display":"","site-post-title":"","ast-breadcrumbs-content":"","ast-featured-img":"","footer-sml-layout":"","ast-disable-related-posts":"","theme-transparent-header-meta":"","adv-header-id-meta":"","stick-header-meta":"","header-above-stick-meta":"","header-main-stick-meta":"","header-below-stick-meta":"","astra-migrate-meta-layouts":"default","ast-page-background-enabled":"default","ast-page-background-meta":{"desktop":{"background-color":"var(--ast-global-color-4)","background-image":"","background-repeat":"repeat","background-position":"center center","background-size":"auto","background-attachment":"scroll","background-type":"","background-media":"","overlay-type":"","overlay-color":"","overlay-opacity":"","overlay-gradient":""},"tablet":{"background-color":"","background-image":"","background-repeat":"repeat","background-position":"center center","background-size":"auto","background-attachment":"scroll","background-type":"","background-media":"","overlay-type":"","overlay-color":"","overlay-opacity":"","overlay-gradient":""},"mobile":{"background-color":"","background-image":"","background-repeat":"repeat","background-position":"center center","background-size":"auto","background-attachment":"scroll","background-type":"","background-media":"","overlay-type":"","overlay-color":"","overlay-opacity":"","overlay-gradient":""}},"ast-content-background-meta":{"desktop":{"background-color":"var(--ast-global-color-5)","background-image":"","background-repeat":"repeat","background-position":"center center","background-size":"auto","background-attachment":"scroll","background-type":"","background-media":"","overlay-type":"","overlay-color":"","overlay-opacity":"","overlay-gradient":""},"tablet":{"background-color":"var(--ast-global-color-5)","background-image":"","background-repeat":"repeat","background-position":"center center","background-size":"auto","background-attachment":"scroll","background-type":"","background-media":"","overlay-type":"","overlay-color":"","overlay-opacity":"","overlay-gradient":""},"mobile":{"background-color":"var(--ast-global-color-5)","background-image":"","background-repeat":"repeat","background-position":"center center","background-size":"auto","background-attachment":"scroll","background-type":"","background-media":"","overlay-type":"","overlay-color":"","overlay-opacity":"","overlay-gradient":""}}},"product_brand":[],"product_cat":[48,49,430,1200,50],"product_tag":[216,1117,287,1278,286,1396,1353,936,380,1397],"class_list":{"0":"post-8230","1":"product","2":"type-product","3":"status-publish","4":"has-post-thumbnail","6":"product_cat-casual","7":"product_cat-loafer","8":"product_cat-men","9":"product_cat-mens-shoes-2","10":"product_cat-sneakers","11":"product_tag-casual-sneakers","12":"product_tag-comfortable-sneakers","13":"product_tag-eva-sole-shoes","14":"product_tag-goat-lining-shoes","15":"product_tag-mens-leather-shoes","16":"product_tag-mens-suede-brogue-sneakers","17":"product_tag-olive-green-shoes","18":"product_tag-premium-mens-footwear","19":"product_tag-smart-casual-footwear","20":"product_tag-wingtip-sneakers","21":"desktop-align-center","22":"tablet-align-center","23":"mobile-align-center","25":"first","26":"instock","27":"shipping-taxable","28":"purchasable","29":"product-type-variable","30":"has-default-attributes"},"acf":[],"uagb_featured_image_src":{"full":["https:\/\/turkishtrade.co\/wp-content\/uploads\/2026\/01\/2600NZTMN00064-GREEN.png",453,250,false],"thumbnail":["https:\/\/turkishtrade.co\/wp-content\/uploads\/2026\/01\/2600NZTMN00064-GREEN-150x150.png",150,150,true],"medium":["https:\/\/turkishtrade.co\/wp-content\/uploads\/2026\/01\/2600NZTMN00064-GREEN-300x166.png",300,166,true],"medium_large":["https:\/\/turkishtrade.co\/wp-content\/uploads\/2026\/01\/2600NZTMN00064-GREEN.png",453,250,false],"large":["https:\/\/turkishtrade.co\/wp-content\/uploads\/2026\/01\/2600NZTMN00064-GREEN.png",453,250,false],"1536x1536":["https:\/\/turkishtrade.co\/wp-content\/uploads\/2026\/01\/2600NZTMN00064-GREEN.png",453,250,false],"2048x2048":["https:\/\/turkishtrade.co\/wp-content\/uploads\/2026\/01\/2600NZTMN00064-GREEN.png",453,250,false],"trp-custom-language-flag":["https:\/\/turkishtrade.co\/wp-content\/uploads\/2026\/01\/2600NZTMN00064-GREEN-18x10.png",18,10,true],"woocommerce_thumbnail":["https:\/\/turkishtrade.co\/wp-content\/uploads\/2026\/01\/2600NZTMN00064-GREEN-400x250.png",400,250,true],"woocommerce_single":["https:\/\/turkishtrade.co\/wp-content\/uploads\/2026\/01\/2600NZTMN00064-GREEN.png",453,250,false],"woocommerce_gallery_thumbnail":["https:\/\/turkishtrade.co\/wp-content\/uploads\/2026\/01\/2600NZTMN00064-GREEN-100x100.png",100,100,true]},"uagb_author_info":{"display_name":"python python","author_link":"https:\/\/turkishtrade.co\/tr\/author\/"},"uagb_comment_info":0,"uagb_excerpt":"Premium genuine calf leather suede upper in olive green Luxurious and breathable goat leather lining Lightweight, flexible, and durable EVA sole for all-day comfort Classic brogue and wingtip detailing with contrasting stitching Versatile casual design suitable for various occasions Available in sizes 40, 41, 42, 43, 44 Wholesale orders are available with a minimum of&hellip;","_links":{"self":[{"href":"https:\/\/turkishtrade.co\/tr\/wp-json\/wp\/v2\/product\/8230","targetHints":{"allow":["GET"]}}],"collection":[{"href":"https:\/\/turkishtrade.co\/tr\/wp-json\/wp\/v2\/product"}],"about":[{"href":"https:\/\/turkishtrade.co\/tr\/wp-json\/wp\/v2\/types\/product"}],"wp:featuredmedia":[{"embeddable":true,"href":"https:\/\/turkishtrade.co\/tr\/wp-json\/wp\/v2\/media\/6900"}],"wp:attachment":[{"href":"https:\/\/turkishtrade.co\/tr\/wp-json\/wp\/v2\/media?parent=8230"}],"wp:term":[{"taxonomy":"product_brand","embeddable":true,"href":"https:\/\/turkishtrade.co\/tr\/wp-json\/wp\/v2\/product_brand?post=8230"},{"taxonomy":"product_cat","embeddable":true,"href":"https:\/\/turkishtrade.co\/tr\/wp-json\/wp\/v2\/product_cat?post=8230"},{"taxonomy":"product_tag","embeddable":true,"href":"https:\/\/turkishtrade.co\/tr\/wp-json\/wp\/v2\/product_tag?post=8230"}],"curies":[{"name":"wp","href":"https:\/\/api.w.org\/{rel}","templated":true}]}}