{"id":8228,"date":"2026-01-29T14:48:35","date_gmt":"2026-01-29T14:48:35","guid":{"rendered":"https:\/\/turkishtrade.co\/?post_type=product&#038;p=8228"},"modified":"2026-04-09T20:31:57","modified_gmt":"2026-04-09T20:31:57","slug":"mens-black-calf-leather-derby-sneakers","status":"publish","type":"product","link":"https:\/\/turkishtrade.co\/tr\/shop\/mens-black-calf-leather-derby-sneakers\/","title":{"rendered":"Erkek Siyah Dana Derisi Derbi Spor Ayakkab\u0131 EVA Taban ile \u0130nan\u0131lmaz |"},"content":{"rendered":"<p><strong>Erkek Siyah Dana Derisi Derby Spor Ayakkab\u0131<\/strong>. \u0130nan\u0131lmaz kalite ve tasar\u0131m.<\/p>\n<p>\u00dcst\u00fcn kaliteli \u00fcr\u00fcnlerimizle benzersiz stil ve konfora ad\u0131m at\u0131n <strong>Erkek Siyah Dana Derisi Derby Spor Ayakkab\u0131<\/strong>. Modern erkek i\u00e7in ustal\u0131kla \u00fcretilen bu sofistike ayakkab\u0131lar, Derby sil\u00fcetinin zamans\u0131z zarafetini bir spor ayakkab\u0131n\u0131n \u00e7a\u011fda\u015f \u00e7ekicili\u011fi ve rahatl\u0131\u011f\u0131yla harmanl\u0131yor. \u0130ster \u015fehir sokaklar\u0131nda geziniyor ister rahat bir hafta sonunun tad\u0131n\u0131 \u00e7\u0131kar\u0131yor olun, bu spor ayakkab\u0131lar keskin g\u00f6r\u00fcnmenizi ve harika hissetmenizi sa\u011flamak i\u00e7in tasarlanm\u0131\u015ft\u0131r.<\/p>\n<h3>Rakipsiz Kalite ve Konfor<\/h3>\n<p>Bu ola\u011fan\u00fcst\u00fc ayakkab\u0131lar\u0131n merkezinde \u00fcst\u00fcn malzeme se\u00e7imi yer al\u0131r. \u00dcst k\u0131s\u0131m, p\u00fcr\u00fczs\u00fcz dokusu, dayan\u0131kl\u0131l\u0131\u011f\u0131 ve g\u00fczel bir \u015fekilde eskime kabiliyetiyle bilinen hakiki dana derisinden titizlikle \u00fcretilmi\u015ftir. Bu birinci s\u0131n\u0131f deri, her k\u0131yafeti y\u00fckselten zarif bir g\u00f6r\u00fcn\u00fcm sa\u011flar. \u0130\u00e7 k\u0131s\u0131mda ayaklar\u0131n\u0131z\u0131 saran l\u00fcks ke\u00e7i derisi astar inan\u0131lmaz yumu\u015fak bir dokunu\u015f, m\u00fckemmel nefes alabilirlik ve nem emme \u00f6zellikleri sunarak uzun s\u00fcreli kullan\u0131mdan sonra bile rahatl\u0131k sa\u011flar. Bu ayakkab\u0131lar\u0131n temeli <strong>Erkek Siyah Dana Derisi Derby Spor Ayakkab\u0131<\/strong> sa\u011flam ancak hafif bir EVA taband\u0131r. Bu geli\u015fmi\u015f taban teknolojisi \u00fcst\u00fcn yast\u0131klama, \u015fok emilimi ve esneklik sa\u011flayarak her ad\u0131m\u0131 bir zevk haline getirir. Bu ayakkab\u0131lar\u0131 ger\u00e7ek bir gard\u0131rop elyaf\u0131 haline getiren y\u00fcksek kaliteli malzemeler ve \u00f6zenli tasar\u0131m\u0131n m\u00fckemmel sinerjisini deneyimleyin.<\/p>\n<h3>Her Durum i\u00e7in \u00c7ok Y\u00f6nl\u00fc Stil<\/h3>\n<p>Kendine \u00f6zg\u00fc beyaz EVA taban ve uyumlu beyaz ba\u011fc\u0131klarla bir araya gelen \u015f\u0131k siyah renk, hem modern hem de \u00e7ok y\u00f6nl\u00fc \u00e7arp\u0131c\u0131 bir kontrast olu\u015fturur. Bunlar <strong>Erkek Siyah Dana Derisi Derby Spor Ayakkab\u0131<\/strong> sadece ayakkab\u0131 de\u011fildir; sofistike g\u00fcndelik stilin bir ifadesidir. \u015e\u0131k ve rahat bir ofis g\u00f6r\u00fcn\u00fcm\u00fc i\u00e7in \u00f6zel dikim pantolonlarla, g\u00f6steri\u015fli bir hafta sonu kombini i\u00e7in koyu renk denimlerle ve hatta zahmetsizce haval\u0131 bir hava i\u00e7in chino pantolonlarla e\u015fle\u015ftirin. Uyarlanabilir tasar\u0131mlar\u0131, \u00e7e\u015fitli moda ba\u011flamlar\u0131na sorunsuz bir \u015fekilde entegre olmalar\u0131n\u0131 sa\u011flar ve \u00fcst\u00fcn konfor sa\u011flarken geleneksel spor ayakkab\u0131lara zarif bir alternatif sunar.<\/p>\n<h3>Ustal\u0131k ve Detaylara \u00d6zen<\/h3>\n<p>Her bir \u00e7iftimiz <strong>Erkek Siyah Dana Derisi Derby Spor Ayakkab\u0131<\/strong> \u00fcst\u00fcn i\u015f\u00e7ili\u011fe olan ba\u011fl\u0131l\u0131\u011f\u0131 yans\u0131tmaktad\u0131r. Hassas diki\u015ften \u00f6zenle se\u00e7ilmi\u015f donan\u0131ma kadar her ayr\u0131nt\u0131, sadece harika g\u00f6r\u00fcnmekle kalmay\u0131p ayn\u0131 zamanda zaman\u0131n testine de dayanan bir \u00fcr\u00fcn sa\u011flamak i\u00e7in d\u00fc\u015f\u00fcn\u00fclm\u00fc\u015ft\u00fcr. 40'tan 44'e kadar uzanan kapsaml\u0131 bir beden yelpazesinde mevcut olan bu ayakkab\u0131larla m\u00fckemmel uyumunuzu bulmak zahmetsizdir. Kal\u0131c\u0131 stil, ola\u011fan\u00fcst\u00fc konfor ve hak etti\u011finiz kaliteyi vaat eden bir \u00e7ift ayakkab\u0131ya yat\u0131r\u0131m yap\u0131n.<\/p>\n<p>M\u00fc\u015fterilerine birinci s\u0131n\u0131f ayakkab\u0131lar sunmak isteyen perakendeciler i\u00e7in bu <strong>Erkek Siyah Dana Derisi Derby Spor Ayakkab\u0131<\/strong> minimum 16 \u00e7ift sipari\u015f miktar\u0131 ile toptan sat\u0131n al\u0131nabilir. Toptan sat\u0131\u015f f\u0131rsatlar\u0131m\u0131z hakk\u0131nda daha fazla bilgi edinmek ve bu \u00e7ok satan ayakkab\u0131lar\u0131 koleksiyonunuza eklemek i\u00e7in bug\u00fcn bize ula\u015f\u0131n.<\/p>","protected":false},"excerpt":{"rendered":"<ul>\n<li>Sofistike bir g\u00f6r\u00fcn\u00fcm ve uzun s\u00fcreli dayan\u0131kl\u0131l\u0131k i\u00e7in hakiki dana derisinden \u00fcretilmi\u015ftir.<\/li>\n<li>L\u00fcks ke\u00e7i derisi astar ola\u011fan\u00fcst\u00fc nefes alabilirlik ve konfor sa\u011flar.<\/li>\n<li>Hafif ve duyarl\u0131 EVA taban g\u00fcn boyu konfor ve destek sa\u011flar.<\/li>\n<li>\u015e\u0131k ba\u011fc\u0131kl\u0131 Derby tasar\u0131m\u0131, \u015f\u0131k ve g\u00fcndelik kullan\u0131m i\u00e7in m\u00fckemmeldir.<\/li>\n<li>40, 41, 42, 43 ve 44 bedenleri mevcuttur.<\/li>\n<li><strong>Toptan Sat\u0131\u015f Mevcuttur: Minimum sipari\u015f miktar\u0131 16 \u00e7ifttir.<\/strong><\/li>\n<\/ul>","protected":false},"featured_media":6896,"template":"","meta":{"_acf_changed":false,"_uag_custom_page_level_css":"","site-sidebar-layout":"default","site-content-layout":"","ast-site-content-layout":"default","site-content-style":"default","site-sidebar-style":"default","ast-global-header-display":"","ast-banner-title-visibility":"","ast-main-header-display":"","ast-hfb-above-header-display":"","ast-hfb-below-header-display":"","ast-hfb-mobile-header-display":"","site-post-title":"","ast-breadcrumbs-content":"","ast-featured-img":"","footer-sml-layout":"","ast-disable-related-posts":"","theme-transparent-header-meta":"","adv-header-id-meta":"","stick-header-meta":"","header-above-stick-meta":"","header-main-stick-meta":"","header-below-stick-meta":"","astra-migrate-meta-layouts":"default","ast-page-background-enabled":"default","ast-page-background-meta":{"desktop":{"background-color":"var(--ast-global-color-4)","background-image":"","background-repeat":"repeat","background-position":"center center","background-size":"auto","background-attachment":"scroll","background-type":"","background-media":"","overlay-type":"","overlay-color":"","overlay-opacity":"","overlay-gradient":""},"tablet":{"background-color":"","background-image":"","background-repeat":"repeat","background-position":"center center","background-size":"auto","background-attachment":"scroll","background-type":"","background-media":"","overlay-type":"","overlay-color":"","overlay-opacity":"","overlay-gradient":""},"mobile":{"background-color":"","background-image":"","background-repeat":"repeat","background-position":"center center","background-size":"auto","background-attachment":"scroll","background-type":"","background-media":"","overlay-type":"","overlay-color":"","overlay-opacity":"","overlay-gradient":""}},"ast-content-background-meta":{"desktop":{"background-color":"var(--ast-global-color-5)","background-image":"","background-repeat":"repeat","background-position":"center center","background-size":"auto","background-attachment":"scroll","background-type":"","background-media":"","overlay-type":"","overlay-color":"","overlay-opacity":"","overlay-gradient":""},"tablet":{"background-color":"var(--ast-global-color-5)","background-image":"","background-repeat":"repeat","background-position":"center center","background-size":"auto","background-attachment":"scroll","background-type":"","background-media":"","overlay-type":"","overlay-color":"","overlay-opacity":"","overlay-gradient":""},"mobile":{"background-color":"var(--ast-global-color-5)","background-image":"","background-repeat":"repeat","background-position":"center center","background-size":"auto","background-attachment":"scroll","background-type":"","background-media":"","overlay-type":"","overlay-color":"","overlay-opacity":"","overlay-gradient":""}}},"product_brand":[],"product_cat":[48,49,430,1200,50],"product_tag":[238,185,449,1395,438,189,214,936,1124,281],"class_list":{"0":"post-8228","1":"product","2":"type-product","3":"status-publish","4":"has-post-thumbnail","6":"product_cat-casual","7":"product_cat-loafer","8":"product_cat-men","9":"product_cat-mens-shoes-2","10":"product_cat-sneakers","11":"product_tag-black-leather-sneakers","12":"product_tag-calf-leather-shoes","13":"product_tag-casual-shoes","14":"product_tag-derby-sneakers","15":"product_tag-eva-sole","16":"product_tag-goat-leather-lining","17":"product_tag-mens-sneakers","18":"product_tag-premium-mens-footwear","19":"product_tag-stylish-sneakers","20":"product_tag-wholesale-shoes","21":"desktop-align-center","22":"tablet-align-center","23":"mobile-align-center","25":"first","26":"instock","27":"shipping-taxable","28":"purchasable","29":"product-type-variable","30":"has-default-attributes"},"acf":[],"uagb_featured_image_src":{"full":["https:\/\/turkishtrade.co\/wp-content\/uploads\/2026\/01\/2600NZTMN00062-BLACK.png",453,250,false],"thumbnail":["https:\/\/turkishtrade.co\/wp-content\/uploads\/2026\/01\/2600NZTMN00062-BLACK-150x150.png",150,150,true],"medium":["https:\/\/turkishtrade.co\/wp-content\/uploads\/2026\/01\/2600NZTMN00062-BLACK-300x166.png",300,166,true],"medium_large":["https:\/\/turkishtrade.co\/wp-content\/uploads\/2026\/01\/2600NZTMN00062-BLACK.png",453,250,false],"large":["https:\/\/turkishtrade.co\/wp-content\/uploads\/2026\/01\/2600NZTMN00062-BLACK.png",453,250,false],"1536x1536":["https:\/\/turkishtrade.co\/wp-content\/uploads\/2026\/01\/2600NZTMN00062-BLACK.png",453,250,false],"2048x2048":["https:\/\/turkishtrade.co\/wp-content\/uploads\/2026\/01\/2600NZTMN00062-BLACK.png",453,250,false],"trp-custom-language-flag":["https:\/\/turkishtrade.co\/wp-content\/uploads\/2026\/01\/2600NZTMN00062-BLACK-18x10.png",18,10,true],"woocommerce_thumbnail":["https:\/\/turkishtrade.co\/wp-content\/uploads\/2026\/01\/2600NZTMN00062-BLACK-400x250.png",400,250,true],"woocommerce_single":["https:\/\/turkishtrade.co\/wp-content\/uploads\/2026\/01\/2600NZTMN00062-BLACK.png",453,250,false],"woocommerce_gallery_thumbnail":["https:\/\/turkishtrade.co\/wp-content\/uploads\/2026\/01\/2600NZTMN00062-BLACK-100x100.png",100,100,true]},"uagb_author_info":{"display_name":"python python","author_link":"https:\/\/turkishtrade.co\/tr\/author\/"},"uagb_comment_info":0,"uagb_excerpt":"Crafted from genuine calf leather for a sophisticated look and lasting durability. Luxurious goat leather lining provides exceptional breathability and comfort. Lightweight and responsive EVA sole ensures all-day comfort and support. Stylish lace-up Derby design perfect for smart-casual and everyday wear. Available in sizes 40, 41, 42, 43, and 44. Wholesale Available: Minimum order quantity&hellip;","_links":{"self":[{"href":"https:\/\/turkishtrade.co\/tr\/wp-json\/wp\/v2\/product\/8228","targetHints":{"allow":["GET"]}}],"collection":[{"href":"https:\/\/turkishtrade.co\/tr\/wp-json\/wp\/v2\/product"}],"about":[{"href":"https:\/\/turkishtrade.co\/tr\/wp-json\/wp\/v2\/types\/product"}],"wp:featuredmedia":[{"embeddable":true,"href":"https:\/\/turkishtrade.co\/tr\/wp-json\/wp\/v2\/media\/6896"}],"wp:attachment":[{"href":"https:\/\/turkishtrade.co\/tr\/wp-json\/wp\/v2\/media?parent=8228"}],"wp:term":[{"taxonomy":"product_brand","embeddable":true,"href":"https:\/\/turkishtrade.co\/tr\/wp-json\/wp\/v2\/product_brand?post=8228"},{"taxonomy":"product_cat","embeddable":true,"href":"https:\/\/turkishtrade.co\/tr\/wp-json\/wp\/v2\/product_cat?post=8228"},{"taxonomy":"product_tag","embeddable":true,"href":"https:\/\/turkishtrade.co\/tr\/wp-json\/wp\/v2\/product_tag?post=8228"}],"curies":[{"name":"wp","href":"https:\/\/api.w.org\/{rel}","templated":true}]}}