{"id":8227,"date":"2026-01-29T14:48:35","date_gmt":"2026-01-29T14:48:35","guid":{"rendered":"https:\/\/turkishtrade.co\/?post_type=product&#038;p=8227"},"modified":"2026-04-09T20:32:03","modified_gmt":"2026-04-09T20:32:03","slug":"mens-casual-leather-loafers-6","status":"publish","type":"product","link":"https:\/\/turkishtrade.co\/tr\/shop\/mens-casual-leather-loafers-6\/","title":{"rendered":"Erkek G\u00fcnl\u00fck Deri Loafer Elite | Erkek Siyah Hakiki Deri G\u00fcnl\u00fck"},"content":{"rendered":"<p><strong>Erkek G\u00fcnl\u00fck Deri Loafer'lar<\/strong>. Elit kalite ve tasar\u0131m.<\/p>\n<p>G\u00fcnl\u00fck stilinizi zarif \u00fcr\u00fcnlerimizle y\u00fckseltin <b>Erkek Siyah Hakiki Deri G\u00fcnl\u00fck Loafer<\/b>. Klasik \u015f\u0131kl\u0131\u011f\u0131 modern konforla m\u00fckemmel bir \u015fekilde harmanlayan bu mokasen ayakkab\u0131lar, hem esteti\u011fe hem de pratikli\u011fe de\u011fer veren se\u00e7ici erkekler i\u00e7in tasarland\u0131. Detaylara titizlikle \u00f6zen g\u00f6sterilerek \u00fcretilen bu ayakkab\u0131lar, g\u00fcnl\u00fck ayakkab\u0131lar\u0131n zirvesini temsil eder ve her gard\u0131ropta bulunmas\u0131 gereken bir eklentidir.<\/p>\n<h3>E\u015fsiz Kalite ve \u0130\u015f\u00e7ilik<\/h3>\n<p>Bu ola\u011fan\u00fcst\u00fc \u00fcr\u00fcnlerin her bir \u00e7ifti <b>erkek g\u00fcndeli\u0307k deri\u0307 mokasen<\/b> esnek dokusu, dayan\u0131kl\u0131l\u0131\u011f\u0131 ve do\u011fal \u00e7ekicili\u011fi ile bilinen birinci s\u0131n\u0131f \u201cdana derisinden\u201d (hakiki dana derisi) \u00fcretilmi\u015ftir. Zengin siyah kaplama, ofiste g\u00fcnl\u00fck kullan\u0131mdan hafta sonu gezmelerine zahmetsizce ge\u00e7i\u015f yapan \u00e7ok y\u00f6nl\u00fc bir g\u00f6r\u00fcn\u00fcm sa\u011flar. D\u0131\u015f k\u0131sm\u0131n \u00f6tesinde, i\u00e7 k\u0131s\u0131m yumu\u015fak \u201ckeci astar\u201d (hakiki ke\u00e7i derisi astar) ile astarlanm\u0131\u015ft\u0131r ve ayaklar\u0131n\u0131z\u0131 g\u00fcn boyunca rahat ettiren l\u00fcks bir his ve \u00fcst\u00fcn nefes alabilirlik sunar. Y\u00fcksek kaliteli malzemelere olan bu ba\u011fl\u0131l\u0131k, yaln\u0131zca sofistike bir g\u00f6r\u00fcn\u00fcm de\u011fil, ayn\u0131 zamanda yat\u0131r\u0131m\u0131n\u0131z i\u00e7in ola\u011fan\u00fcst\u00fc uzun \u00f6m\u00fcr sa\u011flar.<\/p>\n<p>Bunlar\u0131n ay\u0131rt edici tasar\u0131m\u0131 <b>siyah deri g\u00fcnl\u00fck mokasen ayakkab\u0131<\/b> karma\u015f\u0131k brogue esintili perforasyonlarla tamamlanan \u00e7a\u011fda\u015f ba\u011fc\u0131kl\u0131 stili, zarif bir karakter dokunu\u015fu kat\u0131yor. Geleneksel detaylar\u0131n rahat bir siluetle benzersiz bir \u015fekilde harmanlanmas\u0131, bu ayakkab\u0131lar\u0131n \u00f6ne \u00e7\u0131kmas\u0131n\u0131 sa\u011flar. \u0130ster yar\u0131 resmi bir etkinlik i\u00e7in giyiniyor olun, ister sadece rahat bir g\u00fcn\u00fcn tad\u0131n\u0131 \u00e7\u0131kar\u0131n, bu <b>erkek g\u00fcndeli\u0307k deri\u0307 mokasen<\/b> stil ve kolayl\u0131\u011f\u0131n m\u00fckemmel birle\u015fimini sa\u011flar.<\/p>\n<h3>EVA Taban Teknolojisi ile \u00dcst\u00fcn Konfor<\/h3>\n<p>Yenilik\u00e7i hafif EVA taban ile benzersiz bir konfor ya\u015fay\u0131n. Bu geli\u015fmi\u015f taban teknolojisi, ola\u011fan\u00fcst\u00fc yast\u0131klama ve \u015fok emme \u00f6zellikleriyle tan\u0131n\u0131r, ayak yorgunlu\u011funu azalt\u0131r ve ad\u0131mlar\u0131n\u0131zda bir yay sa\u011flar. EVA taban\u0131n esnek yap\u0131s\u0131 aya\u011f\u0131n\u0131zla birlikte hareket ederek s\u00fcrekli destek ve konfor sunar. <b>erkek g\u00fcndeli\u0307k deri\u0307 mokasen<\/b> uzun s\u00fcreli kullan\u0131m i\u00e7in idealdir. Kontrast olu\u015fturan beyaz taban, siyah deri sayaya \u00e7a\u011fda\u015f bir hava katmakla kalmaz, ayn\u0131 zamanda genel g\u00fcndelik esteti\u011fi de geli\u015ftirerek dinamik ve \u015f\u0131k bir profil olu\u015fturur.<\/p>\n<p>Bizim <b>EVA Tabanl\u0131 Erkek Siyah Hakiki Deri G\u00fcnl\u00fck Loafer<\/b> 40'tan 44'e kadar pratik bir beden yelpazesinde mevcuttur ve geni\u015f bir m\u00fc\u015fteri yelpazesi i\u00e7in m\u00fckemmel bir uyum sa\u011flar. Bu y\u00fcksek kaliteli ayakkab\u0131lar\u0131, minimum 16 \u00e7ift sipari\u015f miktar\u0131yla toptan sat\u0131\u015fa sunmaktan gurur duyuyoruz. Bu, perakendeciler i\u00e7in m\u00fc\u015fteri memnuniyetini ve tekrar i\u015f yapmay\u0131 garanti eden birinci s\u0131n\u0131f bir \u00fcr\u00fcn\u00fc stoklamak i\u00e7in m\u00fckemmel bir f\u0131rsat sa\u011flar. Bu ola\u011fan\u00fcst\u00fc ayakkab\u0131larla konfora, kaliteye ve zamans\u0131z stile yat\u0131r\u0131m yap\u0131n <b>erkek g\u00fcndeli\u0307k deri\u0307 mokasen<\/b>.<\/p>","protected":false},"excerpt":{"rendered":"<ul>\n<li><b>Premium Hakiki Deri:<\/b> Uzun s\u00fcreli dayan\u0131kl\u0131l\u0131k ve sofistike bir g\u00f6r\u00fcn\u00fcm i\u00e7in y\u00fcksek kaliteli \u201cdana derisinden\u201d ustal\u0131kla \u00fcretilmi\u015ftir.<\/li>\n<li><b>L\u00fcks Ke\u00e7i Derisi Astar:<\/b> \u00dcst\u00fcn nefes alabilirlik ve ola\u011fan\u00fcst\u00fc konfor sa\u011flayan yumu\u015fak bir \u201ckeci astar\u201d (ke\u00e7i derisi astar) i\u00e7erir.<\/li>\n<li><b>Hafif EVA Taban:<\/b> G\u00fcn boyu kullan\u0131m i\u00e7in optimum destek ve konfor sa\u011flamak \u00fczere esnek, yast\u0131klamal\u0131 EVA taban ile tasarlanm\u0131\u015ft\u0131r.<\/li>\n<li><b>\u015e\u0131k ve Rahat Tasar\u0131m:<\/b> Bu erkek g\u00fcnl\u00fck deri mokasen ayakkab\u0131lar, \u00e7ok y\u00f6nl\u00fc stil i\u00e7in m\u00fckemmel olan zarif brogue esintili detaylara sahip modern bir ba\u011fc\u0131kl\u0131 tasar\u0131ma sahiptir.<\/li>\n<li><b>Mevcut Boyutlar:<\/b> 40, 41, 42, 43 ve 44 dahil olmak \u00fczere kapsaml\u0131 bir beden yelpazesinde sunulmaktad\u0131r.<\/li>\n<li><b>Toptan Sat\u0131\u015f F\u0131rsat\u0131:<\/b> Minimum 16 \u00e7ift sipari\u015f miktar\u0131 ile cazip toptan sat\u0131\u015f fiyatlar\u0131m\u0131zdan yararlan\u0131n.<\/li>\n<\/ul>","protected":false},"featured_media":6965,"template":"","meta":{"_acf_changed":false,"_uag_custom_page_level_css":"","site-sidebar-layout":"default","site-content-layout":"","ast-site-content-layout":"default","site-content-style":"default","site-sidebar-style":"default","ast-global-header-display":"","ast-banner-title-visibility":"","ast-main-header-display":"","ast-hfb-above-header-display":"","ast-hfb-below-header-display":"","ast-hfb-mobile-header-display":"","site-post-title":"","ast-breadcrumbs-content":"","ast-featured-img":"","footer-sml-layout":"","ast-disable-related-posts":"","theme-transparent-header-meta":"","adv-header-id-meta":"","stick-header-meta":"","header-above-stick-meta":"","header-main-stick-meta":"","header-below-stick-meta":"","astra-migrate-meta-layouts":"default","ast-page-background-enabled":"default","ast-page-background-meta":{"desktop":{"background-color":"var(--ast-global-color-4)","background-image":"","background-repeat":"repeat","background-position":"center center","background-size":"auto","background-attachment":"scroll","background-type":"","background-media":"","overlay-type":"","overlay-color":"","overlay-opacity":"","overlay-gradient":""},"tablet":{"background-color":"","background-image":"","background-repeat":"repeat","background-position":"center center","background-size":"auto","background-attachment":"scroll","background-type":"","background-media":"","overlay-type":"","overlay-color":"","overlay-opacity":"","overlay-gradient":""},"mobile":{"background-color":"","background-image":"","background-repeat":"repeat","background-position":"center center","background-size":"auto","background-attachment":"scroll","background-type":"","background-media":"","overlay-type":"","overlay-color":"","overlay-opacity":"","overlay-gradient":""}},"ast-content-background-meta":{"desktop":{"background-color":"var(--ast-global-color-5)","background-image":"","background-repeat":"repeat","background-position":"center center","background-size":"auto","background-attachment":"scroll","background-type":"","background-media":"","overlay-type":"","overlay-color":"","overlay-opacity":"","overlay-gradient":""},"tablet":{"background-color":"var(--ast-global-color-5)","background-image":"","background-repeat":"repeat","background-position":"center center","background-size":"auto","background-attachment":"scroll","background-type":"","background-media":"","overlay-type":"","overlay-color":"","overlay-opacity":"","overlay-gradient":""},"mobile":{"background-color":"var(--ast-global-color-5)","background-image":"","background-repeat":"repeat","background-position":"center center","background-size":"auto","background-attachment":"scroll","background-type":"","background-media":"","overlay-type":"","overlay-color":"","overlay-opacity":"","overlay-gradient":""}}},"product_brand":[],"product_cat":[48,49,430,1200],"product_tag":[814,220,287,952,1374,215,1085,281],"class_list":{"0":"post-8227","1":"product","2":"type-product","3":"status-publish","4":"has-post-thumbnail","6":"product_cat-casual","7":"product_cat-loafer","8":"product_cat-men","9":"product_cat-mens-shoes-2","10":"product_tag-black-leather-loafers","11":"product_tag-comfortable-loafers","12":"product_tag-eva-sole-shoes","13":"product_tag-genuine-leather-shoes","14":"product_tag-lace-up-casual-shoes","15":"product_tag-leather-loafers","16":"product_tag-mens-casual-leather-loafers","17":"product_tag-wholesale-shoes","18":"desktop-align-center","19":"tablet-align-center","20":"mobile-align-center","22":"first","23":"instock","24":"shipping-taxable","25":"purchasable","26":"product-type-variable","27":"has-default-attributes"},"acf":[],"uagb_featured_image_src":{"full":["https:\/\/turkishtrade.co\/wp-content\/uploads\/2026\/01\/2600NZTMN00061-BLACK.png",453,250,false],"thumbnail":["https:\/\/turkishtrade.co\/wp-content\/uploads\/2026\/01\/2600NZTMN00061-BLACK-150x150.png",150,150,true],"medium":["https:\/\/turkishtrade.co\/wp-content\/uploads\/2026\/01\/2600NZTMN00061-BLACK-300x166.png",300,166,true],"medium_large":["https:\/\/turkishtrade.co\/wp-content\/uploads\/2026\/01\/2600NZTMN00061-BLACK.png",453,250,false],"large":["https:\/\/turkishtrade.co\/wp-content\/uploads\/2026\/01\/2600NZTMN00061-BLACK.png",453,250,false],"1536x1536":["https:\/\/turkishtrade.co\/wp-content\/uploads\/2026\/01\/2600NZTMN00061-BLACK.png",453,250,false],"2048x2048":["https:\/\/turkishtrade.co\/wp-content\/uploads\/2026\/01\/2600NZTMN00061-BLACK.png",453,250,false],"trp-custom-language-flag":["https:\/\/turkishtrade.co\/wp-content\/uploads\/2026\/01\/2600NZTMN00061-BLACK-18x10.png",18,10,true],"woocommerce_thumbnail":["https:\/\/turkishtrade.co\/wp-content\/uploads\/2026\/01\/2600NZTMN00061-BLACK-400x250.png",400,250,true],"woocommerce_single":["https:\/\/turkishtrade.co\/wp-content\/uploads\/2026\/01\/2600NZTMN00061-BLACK.png",453,250,false],"woocommerce_gallery_thumbnail":["https:\/\/turkishtrade.co\/wp-content\/uploads\/2026\/01\/2600NZTMN00061-BLACK-100x100.png",100,100,true]},"uagb_author_info":{"display_name":"python python","author_link":"https:\/\/turkishtrade.co\/tr\/author\/"},"uagb_comment_info":0,"uagb_excerpt":"Premium Genuine Leather: Expertly crafted from high-quality \"dana deri\" (calf leather) for lasting durability and a sophisticated finish. Luxurious Goat Leather Lining: Features a soft \"keci astar\" (goat leather lining) that ensures superior breathability and exceptional comfort. Lightweight EVA Sole: Designed with a flexible, cushioning EVA sole to provide optimal support and comfort for all-day&hellip;","_links":{"self":[{"href":"https:\/\/turkishtrade.co\/tr\/wp-json\/wp\/v2\/product\/8227","targetHints":{"allow":["GET"]}}],"collection":[{"href":"https:\/\/turkishtrade.co\/tr\/wp-json\/wp\/v2\/product"}],"about":[{"href":"https:\/\/turkishtrade.co\/tr\/wp-json\/wp\/v2\/types\/product"}],"wp:featuredmedia":[{"embeddable":true,"href":"https:\/\/turkishtrade.co\/tr\/wp-json\/wp\/v2\/media\/6965"}],"wp:attachment":[{"href":"https:\/\/turkishtrade.co\/tr\/wp-json\/wp\/v2\/media?parent=8227"}],"wp:term":[{"taxonomy":"product_brand","embeddable":true,"href":"https:\/\/turkishtrade.co\/tr\/wp-json\/wp\/v2\/product_brand?post=8227"},{"taxonomy":"product_cat","embeddable":true,"href":"https:\/\/turkishtrade.co\/tr\/wp-json\/wp\/v2\/product_cat?post=8227"},{"taxonomy":"product_tag","embeddable":true,"href":"https:\/\/turkishtrade.co\/tr\/wp-json\/wp\/v2\/product_tag?post=8227"}],"curies":[{"name":"wp","href":"https:\/\/api.w.org\/{rel}","templated":true}]}}