{"id":8209,"date":"2026-01-29T14:48:22","date_gmt":"2026-01-29T14:48:22","guid":{"rendered":"https:\/\/turkishtrade.co\/?post_type=product&#038;p=8209"},"modified":"2026-04-09T20:32:21","modified_gmt":"2026-04-09T20:32:21","slug":"mens-camel-leather-casual-sneakers","status":"publish","type":"product","link":"https:\/\/turkishtrade.co\/tr\/shop\/mens-camel-leather-casual-sneakers\/","title":{"rendered":"EVA Tabanl\u0131 Erkek Camel Deri G\u00fcnl\u00fck Spor Ayakkab\u0131 Hakiki |"},"content":{"rendered":"<p>\u00dcst\u00fcn kaliteli \u00fcr\u00fcnlerimizle g\u00fcnl\u00fck stilinizi y\u00fckseltin <b>Erkek Camel Deri G\u00fcnl\u00fck Spor Ayakkab\u0131<\/b>. Modern erkek i\u00e7in ustal\u0131kla \u00fcretilen bu spor ayakkab\u0131lar sofistike, rahat ve dayan\u0131kl\u0131l\u0131\u011f\u0131n benzersiz bir kar\u0131\u015f\u0131m\u0131n\u0131 sunar. Zengin, camel renkli hakiki s\u0131\u011f\u0131r derisi saya, zamans\u0131z bir \u00e7ekicili\u011fe sahiptir ve bu ayakkab\u0131lar\u0131 her gard\u0131rop i\u00e7in \u00e7ok y\u00f6nl\u00fc bir eklenti haline getirir. \u0130ster g\u00fcndelik bir i\u015f toplant\u0131s\u0131na gidiyor olun, ister \u015fehri ke\u015ffediyor ya da rahat bir hafta sonunun tad\u0131n\u0131 \u00e7\u0131kar\u0131yor olun, bu spor ayakkab\u0131lar sizi g\u00fcn boyu rahat ve \u015f\u0131k tutmak i\u00e7in tasarlanm\u0131\u015ft\u0131r.<\/p>\n<h3>Rakipsiz Konfor ve Kaliteli Malzemeler<\/h3>\n<p>Bu ola\u011fan\u00fcst\u00fc <b>Erkek Camel Deri G\u00fcnl\u00fck Spor Ayakkab\u0131<\/b> hem uzun \u00f6m\u00fcrl\u00fc hem de benzersiz konfor i\u00e7in tasarlanm\u0131\u015ft\u0131r. \u00dcst k\u0131s\u0131m, sa\u011flaml\u0131\u011f\u0131 ve zamanla e\u015fsiz bir patina geli\u015ftirerek g\u00fczel bir \u015fekilde ya\u015flanma kabiliyetiyle bilinen y\u00fcksek kaliteli s\u0131\u011f\u0131r derisinden titizlikle \u00fcretilmi\u015ftir. \u0130\u00e7 k\u0131s\u0131mda, ayaklar\u0131n\u0131z hakiki ke\u00e7i derisi astar\u0131n l\u00fcks hissiyle kucakla\u015facak. Bu do\u011fal astar inan\u0131lmaz derecede yumu\u015fakt\u0131r, nefes alabilirli\u011fi y\u00fcksektir ve cilde kar\u015f\u0131 naziktir, uzun s\u00fcreli kullan\u0131mlarda bile rahats\u0131zl\u0131\u011f\u0131 \u00f6nler.<\/p>\n<h3>\u00dcst\u00fcn Destekli Hafif Tasar\u0131m<\/h3>\n<p>Bunlar\u0131n temeli <b>Erkek Camel Deri G\u00fcnl\u00fck Spor Ayakkab\u0131<\/b> geli\u015fmi\u015f EVA taban\u0131nda yatmaktad\u0131r. Bu hafif ama sa\u011flam malzeme \u00fcst\u00fcn yast\u0131klama sunarak her ad\u0131mda darbeyi emer ve ayaklar\u0131n\u0131z i\u00e7in m\u00fckemmel destek sa\u011flar. EVA taban ayn\u0131 zamanda ayakkab\u0131n\u0131n genel esnekli\u011fine katk\u0131da bulunarak do\u011fal hareketlere olanak tan\u0131r ve ayak yorgunlu\u011funu azalt\u0131r. Dayan\u0131kl\u0131 yap\u0131s\u0131yla birle\u015fti\u011finde, bu spor ayakkab\u0131lar bozulmam\u0131\u015f g\u00f6r\u00fcn\u00fcmlerini ve hislerini korurken g\u00fcnl\u00fck kullan\u0131m\u0131n zorluklar\u0131na dayanacak \u015fekilde \u00fcretilmi\u015ftir.<\/p>\n<h3>\u00c7ok Y\u00f6nl\u00fcl\u00fck ve Toptan Sat\u0131\u015f F\u0131rsat\u0131<\/h3>\n<p>Bu \u00e7ok y\u00f6nl\u00fc tasar\u0131m ve klasik camel tonu <b>Erkek Camel Deri G\u00fcnl\u00fck Spor Ayakkab\u0131<\/b> Kot pantolon ve chino pantolonlardan \u015f\u0131k g\u00fcnl\u00fck pantolonlara kadar \u00e7ok \u00e7e\u015fitli k\u0131yafetlerle zahmetsizce e\u015fle\u015fmelerini sa\u011flar. Pratik 40, 41, 42, 43 ve 44 beden aral\u0131\u011f\u0131nda mevcut olup, m\u00fckemmel uyumunuzu bulmak kolayd\u0131r. Ayr\u0131ca bu y\u00fcksek kaliteli ayakkab\u0131lar\u0131 sunmaktan gurur duyuyoruz <b>Erkek Camel Deri G\u00fcnl\u00fck Spor Ayakkab\u0131<\/b> minimum 16 \u00e7ift sipari\u015f miktar\u0131 ile toptan sat\u0131\u015f i\u00e7in. Bu, onlar\u0131 herhangi bir perakende koleksiyonuna m\u00fckemmel ve \u00e7ekici bir katk\u0131 haline getirir ve m\u00fc\u015fterilerinizin takdir edece\u011fi kalite ve stil vaat eder. Enfes camel deri g\u00fcnl\u00fck spor ayakkab\u0131lar\u0131m\u0131zla konfora ve zamans\u0131z stile yat\u0131r\u0131m yap\u0131n.<\/p>","protected":false},"excerpt":{"rendered":"<ul>\n<li>Sofistike stil i\u00e7in birinci s\u0131n\u0131f hakiki s\u0131\u011f\u0131r derisi saya.<\/li>\n<li>L\u00fcks ke\u00e7i derisi astar ola\u011fan\u00fcst\u00fc konfor ve nefes alabilirlik sa\u011flar.<\/li>\n<li>Hafif ve dayan\u0131kl\u0131 EVA taban, \u00fcst\u00fcn yast\u0131klama ve \u00e7eki\u015f g\u00fcc\u00fc sa\u011flar.<\/li>\n<li>\u00c7ok y\u00f6nl\u00fc camel tonunda \u015f\u0131k ve rahat tasar\u0131m.<\/li>\n<li>40, 41, 42, 43 ve 44 bedenleri mevcuttur.<\/li>\n<li>Toptan sipari\u015fler kabul edilir (minimum 16 \u00e7ift sipari\u015f).<\/li>\n<\/ul>","protected":false},"featured_media":6959,"template":"","meta":{"_acf_changed":false,"_uag_custom_page_level_css":"","site-sidebar-layout":"default","site-content-layout":"","ast-site-content-layout":"default","site-content-style":"default","site-sidebar-style":"default","ast-global-header-display":"","ast-banner-title-visibility":"","ast-main-header-display":"","ast-hfb-above-header-display":"","ast-hfb-below-header-display":"","ast-hfb-mobile-header-display":"","site-post-title":"","ast-breadcrumbs-content":"","ast-featured-img":"","footer-sml-layout":"","ast-disable-related-posts":"","theme-transparent-header-meta":"","adv-header-id-meta":"","stick-header-meta":"","header-above-stick-meta":"","header-main-stick-meta":"","header-below-stick-meta":"","astra-migrate-meta-layouts":"default","ast-page-background-enabled":"default","ast-page-background-meta":{"desktop":{"background-color":"var(--ast-global-color-4)","background-image":"","background-repeat":"repeat","background-position":"center center","background-size":"auto","background-attachment":"scroll","background-type":"","background-media":"","overlay-type":"","overlay-color":"","overlay-opacity":"","overlay-gradient":""},"tablet":{"background-color":"","background-image":"","background-repeat":"repeat","background-position":"center center","background-size":"auto","background-attachment":"scroll","background-type":"","background-media":"","overlay-type":"","overlay-color":"","overlay-opacity":"","overlay-gradient":""},"mobile":{"background-color":"","background-image":"","background-repeat":"repeat","background-position":"center center","background-size":"auto","background-attachment":"scroll","background-type":"","background-media":"","overlay-type":"","overlay-color":"","overlay-opacity":"","overlay-gradient":""}},"ast-content-background-meta":{"desktop":{"background-color":"var(--ast-global-color-5)","background-image":"","background-repeat":"repeat","background-position":"center center","background-size":"auto","background-attachment":"scroll","background-type":"","background-media":"","overlay-type":"","overlay-color":"","overlay-opacity":"","overlay-gradient":""},"tablet":{"background-color":"var(--ast-global-color-5)","background-image":"","background-repeat":"repeat","background-position":"center center","background-size":"auto","background-attachment":"scroll","background-type":"","background-media":"","overlay-type":"","overlay-color":"","overlay-opacity":"","overlay-gradient":""},"mobile":{"background-color":"var(--ast-global-color-5)","background-image":"","background-repeat":"repeat","background-position":"center center","background-size":"auto","background-attachment":"scroll","background-type":"","background-media":"","overlay-type":"","overlay-color":"","overlay-opacity":"","overlay-gradient":""}}},"product_brand":[],"product_cat":[48,430,1200,50],"product_tag":[292,258,241,1375,1359,952,189,214,596,1123],"class_list":{"0":"post-8209","1":"product","2":"type-product","3":"status-publish","4":"has-post-thumbnail","6":"product_cat-casual","7":"product_cat-men","8":"product_cat-mens-shoes-2","9":"product_cat-sneakers","10":"product_tag-brown-leather-shoes","11":"product_tag-camel-leather-shoes","12":"product_tag-casual-footwear","13":"product_tag-comfort-sneakers","14":"product_tag-eva-sole-sneakers","15":"product_tag-genuine-leather-shoes","16":"product_tag-goat-leather-lining","17":"product_tag-mens-sneakers","18":"product_tag-turkish-made-shoes","19":"product_tag-wholesale-sneakers","20":"desktop-align-center","21":"tablet-align-center","22":"mobile-align-center","24":"first","25":"instock","26":"shipping-taxable","27":"purchasable","28":"product-type-variable","29":"has-default-attributes"},"acf":[],"uagb_featured_image_src":{"full":["https:\/\/turkishtrade.co\/wp-content\/uploads\/2026\/01\/2600NZTMN00060-BEIGE.png",453,250,false],"thumbnail":["https:\/\/turkishtrade.co\/wp-content\/uploads\/2026\/01\/2600NZTMN00060-BEIGE-150x150.png",150,150,true],"medium":["https:\/\/turkishtrade.co\/wp-content\/uploads\/2026\/01\/2600NZTMN00060-BEIGE-300x166.png",300,166,true],"medium_large":["https:\/\/turkishtrade.co\/wp-content\/uploads\/2026\/01\/2600NZTMN00060-BEIGE.png",453,250,false],"large":["https:\/\/turkishtrade.co\/wp-content\/uploads\/2026\/01\/2600NZTMN00060-BEIGE.png",453,250,false],"1536x1536":["https:\/\/turkishtrade.co\/wp-content\/uploads\/2026\/01\/2600NZTMN00060-BEIGE.png",453,250,false],"2048x2048":["https:\/\/turkishtrade.co\/wp-content\/uploads\/2026\/01\/2600NZTMN00060-BEIGE.png",453,250,false],"trp-custom-language-flag":["https:\/\/turkishtrade.co\/wp-content\/uploads\/2026\/01\/2600NZTMN00060-BEIGE-18x10.png",18,10,true],"woocommerce_thumbnail":["https:\/\/turkishtrade.co\/wp-content\/uploads\/2026\/01\/2600NZTMN00060-BEIGE-400x250.png",400,250,true],"woocommerce_single":["https:\/\/turkishtrade.co\/wp-content\/uploads\/2026\/01\/2600NZTMN00060-BEIGE.png",453,250,false],"woocommerce_gallery_thumbnail":["https:\/\/turkishtrade.co\/wp-content\/uploads\/2026\/01\/2600NZTMN00060-BEIGE-100x100.png",100,100,true]},"uagb_author_info":{"display_name":"python python","author_link":"https:\/\/turkishtrade.co\/tr\/author\/"},"uagb_comment_info":0,"uagb_excerpt":"Premium genuine bovine leather upper for sophisticated style. Luxurious goat leather lining ensures exceptional comfort and breathability. Lightweight and durable EVA sole provides superior cushioning and traction. Stylish casual design in a versatile camel hue. Available in sizes 40, 41, 42, 43, and 44. Wholesale orders welcome (minimum order of 16 pairs).","_links":{"self":[{"href":"https:\/\/turkishtrade.co\/tr\/wp-json\/wp\/v2\/product\/8209","targetHints":{"allow":["GET"]}}],"collection":[{"href":"https:\/\/turkishtrade.co\/tr\/wp-json\/wp\/v2\/product"}],"about":[{"href":"https:\/\/turkishtrade.co\/tr\/wp-json\/wp\/v2\/types\/product"}],"wp:featuredmedia":[{"embeddable":true,"href":"https:\/\/turkishtrade.co\/tr\/wp-json\/wp\/v2\/media\/6959"}],"wp:attachment":[{"href":"https:\/\/turkishtrade.co\/tr\/wp-json\/wp\/v2\/media?parent=8209"}],"wp:term":[{"taxonomy":"product_brand","embeddable":true,"href":"https:\/\/turkishtrade.co\/tr\/wp-json\/wp\/v2\/product_brand?post=8209"},{"taxonomy":"product_cat","embeddable":true,"href":"https:\/\/turkishtrade.co\/tr\/wp-json\/wp\/v2\/product_cat?post=8209"},{"taxonomy":"product_tag","embeddable":true,"href":"https:\/\/turkishtrade.co\/tr\/wp-json\/wp\/v2\/product_tag?post=8209"}],"curies":[{"name":"wp","href":"https:\/\/api.w.org\/{rel}","templated":true}]}}