{"id":8207,"date":"2026-01-29T14:48:22","date_gmt":"2026-01-29T14:48:22","guid":{"rendered":"https:\/\/turkishtrade.co\/?post_type=product&#038;p=8207"},"modified":"2026-04-09T20:32:28","modified_gmt":"2026-04-09T20:32:28","slug":"mens-brown-calf-leather-derby-shoes","status":"publish","type":"product","link":"https:\/\/turkishtrade.co\/tr\/shop\/mens-brown-calf-leather-derby-shoes\/","title":{"rendered":"Erkek Kahverengi Dana Derisi Derby Ayakkab\u0131 Amazing | Erkek Kahverengi Dana Derisi Casual"},"content":{"rendered":"<p>Zarif tasar\u0131m\u0131m\u0131zla stilinizi bir \u00fcst seviyeye ta\u015f\u0131y\u0131n <strong>Erkek Kahverengi Dana Derisi Derby Ayakkab\u0131<\/strong>. Modern erkek i\u00e7in titizlikle \u00fcretilen bu ayakkab\u0131lar, zamans\u0131z tasar\u0131m\u0131 \u00e7a\u011fda\u015f konforla harmanlayarak her gard\u0131rop i\u00e7in vazge\u00e7ilmez bir eklenti haline geliyor. Birinci s\u0131n\u0131f dana derisi sayan\u0131n zengin kahverengi tonu, hem g\u00fcndelik geziler hem de daha g\u00f6steri\u015fli topluluklar i\u00e7in ideal olan, son derece \u00e7ok y\u00f6nl\u00fc sofistike bir g\u00f6r\u00fcn\u00fcm sunar. Ayakkab\u0131 koleksiyonunuzu hem kal\u0131c\u0131 stil hem de ola\u011fan\u00fcst\u00fc konfor vaat eden bir \u00e7iftle y\u00fckseltin.<\/p>\n<h3>E\u015fsiz Konfor ve \u00dcst\u00fcn \u0130\u015f\u00e7ilik<\/h3>\n<p>Bu ola\u011fan\u00fcst\u00fc modelin \u00f6zenle tasarlanm\u0131\u015f \u00f6zellikleriyle g\u00fcn boyu konforu ya\u015fay\u0131n <strong>Erkek Kahverengi Dana Derisi Derby Ayakkab\u0131<\/strong>. \u00dcst k\u0131s\u0131m, inan\u0131lmaz dayan\u0131kl\u0131l\u0131\u011f\u0131, p\u00fcr\u00fczs\u00fcz y\u00fczeyi ve ki\u015fiselle\u015ftirilmi\u015f bir uyum i\u00e7in zamanla aya\u011f\u0131n\u0131za uyum sa\u011flamas\u0131yla bilinen y\u00fcksek kaliteli, hakiki dana derisinden \u00fcretilmi\u015ftir. \u0130\u00e7 k\u0131s\u0131mda, ayaklar\u0131n\u0131z \u00fcst\u00fcn nefes alabilirlik ve cilde yumu\u015fak bir dokunu\u015f sa\u011flayan hakiki ke\u00e7i derisi astar\u0131n l\u00fcks hissini takdir edecektir. Bu do\u011fal astar nemi uzakla\u015ft\u0131rarak uzun s\u00fcreli kullan\u0131mlarda bile ayaklar\u0131n\u0131z\u0131n g\u00fcn boyunca kuru ve rahat kalmas\u0131n\u0131 sa\u011flar.<\/p>\n<p>Sa\u011flam ancak hafif EVA d\u0131\u015f taban, m\u00fckemmel \u015fok emilimi ve ola\u011fan\u00fcst\u00fc \u00e7eki\u015f g\u00fcc\u00fc sa\u011flayarak bu Derby ayakkab\u0131lar\u0131n\u0131 di\u011ferlerinden ay\u0131r\u0131r. \u0130ster \u015fehir sokaklar\u0131nda geziniyor ister parkta dola\u015f\u0131yor olun, EVA taban rahat bir ad\u0131m sunarak ayak yorgunlu\u011funu azalt\u0131r. \u015e\u0131k bir burunla tamamlanan klasik ba\u011fc\u0131kl\u0131 Derby stili, g\u00fcvenli bir uyum sa\u011flar ve rafine bir zarafet dokunu\u015fu ekleyerek bu ayakkab\u0131lar\u0131 \u00e7ok \u00e7e\u015fitli durumlar i\u00e7in uygun hale getirir. \u0130\u015f toplant\u0131lar\u0131ndan hafta sonu bulu\u015fmalar\u0131na kadar bu ayakkab\u0131lar hem estetik hem de i\u015flevsellik sunar.<\/p>\n<h3>Her Durum i\u00e7in \u00c7ok Y\u00f6nl\u00fcl\u00fck<\/h3>\n<p>Bunlar <strong>Erkek Kahverengi Dana Derisi Derby Ayakkab\u0131<\/strong> i\u015f hayat\u0131ndan hafta sonu \u015f\u0131kl\u0131\u011f\u0131na sorunsuzca ge\u00e7i\u015f yapmak i\u00e7in tasarlanm\u0131\u015ft\u0131r. Ak\u0131ll\u0131 bir ofis g\u00f6r\u00fcn\u00fcm\u00fc i\u00e7in \u00f6zel dikim pantolonlarla, sofistike bir g\u00fcndelik kombin i\u00e7in koyu y\u0131kama kot pantolonlarla veya rahat ama g\u00f6steri\u015fli bir hava i\u00e7in chino pantolonlarla e\u015fle\u015ftirin. Zamans\u0131z tasar\u0131mlar\u0131, y\u0131llarca koleksiyonunuzun temel par\u00e7alar\u0131ndan biri olarak kalmalar\u0131n\u0131 sa\u011flar. Bu ayakkab\u0131lara yat\u0131r\u0131m yapmak, kal\u0131c\u0131 bir stile ve benzersiz bir konfora yat\u0131r\u0131m yapmak anlam\u0131na gelir. Y\u00fcksek kaliteli ayakkab\u0131 stoklamak isteyen i\u015fletmeler i\u00e7in bu birinci s\u0131n\u0131f ayakkab\u0131lar, minimum 16 \u00e7ift sipari\u015f miktar\u0131 ile toptan sat\u0131n al\u0131nabilir ve m\u00fckemmel de\u011fer ve m\u00fc\u015fteri memnuniyeti vaat eder. Se\u00e7kin m\u00fc\u015fterilerde yank\u0131 uyand\u0131ran bu ger\u00e7ekten ola\u011fan\u00fcst\u00fc kahverengi deri Derby ayakkab\u0131larla perakende tekliflerinizi geni\u015fletin.<\/p>","protected":false},"excerpt":{"rendered":"<ul>\n<li>Dayan\u0131kl\u0131l\u0131k ve Stil i\u00e7in Premium Dana Derisi Saya<\/li>\n<li>T\u00fcm G\u00fcn Kullan\u0131m i\u00e7in Rahat ve Hafif EVA D\u0131\u015f Taban<\/li>\n<li>Nefes Alabilen Ke\u00e7i Derisi Astar \u00dcst\u00fcn Konfor Sa\u011flar<\/li>\n<li>Zarif Cap Toe Tasar\u0131ml\u0131 Klasik Ba\u011fc\u0131kl\u0131 Derby Stili<\/li>\n<li>Avrupa \u00d6l\u00e7\u00fclerinde mevcuttur: 40, 41, 42, 43, 44<\/li>\n<li>G\u00fcnl\u00fck ve Ak\u0131ll\u0131 G\u00fcnl\u00fck K\u0131yafetler i\u00e7in M\u00fckemmel<\/li>\n<li>Toptan Sat\u0131\u015f Mevcuttur: Minimum 16 \u00c7ift Sipari\u015f<\/li>\n<\/ul>","protected":false},"featured_media":6957,"template":"","meta":{"_acf_changed":false,"_uag_custom_page_level_css":"","site-sidebar-layout":"default","site-content-layout":"","ast-site-content-layout":"default","site-content-style":"default","site-sidebar-style":"default","ast-global-header-display":"","ast-banner-title-visibility":"","ast-main-header-display":"","ast-hfb-above-header-display":"","ast-hfb-below-header-display":"","ast-hfb-mobile-header-display":"","site-post-title":"","ast-breadcrumbs-content":"","ast-featured-img":"","footer-sml-layout":"","ast-disable-related-posts":"","theme-transparent-header-meta":"","adv-header-id-meta":"","stick-header-meta":"","header-above-stick-meta":"","header-main-stick-meta":"","header-below-stick-meta":"","astra-migrate-meta-layouts":"default","ast-page-background-enabled":"default","ast-page-background-meta":{"desktop":{"background-color":"var(--ast-global-color-4)","background-image":"","background-repeat":"repeat","background-position":"center center","background-size":"auto","background-attachment":"scroll","background-type":"","background-media":"","overlay-type":"","overlay-color":"","overlay-opacity":"","overlay-gradient":""},"tablet":{"background-color":"","background-image":"","background-repeat":"repeat","background-position":"center center","background-size":"auto","background-attachment":"scroll","background-type":"","background-media":"","overlay-type":"","overlay-color":"","overlay-opacity":"","overlay-gradient":""},"mobile":{"background-color":"","background-image":"","background-repeat":"repeat","background-position":"center center","background-size":"auto","background-attachment":"scroll","background-type":"","background-media":"","overlay-type":"","overlay-color":"","overlay-opacity":"","overlay-gradient":""}},"ast-content-background-meta":{"desktop":{"background-color":"var(--ast-global-color-5)","background-image":"","background-repeat":"repeat","background-position":"center center","background-size":"auto","background-attachment":"scroll","background-type":"","background-media":"","overlay-type":"","overlay-color":"","overlay-opacity":"","overlay-gradient":""},"tablet":{"background-color":"var(--ast-global-color-5)","background-image":"","background-repeat":"repeat","background-position":"center center","background-size":"auto","background-attachment":"scroll","background-type":"","background-media":"","overlay-type":"","overlay-color":"","overlay-opacity":"","overlay-gradient":""},"mobile":{"background-color":"var(--ast-global-color-5)","background-image":"","background-repeat":"repeat","background-position":"center center","background-size":"auto","background-attachment":"scroll","background-type":"","background-media":"","overlay-type":"","overlay-color":"","overlay-opacity":"","overlay-gradient":""}}},"product_brand":[],"product_cat":[48,47,49,430,1200],"product_tag":[292,1253,1337,1062,290,287,189,380],"class_list":{"0":"post-8207","1":"product","2":"type-product","3":"status-publish","4":"has-post-thumbnail","6":"product_cat-casual","7":"product_cat-classic","8":"product_cat-loafer","9":"product_cat-men","10":"product_cat-mens-shoes-2","11":"product_tag-brown-leather-shoes","12":"product_tag-calf-leather-derby","13":"product_tag-cap-toe-derby","14":"product_tag-casual-derby-shoes","15":"product_tag-comfortable-mens-shoes","16":"product_tag-eva-sole-shoes","17":"product_tag-goat-leather-lining","18":"product_tag-smart-casual-footwear","19":"desktop-align-center","20":"tablet-align-center","21":"mobile-align-center","23":"first","24":"instock","25":"shipping-taxable","26":"purchasable","27":"product-type-variable","28":"has-default-attributes"},"acf":[],"uagb_featured_image_src":{"full":["https:\/\/turkishtrade.co\/wp-content\/uploads\/2026\/01\/2600NZTMN00058-DARK-BROWN.png",453,250,false],"thumbnail":["https:\/\/turkishtrade.co\/wp-content\/uploads\/2026\/01\/2600NZTMN00058-DARK-BROWN-150x150.png",150,150,true],"medium":["https:\/\/turkishtrade.co\/wp-content\/uploads\/2026\/01\/2600NZTMN00058-DARK-BROWN-300x166.png",300,166,true],"medium_large":["https:\/\/turkishtrade.co\/wp-content\/uploads\/2026\/01\/2600NZTMN00058-DARK-BROWN.png",453,250,false],"large":["https:\/\/turkishtrade.co\/wp-content\/uploads\/2026\/01\/2600NZTMN00058-DARK-BROWN.png",453,250,false],"1536x1536":["https:\/\/turkishtrade.co\/wp-content\/uploads\/2026\/01\/2600NZTMN00058-DARK-BROWN.png",453,250,false],"2048x2048":["https:\/\/turkishtrade.co\/wp-content\/uploads\/2026\/01\/2600NZTMN00058-DARK-BROWN.png",453,250,false],"trp-custom-language-flag":["https:\/\/turkishtrade.co\/wp-content\/uploads\/2026\/01\/2600NZTMN00058-DARK-BROWN-18x10.png",18,10,true],"woocommerce_thumbnail":["https:\/\/turkishtrade.co\/wp-content\/uploads\/2026\/01\/2600NZTMN00058-DARK-BROWN-400x250.png",400,250,true],"woocommerce_single":["https:\/\/turkishtrade.co\/wp-content\/uploads\/2026\/01\/2600NZTMN00058-DARK-BROWN.png",453,250,false],"woocommerce_gallery_thumbnail":["https:\/\/turkishtrade.co\/wp-content\/uploads\/2026\/01\/2600NZTMN00058-DARK-BROWN-100x100.png",100,100,true]},"uagb_author_info":{"display_name":"python python","author_link":"https:\/\/turkishtrade.co\/tr\/author\/"},"uagb_comment_info":0,"uagb_excerpt":"Premium Calf Leather Upper for Durability &amp; Style Comfortable &amp; Lightweight EVA Outsole for All-Day Wear Breathable Goat Leather Lining Ensures Superior Comfort Classic Lace-Up Derby Style with Elegant Cap Toe Design Available in European Sizes: 40, 41, 42, 43, 44 Perfect for Casual &amp; Smart Casual Attire Wholesale Availability: Minimum Order of 16 Pairs","_links":{"self":[{"href":"https:\/\/turkishtrade.co\/tr\/wp-json\/wp\/v2\/product\/8207","targetHints":{"allow":["GET"]}}],"collection":[{"href":"https:\/\/turkishtrade.co\/tr\/wp-json\/wp\/v2\/product"}],"about":[{"href":"https:\/\/turkishtrade.co\/tr\/wp-json\/wp\/v2\/types\/product"}],"wp:featuredmedia":[{"embeddable":true,"href":"https:\/\/turkishtrade.co\/tr\/wp-json\/wp\/v2\/media\/6957"}],"wp:attachment":[{"href":"https:\/\/turkishtrade.co\/tr\/wp-json\/wp\/v2\/media?parent=8207"}],"wp:term":[{"taxonomy":"product_brand","embeddable":true,"href":"https:\/\/turkishtrade.co\/tr\/wp-json\/wp\/v2\/product_brand?post=8207"},{"taxonomy":"product_cat","embeddable":true,"href":"https:\/\/turkishtrade.co\/tr\/wp-json\/wp\/v2\/product_cat?post=8207"},{"taxonomy":"product_tag","embeddable":true,"href":"https:\/\/turkishtrade.co\/tr\/wp-json\/wp\/v2\/product_tag?post=8207"}],"curies":[{"name":"wp","href":"https:\/\/api.w.org\/{rel}","templated":true}]}}