{"id":8205,"date":"2026-01-29T14:48:21","date_gmt":"2026-01-29T14:48:21","guid":{"rendered":"https:\/\/turkishtrade.co\/?post_type=product&#038;p=8205"},"modified":"2026-04-09T20:32:37","modified_gmt":"2026-04-09T20:32:37","slug":"mens-black-calf-leather-tassel-loafers","status":"publish","type":"product","link":"https:\/\/turkishtrade.co\/tr\/shop\/mens-black-calf-leather-tassel-loafers\/","title":{"rendered":"Erkek Siyah Dana Derisi P\u00fcsk\u00fcll\u00fc Loafer Elite"},"content":{"rendered":"<p><strong>Erkek Siyah Dana Derisi P\u00fcsk\u00fcll\u00fc Loafer<\/strong>. Elit kalite ve tasar\u0131m.<\/p>\n<p>Birinci s\u0131n\u0131f \u00fcr\u00fcnlerimizle benzersiz sofistike ve konforlu bir ortama ad\u0131m at\u0131n <strong>Erkek Siyah Dana Derisi P\u00fcsk\u00fcll\u00fc Loafer<\/strong>. Modern beyefendiler i\u00e7in ustal\u0131kla tasarlanan bu loafer ayakkab\u0131lar, zamans\u0131z \u015f\u0131kl\u0131\u011f\u0131 \u00e7a\u011fda\u015f rahatl\u0131kla kusursuz bir \u015fekilde harmanlayarak her se\u00e7kin gard\u0131robun vazge\u00e7ilmez bir par\u00e7as\u0131 haline geliyor. En iyi dana derisinden \u00fcretilen bu ayakkab\u0131lar sadece l\u00fcks bir g\u00f6r\u00fcn\u00fcm de\u011fil, ayn\u0131 zamanda zaman\u0131n testine dayanacak ola\u011fan\u00fcst\u00fc dayan\u0131kl\u0131l\u0131k vaat ediyor.<\/p>\n<h3>Rakipsiz \u0130\u015f\u00e7ilik ve \u00dcst\u00fcn Malzemeler<\/h3>\n<p>Bu zarif mokasenlerin her bir \u00e7ifti \u00fcst\u00fcn i\u015f\u00e7ili\u011fin bir kan\u0131t\u0131d\u0131r. D\u0131\u015f y\u00fczeyi, p\u00fcr\u00fczs\u00fcz dokusu, esnekli\u011fi ve zaman i\u00e7inde g\u00fczel bir patine geli\u015ftirme kabiliyetiyle tan\u0131nan y\u00fcksek kaliteli dana derisinden \u00fcretilmi\u015ftir. \u0130\u00e7 k\u0131s\u0131mda, ayaklar\u0131n\u0131z yumu\u015fak ve nefes alabilen ke\u00e7i derisi astarla sar\u0131lacak ve uzun s\u00fcreli kullan\u0131mlarda bile maksimum konfor ve nem emme \u00f6zellikleri sa\u011flayacakt\u0131r. Bu ola\u011fan\u00fcst\u00fc ayakkab\u0131n\u0131n temeli <strong>siyah dana derisi mokasen ayakkab\u0131<\/strong> hafif ama sa\u011flam bir EVA taband\u0131r. Bu yenilik\u00e7i taban malzemesi \u00fcst\u00fcn yast\u0131klama, esneklik ve \u015fok emilimi sa\u011flayarak sabahtan ak\u015fama kadar rahat bir y\u00fcr\u00fcy\u00fc\u015f sa\u011flar. Kendine \u00f6zg\u00fc p\u00fcsk\u00fcl detay\u0131, klasik bir \u00e7ekicilik katarak bu loafer'lar\u0131 s\u0131radan ayakkab\u0131lar\u0131n \u00f6tesine ta\u015f\u0131r.<\/p>\n<h3>Her Durum i\u00e7in \u00c7ok Y\u00f6nl\u00fcl\u00fck<\/h3>\n<p>\u0130ster resmi bir etkinli\u011fe, ister bir i\u015f toplant\u0131s\u0131na gidiyor olun, ister sadece rahat bir hafta sonu gezisinin tad\u0131n\u0131 \u00e7\u0131kar\u0131n, bu <strong>erkek si\u0307yah dana deri\u0307si\u0307 p\u00fcsk\u00fcll\u00fc mokasen<\/strong> ideal arkada\u015f\u0131n\u0131zd\u0131r. \u00c7ok y\u00f6nl\u00fc tasar\u0131mlar\u0131, keskin ve g\u00f6steri\u015fli bir g\u00f6r\u00fcn\u00fcm i\u00e7in \u00f6zel dikim tak\u0131m elbiselerle ya da \u015f\u0131k ve rahat bir kombin i\u00e7in chino ve kot pantolonlarla zahmetsizce e\u015fle\u015ftirilebilmelerini sa\u011flar. Zengin siyah tonu, geni\u015f bir renk ve stil yelpazesini tamamlamas\u0131n\u0131 sa\u011flayarak onlar\u0131 \u00e7e\u015fitli durumlar i\u00e7in inan\u0131lmaz derecede uyarlanabilir hale getirir. 40'tan 44'e kadar kapsaml\u0131 bir beden yelpazesinde mevcut oldu\u011fundan, m\u00fckemmel uyumunuzu bulmak \u00e7ok kolay.<\/p>\n<h3>Kal\u0131c\u0131 Konfor ve Tarz\u0131 Deneyimleyin<\/h3>\n<p>Yat\u0131r\u0131mlar\u0131m\u0131z <strong>Erkek Siyah Dana Derisi P\u00fcsk\u00fcll\u00fc Loafer<\/strong> hem kal\u0131c\u0131 stile hem de ola\u011fan\u00fcst\u00fc konfora yat\u0131r\u0131m yapmak anlam\u0131na gelir. Birinci s\u0131n\u0131f dana derisi, yumu\u015fak ke\u00e7i astar ve destekleyici EVA taban\u0131n birle\u015fimi, bu ayakkab\u0131lar\u0131n sadece muhte\u015fem g\u00f6r\u00fcnmesini de\u011fil, ayn\u0131 zamanda her ad\u0131mda inan\u0131lmaz hissettirmesini sa\u011flar. Kaliteye, konfora ve \u015f\u0131k bir dokunu\u015fa de\u011fer veren erkekler i\u00e7in m\u00fckemmel olan bu mokasen ayakkab\u0131lar fark yaratmak i\u00e7in tasarland\u0131. Klasik tasar\u0131m\u0131n modern konforla bulu\u015ftu\u011fu erkek ayakkab\u0131lar\u0131nda son noktay\u0131 ke\u015ffedin. Toplu sipari\u015fler i\u00e7in toptan sat\u0131\u015f se\u00e7enekleri de mevcuttur ve m\u00fc\u015fterilerinizin bu birinci s\u0131n\u0131f teklifin keyfini \u00e7\u0131karmas\u0131n\u0131 sa\u011flar.<\/p>","protected":false},"excerpt":{"rendered":"<ul>\n<li>Birinci s\u0131n\u0131f bir g\u00f6r\u00fcn\u00fcm i\u00e7in l\u00fcks dana derisinden \u00fcretilmi\u015ftir.<\/li>\n<li>G\u00fcn boyu konfor i\u00e7in yumu\u015fak ve nefes alabilen ke\u00e7i derisi astara sahiptir.<\/li>\n<li>Hafif ve esnek EVA taban ile donat\u0131lm\u0131\u015ft\u0131r.<\/li>\n<li>Sofistike bir dokunu\u015f i\u00e7in zarif p\u00fcsk\u00fcl detaylar.<\/li>\n<li>40, 41, 42, 43, 44 bedenleri mevcuttur.<\/li>\n<li>Hem g\u00fcndelik hem de klasik k\u0131yafetler i\u00e7in m\u00fckemmeldir.<\/li>\n<li>Minimum 16 \u00e7ift sipari\u015f ile toptan sat\u0131\u015f f\u0131rsatlar\u0131 mevcuttur.<\/li>\n<\/ul>","protected":false},"featured_media":6954,"template":"","meta":{"_acf_changed":false,"_uag_custom_page_level_css":"","site-sidebar-layout":"default","site-content-layout":"","ast-site-content-layout":"default","site-content-style":"default","site-sidebar-style":"default","ast-global-header-display":"","ast-banner-title-visibility":"","ast-main-header-display":"","ast-hfb-above-header-display":"","ast-hfb-below-header-display":"","ast-hfb-mobile-header-display":"","site-post-title":"","ast-breadcrumbs-content":"","ast-featured-img":"","footer-sml-layout":"","ast-disable-related-posts":"","theme-transparent-header-meta":"","adv-header-id-meta":"","stick-header-meta":"","header-above-stick-meta":"","header-main-stick-meta":"","header-below-stick-meta":"","astra-migrate-meta-layouts":"default","ast-page-background-enabled":"default","ast-page-background-meta":{"desktop":{"background-color":"var(--ast-global-color-4)","background-image":"","background-repeat":"repeat","background-position":"center center","background-size":"auto","background-attachment":"scroll","background-type":"","background-media":"","overlay-type":"","overlay-color":"","overlay-opacity":"","overlay-gradient":""},"tablet":{"background-color":"","background-image":"","background-repeat":"repeat","background-position":"center center","background-size":"auto","background-attachment":"scroll","background-type":"","background-media":"","overlay-type":"","overlay-color":"","overlay-opacity":"","overlay-gradient":""},"mobile":{"background-color":"","background-image":"","background-repeat":"repeat","background-position":"center center","background-size":"auto","background-attachment":"scroll","background-type":"","background-media":"","overlay-type":"","overlay-color":"","overlay-opacity":"","overlay-gradient":""}},"ast-content-background-meta":{"desktop":{"background-color":"var(--ast-global-color-5)","background-image":"","background-repeat":"repeat","background-position":"center center","background-size":"auto","background-attachment":"scroll","background-type":"","background-media":"","overlay-type":"","overlay-color":"","overlay-opacity":"","overlay-gradient":""},"tablet":{"background-color":"var(--ast-global-color-5)","background-image":"","background-repeat":"repeat","background-position":"center center","background-size":"auto","background-attachment":"scroll","background-type":"","background-media":"","overlay-type":"","overlay-color":"","overlay-opacity":"","overlay-gradient":""},"mobile":{"background-color":"var(--ast-global-color-5)","background-image":"","background-repeat":"repeat","background-position":"center center","background-size":"auto","background-attachment":"scroll","background-type":"","background-media":"","overlay-type":"","overlay-color":"","overlay-opacity":"","overlay-gradient":""}}},"product_brand":[],"product_cat":[48,47,49,430,1200],"product_tag":[814,185,512,457,287,1278,186,374,350,349],"class_list":{"0":"post-8205","1":"product","2":"type-product","3":"status-publish","4":"has-post-thumbnail","6":"product_cat-casual","7":"product_cat-classic","8":"product_cat-loafer","9":"product_cat-men","10":"product_cat-mens-shoes-2","11":"product_tag-black-leather-loafers","12":"product_tag-calf-leather-shoes","13":"product_tag-casual-loafers","14":"product_tag-classic-loafers","15":"product_tag-eva-sole-shoes","16":"product_tag-goat-lining-shoes","17":"product_tag-mens-loafers","18":"product_tag-premium-loafers","19":"product_tag-stylish-mens-footwear","20":"product_tag-tassel-loafers","21":"desktop-align-center","22":"tablet-align-center","23":"mobile-align-center","25":"first","26":"instock","27":"shipping-taxable","28":"purchasable","29":"product-type-variable","30":"has-default-attributes"},"acf":[],"uagb_featured_image_src":{"full":["https:\/\/turkishtrade.co\/wp-content\/uploads\/2026\/01\/2600NZTMN00056-BLACK.png",453,250,false],"thumbnail":["https:\/\/turkishtrade.co\/wp-content\/uploads\/2026\/01\/2600NZTMN00056-BLACK-150x150.png",150,150,true],"medium":["https:\/\/turkishtrade.co\/wp-content\/uploads\/2026\/01\/2600NZTMN00056-BLACK-300x166.png",300,166,true],"medium_large":["https:\/\/turkishtrade.co\/wp-content\/uploads\/2026\/01\/2600NZTMN00056-BLACK.png",453,250,false],"large":["https:\/\/turkishtrade.co\/wp-content\/uploads\/2026\/01\/2600NZTMN00056-BLACK.png",453,250,false],"1536x1536":["https:\/\/turkishtrade.co\/wp-content\/uploads\/2026\/01\/2600NZTMN00056-BLACK.png",453,250,false],"2048x2048":["https:\/\/turkishtrade.co\/wp-content\/uploads\/2026\/01\/2600NZTMN00056-BLACK.png",453,250,false],"trp-custom-language-flag":["https:\/\/turkishtrade.co\/wp-content\/uploads\/2026\/01\/2600NZTMN00056-BLACK-18x10.png",18,10,true],"woocommerce_thumbnail":["https:\/\/turkishtrade.co\/wp-content\/uploads\/2026\/01\/2600NZTMN00056-BLACK-400x250.png",400,250,true],"woocommerce_single":["https:\/\/turkishtrade.co\/wp-content\/uploads\/2026\/01\/2600NZTMN00056-BLACK.png",453,250,false],"woocommerce_gallery_thumbnail":["https:\/\/turkishtrade.co\/wp-content\/uploads\/2026\/01\/2600NZTMN00056-BLACK-100x100.png",100,100,true]},"uagb_author_info":{"display_name":"python python","author_link":"https:\/\/turkishtrade.co\/tr\/author\/"},"uagb_comment_info":0,"uagb_excerpt":"Crafted from luxurious calf leather for a premium finish. Features a soft and breathable goat leather lining for all-day comfort. Equipped with a lightweight and flexible EVA sole. Elegant tassel detailing for a sophisticated touch. Available in sizes 40, 41, 42, 43, 44. Perfect for both casual and classic attire. Wholesale opportunities available with a&hellip;","_links":{"self":[{"href":"https:\/\/turkishtrade.co\/tr\/wp-json\/wp\/v2\/product\/8205","targetHints":{"allow":["GET"]}}],"collection":[{"href":"https:\/\/turkishtrade.co\/tr\/wp-json\/wp\/v2\/product"}],"about":[{"href":"https:\/\/turkishtrade.co\/tr\/wp-json\/wp\/v2\/types\/product"}],"wp:featuredmedia":[{"embeddable":true,"href":"https:\/\/turkishtrade.co\/tr\/wp-json\/wp\/v2\/media\/6954"}],"wp:attachment":[{"href":"https:\/\/turkishtrade.co\/tr\/wp-json\/wp\/v2\/media?parent=8205"}],"wp:term":[{"taxonomy":"product_brand","embeddable":true,"href":"https:\/\/turkishtrade.co\/tr\/wp-json\/wp\/v2\/product_brand?post=8205"},{"taxonomy":"product_cat","embeddable":true,"href":"https:\/\/turkishtrade.co\/tr\/wp-json\/wp\/v2\/product_cat?post=8205"},{"taxonomy":"product_tag","embeddable":true,"href":"https:\/\/turkishtrade.co\/tr\/wp-json\/wp\/v2\/product_tag?post=8205"}],"curies":[{"name":"wp","href":"https:\/\/api.w.org\/{rel}","templated":true}]}}