{"id":8204,"date":"2026-01-29T14:48:21","date_gmt":"2026-01-29T14:48:21","guid":{"rendered":"https:\/\/turkishtrade.co\/?post_type=product&#038;p=8204"},"modified":"2026-04-09T20:32:40","modified_gmt":"2026-04-09T20:32:40","slug":"mens-black-calf-leather-derby-shoes","status":"publish","type":"product","link":"https:\/\/turkishtrade.co\/tr\/shop\/mens-black-calf-leather-derby-shoes\/","title":{"rendered":"Erkek Siyah Dana Derisi Derby Ayakkab\u0131 Exclusive | Erkek Klasik Siyah Dana Derisi"},"content":{"rendered":"<p><strong>Erkek Siyah Dana Derisi Derby Ayakkab\u0131<\/strong>. \u00d6zel kalite ve tasar\u0131m.<\/p>\n<p>Enfes tasar\u0131m\u0131m\u0131zla benzersiz bir stil ve konfora ad\u0131m at\u0131n <b>Erkek Siyah Dana Derisi Derby Ayakkab\u0131<\/b>. Modern erkek i\u00e7in titizlikle \u00fcretilen bu ayakkab\u0131lar, klasik \u015f\u0131kl\u0131k ve g\u00fcnl\u00fck pratikli\u011fin m\u00fckemmel bir kar\u0131\u015f\u0131m\u0131n\u0131 temsil ediyor. \u0130ster i\u015f ama\u00e7l\u0131 g\u00fcndelik bir toplant\u0131ya, ister bir hafta sonu bulu\u015fmas\u0131na gidiyor olun, ister g\u00fcnl\u00fck k\u0131yafetlerinizi y\u00fckseltiyor olun, bu Derby ayakkab\u0131lar sabahtan ak\u015fama kadar \u00fcst\u00fcn konfor sa\u011flarken bir a\u00e7\u0131klama yapmak i\u00e7in tasarlanm\u0131\u015ft\u0131r.<\/p>\n<h3>\u00dcst\u00fcn Konfor ve Dayan\u0131kl\u0131l\u0131k i\u00e7in Birinci S\u0131n\u0131f Malzemeler<\/h3>\n<p>Bizim <b>Erkek Siyah Dana Derisi Derby Ayakkab\u0131<\/b> yumu\u015fak dokusu, ola\u011fan\u00fcst\u00fc dayan\u0131kl\u0131l\u0131\u011f\u0131 ve zarif g\u00f6r\u00fcn\u00fcm\u00fcyle tan\u0131nan en iyi kalite dana derisinden \u00fcretilmi\u015ftir. Bu birinci s\u0131n\u0131f deri sadece sofistike g\u00f6r\u00fcnmekle kalmaz, ayn\u0131 zamanda zamanla aya\u011f\u0131n\u0131za uyum sa\u011flayarak ki\u015fiselle\u015ftirilmi\u015f bir uyum sunar. \u0130\u00e7 k\u0131s\u0131mda, ayaklar\u0131n\u0131z ola\u011fan\u00fcst\u00fc nefes alabilirlik ve cilde kar\u015f\u0131 p\u00fcr\u00fczs\u00fcz, rahat bir his sunan l\u00fcks ke\u00e7i derisi astarla sar\u0131l\u0131r. Sentetik alternatiflerin aksine, ke\u00e7i derisi optimum hava sirk\u00fclasyonu sa\u011flayarak ayaklar\u0131n\u0131z\u0131 g\u00fcn boyunca taze ve kuru tutar. Bu ola\u011fan\u00fcst\u00fc ayakkab\u0131lar\u0131n temelini hafif ama sa\u011flam EVA taban olu\u015fturur. Maksimum yast\u0131klama ve esneklik i\u00e7in tasarlanan EVA taban, her ad\u0131mda \u015foku emerek ayak yorgunlu\u011funu azalt\u0131r ve \u00e7e\u015fitli y\u00fczeylerde m\u00fckemmel tutu\u015f sa\u011flar. Bu \u00fcst\u00fcn malzeme kombinasyonu, bu ayakkab\u0131lar\u0131 <b>Erkek Siyah Dana Derisi Derby Ayakkab\u0131<\/b> gard\u0131robunuz i\u00e7in dayan\u0131kl\u0131 bir yat\u0131r\u0131m.<\/p>\n<h3>Zamans\u0131z Tasar\u0131m Modern \u00c7ok Y\u00f6nl\u00fcl\u00fckle Bulu\u015fuyor<\/h3>\n<p>Kendine \u00f6zg\u00fc a\u00e7\u0131k ba\u011fc\u0131k sistemine sahip klasik siyah Derby stili, profesyonel ortamlardan g\u00fcndelik ortamlara sorunsuz bir \u015fekilde ge\u00e7i\u015f yapan zamans\u0131z bir \u00e7ekicilik sunar. \u015e\u0131k kap burun tasar\u0131m\u0131, rafine bir sofistike dokunu\u015f katarak bu ayakkab\u0131lar\u0131 \u00f6zel pantolonlar ve chino pantolonlardan \u015f\u0131k denimlere kadar \u00e7ok \u00e7e\u015fitli k\u0131yafetler i\u00e7in uygun hale getirir. Bu ayakkab\u0131lar\u0131n \u00e7ok y\u00f6nl\u00fcl\u00fc\u011f\u00fc <b>Erkek Siyah Dana Derisi Derby Ayakkab\u0131<\/b> her tak\u0131m\u0131 tamamlama yeteneklerinden emin olarak onlara tekrar tekrar ula\u015faca\u011f\u0131n\u0131z anlam\u0131na gelir. 40, 41, 42, 43 ve 44 Avrupa bedenlerinde mevcut olup, geni\u015f bir yelpazedeki se\u00e7ici m\u00fc\u015fterilerimiz i\u00e7in m\u00fckemmel bir uyum sa\u011fl\u0131yoruz.<\/p>\n<h3>\u0130\u015fletmeler i\u00e7in Toptan Sat\u0131\u015f F\u0131rsatlar\u0131<\/h3>\n<p>M\u00fc\u015fterilerine y\u00fcksek kaliteli ayakkab\u0131lar sunmak isteyen perakendeciler ve i\u015fletmeler i\u00e7in <b>Erkek Siyah Dana Derisi Derby Ayakkab\u0131<\/b> toptan sat\u0131n al\u0131nabilir. Yaln\u0131zca 16 \u00e7iftlik minimum sipari\u015f miktar\u0131yla, envanterinizi bu aranan erkek ayakkab\u0131lar\u0131yla kolayca stoklayabilirsiniz. M\u00fc\u015fterilerinize i\u015f\u00e7ilik, konfor ve klasik tasar\u0131m\u0131 bir araya getiren birinci s\u0131n\u0131f ayakkab\u0131lar sunarken, rekabet\u00e7i toptan sat\u0131\u015f fiyatlar\u0131ndan yararlan\u0131n. Pazar\u0131n\u0131za ola\u011fan\u00fcst\u00fc kalite ve stil getirmek i\u00e7in bizimle ortak olun.<\/p>","protected":false},"excerpt":{"rendered":"<ul>\n<li>Ola\u011fan\u00fcst\u00fc dayan\u0131kl\u0131l\u0131k ve zamans\u0131z stil i\u00e7in birinci s\u0131n\u0131f dana derisinden \u00fcretilmi\u015ftir.<\/li>\n<li>\u00dcst\u00fcn konfor ve nefes alabilirlik i\u00e7in l\u00fcks ke\u00e7i derisi astara sahiptir.<\/li>\n<li>M\u00fckemmel yast\u0131klama ve destek sunan hafif EVA taban ile donat\u0131lm\u0131\u015ft\u0131r.<\/li>\n<li>Hem g\u00fcndelik hem de yar\u0131 resmi giyim i\u00e7in m\u00fckemmel olan \u00e7ok y\u00f6nl\u00fc klasik siyah Derby tarz\u0131nda tasarlanm\u0131\u015ft\u0131r.<\/li>\n<li>Minimum 16 \u00e7ift sipari\u015f ile toptan sat\u0131n al\u0131nabilir.<\/li>\n<\/ul>","protected":false},"featured_media":6953,"template":"","meta":{"_acf_changed":false,"_uag_custom_page_level_css":"","site-sidebar-layout":"default","site-content-layout":"","ast-site-content-layout":"default","site-content-style":"default","site-sidebar-style":"default","ast-global-header-display":"","ast-banner-title-visibility":"","ast-main-header-display":"","ast-hfb-above-header-display":"","ast-hfb-below-header-display":"","ast-hfb-mobile-header-display":"","site-post-title":"","ast-breadcrumbs-content":"","ast-featured-img":"","footer-sml-layout":"","ast-disable-related-posts":"","theme-transparent-header-meta":"","adv-header-id-meta":"","stick-header-meta":"","header-above-stick-meta":"","header-main-stick-meta":"","header-below-stick-meta":"","astra-migrate-meta-layouts":"default","ast-page-background-enabled":"default","ast-page-background-meta":{"desktop":{"background-color":"var(--ast-global-color-4)","background-image":"","background-repeat":"repeat","background-position":"center center","background-size":"auto","background-attachment":"scroll","background-type":"","background-media":"","overlay-type":"","overlay-color":"","overlay-opacity":"","overlay-gradient":""},"tablet":{"background-color":"","background-image":"","background-repeat":"repeat","background-position":"center center","background-size":"auto","background-attachment":"scroll","background-type":"","background-media":"","overlay-type":"","overlay-color":"","overlay-opacity":"","overlay-gradient":""},"mobile":{"background-color":"","background-image":"","background-repeat":"repeat","background-position":"center center","background-size":"auto","background-attachment":"scroll","background-type":"","background-media":"","overlay-type":"","overlay-color":"","overlay-opacity":"","overlay-gradient":""}},"ast-content-background-meta":{"desktop":{"background-color":"var(--ast-global-color-5)","background-image":"","background-repeat":"repeat","background-position":"center center","background-size":"auto","background-attachment":"scroll","background-type":"","background-media":"","overlay-type":"","overlay-color":"","overlay-opacity":"","overlay-gradient":""},"tablet":{"background-color":"var(--ast-global-color-5)","background-image":"","background-repeat":"repeat","background-position":"center center","background-size":"auto","background-attachment":"scroll","background-type":"","background-media":"","overlay-type":"","overlay-color":"","overlay-opacity":"","overlay-gradient":""},"mobile":{"background-color":"var(--ast-global-color-5)","background-image":"","background-repeat":"repeat","background-position":"center center","background-size":"auto","background-attachment":"scroll","background-type":"","background-media":"","overlay-type":"","overlay-color":"","overlay-opacity":"","overlay-gradient":""}}},"product_brand":[],"product_cat":[48,47,49,430,1200],"product_tag":[407,185,458,1242,287,1278,324,936],"class_list":{"0":"post-8204","1":"product","2":"type-product","3":"status-publish","4":"has-post-thumbnail","6":"product_cat-casual","7":"product_cat-classic","8":"product_cat-loafer","9":"product_cat-men","10":"product_cat-mens-shoes-2","11":"product_tag-black-derby-shoes","12":"product_tag-calf-leather-shoes","13":"product_tag-cap-toe-shoes","14":"product_tag-casual-classic-shoes","15":"product_tag-eva-sole-shoes","16":"product_tag-goat-lining-shoes","17":"product_tag-mens-dress-shoes","18":"product_tag-premium-mens-footwear","19":"desktop-align-center","20":"tablet-align-center","21":"mobile-align-center","23":"first","24":"instock","25":"shipping-taxable","26":"purchasable","27":"product-type-variable","28":"has-default-attributes"},"acf":[],"uagb_featured_image_src":{"full":["https:\/\/turkishtrade.co\/wp-content\/uploads\/2026\/01\/2600NZTMN00055-BLACK.png",453,250,false],"thumbnail":["https:\/\/turkishtrade.co\/wp-content\/uploads\/2026\/01\/2600NZTMN00055-BLACK-150x150.png",150,150,true],"medium":["https:\/\/turkishtrade.co\/wp-content\/uploads\/2026\/01\/2600NZTMN00055-BLACK-300x166.png",300,166,true],"medium_large":["https:\/\/turkishtrade.co\/wp-content\/uploads\/2026\/01\/2600NZTMN00055-BLACK.png",453,250,false],"large":["https:\/\/turkishtrade.co\/wp-content\/uploads\/2026\/01\/2600NZTMN00055-BLACK.png",453,250,false],"1536x1536":["https:\/\/turkishtrade.co\/wp-content\/uploads\/2026\/01\/2600NZTMN00055-BLACK.png",453,250,false],"2048x2048":["https:\/\/turkishtrade.co\/wp-content\/uploads\/2026\/01\/2600NZTMN00055-BLACK.png",453,250,false],"trp-custom-language-flag":["https:\/\/turkishtrade.co\/wp-content\/uploads\/2026\/01\/2600NZTMN00055-BLACK-18x10.png",18,10,true],"woocommerce_thumbnail":["https:\/\/turkishtrade.co\/wp-content\/uploads\/2026\/01\/2600NZTMN00055-BLACK-400x250.png",400,250,true],"woocommerce_single":["https:\/\/turkishtrade.co\/wp-content\/uploads\/2026\/01\/2600NZTMN00055-BLACK.png",453,250,false],"woocommerce_gallery_thumbnail":["https:\/\/turkishtrade.co\/wp-content\/uploads\/2026\/01\/2600NZTMN00055-BLACK-100x100.png",100,100,true]},"uagb_author_info":{"display_name":"python python","author_link":"https:\/\/turkishtrade.co\/tr\/author\/"},"uagb_comment_info":0,"uagb_excerpt":"Crafted from premium calf leather for exceptional durability and timeless style. Features a luxurious goat leather lining for superior comfort and breathability. Equipped with a lightweight EVA sole, offering excellent cushioning and support. Designed in a versatile classic black Derby style, perfect for both casual and semi-formal wear. Available for wholesale purchase with a minimum&hellip;","_links":{"self":[{"href":"https:\/\/turkishtrade.co\/tr\/wp-json\/wp\/v2\/product\/8204","targetHints":{"allow":["GET"]}}],"collection":[{"href":"https:\/\/turkishtrade.co\/tr\/wp-json\/wp\/v2\/product"}],"about":[{"href":"https:\/\/turkishtrade.co\/tr\/wp-json\/wp\/v2\/types\/product"}],"wp:featuredmedia":[{"embeddable":true,"href":"https:\/\/turkishtrade.co\/tr\/wp-json\/wp\/v2\/media\/6953"}],"wp:attachment":[{"href":"https:\/\/turkishtrade.co\/tr\/wp-json\/wp\/v2\/media?parent=8204"}],"wp:term":[{"taxonomy":"product_brand","embeddable":true,"href":"https:\/\/turkishtrade.co\/tr\/wp-json\/wp\/v2\/product_brand?post=8204"},{"taxonomy":"product_cat","embeddable":true,"href":"https:\/\/turkishtrade.co\/tr\/wp-json\/wp\/v2\/product_cat?post=8204"},{"taxonomy":"product_tag","embeddable":true,"href":"https:\/\/turkishtrade.co\/tr\/wp-json\/wp\/v2\/product_tag?post=8204"}],"curies":[{"name":"wp","href":"https:\/\/api.w.org\/{rel}","templated":true}]}}