{"id":8203,"date":"2026-01-29T14:48:21","date_gmt":"2026-01-29T14:48:21","guid":{"rendered":"https:\/\/turkishtrade.co\/?post_type=product&#038;p=8203"},"modified":"2026-04-09T20:32:45","modified_gmt":"2026-04-09T20:32:45","slug":"brown-calf-leather-shoes","status":"publish","type":"product","link":"https:\/\/turkishtrade.co\/tr\/shop\/brown-calf-leather-shoes\/","title":{"rendered":"Kahverengi Dana Derisi Ayakkab\u0131 Ultimate | Erkek Klasik"},"content":{"rendered":"<p><strong>Kahverengi Dana Derisi Ayakkab\u0131<\/strong>. \u00dcst\u00fcn kalite ve tasar\u0131m.<\/p>\n<p>Enfes \u00fcr\u00fcnlerimizle sofistike konfora ad\u0131m at\u0131n <strong>Kahverengi Dana Derisi Ayakkab\u0131<\/strong>, modern erkek i\u00e7in titizlikle \u00fcretilmi\u015ftir. Zamans\u0131z klasik tasar\u0131m\u0131 \u00e7a\u011fda\u015f konfor teknolojisiyle harmanlayan bu birinci s\u0131n\u0131f ayakkab\u0131lar, her se\u00e7kin beyefendinin gard\u0131robuna vazge\u00e7ilmez bir katk\u0131 sa\u011flar. \u00dcst\u00fcn \u00e7ok y\u00f6nl\u00fcl\u00fck i\u00e7in tasarlanan bu ola\u011fan\u00fcst\u00fc <strong>kahverengi dana derisi ayakkab\u0131<\/strong> G\u00fcnd\u00fcz g\u00fcndelik k\u0131yafetlerden daha zarif ak\u015fam etkinliklerine zahmetsizce ge\u00e7i\u015f yaparak, durum ne olursa olsun her zaman en iyi \u015fekilde g\u00f6r\u00fcnmenizi ve hissetmenizi sa\u011flar.<\/p>\n<h3>Rakipsiz Kalite ve Uzman \u0130\u015f\u00e7ilik<\/h3>\n<p>Kaliteye olan sars\u0131lmaz ba\u011fl\u0131l\u0131\u011f\u0131m\u0131z, bu ola\u011fan\u00fcst\u00fc ayakkab\u0131lar\u0131n her bir detay\u0131nda kendini g\u00f6stermektedir. \u00dcst k\u0131s\u0131m, inan\u0131lmaz esnek dokusu, do\u011fal parlakl\u0131\u011f\u0131 ve ola\u011fan\u00fcst\u00fc dayan\u0131kl\u0131l\u0131\u011f\u0131 ile d\u00fcnya \u00e7ap\u0131nda tan\u0131nan hakiki, y\u00fcksek kaliteli dana derisinden ustal\u0131kla \u00fcretilmi\u015ftir. Bu birinci s\u0131n\u0131f dana derisi, yaln\u0131zca dikkat \u00e7eken sofistike bir estetik sa\u011flamakla kalmaz, ayn\u0131 zamanda zamanla aya\u011f\u0131n\u0131za zarif bir \u015fekilde uyum sa\u011flayarak yaln\u0131zca ya\u015fla birlikte geli\u015fen ki\u015fiselle\u015ftirilmi\u015f, eldiven benzeri bir uyum sunar. Zengin, koyu kahverengi tonu, zamans\u0131z bir zarafet dokunu\u015fu katarak bu klasik ayakkab\u0131y\u0131 garanti eder. <strong>kahverengi dana derisi ayakkab\u0131<\/strong> y\u0131llarca ayakkab\u0131 koleksiyonunuzun vazge\u00e7ilmez bir par\u00e7as\u0131 olmaya devam edecek.<\/p>\n<h3>Geli\u015fmi\u015f Malzemelerle \u00dcst\u00fcn Konfor<\/h3>\n<p>\u0130\u00e7ten d\u0131\u015fa ger\u00e7ek l\u00fcks\u00fc ve benzersiz konforu ya\u015fay\u0131n. Her bir \u00e7ift, cilde kar\u015f\u0131 inan\u0131lmaz yumu\u015fakl\u0131\u011f\u0131 ve \u00fcst\u00fcn nefes alabilirli\u011fi ile \u00fcnl\u00fc tam ke\u00e7i derisi astara sahiptir. Bu do\u011fal astar, ayak \u0131s\u0131s\u0131n\u0131 \u00f6zenle d\u00fczenlemeye yard\u0131mc\u0131 olarak ayaklar\u0131n\u0131z\u0131 en uzun g\u00fcnler boyunca serin, kuru ve ferah tutar ve genel kullan\u0131m konforunu \u00f6nemli \u00f6l\u00e7\u00fcde art\u0131r\u0131r. Pel\u00fc\u015f i\u00e7 k\u0131sm\u0131 tamamlayan son teknoloji EVA taban. Bu hafif ve son derece esnek malzeme m\u00fckemmel \u015fok emilimi ve esnek yast\u0131klama sa\u011flayarak ayak yorgunlu\u011funu etkili bir \u015fekilde azalt\u0131r ve uzun s\u00fcreli kullan\u0131mlarda bile ad\u0131mlar\u0131n\u0131zda fark edilir bir yaylanma sunar. Sa\u011flam ancak son derece rahat EVA taban ayr\u0131ca \u00e7e\u015fitli y\u00fczeylerde dengeli \u00e7eki\u015f ve uzun s\u00fcreli performans sa\u011flar.<\/p>\n<h3>Stil ve \u00c7ok Y\u00f6nl\u00fcl\u00fc\u011f\u00fcn M\u00fckemmel Kar\u0131\u015f\u0131m\u0131<\/h3>\n<p>Bu klasik ba\u011fc\u0131kl\u0131 ayakkab\u0131lar, g\u00fcndelik \u015f\u0131kl\u0131\u011f\u0131n ve zarif esteti\u011fin m\u00fckemmel bir dengesini temsil eder. \u00c7ok y\u00f6nl\u00fc tasar\u0131mlar\u0131, bu ayakkab\u0131lar\u0131 profesyonel i\u015f ortamlar\u0131ndan rahatlat\u0131c\u0131 hafta sonu gezilerine kadar \u00e7ok \u00e7e\u015fitli durumlar i\u00e7in kusursuz bir \u015fekilde uygun hale getirir. \u015e\u0131k bir smart-casual g\u00f6r\u00fcn\u00fcm i\u00e7in chino pantolonlarla zahmetsizce e\u015fle\u015ftirin veya abart\u0131s\u0131z, zahmetsiz bir stil i\u00e7in en sevdi\u011finiz kot pantolonlarla giydirin. Kapsaml\u0131 bir Avrupa beden yelpazesinde (40, 41, 42, 43, 44) mevcut olan bu <strong>kahverengi dana derisi ayakkab\u0131<\/strong> bir\u00e7ok ki\u015fi i\u00e7in m\u00fckemmel ve rahat bir uyum sa\u011flamak \u00fczere titizlikle tasarlanm\u0131\u015ft\u0131r. Y\u00fcksek kaliteli erkek ayakkab\u0131s\u0131 stoklamak isteyen i\u015fletmeler i\u00e7in bu birinci s\u0131n\u0131f ayakkab\u0131lar, minimum 16 \u00e7ift sipari\u015f miktar\u0131yla toptan sat\u0131n al\u0131nmaya haz\u0131rd\u0131r ve de\u011ferli m\u00fc\u015fterilerinize ger\u00e7ekten birinci s\u0131n\u0131f, son derece rahat ve inkar edilemez derecede \u015f\u0131k se\u00e7enekler sunmak i\u00e7in m\u00fckemmel bir f\u0131rsat sunar.<\/p>","protected":false},"excerpt":{"rendered":"<ul>\n<li>Kal\u0131c\u0131 \u015f\u0131kl\u0131k ve sofistike \u00e7ekicilik i\u00e7in birinci s\u0131n\u0131f kahverengi dana derisi saya<\/li>\n<li>G\u00fcn boyu \u00fcst\u00fcn konfor i\u00e7in nefes alabilen ve yumu\u015fak ke\u00e7i derisi astar<\/li>\n<li>M\u00fckemmel yast\u0131klama ve destek sa\u011flayan hafif ve esnek EVA taban<\/li>\n<li>M\u00fckemmel uyum sa\u011flamak i\u00e7in 40, 41, 42, 43, 44 AB bedenlerinde mevcuttur<\/li>\n<li>Klasik ba\u011fc\u0131kl\u0131 tasar\u0131m, hem g\u00fcndelik hem de smart-casual durumlar i\u00e7in m\u00fckemmel<\/li>\n<li>Minimum 16 \u00e7ift sipari\u015f miktar\u0131 ile toptan sat\u0131\u015f f\u0131rsatlar\u0131 mevcuttur<\/li>\n<\/ul>","protected":false},"featured_media":6951,"template":"","meta":{"_acf_changed":false,"_uag_custom_page_level_css":"","site-sidebar-layout":"default","site-content-layout":"","ast-site-content-layout":"default","site-content-style":"default","site-sidebar-style":"default","ast-global-header-display":"","ast-banner-title-visibility":"","ast-main-header-display":"","ast-hfb-above-header-display":"","ast-hfb-below-header-display":"","ast-hfb-mobile-header-display":"","site-post-title":"","ast-breadcrumbs-content":"","ast-featured-img":"","footer-sml-layout":"","ast-disable-related-posts":"","theme-transparent-header-meta":"","adv-header-id-meta":"","stick-header-meta":"","header-above-stick-meta":"","header-main-stick-meta":"","header-below-stick-meta":"","astra-migrate-meta-layouts":"default","ast-page-background-enabled":"default","ast-page-background-meta":{"desktop":{"background-color":"var(--ast-global-color-4)","background-image":"","background-repeat":"repeat","background-position":"center center","background-size":"auto","background-attachment":"scroll","background-type":"","background-media":"","overlay-type":"","overlay-color":"","overlay-opacity":"","overlay-gradient":""},"tablet":{"background-color":"","background-image":"","background-repeat":"repeat","background-position":"center center","background-size":"auto","background-attachment":"scroll","background-type":"","background-media":"","overlay-type":"","overlay-color":"","overlay-opacity":"","overlay-gradient":""},"mobile":{"background-color":"","background-image":"","background-repeat":"repeat","background-position":"center center","background-size":"auto","background-attachment":"scroll","background-type":"","background-media":"","overlay-type":"","overlay-color":"","overlay-opacity":"","overlay-gradient":""}},"ast-content-background-meta":{"desktop":{"background-color":"var(--ast-global-color-5)","background-image":"","background-repeat":"repeat","background-position":"center center","background-size":"auto","background-attachment":"scroll","background-type":"","background-media":"","overlay-type":"","overlay-color":"","overlay-opacity":"","overlay-gradient":""},"tablet":{"background-color":"var(--ast-global-color-5)","background-image":"","background-repeat":"repeat","background-position":"center center","background-size":"auto","background-attachment":"scroll","background-type":"","background-media":"","overlay-type":"","overlay-color":"","overlay-opacity":"","overlay-gradient":""},"mobile":{"background-color":"var(--ast-global-color-5)","background-image":"","background-repeat":"repeat","background-position":"center center","background-size":"auto","background-attachment":"scroll","background-type":"","background-media":"","overlay-type":"","overlay-color":"","overlay-opacity":"","overlay-gradient":""}}},"product_brand":[],"product_cat":[48,47,49,430,1200],"product_tag":[1379,1248,319,287,189,286,936,255,289],"class_list":{"0":"post-8203","1":"product","2":"type-product","3":"status-publish","4":"has-post-thumbnail","6":"product_cat-casual","7":"product_cat-classic","8":"product_cat-loafer","9":"product_cat-men","10":"product_cat-mens-shoes-2","11":"product_tag-brown-calf-leather-shoes","12":"product_tag-classic-casual-shoes","13":"product_tag-comfortable-leather-shoes","14":"product_tag-eva-sole-shoes","15":"product_tag-goat-leather-lining","16":"product_tag-mens-leather-shoes","17":"product_tag-premium-mens-footwear","18":"product_tag-turkish-leather-shoes","19":"product_tag-wholesale-leather-shoes","20":"desktop-align-center","21":"tablet-align-center","22":"mobile-align-center","24":"first","25":"instock","26":"shipping-taxable","27":"purchasable","28":"product-type-variable","29":"has-default-attributes"},"acf":[],"uagb_featured_image_src":{"full":["https:\/\/turkishtrade.co\/wp-content\/uploads\/2026\/01\/2600NZTMN00053-BROWN.png",453,250,false],"thumbnail":["https:\/\/turkishtrade.co\/wp-content\/uploads\/2026\/01\/2600NZTMN00053-BROWN-150x150.png",150,150,true],"medium":["https:\/\/turkishtrade.co\/wp-content\/uploads\/2026\/01\/2600NZTMN00053-BROWN-300x166.png",300,166,true],"medium_large":["https:\/\/turkishtrade.co\/wp-content\/uploads\/2026\/01\/2600NZTMN00053-BROWN.png",453,250,false],"large":["https:\/\/turkishtrade.co\/wp-content\/uploads\/2026\/01\/2600NZTMN00053-BROWN.png",453,250,false],"1536x1536":["https:\/\/turkishtrade.co\/wp-content\/uploads\/2026\/01\/2600NZTMN00053-BROWN.png",453,250,false],"2048x2048":["https:\/\/turkishtrade.co\/wp-content\/uploads\/2026\/01\/2600NZTMN00053-BROWN.png",453,250,false],"trp-custom-language-flag":["https:\/\/turkishtrade.co\/wp-content\/uploads\/2026\/01\/2600NZTMN00053-BROWN-18x10.png",18,10,true],"woocommerce_thumbnail":["https:\/\/turkishtrade.co\/wp-content\/uploads\/2026\/01\/2600NZTMN00053-BROWN-400x250.png",400,250,true],"woocommerce_single":["https:\/\/turkishtrade.co\/wp-content\/uploads\/2026\/01\/2600NZTMN00053-BROWN.png",453,250,false],"woocommerce_gallery_thumbnail":["https:\/\/turkishtrade.co\/wp-content\/uploads\/2026\/01\/2600NZTMN00053-BROWN-100x100.png",100,100,true]},"uagb_author_info":{"display_name":"python python","author_link":"https:\/\/turkishtrade.co\/tr\/author\/"},"uagb_comment_info":0,"uagb_excerpt":"Premium brown calf leather upper for lasting elegance and sophisticated appeal Breathable and soft goat leather lining for superior all-day comfort Lightweight and flexible EVA sole providing excellent cushioning and support Available in EU sizes 40, 41, 42, 43, 44 to ensure a perfect fit Classic lace-up design, perfect for both casual and smart-casual occasions&hellip;","_links":{"self":[{"href":"https:\/\/turkishtrade.co\/tr\/wp-json\/wp\/v2\/product\/8203","targetHints":{"allow":["GET"]}}],"collection":[{"href":"https:\/\/turkishtrade.co\/tr\/wp-json\/wp\/v2\/product"}],"about":[{"href":"https:\/\/turkishtrade.co\/tr\/wp-json\/wp\/v2\/types\/product"}],"wp:featuredmedia":[{"embeddable":true,"href":"https:\/\/turkishtrade.co\/tr\/wp-json\/wp\/v2\/media\/6951"}],"wp:attachment":[{"href":"https:\/\/turkishtrade.co\/tr\/wp-json\/wp\/v2\/media?parent=8203"}],"wp:term":[{"taxonomy":"product_brand","embeddable":true,"href":"https:\/\/turkishtrade.co\/tr\/wp-json\/wp\/v2\/product_brand?post=8203"},{"taxonomy":"product_cat","embeddable":true,"href":"https:\/\/turkishtrade.co\/tr\/wp-json\/wp\/v2\/product_cat?post=8203"},{"taxonomy":"product_tag","embeddable":true,"href":"https:\/\/turkishtrade.co\/tr\/wp-json\/wp\/v2\/product_tag?post=8203"}],"curies":[{"name":"wp","href":"https:\/\/api.w.org\/{rel}","templated":true}]}}