{"id":8202,"date":"2026-01-29T14:48:21","date_gmt":"2026-01-29T14:48:21","guid":{"rendered":"https:\/\/turkishtrade.co\/?post_type=product&#038;p=8202"},"modified":"2026-04-09T20:32:48","modified_gmt":"2026-04-09T20:32:48","slug":"mens-brown-brogue-derby-shoes","status":"publish","type":"product","link":"https:\/\/turkishtrade.co\/tr\/shop\/mens-brown-brogue-derby-shoes\/","title":{"rendered":"Erkek Kahverengi Brogue Derby Ayakkab\u0131 Elite | Erkek Klasik Kahverengi Brogue Derby"},"content":{"rendered":"<p><strong>Erkek Kahverengi Brogue Derby Ayakkab\u0131<\/strong>. Elit kalite ve tasar\u0131m.<\/p>\n<p>Zarif \u00fcr\u00fcnlerimizle zamans\u0131z \u015f\u0131kl\u0131\u011fa ve e\u015fsiz konfora ad\u0131m at\u0131n <strong>Erkek Kahverengi Brogue Derby Ayakkab\u0131<\/strong>. Bu ayakkab\u0131lar, klasik sofistike ve \u00e7a\u011fda\u015f giyilebilirli\u011fin m\u00fckemmel bir kar\u0131\u015f\u0131m\u0131n\u0131 sunmak i\u00e7in titizlikle \u00fcretilmi\u015ftir. Kalite ve stili takdir eden modern erkekler i\u00e7in tasarlanan bu Derby ayakkab\u0131lar, her se\u00e7kin gard\u0131robun vazge\u00e7ilmez bir par\u00e7as\u0131d\u0131r. \u0130ster i\u015f ama\u00e7l\u0131 g\u00fcndelik bir etkinlik, ister hafta sonu gezintisi i\u00e7in giyiniyor olun, ister g\u00fcnl\u00fck k\u0131yafetlerinize g\u00f6steri\u015fli bir dokunu\u015f kat\u0131yor olun, bu kahverengi brogue ayakkab\u0131lar size e\u015flik eder.<\/p>\n<h3>Benzersiz \u0130\u015f\u00e7ilik ve \u00dcst\u00fcn Kaliteli Malzemeler<\/h3>\n<p>Bizim <strong>Erkek Kahverengi Brogue Derby Ayakkab\u0131<\/strong> \u00fcst\u00fcn i\u015f\u00e7ili\u011fin bir kan\u0131t\u0131d\u0131r. \u00dcst k\u0131s\u0131m, p\u00fcr\u00fczs\u00fcz dokusu, dayan\u0131kl\u0131l\u0131\u011f\u0131 ve g\u00fczel bir \u015fekilde eskime kabiliyetiyle tan\u0131nan birinci s\u0131n\u0131f dana derisinden yap\u0131lm\u0131\u015ft\u0131r. Bu y\u00fcksek kaliteli deri, ayakkab\u0131lar\u0131n\u0131z\u0131n yaln\u0131zca harika g\u00f6r\u00fcnmesini de\u011fil, ayn\u0131 zamanda y\u0131llarca giyildi\u011finde benzersiz bir patine geli\u015ftirerek zamana kar\u015f\u0131 dayan\u0131kl\u0131 olmas\u0131n\u0131 sa\u011flar. Zengin kahverengi tonu, \u00f6zel dikim pantolonlardan \u015f\u0131k denimlere kadar \u00e7e\u015fitli k\u0131yafetlerle zahmetsizce e\u015fle\u015ferek \u00e7ok y\u00f6nl\u00fc stil se\u00e7enekleri sunar.<\/p>\n<p>Konfor her \u015feyden \u00f6nemlidir, bu nedenle bu Derby ayakkab\u0131lar yumu\u015fak ve nefes alabilen ke\u00e7i derisi astara sahiptir. Bu l\u00fcks astar ayaklar\u0131n\u0131z\u0131 rahat\u00e7a sarar, m\u00fckemmel nem emme \u00f6zellikleri sa\u011flar ve uzun s\u00fcreli kullan\u0131mlarda bile ho\u015f bir deneyim sunar. Rahats\u0131zl\u0131\u011fa veda edin ve g\u00fcn boyu ferahl\u0131\u011fa merhaba deyin.<\/p>\n<h3>G\u00fcnl\u00fck Konfor i\u00e7in Hafif Tasar\u0131m<\/h3>\n<p>Geleneksel a\u011f\u0131r elbise ayakkab\u0131lar\u0131n\u0131n aksine, bizim <strong>Erkek Kahverengi Brogue Derby Ayakkab\u0131<\/strong> son teknoloji \u00fcr\u00fcn\u00fc EVA taban ile \u00fcretilmi\u015ftir. Bu yenilik\u00e7i taban malzemesi inan\u0131lmaz derecede hafif, esnektir ve ola\u011fan\u00fcst\u00fc yast\u0131klama ve \u015fok emilimi sa\u011flar. Sa\u011flam siyah EVA taban, klasik brogue tasar\u0131m\u0131na \u00e7a\u011fda\u015f bir hava katmakla kalmaz, ayn\u0131 zamanda rahat bir y\u00fcr\u00fcy\u00fc\u015f sa\u011flayarak bu ayakkab\u0131lar\u0131 \u015fehir manzaralar\u0131nda gezinmek veya uzun saatler boyunca ayakta kalmak i\u00e7in m\u00fckemmel hale getirir. Dokulu taban ayr\u0131ca g\u00fcvenilir tutu\u015f sa\u011flar.<\/p>\n<h3>Klasik Stil G\u00fcnl\u00fck \u00c7ok Y\u00f6nl\u00fcl\u00fckle Bulu\u015fuyor<\/h3>\n<p>Dekoratif deliklerle karakterize edilen zamans\u0131z brogue detaylar, bu Derby ayakkab\u0131lara klasik bir cazibe ve sofistike bir dokunu\u015f kat\u0131yor. Derby tasar\u0131m\u0131n\u0131n a\u00e7\u0131k ba\u011fc\u0131k sistemi, Oxfords'a k\u0131yasla biraz daha rahat ve konforlu bir uyum sa\u011flayarak \u00e7ok y\u00f6nl\u00fcl\u00fc\u011f\u00fcn\u00fc art\u0131r\u0131r. Yar\u0131 resmi davetler i\u00e7in uygun rafine bir estetik sunarken, rahat EVA taban\u0131 ve g\u00fcndelik-klasik tasar\u0131m\u0131 bu ayakkab\u0131lar\u0131 g\u00fcnl\u00fck kullan\u0131m i\u00e7in m\u00fckemmel bir \u015fekilde uyarlanabilir hale getirir. 40, 41, 42, 43 ve 44 gibi bir dizi pop\u00fcler AB bedeninde mevcut oldu\u011fundan, m\u00fckemmel uyumunuzu bulmak \u00e7ok kolay.<\/p>\n<p>Bir \u00e7ift ayakkab\u0131ya yat\u0131r\u0131m yap\u0131n <strong>Erkek Kahverengi Brogue Derby Ayakkab\u0131<\/strong> hem ola\u011fan\u00fcst\u00fc stil hem de kal\u0131c\u0131 konfor sunar. Bu ayakkab\u0131lar, g\u00f6r\u00fcn\u00fcm\u00fcn\u00fcz\u00fc y\u00fckseltmek ve g\u00fcn boyunca rahat bir deneyim sa\u011flamak i\u00e7in tasarlanm\u0131\u015ft\u0131r. Y\u00fcksek kaliteli ayakkab\u0131 stoklamak isteyen i\u015fletmeler i\u00e7in, minimum 16 \u00e7ift sipari\u015f miktar\u0131 ile toptan al\u0131mlar kabul edilir.<\/p>","protected":false},"excerpt":{"rendered":"<ul>\n<li>El Yap\u0131m\u0131 Erkek Klasik Kahverengi Brogue Derby Ayakkab\u0131<\/li>\n<li>Dayan\u0131kl\u0131l\u0131k ve Stil i\u00e7in Premium Dana Derisi Saya<\/li>\n<li>Nefes Alabilir Konfor i\u00e7in Yumu\u015fak Ke\u00e7i Derisi Astar<\/li>\n<li>G\u00fcn Boyu Kullan\u0131m i\u00e7in Hafif ve Esnek EVA Taban<\/li>\n<li>Zamans\u0131z Derby Tasar\u0131m\u0131yla Zarif Brogue Detayland\u0131rma<\/li>\n<li>AB Bedenlerinde mevcuttur: 40, 41, 42, 43, 44<\/li>\n<li>Minimum 16 \u00e7ift sipari\u015f ile toptan sat\u0131\u015f f\u0131rsatlar\u0131 mevcuttur.<\/li>\n<\/ul>","protected":false},"featured_media":6950,"template":"","meta":{"_acf_changed":false,"_uag_custom_page_level_css":"","site-sidebar-layout":"default","site-content-layout":"","ast-site-content-layout":"default","site-content-style":"default","site-sidebar-style":"default","ast-global-header-display":"","ast-banner-title-visibility":"","ast-main-header-display":"","ast-hfb-above-header-display":"","ast-hfb-below-header-display":"","ast-hfb-mobile-header-display":"","site-post-title":"","ast-breadcrumbs-content":"","ast-featured-img":"","footer-sml-layout":"","ast-disable-related-posts":"","theme-transparent-header-meta":"","adv-header-id-meta":"","stick-header-meta":"","header-above-stick-meta":"","header-main-stick-meta":"","header-below-stick-meta":"","astra-migrate-meta-layouts":"default","ast-page-background-enabled":"default","ast-page-background-meta":{"desktop":{"background-color":"var(--ast-global-color-4)","background-image":"","background-repeat":"repeat","background-position":"center center","background-size":"auto","background-attachment":"scroll","background-type":"","background-media":"","overlay-type":"","overlay-color":"","overlay-opacity":"","overlay-gradient":""},"tablet":{"background-color":"","background-image":"","background-repeat":"repeat","background-position":"center center","background-size":"auto","background-attachment":"scroll","background-type":"","background-media":"","overlay-type":"","overlay-color":"","overlay-opacity":"","overlay-gradient":""},"mobile":{"background-color":"","background-image":"","background-repeat":"repeat","background-position":"center center","background-size":"auto","background-attachment":"scroll","background-type":"","background-media":"","overlay-type":"","overlay-color":"","overlay-opacity":"","overlay-gradient":""}},"ast-content-background-meta":{"desktop":{"background-color":"var(--ast-global-color-5)","background-image":"","background-repeat":"repeat","background-position":"center center","background-size":"auto","background-attachment":"scroll","background-type":"","background-media":"","overlay-type":"","overlay-color":"","overlay-opacity":"","overlay-gradient":""},"tablet":{"background-color":"var(--ast-global-color-5)","background-image":"","background-repeat":"repeat","background-position":"center center","background-size":"auto","background-attachment":"scroll","background-type":"","background-media":"","overlay-type":"","overlay-color":"","overlay-opacity":"","overlay-gradient":""},"mobile":{"background-color":"var(--ast-global-color-5)","background-image":"","background-repeat":"repeat","background-position":"center center","background-size":"auto","background-attachment":"scroll","background-type":"","background-media":"","overlay-type":"","overlay-color":"","overlay-opacity":"","overlay-gradient":""}}},"product_brand":[],"product_cat":[48,47,49,430,1200],"product_tag":[654,218,202,449,145,212,438,227,281],"class_list":{"0":"post-8202","1":"product","2":"type-product","3":"status-publish","4":"has-post-thumbnail","6":"product_cat-casual","7":"product_cat-classic","8":"product_cat-loafer","9":"product_cat-men","10":"product_cat-mens-shoes-2","11":"product_tag-brogue-shoes","12":"product_tag-brown-shoes","13":"product_tag-calf-leather","14":"product_tag-casual-shoes","15":"product_tag-classic-shoes","16":"product_tag-derby-shoes","17":"product_tag-eva-sole","18":"product_tag-leather-shoes","19":"product_tag-wholesale-shoes","20":"desktop-align-center","21":"tablet-align-center","22":"mobile-align-center","24":"first","25":"instock","26":"shipping-taxable","27":"purchasable","28":"product-type-variable","29":"has-default-attributes"},"acf":[],"uagb_featured_image_src":{"full":["https:\/\/turkishtrade.co\/wp-content\/uploads\/2026\/01\/2600NZTMN00052-BROWN.png",453,250,false],"thumbnail":["https:\/\/turkishtrade.co\/wp-content\/uploads\/2026\/01\/2600NZTMN00052-BROWN-150x150.png",150,150,true],"medium":["https:\/\/turkishtrade.co\/wp-content\/uploads\/2026\/01\/2600NZTMN00052-BROWN-300x166.png",300,166,true],"medium_large":["https:\/\/turkishtrade.co\/wp-content\/uploads\/2026\/01\/2600NZTMN00052-BROWN.png",453,250,false],"large":["https:\/\/turkishtrade.co\/wp-content\/uploads\/2026\/01\/2600NZTMN00052-BROWN.png",453,250,false],"1536x1536":["https:\/\/turkishtrade.co\/wp-content\/uploads\/2026\/01\/2600NZTMN00052-BROWN.png",453,250,false],"2048x2048":["https:\/\/turkishtrade.co\/wp-content\/uploads\/2026\/01\/2600NZTMN00052-BROWN.png",453,250,false],"trp-custom-language-flag":["https:\/\/turkishtrade.co\/wp-content\/uploads\/2026\/01\/2600NZTMN00052-BROWN-18x10.png",18,10,true],"woocommerce_thumbnail":["https:\/\/turkishtrade.co\/wp-content\/uploads\/2026\/01\/2600NZTMN00052-BROWN-400x250.png",400,250,true],"woocommerce_single":["https:\/\/turkishtrade.co\/wp-content\/uploads\/2026\/01\/2600NZTMN00052-BROWN.png",453,250,false],"woocommerce_gallery_thumbnail":["https:\/\/turkishtrade.co\/wp-content\/uploads\/2026\/01\/2600NZTMN00052-BROWN-100x100.png",100,100,true]},"uagb_author_info":{"display_name":"python python","author_link":"https:\/\/turkishtrade.co\/tr\/author\/"},"uagb_comment_info":0,"uagb_excerpt":"Handcrafted Men's Classic Brown Brogue Derby Shoes Premium Calf Leather Upper for Durability and Style Soft Goat Leather Lining for Breathable Comfort Lightweight and Flexible EVA Sole for All-Day Wear Elegant Brogue Detailing with Timeless Derby Design Available in EU Sizes: 40, 41, 42, 43, 44 Wholesale opportunities available with a minimum order of 16&hellip;","_links":{"self":[{"href":"https:\/\/turkishtrade.co\/tr\/wp-json\/wp\/v2\/product\/8202","targetHints":{"allow":["GET"]}}],"collection":[{"href":"https:\/\/turkishtrade.co\/tr\/wp-json\/wp\/v2\/product"}],"about":[{"href":"https:\/\/turkishtrade.co\/tr\/wp-json\/wp\/v2\/types\/product"}],"wp:featuredmedia":[{"embeddable":true,"href":"https:\/\/turkishtrade.co\/tr\/wp-json\/wp\/v2\/media\/6950"}],"wp:attachment":[{"href":"https:\/\/turkishtrade.co\/tr\/wp-json\/wp\/v2\/media?parent=8202"}],"wp:term":[{"taxonomy":"product_brand","embeddable":true,"href":"https:\/\/turkishtrade.co\/tr\/wp-json\/wp\/v2\/product_brand?post=8202"},{"taxonomy":"product_cat","embeddable":true,"href":"https:\/\/turkishtrade.co\/tr\/wp-json\/wp\/v2\/product_cat?post=8202"},{"taxonomy":"product_tag","embeddable":true,"href":"https:\/\/turkishtrade.co\/tr\/wp-json\/wp\/v2\/product_tag?post=8202"}],"curies":[{"name":"wp","href":"https:\/\/api.w.org\/{rel}","templated":true}]}}