{"id":8201,"date":"2026-01-29T14:48:21","date_gmt":"2026-01-29T14:48:21","guid":{"rendered":"https:\/\/turkishtrade.co\/?post_type=product&#038;p=8201"},"modified":"2026-04-09T20:32:52","modified_gmt":"2026-04-09T20:32:52","slug":"mens-casual-brogue-derby-shoes","status":"publish","type":"product","link":"https:\/\/turkishtrade.co\/tr\/shop\/mens-casual-brogue-derby-shoes\/","title":{"rendered":"EVA Tabanl\u0131 Erkek G\u00fcnl\u00fck Brogue Derby Ayakkab\u0131 Kan\u0131tlanm\u0131\u015f |"},"content":{"rendered":"<p>Enfes ayakkab\u0131lar\u0131m\u0131zla ayakkab\u0131 oyununuzu h\u0131zland\u0131r\u0131n <strong>Erkek G\u00fcnl\u00fck Brogue Derby Ayakkab\u0131<\/strong>. Hem sofistike stile hem de ola\u011fan\u00fcst\u00fc konfora de\u011fer veren modern erkekler i\u00e7in tasarlanan bu <strong>erkek g\u00fcnl\u00fck brogue derby ayakkab\u0131<\/strong> \u00fcst\u00fcn i\u015f\u00e7ili\u011fin bir kan\u0131t\u0131d\u0131r. Her bir \u00e7ift birinci s\u0131n\u0131f hakiki inek derisinden titizlikle \u00fcretilmi\u015ftir ve yaln\u0131zca se\u00e7kin bir g\u00f6r\u00fcn\u00fcm de\u011fil ayn\u0131 zamanda uzun s\u00fcreli dayan\u0131kl\u0131l\u0131k da sa\u011flar. Derinin zengin dokusu ve kalitesi g\u00fczel bir \u015fekilde ya\u015flanmay\u0131 vaat ederek bu <strong>erkek g\u00fcnl\u00fck brogue derby ayakkab\u0131<\/strong> y\u0131llarca gard\u0131robunuza de\u011ferli bir katk\u0131 sa\u011flayacakt\u0131r. Bu \u015f\u0131k ayakkab\u0131lar, resmi \u015f\u0131kl\u0131k ve rahat g\u00fcndelik giyim aras\u0131ndaki bo\u015flu\u011fu m\u00fckemmel bir \u015fekilde doldurarak \u00e7e\u015fitli durumlar i\u00e7in \u00e7ok y\u00f6nl\u00fcl\u00fck sunar.<\/p>\n<h3>Her Ad\u0131mda Benzersiz Konfor<\/h3>\n<p>Bunlar\u0131 giydi\u011finiz andan itibaren \u00fcst\u00fcn konforu ya\u015fay\u0131n <strong>Erkek G\u00fcnl\u00fck Brogue Derby Ayakkab\u0131<\/strong>. \u0130\u00e7 k\u0131sm\u0131 son derece yumu\u015fak ke\u00e7i derisiyle \u00f6zenle astarlanm\u0131\u015ft\u0131r ve ayaklar\u0131n\u0131za p\u00fcr\u00fczs\u00fcz, nefes alabilir ve l\u00fcks bir his verir. Bu do\u011fal astar, nemi etkin bir \u015fekilde uzakla\u015ft\u0131rarak ayaklar\u0131n\u0131z\u0131n g\u00fcn boyunca ferah ve rahat kalmas\u0131n\u0131 sa\u011flar. Bu ayakkab\u0131lar\u0131 ger\u00e7ekten farkl\u0131 k\u0131lan <strong>erkek g\u00fcnl\u00fck brogue derby ayakkab\u0131<\/strong> di\u011fer bir \u00f6zelli\u011fi de hafif ve son derece esnek EVA taban\u0131d\u0131r. Bu yenilik\u00e7i taban teknolojisi m\u00fckemmel yast\u0131klama ve \u015fok emilimi sunarak bu ayakkab\u0131lar\u0131 <strong>erkek g\u00fcnl\u00fck brogue derby ayakkab\u0131<\/strong> \u0130ster \u015fehir sokaklar\u0131nda geziniyor, ister g\u00fcndelik bir i\u015f toplant\u0131s\u0131na kat\u0131l\u0131yor ya da rahat bir hafta sonu gezintisinin tad\u0131n\u0131 \u00e7\u0131kar\u0131yor olun, uzun s\u00fcreli kullan\u0131m i\u00e7in idealdir.<\/p>\n<h3>Klasik \u015e\u0131kl\u0131k ve Modern Rahatl\u0131\u011f\u0131n Bir Kar\u0131\u015f\u0131m\u0131<\/h3>\n<p>Bunlar herhangi bir ayakkab\u0131 de\u011fil; klasik zarafet ve \u00e7a\u011fda\u015f g\u00fcndelik yetene\u011fin m\u00fckemmel bir birle\u015fimi. \u0130konik brogue delikleri, geleneksel sofistike bir dokunu\u015f katarak detaylara g\u00f6sterilen \u00f6zeni ve zamans\u0131z \u00e7ekicili\u011fi sergiler. Bu arada, derby ba\u011fc\u0131k sistemi, \u00e7e\u015fitli ayak geni\u015fliklerine uyarlanabilen rahat ve g\u00fcvenli bir uyum sa\u011flar. Sa\u011flam ancak \u015f\u0131k EVA taban, bu ayakkab\u0131lara <strong>erkek g\u00fcnl\u00fck brogue derby ayakkab\u0131<\/strong> modern ve g\u00fcndelik bir hava katarak yar\u0131 resmi i\u015f ortamlar\u0131ndan \u015f\u0131k ve g\u00fcndelik sosyal toplant\u0131lara zahmetsizce ge\u00e7i\u015f yapmalar\u0131n\u0131 sa\u011flar. 40'tan 44'e kadar \u00e7e\u015fitli pratik bedenlerde mevcut oldu\u011fundan, m\u00fckemmel uyumunuzu bulmak \u00e7ok kolay. G\u00fcnl\u00fck stilinizi y\u00fckseltin ve bir \u00e7ift <strong>Erkek G\u00fcnl\u00fck Brogue Derby Ayakkab\u0131<\/strong> hem zamans\u0131z tasar\u0131m hem de benzersiz konfor sunuyor. Ayr\u0131ca \u00fcr\u00fcnlerimiz i\u00e7in cazip toptan sat\u0131\u015f se\u00e7enekleri de sunuyoruz. <strong>Erkek G\u00fcnl\u00fck Brogue Derby Ayakkab\u0131<\/strong> Minimum 16 \u00e7ift sipari\u015fle, hem stil hem de konfor arayan se\u00e7ici m\u00fc\u015fterilere hitap eden y\u00fcksek kaliteli ayakkab\u0131lar stoklamak isteyen perakendeciler i\u00e7in m\u00fckemmeldir.<\/p>","protected":false},"excerpt":{"rendered":"<ul>\n<li>Ustal\u0131kla haz\u0131rlanm\u0131\u015f <strong>hakiki inek derisi<\/strong> dayan\u0131kl\u0131l\u0131k ve sofistike bir g\u00f6r\u00fcn\u00fcm i\u00e7in.<\/li>\n<li>L\u00fcks bir \u015fekilde astarlanm\u0131\u015f <strong>yumu\u015fak ke\u00e7i derisi<\/strong> Benzersiz konfor ve nefes alabilirlik i\u00e7in.<\/li>\n<li>Hafif ve esnek bir yap\u0131ya sahiptir <strong>EVA taban<\/strong>, T\u00fcm g\u00fcn kullan\u0131m i\u00e7in \u00fcst\u00fcn yast\u0131klama sa\u011flar.<\/li>\n<li>Klasik brogue detaylar\u0131n\u0131 modern ve rahat bir derby tasar\u0131m\u0131yla birle\u015ftirir.<\/li>\n<li>Pop\u00fcler bedenlerde mevcuttur: 40, 41c, 42c, 43c, 44.<\/li>\n<li><strong>Toptan Sat\u0131\u015f Mevcuttur: Minimum sipari\u015f miktar\u0131 16 \u00e7ifttir.<\/strong><\/li>\n<\/ul>","protected":false},"featured_media":6948,"template":"","meta":{"_acf_changed":false,"_uag_custom_page_level_css":"","site-sidebar-layout":"default","site-content-layout":"","ast-site-content-layout":"default","site-content-style":"default","site-sidebar-style":"default","ast-global-header-display":"","ast-banner-title-visibility":"","ast-main-header-display":"","ast-hfb-above-header-display":"","ast-hfb-below-header-display":"","ast-hfb-mobile-header-display":"","site-post-title":"","ast-breadcrumbs-content":"","ast-featured-img":"","footer-sml-layout":"","ast-disable-related-posts":"","theme-transparent-header-meta":"","adv-header-id-meta":"","stick-header-meta":"","header-above-stick-meta":"","header-main-stick-meta":"","header-below-stick-meta":"","astra-migrate-meta-layouts":"default","ast-page-background-enabled":"default","ast-page-background-meta":{"desktop":{"background-color":"var(--ast-global-color-4)","background-image":"","background-repeat":"repeat","background-position":"center center","background-size":"auto","background-attachment":"scroll","background-type":"","background-media":"","overlay-type":"","overlay-color":"","overlay-opacity":"","overlay-gradient":""},"tablet":{"background-color":"","background-image":"","background-repeat":"repeat","background-position":"center center","background-size":"auto","background-attachment":"scroll","background-type":"","background-media":"","overlay-type":"","overlay-color":"","overlay-opacity":"","overlay-gradient":""},"mobile":{"background-color":"","background-image":"","background-repeat":"repeat","background-position":"center center","background-size":"auto","background-attachment":"scroll","background-type":"","background-media":"","overlay-type":"","overlay-color":"","overlay-opacity":"","overlay-gradient":""}},"ast-content-background-meta":{"desktop":{"background-color":"var(--ast-global-color-5)","background-image":"","background-repeat":"repeat","background-position":"center center","background-size":"auto","background-attachment":"scroll","background-type":"","background-media":"","overlay-type":"","overlay-color":"","overlay-opacity":"","overlay-gradient":""},"tablet":{"background-color":"var(--ast-global-color-5)","background-image":"","background-repeat":"repeat","background-position":"center center","background-size":"auto","background-attachment":"scroll","background-type":"","background-media":"","overlay-type":"","overlay-color":"","overlay-opacity":"","overlay-gradient":""},"mobile":{"background-color":"var(--ast-global-color-5)","background-image":"","background-repeat":"repeat","background-position":"center center","background-size":"auto","background-attachment":"scroll","background-type":"","background-media":"","overlay-type":"","overlay-color":"","overlay-opacity":"","overlay-gradient":""}}},"product_brand":[],"product_cat":[48,47,49,430,1200],"product_tag":[605,654,449,1045,212,438,1249,227,198],"class_list":{"0":"post-8201","1":"product","2":"type-product","3":"status-publish","4":"has-post-thumbnail","6":"product_cat-casual","7":"product_cat-classic","8":"product_cat-loafer","9":"product_cat-men","10":"product_cat-mens-shoes-2","11":"product_tag-black-shoes","12":"product_tag-brogue-shoes","13":"product_tag-casual-shoes","14":"product_tag-cow-leather","15":"product_tag-derby-shoes","16":"product_tag-eva-sole","17":"product_tag-goat-lining","18":"product_tag-leather-shoes","19":"product_tag-mens-fashion","20":"desktop-align-center","21":"tablet-align-center","22":"mobile-align-center","24":"first","25":"instock","26":"shipping-taxable","27":"purchasable","28":"product-type-variable","29":"has-default-attributes"},"acf":[],"uagb_featured_image_src":{"full":["https:\/\/turkishtrade.co\/wp-content\/uploads\/2026\/01\/2600NZTMN00051-BLACK.png",453,250,false],"thumbnail":["https:\/\/turkishtrade.co\/wp-content\/uploads\/2026\/01\/2600NZTMN00051-BLACK-150x150.png",150,150,true],"medium":["https:\/\/turkishtrade.co\/wp-content\/uploads\/2026\/01\/2600NZTMN00051-BLACK-300x166.png",300,166,true],"medium_large":["https:\/\/turkishtrade.co\/wp-content\/uploads\/2026\/01\/2600NZTMN00051-BLACK.png",453,250,false],"large":["https:\/\/turkishtrade.co\/wp-content\/uploads\/2026\/01\/2600NZTMN00051-BLACK.png",453,250,false],"1536x1536":["https:\/\/turkishtrade.co\/wp-content\/uploads\/2026\/01\/2600NZTMN00051-BLACK.png",453,250,false],"2048x2048":["https:\/\/turkishtrade.co\/wp-content\/uploads\/2026\/01\/2600NZTMN00051-BLACK.png",453,250,false],"trp-custom-language-flag":["https:\/\/turkishtrade.co\/wp-content\/uploads\/2026\/01\/2600NZTMN00051-BLACK-18x10.png",18,10,true],"woocommerce_thumbnail":["https:\/\/turkishtrade.co\/wp-content\/uploads\/2026\/01\/2600NZTMN00051-BLACK-400x250.png",400,250,true],"woocommerce_single":["https:\/\/turkishtrade.co\/wp-content\/uploads\/2026\/01\/2600NZTMN00051-BLACK.png",453,250,false],"woocommerce_gallery_thumbnail":["https:\/\/turkishtrade.co\/wp-content\/uploads\/2026\/01\/2600NZTMN00051-BLACK-100x100.png",100,100,true]},"uagb_author_info":{"display_name":"python python","author_link":"https:\/\/turkishtrade.co\/tr\/author\/"},"uagb_comment_info":0,"uagb_excerpt":"Expertly crafted from genuine cow leather for durability and a sophisticated look. Luxuriously lined with soft goat leather for unparalleled comfort and breathability. Features a lightweight and flexible EVA sole, providing superior cushioning for all-day wear. Combines classic brogue detailing with a modern casual derby design. Available in popular sizes: 40, 41c, 42c, 43c, 44.&hellip;","_links":{"self":[{"href":"https:\/\/turkishtrade.co\/tr\/wp-json\/wp\/v2\/product\/8201","targetHints":{"allow":["GET"]}}],"collection":[{"href":"https:\/\/turkishtrade.co\/tr\/wp-json\/wp\/v2\/product"}],"about":[{"href":"https:\/\/turkishtrade.co\/tr\/wp-json\/wp\/v2\/types\/product"}],"wp:featuredmedia":[{"embeddable":true,"href":"https:\/\/turkishtrade.co\/tr\/wp-json\/wp\/v2\/media\/6948"}],"wp:attachment":[{"href":"https:\/\/turkishtrade.co\/tr\/wp-json\/wp\/v2\/media?parent=8201"}],"wp:term":[{"taxonomy":"product_brand","embeddable":true,"href":"https:\/\/turkishtrade.co\/tr\/wp-json\/wp\/v2\/product_brand?post=8201"},{"taxonomy":"product_cat","embeddable":true,"href":"https:\/\/turkishtrade.co\/tr\/wp-json\/wp\/v2\/product_cat?post=8201"},{"taxonomy":"product_tag","embeddable":true,"href":"https:\/\/turkishtrade.co\/tr\/wp-json\/wp\/v2\/product_tag?post=8201"}],"curies":[{"name":"wp","href":"https:\/\/api.w.org\/{rel}","templated":true}]}}