{"id":8200,"date":"2026-01-29T14:48:21","date_gmt":"2026-01-29T14:48:21","guid":{"rendered":"https:\/\/turkishtrade.co\/?post_type=product&#038;p=8200"},"modified":"2026-04-09T20:32:55","modified_gmt":"2026-04-09T20:32:55","slug":"mens-classic-leather-loafers-10","status":"publish","type":"product","link":"https:\/\/turkishtrade.co\/tr\/shop\/mens-classic-leather-loafers-10\/","title":{"rendered":"Erkek Klasik Deri Loafer Ultimate | Erkek Klasik Dana Derisi Loafer"},"content":{"rendered":"<p><strong>Erkek Klasik Deri Loafer'lar<\/strong>. \u00dcst\u00fcn kalite ve tasar\u0131m.<\/p>\n<p>Zarif \u00fcr\u00fcnlerimizle zamans\u0131z \u015f\u0131kl\u0131\u011fa ve benzersiz konfora ad\u0131m at\u0131n <b>Erkek Klasik Deri Loafer'lar<\/b>. Hem stil hem de \u00f6ze \u00f6nem veren modern erkekler i\u00e7in \u00fcretilen bu mokasen ayakkab\u0131lar, sofistike g\u00fcndelik giyimin \u00f6z\u00fcd\u00fcr. Her bir \u00e7ift, birinci s\u0131n\u0131f malzemeleri modas\u0131 asla ge\u00e7meyen bir tasar\u0131mla birle\u015ftirerek \u00fcst\u00fcn i\u015f\u00e7ili\u011fi temsil eder.<\/p>\n<h3>E\u015fsiz Kalite ve Konfor<\/h3>\n<p>Bu se\u00e7kinlerin \u00fcst k\u0131sm\u0131 <b>Erkek Klasik Deri Loafer'lar<\/b> y\u00fcksek kaliteli dana derisinden titizlikle \u00fcretilmi\u015ftir. Bu malzeme se\u00e7imi sadece l\u00fcks bir g\u00f6r\u00fcn\u00fcm ve his vermekle kalmaz, ayn\u0131 zamanda ola\u011fan\u00fcst\u00fc dayan\u0131kl\u0131l\u0131k ve a\u015f\u0131nmaya kar\u015f\u0131 diren\u00e7 sa\u011flayarak zaman i\u00e7inde aya\u011f\u0131n\u0131za g\u00fczel bir \u015fekilde uyum sa\u011flar. Sa\u011flam d\u0131\u015f y\u00fczeyi tamamlayan i\u00e7 k\u0131s\u0131m, yumu\u015fak ve nefes alabilen ke\u00e7i derisi astara sahiptir ve g\u00fcn boyu kullan\u0131m i\u00e7in e\u015fsiz bir konfor d\u00fczeyi sa\u011flar. Rahats\u0131zl\u0131\u011fa elveda deyin ve g\u00f6r\u00fcnd\u00fc\u011f\u00fc kadar iyi hissettiren bir ayakkab\u0131ya merhaba deyin.<\/p>\n<h3>G\u00fcnl\u00fck Kullan\u0131m i\u00e7in Hafif Tasar\u0131m<\/h3>\n<p>Yenilik\u00e7i EVA taban ile hafif esnekli\u011fi deneyimleyin. Optimum \u015fok emilimi ve kal\u0131c\u0131 konfor i\u00e7in tasarlanan EVA taban, bu ayakkab\u0131lar\u0131n <b>Erkek Klasik Deri Loafer'lar<\/b> \u0130ster \u015fehir sokaklar\u0131nda geziniyor ister rahat bir hafta sonu gezintisinin tad\u0131n\u0131 \u00e7\u0131kar\u0131yor olun, g\u00fcnl\u00fck kullan\u0131m i\u00e7in m\u00fckemmeldir. S\u0131rt ve yan k\u0131s\u0131mlardaki ince ama \u015f\u0131k brogue detaylar\u0131yla zenginle\u015ftirilmi\u015f klasik loafer silueti, zarif bir zarafet dokunu\u015fu katarak bu ayakkab\u0131lar\u0131 \u00e7e\u015fitli durumlar i\u00e7in yeterince \u00e7ok y\u00f6nl\u00fc hale getirir. \u0130\u015f ama\u00e7l\u0131 g\u00fcndelik ortamlardan \u015f\u0131k sosyal toplant\u0131lara kadar bu mokasen ayakkab\u0131lar kombininizi y\u00fckseltecek.<\/p>\n<h3>Gard\u0131robunuza \u00c7ok Y\u00f6nl\u00fc Bir Katk\u0131<\/h3>\n<p>Bizim <b>Erkek Klasik Deri Loafer'lar<\/b> m\u00fckemmel bir uyum sa\u011flamak i\u00e7in kapsaml\u0131 bir AB beden yelpazesinde (40, 41, 42, 43, 44) mevcuttur. Bunlar sadece ayakkab\u0131 de\u011fildir; gard\u0131robunuz i\u00e7in bir yat\u0131r\u0131md\u0131r, gelenek ve \u00e7a\u011fda\u015f konforun bir kar\u0131\u015f\u0131m\u0131n\u0131 sunar. Y\u00fcksek kaliteli ayakkab\u0131 stoklamak isteyen i\u015fletmeler i\u00e7in bu <b>Erkek Klasik Deri Loafer'lar<\/b> minimum sipari\u015f miktar\u0131 16 \u00e7ift olmak \u00fczere toptan sat\u0131n al\u0131nabilir. Koleksiyonunuzu m\u00fc\u015fteri memnuniyeti ve kal\u0131c\u0131 cazibe vaat eden bir \u00fcr\u00fcnle geni\u015fletin. Bizimkileri se\u00e7in <b>Erkek Klasik Deri Loafer'lar<\/b> ve klasik stile g\u00fcvenle ad\u0131m at\u0131n.<\/p>","protected":false},"excerpt":{"rendered":"<ul>\n<li>\u00dcst\u00fcn dayan\u0131kl\u0131l\u0131k ve stil i\u00e7in Premium Dana Derisi Saya<\/li>\n<li>G\u00fcn boyu ola\u011fan\u00fcst\u00fc konfor i\u00e7in l\u00fcks ke\u00e7i derisi astar<\/li>\n<li>Esneklik ve \u015fok emilimi sunan hafif EVA Taban<\/li>\n<li>Zarif brogue tarz\u0131 perforasyonlara sahip klasik loafer tasar\u0131m\u0131<\/li>\n<li>40, 41, 42, 43, 44 AB bedenlerinde mevcuttur<\/li>\n<li>Minimum 16 \u00e7ift sipari\u015f ile toptan sat\u0131\u015f f\u0131rsatlar\u0131 mevcuttur<\/li>\n<\/ul>","protected":false},"featured_media":6947,"template":"","meta":{"_acf_changed":false,"_uag_custom_page_level_css":"","site-sidebar-layout":"default","site-content-layout":"","ast-site-content-layout":"default","site-content-style":"default","site-sidebar-style":"default","ast-global-header-display":"","ast-banner-title-visibility":"","ast-main-header-display":"","ast-hfb-above-header-display":"","ast-hfb-below-header-display":"","ast-hfb-mobile-header-display":"","site-post-title":"","ast-breadcrumbs-content":"","ast-featured-img":"","footer-sml-layout":"","ast-disable-related-posts":"","theme-transparent-header-meta":"","adv-header-id-meta":"","stick-header-meta":"","header-above-stick-meta":"","header-main-stick-meta":"","header-below-stick-meta":"","astra-migrate-meta-layouts":"default","ast-page-background-enabled":"default","ast-page-background-meta":{"desktop":{"background-color":"var(--ast-global-color-4)","background-image":"","background-repeat":"repeat","background-position":"center center","background-size":"auto","background-attachment":"scroll","background-type":"","background-media":"","overlay-type":"","overlay-color":"","overlay-opacity":"","overlay-gradient":""},"tablet":{"background-color":"","background-image":"","background-repeat":"repeat","background-position":"center center","background-size":"auto","background-attachment":"scroll","background-type":"","background-media":"","overlay-type":"","overlay-color":"","overlay-opacity":"","overlay-gradient":""},"mobile":{"background-color":"","background-image":"","background-repeat":"repeat","background-position":"center center","background-size":"auto","background-attachment":"scroll","background-type":"","background-media":"","overlay-type":"","overlay-color":"","overlay-opacity":"","overlay-gradient":""}},"ast-content-background-meta":{"desktop":{"background-color":"var(--ast-global-color-5)","background-image":"","background-repeat":"repeat","background-position":"center center","background-size":"auto","background-attachment":"scroll","background-type":"","background-media":"","overlay-type":"","overlay-color":"","overlay-opacity":"","overlay-gradient":""},"tablet":{"background-color":"var(--ast-global-color-5)","background-image":"","background-repeat":"repeat","background-position":"center center","background-size":"auto","background-attachment":"scroll","background-type":"","background-media":"","overlay-type":"","overlay-color":"","overlay-opacity":"","overlay-gradient":""},"mobile":{"background-color":"var(--ast-global-color-5)","background-image":"","background-repeat":"repeat","background-position":"center center","background-size":"auto","background-attachment":"scroll","background-type":"","background-media":"","overlay-type":"","overlay-color":"","overlay-opacity":"","overlay-gradient":""}}},"product_brand":[],"product_cat":[48,47,49,430,1200],"product_tag":[370,799,185,512,457,287,189,215,186],"class_list":{"0":"post-8200","1":"product","2":"type-product","3":"status-publish","4":"has-post-thumbnail","6":"product_cat-casual","7":"product_cat-classic","8":"product_cat-loafer","9":"product_cat-men","10":"product_cat-mens-shoes-2","11":"product_tag-black-loafers","12":"product_tag-brogue-loafers","13":"product_tag-calf-leather-shoes","14":"product_tag-casual-loafers","15":"product_tag-classic-loafers","16":"product_tag-eva-sole-shoes","17":"product_tag-goat-leather-lining","18":"product_tag-leather-loafers","19":"product_tag-mens-loafers","20":"desktop-align-center","21":"tablet-align-center","22":"mobile-align-center","24":"first","25":"instock","26":"shipping-taxable","27":"purchasable","28":"product-type-variable","29":"has-default-attributes"},"acf":[],"uagb_featured_image_src":{"full":["https:\/\/turkishtrade.co\/wp-content\/uploads\/2026\/01\/2600NZTMN00050-BLACK.png",453,250,false],"thumbnail":["https:\/\/turkishtrade.co\/wp-content\/uploads\/2026\/01\/2600NZTMN00050-BLACK-150x150.png",150,150,true],"medium":["https:\/\/turkishtrade.co\/wp-content\/uploads\/2026\/01\/2600NZTMN00050-BLACK-300x166.png",300,166,true],"medium_large":["https:\/\/turkishtrade.co\/wp-content\/uploads\/2026\/01\/2600NZTMN00050-BLACK.png",453,250,false],"large":["https:\/\/turkishtrade.co\/wp-content\/uploads\/2026\/01\/2600NZTMN00050-BLACK.png",453,250,false],"1536x1536":["https:\/\/turkishtrade.co\/wp-content\/uploads\/2026\/01\/2600NZTMN00050-BLACK.png",453,250,false],"2048x2048":["https:\/\/turkishtrade.co\/wp-content\/uploads\/2026\/01\/2600NZTMN00050-BLACK.png",453,250,false],"trp-custom-language-flag":["https:\/\/turkishtrade.co\/wp-content\/uploads\/2026\/01\/2600NZTMN00050-BLACK-18x10.png",18,10,true],"woocommerce_thumbnail":["https:\/\/turkishtrade.co\/wp-content\/uploads\/2026\/01\/2600NZTMN00050-BLACK-400x250.png",400,250,true],"woocommerce_single":["https:\/\/turkishtrade.co\/wp-content\/uploads\/2026\/01\/2600NZTMN00050-BLACK.png",453,250,false],"woocommerce_gallery_thumbnail":["https:\/\/turkishtrade.co\/wp-content\/uploads\/2026\/01\/2600NZTMN00050-BLACK-100x100.png",100,100,true]},"uagb_author_info":{"display_name":"python python","author_link":"https:\/\/turkishtrade.co\/tr\/author\/"},"uagb_comment_info":0,"uagb_excerpt":"Premium Calf Leather Upper for superior durability and style Luxurious Goat Leather Lining for exceptional all-day comfort Lightweight EVA Sole offering flexibility and shock absorption Classic loafer design with elegant brogue-style perforations Available in EU sizes 40, 41, 42, 43, 44 Wholesale opportunities available with a minimum order of 16 pairs","_links":{"self":[{"href":"https:\/\/turkishtrade.co\/tr\/wp-json\/wp\/v2\/product\/8200","targetHints":{"allow":["GET"]}}],"collection":[{"href":"https:\/\/turkishtrade.co\/tr\/wp-json\/wp\/v2\/product"}],"about":[{"href":"https:\/\/turkishtrade.co\/tr\/wp-json\/wp\/v2\/types\/product"}],"wp:featuredmedia":[{"embeddable":true,"href":"https:\/\/turkishtrade.co\/tr\/wp-json\/wp\/v2\/media\/6947"}],"wp:attachment":[{"href":"https:\/\/turkishtrade.co\/tr\/wp-json\/wp\/v2\/media?parent=8200"}],"wp:term":[{"taxonomy":"product_brand","embeddable":true,"href":"https:\/\/turkishtrade.co\/tr\/wp-json\/wp\/v2\/product_brand?post=8200"},{"taxonomy":"product_cat","embeddable":true,"href":"https:\/\/turkishtrade.co\/tr\/wp-json\/wp\/v2\/product_cat?post=8200"},{"taxonomy":"product_tag","embeddable":true,"href":"https:\/\/turkishtrade.co\/tr\/wp-json\/wp\/v2\/product_tag?post=8200"}],"curies":[{"name":"wp","href":"https:\/\/api.w.org\/{rel}","templated":true}]}}