{"id":8199,"date":"2026-01-29T14:48:21","date_gmt":"2026-01-29T14:48:21","guid":{"rendered":"https:\/\/turkishtrade.co\/?post_type=product&#038;p=8199"},"modified":"2026-04-09T20:32:57","modified_gmt":"2026-04-09T20:32:57","slug":"mens-brown-leather-derby-shoes-14","status":"publish","type":"product","link":"https:\/\/turkishtrade.co\/tr\/shop\/mens-brown-leather-derby-shoes-14\/","title":{"rendered":"Erkek Kahverengi Deri Derby Ayakkab\u0131 Amazing | Erkek Klasik Kahverengi Deri Derby"},"content":{"rendered":"<p><strong>Erkek Kahverengi Deri Derby Ayakkab\u0131<\/strong>. \u0130nan\u0131lmaz kalite ve tasar\u0131m.<\/p>\n<p>Zamans\u0131z sofistikeli\u011fe ad\u0131m at\u0131n <b>Delikli \u015eapkal\u0131 Erkek Klasik Kahverengi Deri Derby Ayakkab\u0131<\/b>. Se\u00e7kin beyefendiler i\u00e7in tasarlanan bu zarif ayakkab\u0131lar, geleneksel i\u015f\u00e7ili\u011fi modern konforla harmanl\u0131yor. Her bir \u00e7iftimiz <b>Erkek Kahverengi Deri Derby Ayakkab\u0131<\/b> benzersiz bir stil sunmak i\u00e7in titizlikle \u00fcretilmi\u015ftir, bu da onlar\u0131 her gard\u0131rop i\u00e7in \u00e7ok y\u00f6nl\u00fc bir eklenti haline getirir. \u0130ster bir i\u015f toplant\u0131s\u0131na, ister g\u00fcndelik bir sosyal bulu\u015fmaya ya da yar\u0131 resmi bir etkinli\u011fe gidiyor olun, bu kahverengi deri Derby ayakkab\u0131lar etkilemek ve g\u00fcn boyu \u00fcst\u00fcn konfor sa\u011flamak i\u00e7in tasarland\u0131.<\/p>\n<h3>Rakipsiz Kalite ve \u0130\u015f\u00e7ilik<\/h3>\n<p>Bu istisnai \u00e7al\u0131\u015fmalar\u0131n merkezinde <b>Erkek Kahverengi Deri Derby Ayakkab\u0131<\/b> kaliteye olan ba\u011fl\u0131l\u0131k yatmaktad\u0131r. \u00dcst k\u0131s\u0131m, p\u00fcr\u00fczs\u00fcz dokusu, zengin renk derinli\u011fi ve ola\u011fan\u00fcst\u00fc dayan\u0131kl\u0131l\u0131\u011f\u0131 ile tan\u0131nan birinci s\u0131n\u0131f tam tah\u0131ll\u0131 dana derisinden (dana deri) \u00fcretilmi\u015ftir. Bu y\u00fcksek kaliteli deri sadece m\u00fckemmel g\u00f6r\u00fcnmekle kalmaz, ayn\u0131 zamanda zaman i\u00e7inde aya\u011f\u0131n\u0131za uyum sa\u011flayarak ki\u015fiselle\u015ftirilmi\u015f bir uyum sa\u011flar. Sa\u011flam d\u0131\u015f y\u00fczeyi tamamlayan i\u00e7 k\u0131s\u0131m, yumu\u015fak ve nefes alabilen ke\u00e7i derisi astara (keci astar) sahiptir. Bu l\u00fcks astar konforu art\u0131r\u0131r, nemi uzakla\u015ft\u0131r\u0131r ve ayaklar\u0131n\u0131z i\u00e7in nazik bir kucaklama sa\u011flayarak bu klasik kahverengi Derby ayakkab\u0131lar\u0131 uzun s\u00fcre giymeyi bir zevk haline getirir.<\/p>\n<h3>Her Ad\u0131mda Konfor ve Stil<\/h3>\n<p>Bunlar\u0131n ay\u0131rt edici tasar\u0131m\u0131 <b>Erkek Kahverengi Deri Derby Ayakkab\u0131<\/b> g\u00fcvenli ve ayarlanabilir bir uyum sunan klasik ba\u011fc\u0131kl\u0131 siluete sahiptir. Zarif delikli burun, zarif bir detay dokunu\u015fu katarak ayakkab\u0131y\u0131 basitlikten g\u00f6steri\u015fli bir hale getirir. Geleneksel a\u011f\u0131r tabanlardan farkl\u0131 olarak, Derby ayakkab\u0131lar\u0131m\u0131z hafif ve esnek bir EVA taban (eva taban) ile donat\u0131lm\u0131\u015ft\u0131r. Bu yenilik\u00e7i taban teknolojisi m\u00fckemmel \u015fok emilimi sa\u011flayarak yorgunlu\u011fu azalt\u0131r ve ayakkab\u0131n\u0131n \u015f\u0131k profilinden \u00f6d\u00fcn vermeden \u00fcst\u00fcn \u00e7eki\u015f g\u00fcc\u00fc sunar. Bu sayede ayakkab\u0131lar\u0131m\u0131z <b>Erkek Kahverengi Deri Derby Ayakkab\u0131<\/b> sadece \u015f\u0131k de\u011fil, ayn\u0131 zamanda inan\u0131lmaz derecede rahatt\u0131r, g\u00fcvenle ve kolayl\u0131kla hareket etmenizi sa\u011flar.<\/p>\n<h3>Her Durum i\u00e7in \u00c7ok Y\u00f6nl\u00fcl\u00fck<\/h3>\n<p>Bunlar <b>Erkek Kahverengi Deri Derby Ayakkab\u0131<\/b> \u00e7ok y\u00f6nl\u00fc ayakkab\u0131lar\u0131n \u00f6z\u00fcd\u00fcr. Zengin kahverengi tonu, lacivert veya gri tak\u0131m elbiselerden \u015f\u0131k chino pantolonlara ve hatta koyu y\u0131kama kot pantolonlara kadar \u00e7ok \u00e7e\u015fitli k\u0131yafetlerle e\u015fle\u015ftirilmesini kolayla\u015ft\u0131r\u0131r. Resmi bir etkinlik i\u00e7in giydirin veya sofistike bir g\u00fcndelik g\u00f6r\u00fcn\u00fcm i\u00e7in a\u015fa\u011f\u0131 giyin. Klasik tasar\u0131m ve \u00e7a\u011fda\u015f \u00f6zelliklerin harmanland\u0131\u011f\u0131 bu erkek Derby ayakkab\u0131lar\u0131, kal\u0131c\u0131 stili modern konforla birle\u015ftirmek isteyen herkes i\u00e7in vazge\u00e7ilmez bir par\u00e7ad\u0131r. Titizlikle haz\u0131rlanm\u0131\u015f kahverengi deri ayakkab\u0131lar\u0131m\u0131zla gelenek ve yenili\u011fin m\u00fckemmel birle\u015fimini deneyimleyin. Toptan sat\u0131\u015f i\u00e7in minimum sipari\u015f miktar\u0131 16 \u00e7ifttir, bu da onlar\u0131 perakendeciler i\u00e7in m\u00fckemmel bir se\u00e7im haline getirir.<\/p>","protected":false},"excerpt":{"rendered":"<ul>\n<li>Kal\u0131c\u0131 \u015f\u0131kl\u0131k ve dayan\u0131kl\u0131l\u0131k i\u00e7in birinci s\u0131n\u0131f dana derisi saya.<\/li>\n<li>L\u00fcks ke\u00e7i derisi astar \u00fcst\u00fcn konfor ve nefes alabilirlik sa\u011flar.<\/li>\n<li>T\u00fcm g\u00fcn giyilebilirlik i\u00e7in hafif ve esnek EVA taban.<\/li>\n<li>Klasik ba\u011fc\u0131kl\u0131 Derby tasar\u0131m\u0131 ve \u015f\u0131k delikli burun ucu.<\/li>\n<li>Hem \u015f\u0131k g\u00fcndelik hem de yar\u0131 resmi durumlar i\u00e7in m\u00fckemmeldir.<\/li>\n<li>Minimum 16 \u00e7ift sipari\u015f i\u00e7in toptan sat\u0131\u015f talepleri kabul edilir.<\/li>\n<\/ul>","protected":false},"featured_media":6946,"template":"","meta":{"_acf_changed":false,"_uag_custom_page_level_css":"","site-sidebar-layout":"default","site-content-layout":"","ast-site-content-layout":"default","site-content-style":"default","site-sidebar-style":"default","ast-global-header-display":"","ast-banner-title-visibility":"","ast-main-header-display":"","ast-hfb-above-header-display":"","ast-hfb-below-header-display":"","ast-hfb-mobile-header-display":"","site-post-title":"","ast-breadcrumbs-content":"","ast-featured-img":"","footer-sml-layout":"","ast-disable-related-posts":"","theme-transparent-header-meta":"","adv-header-id-meta":"","stick-header-meta":"","header-above-stick-meta":"","header-main-stick-meta":"","header-below-stick-meta":"","astra-migrate-meta-layouts":"default","ast-page-background-enabled":"default","ast-page-background-meta":{"desktop":{"background-color":"var(--ast-global-color-4)","background-image":"","background-repeat":"repeat","background-position":"center center","background-size":"auto","background-attachment":"scroll","background-type":"","background-media":"","overlay-type":"","overlay-color":"","overlay-opacity":"","overlay-gradient":""},"tablet":{"background-color":"","background-image":"","background-repeat":"repeat","background-position":"center center","background-size":"auto","background-attachment":"scroll","background-type":"","background-media":"","overlay-type":"","overlay-color":"","overlay-opacity":"","overlay-gradient":""},"mobile":{"background-color":"","background-image":"","background-repeat":"repeat","background-position":"center center","background-size":"auto","background-attachment":"scroll","background-type":"","background-media":"","overlay-type":"","overlay-color":"","overlay-opacity":"","overlay-gradient":""}},"ast-content-background-meta":{"desktop":{"background-color":"var(--ast-global-color-5)","background-image":"","background-repeat":"repeat","background-position":"center center","background-size":"auto","background-attachment":"scroll","background-type":"","background-media":"","overlay-type":"","overlay-color":"","overlay-opacity":"","overlay-gradient":""},"tablet":{"background-color":"var(--ast-global-color-5)","background-image":"","background-repeat":"repeat","background-position":"center center","background-size":"auto","background-attachment":"scroll","background-type":"","background-media":"","overlay-type":"","overlay-color":"","overlay-opacity":"","overlay-gradient":""},"mobile":{"background-color":"var(--ast-global-color-5)","background-image":"","background-repeat":"repeat","background-position":"center center","background-size":"auto","background-attachment":"scroll","background-type":"","background-media":"","overlay-type":"","overlay-color":"","overlay-opacity":"","overlay-gradient":""}}},"product_brand":[],"product_cat":[48,47,49,430,1200],"product_tag":[292,202,145,212,438,189,1378,281],"class_list":{"0":"post-8199","1":"product","2":"type-product","3":"status-publish","4":"has-post-thumbnail","6":"product_cat-casual","7":"product_cat-classic","8":"product_cat-loafer","9":"product_cat-men","10":"product_cat-mens-shoes-2","11":"product_tag-brown-leather-shoes","12":"product_tag-calf-leather","13":"product_tag-classic-shoes","14":"product_tag-derby-shoes","15":"product_tag-eva-sole","16":"product_tag-goat-leather-lining","17":"product_tag-perforated-cap-toe","18":"product_tag-wholesale-shoes","19":"desktop-align-center","20":"tablet-align-center","21":"mobile-align-center","23":"first","24":"instock","25":"shipping-taxable","26":"purchasable","27":"product-type-variable","28":"has-default-attributes"},"acf":[],"uagb_featured_image_src":{"full":["https:\/\/turkishtrade.co\/wp-content\/uploads\/2026\/01\/2600NZTMN00049-BROWN.png",453,250,false],"thumbnail":["https:\/\/turkishtrade.co\/wp-content\/uploads\/2026\/01\/2600NZTMN00049-BROWN-150x150.png",150,150,true],"medium":["https:\/\/turkishtrade.co\/wp-content\/uploads\/2026\/01\/2600NZTMN00049-BROWN-300x166.png",300,166,true],"medium_large":["https:\/\/turkishtrade.co\/wp-content\/uploads\/2026\/01\/2600NZTMN00049-BROWN.png",453,250,false],"large":["https:\/\/turkishtrade.co\/wp-content\/uploads\/2026\/01\/2600NZTMN00049-BROWN.png",453,250,false],"1536x1536":["https:\/\/turkishtrade.co\/wp-content\/uploads\/2026\/01\/2600NZTMN00049-BROWN.png",453,250,false],"2048x2048":["https:\/\/turkishtrade.co\/wp-content\/uploads\/2026\/01\/2600NZTMN00049-BROWN.png",453,250,false],"trp-custom-language-flag":["https:\/\/turkishtrade.co\/wp-content\/uploads\/2026\/01\/2600NZTMN00049-BROWN-18x10.png",18,10,true],"woocommerce_thumbnail":["https:\/\/turkishtrade.co\/wp-content\/uploads\/2026\/01\/2600NZTMN00049-BROWN-400x250.png",400,250,true],"woocommerce_single":["https:\/\/turkishtrade.co\/wp-content\/uploads\/2026\/01\/2600NZTMN00049-BROWN.png",453,250,false],"woocommerce_gallery_thumbnail":["https:\/\/turkishtrade.co\/wp-content\/uploads\/2026\/01\/2600NZTMN00049-BROWN-100x100.png",100,100,true]},"uagb_author_info":{"display_name":"python python","author_link":"https:\/\/turkishtrade.co\/tr\/author\/"},"uagb_comment_info":0,"uagb_excerpt":"Premium calf leather upper for lasting elegance and durability. Luxurious goat leather lining ensures superior comfort and breathability. Lightweight and flexible EVA sole for all-day wearability. Classic lace-up Derby design with a stylish perforated cap toe. Perfect for both smart casual and semi-formal occasions. Wholesale inquiries welcome for minimum orders of 16 pairs.","_links":{"self":[{"href":"https:\/\/turkishtrade.co\/tr\/wp-json\/wp\/v2\/product\/8199","targetHints":{"allow":["GET"]}}],"collection":[{"href":"https:\/\/turkishtrade.co\/tr\/wp-json\/wp\/v2\/product"}],"about":[{"href":"https:\/\/turkishtrade.co\/tr\/wp-json\/wp\/v2\/types\/product"}],"wp:featuredmedia":[{"embeddable":true,"href":"https:\/\/turkishtrade.co\/tr\/wp-json\/wp\/v2\/media\/6946"}],"wp:attachment":[{"href":"https:\/\/turkishtrade.co\/tr\/wp-json\/wp\/v2\/media?parent=8199"}],"wp:term":[{"taxonomy":"product_brand","embeddable":true,"href":"https:\/\/turkishtrade.co\/tr\/wp-json\/wp\/v2\/product_brand?post=8199"},{"taxonomy":"product_cat","embeddable":true,"href":"https:\/\/turkishtrade.co\/tr\/wp-json\/wp\/v2\/product_cat?post=8199"},{"taxonomy":"product_tag","embeddable":true,"href":"https:\/\/turkishtrade.co\/tr\/wp-json\/wp\/v2\/product_tag?post=8199"}],"curies":[{"name":"wp","href":"https:\/\/api.w.org\/{rel}","templated":true}]}}