{"id":8198,"date":"2026-01-29T14:48:21","date_gmt":"2026-01-29T14:48:21","guid":{"rendered":"https:\/\/turkishtrade.co\/?post_type=product&#038;p=8198"},"modified":"2026-04-09T20:33:00","modified_gmt":"2026-04-09T20:33:00","slug":"mens-perforated-leather-loafers-2","status":"publish","type":"product","link":"https:\/\/turkishtrade.co\/tr\/shop\/mens-perforated-leather-loafers-2\/","title":{"rendered":"Erkek Perfore Deri Loafer Authentic | Erkek Koyu Kahverengi Perfore Dana"},"content":{"rendered":"<p><strong>Erkek Delikli Deri Loafer<\/strong>. Otantik kalite ve tasar\u0131m.<\/p>\n<p>Zarif tasar\u0131m\u0131m\u0131zla sofistike bir stille d\u0131\u015far\u0131 \u00e7\u0131k\u0131n <strong>Erkek Koyu Kahverengi Delikli Dana Derisi Loafer<\/strong>. Hem \u015f\u0131kl\u0131\u011fa hem de rahatl\u0131\u011fa \u00f6nem veren modern erkekler i\u00e7in tasarlanan bu mokasen ayakkab\u0131lar, \u00fcst\u00fcn i\u015f\u00e7ili\u011fin bir kan\u0131t\u0131d\u0131r. Birinci s\u0131n\u0131f dana derisinden \u00fcretilen zengin koyu kahverengi renk tonu zamans\u0131z bir \u00e7ekicilik sunarken, vampir k\u0131sm\u0131ndaki ay\u0131rt edici delikli tasar\u0131m \u00e7a\u011fda\u015f bir dokunu\u015f katarak bu ayakkab\u0131lar\u0131 her gard\u0131rop i\u00e7in g\u00f6ze \u00e7arpan bir eklenti haline getirir.<\/p>\n<h3>Premium Malzemelerle Benzersiz Konfor<\/h3>\n<p>Her ad\u0131mda l\u00fcks konforu ya\u015fay\u0131n. Bu zarif ayakkab\u0131lar\u0131n i\u00e7 <strong>Erkek Delikli Deri Loafer<\/strong> ola\u011fan\u00fcst\u00fc nefes alabilirlik ve cildinize kar\u015f\u0131 p\u00fcr\u00fczs\u00fcz bir his sa\u011flayan g\u00f6rkemli yumu\u015fak ke\u00e7i derisi astara sahiptir. Bu birinci s\u0131n\u0131f astar, uzun s\u00fcreli kullan\u0131mlarda bile ayaklar\u0131n\u0131z\u0131n rahat ve ferah kalmas\u0131n\u0131 sa\u011flar. Bunu tamamlayan hafif ama sa\u011flam EVA taban, m\u00fckemmel yast\u0131klama ve esneklik sunarken darbeyi emer ve dengeli \u00e7eki\u015f sa\u011flar. \u0130ster \u015fehir sokaklar\u0131nda geziniyor ister d\u0131\u015far\u0131da rahat bir ak\u015fam\u0131n tad\u0131n\u0131 \u00e7\u0131kar\u0131yor olun, bu mokasen ayakkab\u0131lar tarz\u0131n\u0131zdan \u00f6d\u00fcn vermeden maksimum konfor i\u00e7in tasarlanm\u0131\u015ft\u0131r.<\/p>\n<h3>Her Durum i\u00e7in \u00c7ok Y\u00f6nl\u00fc Stil<\/h3>\n<p>Bu koyu kahverengi dana derisi mokasen ayakkab\u0131lar inan\u0131lmaz derecede \u00e7ok y\u00f6nl\u00fcd\u00fcr ve g\u00fcndelik giyimden daha rafine ak\u0131ll\u0131 g\u00fcndelik topluluklara sorunsuz bir \u015fekilde ge\u00e7i\u015f yapar. Rahat ama g\u00f6steri\u015fli bir g\u00f6r\u00fcn\u00fcm i\u00e7in chino veya kot pantolonlarla e\u015fle\u015ftirin ya da sofistike bir i\u015f k\u0131yafeti i\u00e7in \u00f6zel dikim pantolonlarla kombinleyin. Karma\u015f\u0131k delikli desenle zenginle\u015ftirilen klasik loafer silueti, geleneksel cazibe ve modern esteti\u011fin e\u015fsiz bir kar\u0131\u015f\u0131m\u0131n\u0131 sunuyor. Bir \u00e7ift mokasene yat\u0131r\u0131m yap\u0131n <strong>Erkek Delikli Deri Loafer<\/strong> Ayakkab\u0131 koleksiyonunuzu y\u00fckseltecek ve hangi durumda olursan\u0131z olun keskin g\u00f6r\u00fcnmenizi ve harika hissetmenizi sa\u011flayacak.<\/p>\n<h3>G\u00fcvenebilece\u011finiz Kalite - Toptan Sat\u0131\u015f Mevcuttur<\/h3>\n<p>Bu mokasen ayakkab\u0131lar\u0131n her bir \u00e7ifti, kalite ve dayan\u0131kl\u0131l\u0131\u011fa olan ba\u011fl\u0131l\u0131\u011f\u0131 yans\u0131tan detaylara \u00f6zen g\u00f6sterilerek titizlikle \u00fcretilmi\u015ftir. Sa\u011flam dana derisi, zaman i\u00e7inde benzersiz bir patina geli\u015ftirerek g\u00fczel bir \u015fekilde ya\u015flan\u0131rken, sa\u011flam diki\u015fler uzun \u00f6m\u00fcrl\u00fcl\u00fc\u011f\u00fc garanti eder. Bu birinci s\u0131n\u0131f Erkek Delikli Deri Loafer'lar\u0131 hem bireysel sat\u0131n alma hem de toptan sat\u0131\u015f i\u00e7in sunmaktan gurur duyuyoruz. Y\u00fcksek kaliteli ayakkab\u0131 stoklamak isteyen i\u015fletmeler, minimum 16 \u00e7ift sipari\u015f miktar\u0131 ile toptan fiyatland\u0131rmam\u0131zdan yararlanabilir. Koleksiyonunuzu veya perakende sat\u0131\u015f teklifinizi malzeme, tasar\u0131m ve konfor a\u00e7\u0131s\u0131ndan ger\u00e7ekten \u00f6ne \u00e7\u0131kan ayakkab\u0131larla geni\u015fletin.<\/p>","protected":false},"excerpt":{"rendered":"<ul>\n<li>Zarif delikli tasar\u0131ma sahip birinci s\u0131n\u0131f koyu kahverengi dana derisi saya<\/li>\n<li>\u00dcst\u00fcn konfor i\u00e7in yumu\u015fak ve nefes alabilen ke\u00e7i derisi astar<\/li>\n<li>Hafif ve dayan\u0131kl\u0131 EVA taban t\u00fcm g\u00fcn giyilebilirlik sa\u011flar<\/li>\n<li>Modern detaylara sahip klasik loafer stili, \u00e7ok y\u00f6nl\u00fcl\u00fck i\u00e7in m\u00fckemmel<\/li>\n<li>40, 41, 42, 43, 44 AB bedenlerinde mevcuttur<\/li>\n<li>Minimum 16 \u00e7ift sipari\u015f ile toptan sat\u0131\u015f f\u0131rsatlar\u0131 mevcuttur<\/li>\n<\/ul>","protected":false},"featured_media":6945,"template":"","meta":{"_acf_changed":false,"_uag_custom_page_level_css":"","site-sidebar-layout":"default","site-content-layout":"","ast-site-content-layout":"default","site-content-style":"default","site-sidebar-style":"default","ast-global-header-display":"","ast-banner-title-visibility":"","ast-main-header-display":"","ast-hfb-above-header-display":"","ast-hfb-below-header-display":"","ast-hfb-mobile-header-display":"","site-post-title":"","ast-breadcrumbs-content":"","ast-featured-img":"","footer-sml-layout":"","ast-disable-related-posts":"","theme-transparent-header-meta":"","adv-header-id-meta":"","stick-header-meta":"","header-above-stick-meta":"","header-main-stick-meta":"","header-below-stick-meta":"","astra-migrate-meta-layouts":"default","ast-page-background-enabled":"default","ast-page-background-meta":{"desktop":{"background-color":"var(--ast-global-color-4)","background-image":"","background-repeat":"repeat","background-position":"center center","background-size":"auto","background-attachment":"scroll","background-type":"","background-media":"","overlay-type":"","overlay-color":"","overlay-opacity":"","overlay-gradient":""},"tablet":{"background-color":"","background-image":"","background-repeat":"repeat","background-position":"center center","background-size":"auto","background-attachment":"scroll","background-type":"","background-media":"","overlay-type":"","overlay-color":"","overlay-opacity":"","overlay-gradient":""},"mobile":{"background-color":"","background-image":"","background-repeat":"repeat","background-position":"center center","background-size":"auto","background-attachment":"scroll","background-type":"","background-media":"","overlay-type":"","overlay-color":"","overlay-opacity":"","overlay-gradient":""}},"ast-content-background-meta":{"desktop":{"background-color":"var(--ast-global-color-5)","background-image":"","background-repeat":"repeat","background-position":"center center","background-size":"auto","background-attachment":"scroll","background-type":"","background-media":"","overlay-type":"","overlay-color":"","overlay-opacity":"","overlay-gradient":""},"tablet":{"background-color":"var(--ast-global-color-5)","background-image":"","background-repeat":"repeat","background-position":"center center","background-size":"auto","background-attachment":"scroll","background-type":"","background-media":"","overlay-type":"","overlay-color":"","overlay-opacity":"","overlay-gradient":""},"mobile":{"background-color":"var(--ast-global-color-5)","background-image":"","background-repeat":"repeat","background-position":"center center","background-size":"auto","background-attachment":"scroll","background-type":"","background-media":"","overlay-type":"","overlay-color":"","overlay-opacity":"","overlay-gradient":""}}},"product_brand":[],"product_cat":[48,47,49,430,1200],"product_tag":[185,449,457,408,287,1249,215,198,186,1289],"class_list":{"0":"post-8198","1":"product","2":"type-product","3":"status-publish","4":"has-post-thumbnail","6":"product_cat-casual","7":"product_cat-classic","8":"product_cat-loafer","9":"product_cat-men","10":"product_cat-mens-shoes-2","11":"product_tag-calf-leather-shoes","12":"product_tag-casual-shoes","13":"product_tag-classic-loafers","14":"product_tag-dark-brown-shoes","15":"product_tag-eva-sole-shoes","16":"product_tag-goat-lining","17":"product_tag-leather-loafers","18":"product_tag-mens-fashion","19":"product_tag-mens-loafers","20":"product_tag-perforated-loafers","21":"desktop-align-center","22":"tablet-align-center","23":"mobile-align-center","25":"first","26":"instock","27":"shipping-taxable","28":"purchasable","29":"product-type-variable","30":"has-default-attributes"},"acf":[],"uagb_featured_image_src":{"full":["https:\/\/turkishtrade.co\/wp-content\/uploads\/2026\/01\/2600NZTMN00048-BROWN.png",453,250,false],"thumbnail":["https:\/\/turkishtrade.co\/wp-content\/uploads\/2026\/01\/2600NZTMN00048-BROWN-150x150.png",150,150,true],"medium":["https:\/\/turkishtrade.co\/wp-content\/uploads\/2026\/01\/2600NZTMN00048-BROWN-300x166.png",300,166,true],"medium_large":["https:\/\/turkishtrade.co\/wp-content\/uploads\/2026\/01\/2600NZTMN00048-BROWN.png",453,250,false],"large":["https:\/\/turkishtrade.co\/wp-content\/uploads\/2026\/01\/2600NZTMN00048-BROWN.png",453,250,false],"1536x1536":["https:\/\/turkishtrade.co\/wp-content\/uploads\/2026\/01\/2600NZTMN00048-BROWN.png",453,250,false],"2048x2048":["https:\/\/turkishtrade.co\/wp-content\/uploads\/2026\/01\/2600NZTMN00048-BROWN.png",453,250,false],"trp-custom-language-flag":["https:\/\/turkishtrade.co\/wp-content\/uploads\/2026\/01\/2600NZTMN00048-BROWN-18x10.png",18,10,true],"woocommerce_thumbnail":["https:\/\/turkishtrade.co\/wp-content\/uploads\/2026\/01\/2600NZTMN00048-BROWN-400x250.png",400,250,true],"woocommerce_single":["https:\/\/turkishtrade.co\/wp-content\/uploads\/2026\/01\/2600NZTMN00048-BROWN.png",453,250,false],"woocommerce_gallery_thumbnail":["https:\/\/turkishtrade.co\/wp-content\/uploads\/2026\/01\/2600NZTMN00048-BROWN-100x100.png",100,100,true]},"uagb_author_info":{"display_name":"python python","author_link":"https:\/\/turkishtrade.co\/tr\/author\/"},"uagb_comment_info":0,"uagb_excerpt":"Premium dark brown calf leather upper with elegant perforated design Soft and breathable goat leather lining for superior comfort Lightweight and durable EVA sole ensures all-day wearability Classic loafer style with modern detailing, perfect for versatility Available in EU sizes 40, 41, 42, 43, 44 Wholesale opportunities available with a minimum order of 16 pairs","_links":{"self":[{"href":"https:\/\/turkishtrade.co\/tr\/wp-json\/wp\/v2\/product\/8198","targetHints":{"allow":["GET"]}}],"collection":[{"href":"https:\/\/turkishtrade.co\/tr\/wp-json\/wp\/v2\/product"}],"about":[{"href":"https:\/\/turkishtrade.co\/tr\/wp-json\/wp\/v2\/types\/product"}],"wp:featuredmedia":[{"embeddable":true,"href":"https:\/\/turkishtrade.co\/tr\/wp-json\/wp\/v2\/media\/6945"}],"wp:attachment":[{"href":"https:\/\/turkishtrade.co\/tr\/wp-json\/wp\/v2\/media?parent=8198"}],"wp:term":[{"taxonomy":"product_brand","embeddable":true,"href":"https:\/\/turkishtrade.co\/tr\/wp-json\/wp\/v2\/product_brand?post=8198"},{"taxonomy":"product_cat","embeddable":true,"href":"https:\/\/turkishtrade.co\/tr\/wp-json\/wp\/v2\/product_cat?post=8198"},{"taxonomy":"product_tag","embeddable":true,"href":"https:\/\/turkishtrade.co\/tr\/wp-json\/wp\/v2\/product_tag?post=8198"}],"curies":[{"name":"wp","href":"https:\/\/api.w.org\/{rel}","templated":true}]}}