{"id":8197,"date":"2026-01-29T14:48:21","date_gmt":"2026-01-29T14:48:21","guid":{"rendered":"https:\/\/turkishtrade.co\/?post_type=product&#038;p=8197"},"modified":"2026-04-09T20:33:03","modified_gmt":"2026-04-09T20:33:03","slug":"mens-black-calfskin-casual-loafers","status":"publish","type":"product","link":"https:\/\/turkishtrade.co\/tr\/shop\/mens-black-calfskin-casual-loafers\/","title":{"rendered":"EVA Tabanl\u0131 Erkek Siyah Dana Derisi G\u00fcnl\u00fck Loafer Exclusive |"},"content":{"rendered":"<p><strong>Erkek Siyah Dana Derisi G\u00fcnl\u00fck Loafer<\/strong>. \u00d6zel kalite ve tasar\u0131m.<\/p>\n<p>Enfes \u00fcr\u00fcnlerimizle benzersiz konfora ve zamans\u0131z stile ad\u0131m at\u0131n <strong>Erkek Siyah Dana Derisi G\u00fcnl\u00fck Loafer<\/strong>. Hem \u015f\u0131kl\u0131\u011fa hem de rahatl\u0131\u011fa de\u011fer veren modern erkekler i\u00e7in tasarlanan bu mokasen ayakkab\u0131lar, \u00fcst\u00fcn i\u015f\u00e7ili\u011fin ve birinci s\u0131n\u0131f malzemelerin bir kan\u0131t\u0131d\u0131r. D\u0131\u015far\u0131da ge\u00e7irilen g\u00fcndelik bir g\u00fcnden rahat bir ak\u015fam bulu\u015fmas\u0131na kadar sofistike ve g\u00fcnl\u00fck giyilebilirli\u011fin m\u00fckemmel bir kar\u0131\u015f\u0131m\u0131n\u0131 sunan bu slip-on ayakkab\u0131lar, her se\u00e7kin gard\u0131rop i\u00e7in vazge\u00e7ilmez bir eklentidir.<\/p>\n<h3>Rakipsiz Konfor ve \u0130\u015f\u00e7ilik<\/h3>\n<p>Bizim <strong>Erkek Siyah Dana Derisi G\u00fcnl\u00fck Loafer<\/strong> yumu\u015fak dokusu, dayan\u0131kl\u0131l\u0131\u011f\u0131 ve l\u00fcks hissi ile tan\u0131nan hakiki dana derisinden titizlikle \u00fcretilmi\u015ftir. Daha fazla g\u00f6rsel ilgi ve nefes alabilirlik i\u00e7in yanlar\u0131 ince bir \u015fekilde delikli olan d\u0131\u015f y\u00fczey, zarif bir estetik sergiler. Y\u00fczeyin \u00f6tesinde, i\u00e7 k\u0131s\u0131mda cildinize kar\u015f\u0131 inan\u0131lmaz yumu\u015fak bir dokunu\u015f ve m\u00fckemmel nem emme \u00f6zellikleri sa\u011flayan, ayaklar\u0131n\u0131z\u0131 g\u00fcn boyunca rahat ve ferah tutan c\u00f6mert bir ke\u00e7i derisi astar bulunur. Bu ola\u011fan\u00fcst\u00fc mokasen ayakkab\u0131n\u0131n temelini hafif EVA taban\u0131 olu\u015fturur. Bu geli\u015fmi\u015f taban teknolojisi \u00fcst\u00fcn yast\u0131klama, esneklik ve \u015fok emilimi sa\u011flayarak her ad\u0131m\u0131n zahmetsizce at\u0131lmas\u0131n\u0131 sa\u011flar. Birinci s\u0131n\u0131f malzemelerin yaratt\u0131\u011f\u0131 fark\u0131 bu ola\u011fan\u00fcst\u00fc ayakkab\u0131larla ya\u015fay\u0131n <strong>Erkek Siyah Dana Derisi G\u00fcnl\u00fck Loafer<\/strong>.<\/p>\n<h3>Her Durum i\u00e7in \u00c7ok Y\u00f6nl\u00fc Stil<\/h3>\n<p>Klasik siyah tonu ve rahat loafer silueti, bu ayakkab\u0131lar\u0131 inan\u0131lmaz derecede \u00e7ok y\u00f6nl\u00fc k\u0131l\u0131yor. \u0130ster \u015f\u0131k ve rahat bir ofis g\u00f6r\u00fcn\u00fcm\u00fc i\u00e7in chino pantolonlarla, ister hafta sonu gezintisi i\u00e7in jean pantolonlarla, isterse de \u015f\u0131k bir tatil kombini i\u00e7in \u00f6zel dikim \u015fortlarla e\u015fle\u015ftirilsin <strong>Erkek Siyah Dana Derisi G\u00fcnl\u00fck Loafer<\/strong> k\u0131yafetlerinizi zahmetsizce g\u00fczelle\u015ftirir. Zarif tasar\u0131mlar\u0131, g\u00fcnd\u00fczden geceye sorunsuz bir \u015fekilde ge\u00e7i\u015f yapmalar\u0131n\u0131 sa\u011flayarak g\u00f6steri\u015fli ama rahat bir hava sunar. Sofistikelikten veya kaliteden \u00f6d\u00fcn vermeden slip-on stilin kolayl\u0131\u011f\u0131n\u0131 kucaklay\u0131n. Bu mokasen ayakkab\u0131lar, geni\u015f bir m\u00fc\u015fteri kitlesi i\u00e7in m\u00fckemmel bir uyum sa\u011flayarak 40 ila 44 AB beden aral\u0131\u011f\u0131nda mevcuttur.<\/p>\n<h3>Perakendeciler i\u00e7in Ak\u0131ll\u0131 Bir Yat\u0131r\u0131m<\/h3>\n<p>M\u00fc\u015fterilerine l\u00fcks, konfor ve stili bir araya getiren birinci s\u0131n\u0131f ayakkab\u0131lar sunmak isteyen perakendeciler i\u00e7in <strong>Erkek Siyah Dana Derisi G\u00fcnl\u00fck Loafer<\/strong> m\u00fckemmel bir toptan sat\u0131\u015f f\u0131rsat\u0131n\u0131 temsil ediyor. Detaylara \u00f6zen g\u00f6sterilerek haz\u0131rlanm\u0131\u015f ve kal\u0131c\u0131 bir \u00e7ekicilik i\u00e7in tasarlanm\u0131\u015f bu mokasen ayakkab\u0131lar\u0131n pop\u00fcler bir \u00fcr\u00fcn olaca\u011f\u0131 kesin. Minimum 16 \u00e7iftlik bir sipari\u015f talep ediyoruz, bu da i\u015fletmelerin m\u00fc\u015fteri memnuniyeti vaat eden y\u00fcksek talep g\u00f6ren bir \u00fcr\u00fcn\u00fc stoklamas\u0131na olanak tan\u0131yor. Piyasada \u00f6ne \u00e7\u0131kan ve m\u00fc\u015fterilerinize ger\u00e7ek de\u011fer sa\u011flayan ayakkab\u0131lara yat\u0131r\u0131m yap\u0131n. Bunlar <strong>Erkek Siyah Dana Derisi G\u00fcnl\u00fck Loafer<\/strong> sadece ayakkab\u0131 de\u011fildir; onlar bir kalite ve stil ifadesidir.<\/p>","protected":false},"excerpt":{"rendered":"<ul>\n<li>Birinci s\u0131n\u0131f dana derisi saya, dayan\u0131kl\u0131l\u0131k ve sofistike bir g\u00f6r\u00fcn\u00fcm sa\u011flar.<\/li>\n<li>L\u00fcks ke\u00e7i derisi astar ola\u011fan\u00fcst\u00fc konfor ve nefes alabilirlik sa\u011flar.<\/li>\n<li>G\u00fcn boyu \u00fcst\u00fcn yast\u0131klama i\u00e7in hafif ve esnek EVA taban.<\/li>\n<li>40, 41, 42, 43 ve 44 AB bedenlerinde mevcuttur.<\/li>\n<li>\u015e\u0131k ve rahat bir gard\u0131rop i\u00e7in m\u00fckemmel olan bu Erkek Siyah Dana Derisi G\u00fcnl\u00fck Loafer'lar \u00e7ok y\u00f6nl\u00fc bir stil sunar.<\/li>\n<li>Minimum 16 \u00e7ift sipari\u015f ile toptan fiyatland\u0131rma mevcuttur.<\/li>\n<\/ul>","protected":false},"featured_media":6944,"template":"","meta":{"_acf_changed":false,"_uag_custom_page_level_css":"","site-sidebar-layout":"default","site-content-layout":"","ast-site-content-layout":"default","site-content-style":"default","site-sidebar-style":"default","ast-global-header-display":"","ast-banner-title-visibility":"","ast-main-header-display":"","ast-hfb-above-header-display":"","ast-hfb-below-header-display":"","ast-hfb-mobile-header-display":"","site-post-title":"","ast-breadcrumbs-content":"","ast-featured-img":"","footer-sml-layout":"","ast-disable-related-posts":"","theme-transparent-header-meta":"","adv-header-id-meta":"","stick-header-meta":"","header-above-stick-meta":"","header-main-stick-meta":"","header-below-stick-meta":"","astra-migrate-meta-layouts":"default","ast-page-background-enabled":"default","ast-page-background-meta":{"desktop":{"background-color":"var(--ast-global-color-4)","background-image":"","background-repeat":"repeat","background-position":"center center","background-size":"auto","background-attachment":"scroll","background-type":"","background-media":"","overlay-type":"","overlay-color":"","overlay-opacity":"","overlay-gradient":""},"tablet":{"background-color":"","background-image":"","background-repeat":"repeat","background-position":"center center","background-size":"auto","background-attachment":"scroll","background-type":"","background-media":"","overlay-type":"","overlay-color":"","overlay-opacity":"","overlay-gradient":""},"mobile":{"background-color":"","background-image":"","background-repeat":"repeat","background-position":"center center","background-size":"auto","background-attachment":"scroll","background-type":"","background-media":"","overlay-type":"","overlay-color":"","overlay-opacity":"","overlay-gradient":""}},"ast-content-background-meta":{"desktop":{"background-color":"var(--ast-global-color-5)","background-image":"","background-repeat":"repeat","background-position":"center center","background-size":"auto","background-attachment":"scroll","background-type":"","background-media":"","overlay-type":"","overlay-color":"","overlay-opacity":"","overlay-gradient":""},"tablet":{"background-color":"var(--ast-global-color-5)","background-image":"","background-repeat":"repeat","background-position":"center center","background-size":"auto","background-attachment":"scroll","background-type":"","background-media":"","overlay-type":"","overlay-color":"","overlay-opacity":"","overlay-gradient":""},"mobile":{"background-color":"var(--ast-global-color-5)","background-image":"","background-repeat":"repeat","background-position":"center center","background-size":"auto","background-attachment":"scroll","background-type":"","background-media":"","overlay-type":"","overlay-color":"","overlay-opacity":"","overlay-gradient":""}}},"product_brand":[],"product_cat":[48,49,430,1200],"product_tag":[196,555,241,290,287,1373,186,279,1155,456],"class_list":{"0":"post-8197","1":"product","2":"type-product","3":"status-publish","4":"has-post-thumbnail","6":"product_cat-casual","7":"product_cat-loafer","8":"product_cat-men","9":"product_cat-mens-shoes-2","10":"product_tag-black-leather-shoes","11":"product_tag-calfskin-loafers","12":"product_tag-casual-footwear","13":"product_tag-comfortable-mens-shoes","14":"product_tag-eva-sole-shoes","15":"product_tag-goatskin-lined","16":"product_tag-mens-loafers","17":"product_tag-penny-loafers","18":"product_tag-slip-on-loafers","19":"product_tag-wholesale-loafers","20":"desktop-align-center","21":"tablet-align-center","22":"mobile-align-center","24":"first","25":"instock","26":"shipping-taxable","27":"purchasable","28":"product-type-variable","29":"has-default-attributes"},"acf":[],"uagb_featured_image_src":{"full":["https:\/\/turkishtrade.co\/wp-content\/uploads\/2026\/01\/2600NZTMN00047-BLACK.png",453,250,false],"thumbnail":["https:\/\/turkishtrade.co\/wp-content\/uploads\/2026\/01\/2600NZTMN00047-BLACK-150x150.png",150,150,true],"medium":["https:\/\/turkishtrade.co\/wp-content\/uploads\/2026\/01\/2600NZTMN00047-BLACK-300x166.png",300,166,true],"medium_large":["https:\/\/turkishtrade.co\/wp-content\/uploads\/2026\/01\/2600NZTMN00047-BLACK.png",453,250,false],"large":["https:\/\/turkishtrade.co\/wp-content\/uploads\/2026\/01\/2600NZTMN00047-BLACK.png",453,250,false],"1536x1536":["https:\/\/turkishtrade.co\/wp-content\/uploads\/2026\/01\/2600NZTMN00047-BLACK.png",453,250,false],"2048x2048":["https:\/\/turkishtrade.co\/wp-content\/uploads\/2026\/01\/2600NZTMN00047-BLACK.png",453,250,false],"trp-custom-language-flag":["https:\/\/turkishtrade.co\/wp-content\/uploads\/2026\/01\/2600NZTMN00047-BLACK-18x10.png",18,10,true],"woocommerce_thumbnail":["https:\/\/turkishtrade.co\/wp-content\/uploads\/2026\/01\/2600NZTMN00047-BLACK-400x250.png",400,250,true],"woocommerce_single":["https:\/\/turkishtrade.co\/wp-content\/uploads\/2026\/01\/2600NZTMN00047-BLACK.png",453,250,false],"woocommerce_gallery_thumbnail":["https:\/\/turkishtrade.co\/wp-content\/uploads\/2026\/01\/2600NZTMN00047-BLACK-100x100.png",100,100,true]},"uagb_author_info":{"display_name":"python python","author_link":"https:\/\/turkishtrade.co\/tr\/author\/"},"uagb_comment_info":0,"uagb_excerpt":"Premium calfskin leather upper ensures durability and a sophisticated look. Luxurious goatskin lining provides exceptional comfort and breathability. Lightweight and flexible EVA sole for superior all-day cushioning. Available in EU sizes 40, 41, 42, 43, and 44. Perfect for a smart-casual wardrobe, these Men's Black Calfskin Casual Loafers offer versatile styling. Wholesale pricing available with&hellip;","_links":{"self":[{"href":"https:\/\/turkishtrade.co\/tr\/wp-json\/wp\/v2\/product\/8197","targetHints":{"allow":["GET"]}}],"collection":[{"href":"https:\/\/turkishtrade.co\/tr\/wp-json\/wp\/v2\/product"}],"about":[{"href":"https:\/\/turkishtrade.co\/tr\/wp-json\/wp\/v2\/types\/product"}],"wp:featuredmedia":[{"embeddable":true,"href":"https:\/\/turkishtrade.co\/tr\/wp-json\/wp\/v2\/media\/6944"}],"wp:attachment":[{"href":"https:\/\/turkishtrade.co\/tr\/wp-json\/wp\/v2\/media?parent=8197"}],"wp:term":[{"taxonomy":"product_brand","embeddable":true,"href":"https:\/\/turkishtrade.co\/tr\/wp-json\/wp\/v2\/product_brand?post=8197"},{"taxonomy":"product_cat","embeddable":true,"href":"https:\/\/turkishtrade.co\/tr\/wp-json\/wp\/v2\/product_cat?post=8197"},{"taxonomy":"product_tag","embeddable":true,"href":"https:\/\/turkishtrade.co\/tr\/wp-json\/wp\/v2\/product_tag?post=8197"}],"curies":[{"name":"wp","href":"https:\/\/api.w.org\/{rel}","templated":true}]}}