{"id":8176,"date":"2026-01-29T14:48:11","date_gmt":"2026-01-29T14:48:11","guid":{"rendered":"https:\/\/turkishtrade.co\/?post_type=product&#038;p=8176"},"modified":"2026-04-09T20:33:07","modified_gmt":"2026-04-09T20:33:07","slug":"classic-calf-leather-loafers-2","status":"publish","type":"product","link":"https:\/\/turkishtrade.co\/tr\/shop\/classic-calf-leather-loafers-2\/","title":{"rendered":"Klasik Buza\u011f\u0131 Derisi Loafer'lar EVA Tabanl\u0131 \u0130nan\u0131lmaz | Erkek"},"content":{"rendered":"<p><strong>Klasik Buza\u011f\u0131 Derisi Loafer<\/strong>. \u0130nan\u0131lmaz kalite ve tasar\u0131m.<\/p>\n<p>Enfes koleksiyonumuzla benzersiz konfora ve sofistike stile ad\u0131m at\u0131n <strong>Klasik Buza\u011f\u0131 Derisi Loafer<\/strong>. Se\u00e7kin beyefendiler i\u00e7in tasarlanan bu mokasen ayakkab\u0131lar, geleneksel \u015f\u0131kl\u0131\u011f\u0131 g\u00fcn\u00fcm\u00fcz konforuyla harmanlayarak her gard\u0131roba m\u00fckemmel bir katk\u0131 sa\u011flar. Bu birinci s\u0131n\u0131f mokasen ayakkab\u0131lar\u0131n her bir \u00e7ifti, ister ofiste ister rahat bir hafta sonunun tad\u0131n\u0131 \u00e7\u0131kar\u0131rken en iyi \u015fekilde g\u00f6r\u00fcnmenizi ve hissetmenizi sa\u011flayacak ola\u011fan\u00fcst\u00fc bir kullan\u0131m deneyimi sunmak i\u00e7in titizlikle \u00fcretilmi\u015ftir.<\/p>\n<h3>E\u015fsiz Konfor ve Stil<\/h3>\n<p>Bizim <strong>Klasik Buza\u011f\u0131 Derisi Loafer<\/strong> sadece estetikten ibaret de\u011fildir; \u00fcst\u00fcn konfor i\u00e7in tasarlanm\u0131\u015ft\u0131r. Yumu\u015fak, esnek hakiki dana derisi saya aya\u011f\u0131n\u0131za uyum sa\u011flayarak ilk giyimden itibaren ki\u015fiye \u00f6zel bir uyum sa\u011flar. \u0130\u00e7 k\u0131s\u0131mdaki l\u00fcks ke\u00e7i derisi astar, ola\u011fan\u00fcst\u00fc nefes alabilirlik ve cildinize kar\u015f\u0131 pel\u00fc\u015f bir his sunarak saatler s\u00fcren kullan\u0131mdan sonra bile rahats\u0131zl\u0131\u011f\u0131 \u00f6nler. Bu birinci s\u0131n\u0131f malzemeleri tamamlayan son teknoloji \u00fcr\u00fcn\u00fc EVA taban. Bu hafif ve esnek taban, ola\u011fan\u00fcst\u00fc yast\u0131klama ve destek sa\u011flayarak her ad\u0131mda darbeyi emer ve bu ayakkab\u0131lar\u0131 en rahat ayakkab\u0131lar haline getirir. <strong>Klasik Buza\u011f\u0131 Derisi Loafer<\/strong> sahip olacaks\u0131n.<\/p>\n<h3>Kal\u0131c\u0131 Kalite i\u00e7in Birinci S\u0131n\u0131f Malzemeler<\/h3>\n<p>Kalite bizim kalbimizde yer al\u0131r <strong>Klasik Buza\u011f\u0131 Derisi Loafer<\/strong>. \u00dcst k\u0131s\u0131m i\u00e7in dana derisinin se\u00e7ilmesi, yaln\u0131zca zarif bir g\u00f6r\u00fcn\u00fcm sa\u011flamakla kalmaz, ayn\u0131 zamanda g\u00fcnl\u00fck a\u015f\u0131nma ve y\u0131pranmaya kar\u015f\u0131 ola\u011fan\u00fcst\u00fc dayan\u0131kl\u0131l\u0131k ve esneklik sa\u011flar. P\u00fcr\u00fczs\u00fcz dokusu ve dayan\u0131kl\u0131l\u0131\u011f\u0131yla tan\u0131nan dana derisi, loafer'lar\u0131n\u0131z\u0131n zarif g\u00f6r\u00fcn\u00fcm\u00fcn\u00fc y\u0131llarca koruyaca\u011f\u0131n\u0131 vaat ediyor. Ke\u00e7i derisi i\u00e7 k\u0131s\u0131m, yumu\u015fakl\u0131\u011f\u0131 ve nefes alabilirli\u011fi ile bilinen \u00fcst\u00fcn hissi daha da art\u0131rarak ayaklar\u0131n\u0131z i\u00e7in en uygun ortam\u0131 yarat\u0131r. Y\u00fcksek kaliteli malzemelere olan bu ba\u011fl\u0131l\u0131k, bu ayakkab\u0131lar\u0131n sadece bir ayakkab\u0131 de\u011fil, kal\u0131c\u0131 stil ve konfora yap\u0131lan bir yat\u0131r\u0131m olmas\u0131n\u0131 sa\u011flar.<\/p>\n<h3>Her Durum \u0130\u00e7in \u0130deal<\/h3>\n<p>Bunlar\u0131n \u00e7ok y\u00f6nl\u00fc tasar\u0131m\u0131 <strong>Klasik Buza\u011f\u0131 Derisi Loafer<\/strong> onlar\u0131 \u00e7ok \u00e7e\u015fitli durumlar i\u00e7in uygun hale getirir. Zarif silueti, \u015f\u0131k bir profesyonel g\u00f6r\u00fcn\u00fcm i\u00e7in chino pantolon ve blazer ceket gibi g\u00fcnl\u00fck i\u015f k\u0131yafetleriyle zahmetsizce e\u015fle\u015ftirilmesine olanak tan\u0131r. Bununla birlikte, do\u011fal rahatl\u0131\u011f\u0131 ve abart\u0131s\u0131z stili, onlar\u0131 daha rahat ortamlar i\u00e7in de m\u00fckemmel k\u0131lar; kot pantolonlar\u0131 veya \u015fortlar\u0131 tamamlayarak \u015f\u0131k ve rahat bir kombin olu\u015fturur. 40, 41, 42, 43 ve 44 numara se\u00e7enekleri bulunan bu mokasen ayakkab\u0131lar, geni\u015f bir ayak \u00f6l\u00e7\u00fcs\u00fc yelpazesine hitap ederek ideal ayakkab\u0131y\u0131 arayan her m\u00fc\u015fteri i\u00e7in m\u00fckemmel bir uyum sa\u011flar. <strong>Klasik Buza\u011f\u0131 Derisi Loafer<\/strong>.<\/p>\n<h3>Toptan Sat\u0131\u015f F\u0131rsatlar\u0131<\/h3>\n<p>Birinci s\u0131n\u0131f ayakkab\u0131lar sunmak isteyen i\u015fletmeler i\u00e7in <strong>Klasik Buza\u011f\u0131 Derisi Loafer<\/strong> toptan sat\u0131n al\u0131nabilir. Minimum 16 \u00e7ift sipari\u015f miktar\u0131 ile envanterinizi kalite, konfor ve zamans\u0131z \u00e7ekicilik vaat eden bir \u00fcr\u00fcnle kolayca stoklayabilirsiniz. Ayakkab\u0131 koleksiyonunuzu geli\u015ftirin ve m\u00fc\u015fterilerinize bu ola\u011fan\u00fcst\u00fc ayakkab\u0131lar\u0131 sunun <strong>Klasik Buza\u011f\u0131 Derisi Loafer<\/strong> pazarda ger\u00e7ekten \u00f6ne \u00e7\u0131kan.<\/p>","protected":false},"excerpt":{"rendered":"<ul>\n<li>Hakiki, y\u00fcksek kaliteli dana derisinden ustal\u0131kla \u00fcretilmi\u015ftir.<\/li>\n<li>\u00dcst\u00fcn konfor i\u00e7in l\u00fcks ve nefes alabilen ke\u00e7i derisi astara sahiptir.<\/li>\n<li>G\u00fcn boyu yast\u0131klama sa\u011flayan hafif ve esnek EVA taban ile donat\u0131lm\u0131\u015ft\u0131r.<\/li>\n<li>Hem g\u00fcndelik hem de yar\u0131 resmi giyim i\u00e7in \u00e7ok y\u00f6nl\u00fc, zamans\u0131z bir klasik loafer tasar\u0131m\u0131 sergiler.<\/li>\n<li>Minimum 16 \u00e7ift sipari\u015f miktar\u0131 ile toptan sat\u0131n al\u0131nabilir.<\/li>\n<\/ul>","protected":false},"featured_media":6943,"template":"","meta":{"_acf_changed":false,"_uag_custom_page_level_css":"","site-sidebar-layout":"default","site-content-layout":"","ast-site-content-layout":"default","site-content-style":"default","site-sidebar-style":"default","ast-global-header-display":"","ast-banner-title-visibility":"","ast-main-header-display":"","ast-hfb-above-header-display":"","ast-hfb-below-header-display":"","ast-hfb-mobile-header-display":"","site-post-title":"","ast-breadcrumbs-content":"","ast-featured-img":"","footer-sml-layout":"","ast-disable-related-posts":"","theme-transparent-header-meta":"","adv-header-id-meta":"","stick-header-meta":"","header-above-stick-meta":"","header-main-stick-meta":"","header-below-stick-meta":"","astra-migrate-meta-layouts":"default","ast-page-background-enabled":"default","ast-page-background-meta":{"desktop":{"background-color":"var(--ast-global-color-4)","background-image":"","background-repeat":"repeat","background-position":"center center","background-size":"auto","background-attachment":"scroll","background-type":"","background-media":"","overlay-type":"","overlay-color":"","overlay-opacity":"","overlay-gradient":""},"tablet":{"background-color":"","background-image":"","background-repeat":"repeat","background-position":"center center","background-size":"auto","background-attachment":"scroll","background-type":"","background-media":"","overlay-type":"","overlay-color":"","overlay-opacity":"","overlay-gradient":""},"mobile":{"background-color":"","background-image":"","background-repeat":"repeat","background-position":"center center","background-size":"auto","background-attachment":"scroll","background-type":"","background-media":"","overlay-type":"","overlay-color":"","overlay-opacity":"","overlay-gradient":""}},"ast-content-background-meta":{"desktop":{"background-color":"var(--ast-global-color-5)","background-image":"","background-repeat":"repeat","background-position":"center center","background-size":"auto","background-attachment":"scroll","background-type":"","background-media":"","overlay-type":"","overlay-color":"","overlay-opacity":"","overlay-gradient":""},"tablet":{"background-color":"var(--ast-global-color-5)","background-image":"","background-repeat":"repeat","background-position":"center center","background-size":"auto","background-attachment":"scroll","background-type":"","background-media":"","overlay-type":"","overlay-color":"","overlay-opacity":"","overlay-gradient":""},"mobile":{"background-color":"var(--ast-global-color-5)","background-image":"","background-repeat":"repeat","background-position":"center center","background-size":"auto","background-attachment":"scroll","background-type":"","background-media":"","overlay-type":"","overlay-color":"","overlay-opacity":"","overlay-gradient":""}}},"product_brand":[],"product_cat":[48,47,49,430,1200],"product_tag":[370,512,1377,287,189,719,362,184,977,262],"class_list":{"0":"post-8176","1":"product","2":"type-product","3":"status-publish","4":"has-post-thumbnail","6":"product_cat-casual","7":"product_cat-classic","8":"product_cat-loafer","9":"product_cat-men","10":"product_cat-mens-shoes-2","11":"product_tag-black-loafers","12":"product_tag-casual-loafers","13":"product_tag-classic-calf-leather-loafers","14":"product_tag-eva-sole-shoes","15":"product_tag-goat-leather-lining","16":"product_tag-mens-leather-loafers","17":"product_tag-premium-footwear","18":"product_tag-slip-on-shoes","19":"product_tag-timeless-style","20":"product_tag-wholesale-mens-shoes","21":"desktop-align-center","22":"tablet-align-center","23":"mobile-align-center","25":"first","26":"instock","27":"shipping-taxable","28":"purchasable","29":"product-type-variable","30":"has-default-attributes"},"acf":[],"uagb_featured_image_src":{"full":["https:\/\/turkishtrade.co\/wp-content\/uploads\/2026\/01\/2600NZTMN00046-BLACK.png",453,250,false],"thumbnail":["https:\/\/turkishtrade.co\/wp-content\/uploads\/2026\/01\/2600NZTMN00046-BLACK-150x150.png",150,150,true],"medium":["https:\/\/turkishtrade.co\/wp-content\/uploads\/2026\/01\/2600NZTMN00046-BLACK-300x166.png",300,166,true],"medium_large":["https:\/\/turkishtrade.co\/wp-content\/uploads\/2026\/01\/2600NZTMN00046-BLACK.png",453,250,false],"large":["https:\/\/turkishtrade.co\/wp-content\/uploads\/2026\/01\/2600NZTMN00046-BLACK.png",453,250,false],"1536x1536":["https:\/\/turkishtrade.co\/wp-content\/uploads\/2026\/01\/2600NZTMN00046-BLACK.png",453,250,false],"2048x2048":["https:\/\/turkishtrade.co\/wp-content\/uploads\/2026\/01\/2600NZTMN00046-BLACK.png",453,250,false],"trp-custom-language-flag":["https:\/\/turkishtrade.co\/wp-content\/uploads\/2026\/01\/2600NZTMN00046-BLACK-18x10.png",18,10,true],"woocommerce_thumbnail":["https:\/\/turkishtrade.co\/wp-content\/uploads\/2026\/01\/2600NZTMN00046-BLACK-400x250.png",400,250,true],"woocommerce_single":["https:\/\/turkishtrade.co\/wp-content\/uploads\/2026\/01\/2600NZTMN00046-BLACK.png",453,250,false],"woocommerce_gallery_thumbnail":["https:\/\/turkishtrade.co\/wp-content\/uploads\/2026\/01\/2600NZTMN00046-BLACK-100x100.png",100,100,true]},"uagb_author_info":{"display_name":"python python","author_link":"https:\/\/turkishtrade.co\/tr\/author\/"},"uagb_comment_info":0,"uagb_excerpt":"Expertly crafted from genuine, high-quality calf leather. Features a luxurious and breathable goat leather lining for ultimate comfort. Equipped with a lightweight and flexible EVA sole, ensuring all-day cushioning. Showcases a timeless classic loafer design, versatile for both casual and semi-formal wear. Available for wholesale purchase with a minimum order quantity of 16 pairs.","_links":{"self":[{"href":"https:\/\/turkishtrade.co\/tr\/wp-json\/wp\/v2\/product\/8176","targetHints":{"allow":["GET"]}}],"collection":[{"href":"https:\/\/turkishtrade.co\/tr\/wp-json\/wp\/v2\/product"}],"about":[{"href":"https:\/\/turkishtrade.co\/tr\/wp-json\/wp\/v2\/types\/product"}],"wp:featuredmedia":[{"embeddable":true,"href":"https:\/\/turkishtrade.co\/tr\/wp-json\/wp\/v2\/media\/6943"}],"wp:attachment":[{"href":"https:\/\/turkishtrade.co\/tr\/wp-json\/wp\/v2\/media?parent=8176"}],"wp:term":[{"taxonomy":"product_brand","embeddable":true,"href":"https:\/\/turkishtrade.co\/tr\/wp-json\/wp\/v2\/product_brand?post=8176"},{"taxonomy":"product_cat","embeddable":true,"href":"https:\/\/turkishtrade.co\/tr\/wp-json\/wp\/v2\/product_cat?post=8176"},{"taxonomy":"product_tag","embeddable":true,"href":"https:\/\/turkishtrade.co\/tr\/wp-json\/wp\/v2\/product_tag?post=8176"}],"curies":[{"name":"wp","href":"https:\/\/api.w.org\/{rel}","templated":true}]}}