{"id":8175,"date":"2026-01-29T14:48:11","date_gmt":"2026-01-29T14:48:11","guid":{"rendered":"https:\/\/turkishtrade.co\/?post_type=product&#038;p=8175"},"modified":"2026-04-09T20:33:12","modified_gmt":"2026-04-09T20:33:12","slug":"mens-black-leather-derby-shoes-17","status":"publish","type":"product","link":"https:\/\/turkishtrade.co\/tr\/shop\/mens-black-leather-derby-shoes-17\/","title":{"rendered":"Erkek Siyah Deri Derbi Ayakkab\u0131 Hakiki | Erkek Siyah Dana Derisi Derbi"},"content":{"rendered":"<p><strong>Erkek Siyah Deri Derby Ayakkab\u0131<\/strong>. Orijinal kalite ve tasar\u0131m.<\/p>\n<p>Zarif tasar\u0131m\u0131m\u0131zla klasik tarz\u0131n ve kal\u0131c\u0131 konforun \u00f6z\u00fcn\u00fc ke\u015ffedin <b>Erkek Siyah Deri Derby Ayakkab\u0131<\/b>. En y\u00fcksek kalite ve estetik standartlar\u0131n\u0131 kar\u015f\u0131lamak \u00fczere titizlikle \u00fcretilen bu ayakkab\u0131lar, hem \u015f\u0131kl\u0131\u011fa hem de pratikli\u011fe de\u011fer veren se\u00e7ici bireyler i\u00e7in tasarlanm\u0131\u015ft\u0131r. \u0130\u015f toplant\u0131lar\u0131ndan sofistike g\u00fcndelik gezilere kadar \u00e7e\u015fitli durumlar i\u00e7in m\u00fckemmel olan bu ayakkab\u0131lar <b>Erkek Siyah Deri Derby Ayakkab\u0131<\/b> her modern gard\u0131rop i\u00e7in \u00e7ok y\u00f6nl\u00fc bir elyaft\u0131r.<\/p>\n<h3>\u00dcst\u00fcn Konfor ve Stil i\u00e7in Birinci S\u0131n\u0131f Malzemeler<\/h3>\n<p>Bu ola\u011fan\u00fcst\u00fc derby ayakkab\u0131lar\u0131n kalbinde birinci s\u0131n\u0131f malzemelere ba\u011fl\u0131l\u0131k yat\u0131yor. Ayakkab\u0131n\u0131n \u00fcst k\u0131sm\u0131 orijinal <i>dana derisi<\/i>, p\u00fcr\u00fczs\u00fcz dokusu, do\u011fal parlakl\u0131\u011f\u0131 ve ola\u011fan\u00fcst\u00fc dayan\u0131kl\u0131l\u0131\u011f\u0131 ile \u00fcnl\u00fcd\u00fcr. Bu l\u00fcks deri sadece sofistike bir g\u00f6r\u00fcn\u00fcm sa\u011flamakla kalmaz, ayn\u0131 zamanda zaman i\u00e7inde aya\u011f\u0131n\u0131za uyum sa\u011flayarak ki\u015fiselle\u015ftirilmi\u015f ve rahat bir uyum sa\u011flar. Sa\u011flam d\u0131\u015f y\u00fczeyi tamamlayan i\u00e7 k\u0131s\u0131m yumu\u015fak deri ile astarlanm\u0131\u015ft\u0131r. <i>ke\u00e7i derisi<\/i>. Bu y\u00fcksek kaliteli astar nefes alabilir, nemi emer ve cilde kar\u015f\u0131 son derece naziktir, uzun s\u00fcreli kullan\u0131mlarda bile g\u00fcn boyu konforu garanti eder. Bu \u00f6zenli malzeme se\u00e7imleri <b>Erkek Siyah Deri Derby Ayakkab\u0131<\/b> hem stil hem de refah i\u00e7in ger\u00e7ek bir yat\u0131r\u0131m.<\/p>\n<h3>Performans ve \u00c7ok Y\u00f6nl\u00fcl\u00fck i\u00e7in Tasarland\u0131<\/h3>\n<p>\u00c7arp\u0131c\u0131 esteti\u011finin \u00f6tesinde, bu <b>Erkek Siyah Deri Derby Ayakkab\u0131<\/b> optimum performans i\u00e7in tasarlanm\u0131\u015ft\u0131r. Hafif ancak sa\u011flam <i>EVA taban<\/i> m\u00fckemmel yast\u0131klama ve esneklik sa\u011flayarak her ad\u0131mda darbeyi emer. Kaymaz s\u0131rt deseni \u00e7e\u015fitli y\u00fczeylerde g\u00fcvenilir tutu\u015f sa\u011flayarak g\u00fcven ve denge sunar. Klasik ba\u011fc\u0131kl\u0131 Derby tasar\u0131m\u0131, geleneksel cazibesine \u00e7a\u011fda\u015f bir dokunu\u015f katan zarif d\u00fcz burun ba\u015fl\u0131\u011f\u0131 ve vampirdeki ince dokulu detaylarla zamans\u0131z bir siluete sahiptir. 40, 41, 42, 43 ve 44 dahil olmak \u00fczere kapsaml\u0131 bir Avrupa beden yelpazesinde mevcut oldu\u011fundan, m\u00fckemmel uyumunuzu bulmak zahmetsizdir. Bu y\u00fcksek kaliteli <b>Erkek Siyah Deri Derby Ayakkab\u0131<\/b> Resmi k\u0131yafetlerden \u015f\u0131k ve g\u00fcndelik kombinlere zahmetsizce ge\u00e7i\u015f yapabilen bu ayakkab\u0131lar, her ayakkab\u0131 koleksiyonunun vazge\u00e7ilmez bir par\u00e7as\u0131d\u0131r.<\/p>\n<h3>Perakendeciler i\u00e7in Toptan Sat\u0131\u015f F\u0131rsat\u0131<\/h3>\n<p>M\u00fc\u015fterilerine birinci s\u0131n\u0131f ayakkab\u0131lar sunmak isteyen perakendeciler i\u00e7in koleksiyonumuz <b>Erkek Siyah Deri Derby Ayakkab\u0131<\/b> m\u00fckemmel bir toptan sat\u0131\u015f f\u0131rsat\u0131 sunuyor. \u00dcst\u00fcn i\u015f\u00e7ilik ve malzeme sunarak m\u00fc\u015fteri memnuniyetini sa\u011flamaktan gurur duyuyoruz. Minimum sipari\u015f miktar\u0131 sadece 16 \u00e7ift olan i\u015fletmeler, bu pop\u00fcler ve \u00e7ok y\u00f6nl\u00fc ayakkab\u0131lar\u0131 kolayca stoklayabilir <b>Erkek Siyah Deri Derby Ayakkab\u0131<\/b>, geni\u015f bir m\u00fc\u015fteri kitlesine hitap eden y\u00fcksek kaliteli \u00fcr\u00fcnlerle envanterlerini geli\u015ftiriyor. Ayakkab\u0131 tekliflerinizi y\u00fckseltin ve m\u00fc\u015fterilerinize en iyi klasik erkek stilini ve benzersiz konforu sunmak i\u00e7in bizimle ortakl\u0131k kurun.<\/p>","protected":false},"excerpt":{"rendered":"<ul>\n<li>Dayan\u0131kl\u0131l\u0131k ve sofistike stil i\u00e7in Premium Dana Derisi Saya.<\/li>\n<li>Yumu\u015fak Ke\u00e7i Derisi Astar ola\u011fan\u00fcst\u00fc konfor ve nefes alabilirlik sa\u011flar.<\/li>\n<li>Hafif ve Esnek EVA Taban yast\u0131klama ve g\u00fcn boyu konfor sa\u011flar.<\/li>\n<li>M\u00fckemmel uyum i\u00e7in 40, 41, 42, 43, 44 Avrupa bedenleri mevcuttur.<\/li>\n<li>Klasik ba\u011fc\u0131kl\u0131 Derby tasar\u0131m\u0131, smart-casual ve profesyonel ortamlar i\u00e7in idealdir.<\/li>\n<li>Toptan sat\u0131\u015f talepleri Minimum 16 \u00c7ift Sipari\u015f ile kabul edilir.<\/li>\n<\/ul>","protected":false},"featured_media":6940,"template":"","meta":{"_acf_changed":false,"_uag_custom_page_level_css":"","site-sidebar-layout":"default","site-content-layout":"","ast-site-content-layout":"default","site-content-style":"default","site-sidebar-style":"default","ast-global-header-display":"","ast-banner-title-visibility":"","ast-main-header-display":"","ast-hfb-above-header-display":"","ast-hfb-below-header-display":"","ast-hfb-mobile-header-display":"","site-post-title":"","ast-breadcrumbs-content":"","ast-featured-img":"","footer-sml-layout":"","ast-disable-related-posts":"","theme-transparent-header-meta":"","adv-header-id-meta":"","stick-header-meta":"","header-above-stick-meta":"","header-main-stick-meta":"","header-below-stick-meta":"","astra-migrate-meta-layouts":"default","ast-page-background-enabled":"default","ast-page-background-meta":{"desktop":{"background-color":"var(--ast-global-color-4)","background-image":"","background-repeat":"repeat","background-position":"center center","background-size":"auto","background-attachment":"scroll","background-type":"","background-media":"","overlay-type":"","overlay-color":"","overlay-opacity":"","overlay-gradient":""},"tablet":{"background-color":"","background-image":"","background-repeat":"repeat","background-position":"center center","background-size":"auto","background-attachment":"scroll","background-type":"","background-media":"","overlay-type":"","overlay-color":"","overlay-opacity":"","overlay-gradient":""},"mobile":{"background-color":"","background-image":"","background-repeat":"repeat","background-position":"center center","background-size":"auto","background-attachment":"scroll","background-type":"","background-media":"","overlay-type":"","overlay-color":"","overlay-opacity":"","overlay-gradient":""}},"ast-content-background-meta":{"desktop":{"background-color":"var(--ast-global-color-5)","background-image":"","background-repeat":"repeat","background-position":"center center","background-size":"auto","background-attachment":"scroll","background-type":"","background-media":"","overlay-type":"","overlay-color":"","overlay-opacity":"","overlay-gradient":""},"tablet":{"background-color":"var(--ast-global-color-5)","background-image":"","background-repeat":"repeat","background-position":"center center","background-size":"auto","background-attachment":"scroll","background-type":"","background-media":"","overlay-type":"","overlay-color":"","overlay-opacity":"","overlay-gradient":""},"mobile":{"background-color":"var(--ast-global-color-5)","background-image":"","background-repeat":"repeat","background-position":"center center","background-size":"auto","background-attachment":"scroll","background-type":"","background-media":"","overlay-type":"","overlay-color":"","overlay-opacity":"","overlay-gradient":""}}},"product_brand":[],"product_cat":[48,47,49,430,1200],"product_tag":[196,566,754,287,1376,310,632,280,254],"class_list":{"0":"post-8175","1":"product","2":"type-product","3":"status-publish","4":"has-post-thumbnail","6":"product_cat-casual","7":"product_cat-classic","8":"product_cat-loafer","9":"product_cat-men","10":"product_cat-mens-shoes-2","11":"product_tag-black-leather-shoes","12":"product_tag-calfskin-shoes","13":"product_tag-classic-mens-shoes","14":"product_tag-eva-sole-shoes","15":"product_tag-formal-leather-shoes","16":"product_tag-mens-derby-shoes","17":"product_tag-premium-leather-shoes","18":"product_tag-smart-casual-shoes","19":"product_tag-wholesale-footwear","20":"desktop-align-center","21":"tablet-align-center","22":"mobile-align-center","24":"first","25":"instock","26":"shipping-taxable","27":"purchasable","28":"product-type-variable","29":"has-default-attributes"},"acf":[],"uagb_featured_image_src":{"full":["https:\/\/turkishtrade.co\/wp-content\/uploads\/2026\/01\/2600NZTMN00045-BLACK.png",453,250,false],"thumbnail":["https:\/\/turkishtrade.co\/wp-content\/uploads\/2026\/01\/2600NZTMN00045-BLACK-150x150.png",150,150,true],"medium":["https:\/\/turkishtrade.co\/wp-content\/uploads\/2026\/01\/2600NZTMN00045-BLACK-300x166.png",300,166,true],"medium_large":["https:\/\/turkishtrade.co\/wp-content\/uploads\/2026\/01\/2600NZTMN00045-BLACK.png",453,250,false],"large":["https:\/\/turkishtrade.co\/wp-content\/uploads\/2026\/01\/2600NZTMN00045-BLACK.png",453,250,false],"1536x1536":["https:\/\/turkishtrade.co\/wp-content\/uploads\/2026\/01\/2600NZTMN00045-BLACK.png",453,250,false],"2048x2048":["https:\/\/turkishtrade.co\/wp-content\/uploads\/2026\/01\/2600NZTMN00045-BLACK.png",453,250,false],"trp-custom-language-flag":["https:\/\/turkishtrade.co\/wp-content\/uploads\/2026\/01\/2600NZTMN00045-BLACK-18x10.png",18,10,true],"woocommerce_thumbnail":["https:\/\/turkishtrade.co\/wp-content\/uploads\/2026\/01\/2600NZTMN00045-BLACK-400x250.png",400,250,true],"woocommerce_single":["https:\/\/turkishtrade.co\/wp-content\/uploads\/2026\/01\/2600NZTMN00045-BLACK.png",453,250,false],"woocommerce_gallery_thumbnail":["https:\/\/turkishtrade.co\/wp-content\/uploads\/2026\/01\/2600NZTMN00045-BLACK-100x100.png",100,100,true]},"uagb_author_info":{"display_name":"python python","author_link":"https:\/\/turkishtrade.co\/tr\/author\/"},"uagb_comment_info":0,"uagb_excerpt":"Premium Calf Leather Upper for durability and sophisticated style. Soft Goat Leather Lining ensures exceptional comfort and breathability. Lightweight and Flexible EVA Sole provides cushioning and all-day comfort. Available in European sizes 40, 41, 42, 43, 44 for a perfect fit. Classic lace-up Derby design ideal for smart-casual and professional settings. Wholesale inquiries welcome with&hellip;","_links":{"self":[{"href":"https:\/\/turkishtrade.co\/tr\/wp-json\/wp\/v2\/product\/8175","targetHints":{"allow":["GET"]}}],"collection":[{"href":"https:\/\/turkishtrade.co\/tr\/wp-json\/wp\/v2\/product"}],"about":[{"href":"https:\/\/turkishtrade.co\/tr\/wp-json\/wp\/v2\/types\/product"}],"wp:featuredmedia":[{"embeddable":true,"href":"https:\/\/turkishtrade.co\/tr\/wp-json\/wp\/v2\/media\/6940"}],"wp:attachment":[{"href":"https:\/\/turkishtrade.co\/tr\/wp-json\/wp\/v2\/media?parent=8175"}],"wp:term":[{"taxonomy":"product_brand","embeddable":true,"href":"https:\/\/turkishtrade.co\/tr\/wp-json\/wp\/v2\/product_brand?post=8175"},{"taxonomy":"product_cat","embeddable":true,"href":"https:\/\/turkishtrade.co\/tr\/wp-json\/wp\/v2\/product_cat?post=8175"},{"taxonomy":"product_tag","embeddable":true,"href":"https:\/\/turkishtrade.co\/tr\/wp-json\/wp\/v2\/product_tag?post=8175"}],"curies":[{"name":"wp","href":"https:\/\/api.w.org\/{rel}","templated":true}]}}