{"id":8174,"date":"2026-01-29T14:48:10","date_gmt":"2026-01-29T14:48:10","guid":{"rendered":"https:\/\/turkishtrade.co\/?post_type=product&#038;p=8174"},"modified":"2026-04-09T20:33:17","modified_gmt":"2026-04-09T20:33:17","slug":"mens-brown-calf-leather-loafers","status":"publish","type":"product","link":"https:\/\/turkishtrade.co\/tr\/shop\/mens-brown-calf-leather-loafers\/","title":{"rendered":"Erkek Kahverengi Dana Derisi Loafer'lar EVA Taban ile \u0130nan\u0131lmaz |"},"content":{"rendered":"<p>Birinci s\u0131n\u0131f \u00fcr\u00fcnlerimizle sofistike konfora ad\u0131m at\u0131n <b>Erkek Kahverengi Dana Derisi Loafer<\/b>. Modern erkek i\u00e7in ustal\u0131kla \u00fcretilen bu mokasen ayakkab\u0131lar, zamans\u0131z stili \u00e7a\u011fda\u015f \u00f6zelliklerle harmanlayarak her gard\u0131roba \u00e7ok y\u00f6nl\u00fc bir katk\u0131 sa\u011flar. \u0130ster g\u00fcndelik bir gezinti ister yar\u0131 resmi bir etkinlik i\u00e7in giyiniyor olun, bu klasik mokasen ayakkab\u0131lar kombininizi kusursuz bir \u015fekilde tamamlar.<\/p>\n<h3>Rakipsiz \u0130\u015f\u00e7ilik ve Malzemeler<\/h3>\n<p>Bu mokasen ayakkab\u0131lar\u0131n kalbinde ola\u011fan\u00fcst\u00fc yap\u0131lar\u0131 yat\u0131yor. \u00dcst k\u0131s\u0131m y\u00fcksek kaliteli <em>dana deri<\/em> (dana derisi), p\u00fcr\u00fczs\u00fcz dokusu, dayan\u0131kl\u0131l\u0131\u011f\u0131 ve zaman i\u00e7inde g\u00fczel bir patina geli\u015ftirme kabiliyetiyle \u00fcnl\u00fcd\u00fcr. Ustaca perdahlanm\u0131\u015f zengin kahverengi tonu, derinlik ve karakter katarak her bir \u00e7iftimizin <b>Erkek Kahverengi Dana Derisi Loafer<\/b> \u00f6ne \u00e7\u0131k\u0131yor. Sa\u011flam d\u0131\u015f g\u00f6r\u00fcn\u00fcm\u00fc tamamlayan l\u00fcks bir <em>keci astar<\/em> (ke\u00e7i derisi astar). Bu yumu\u015fak, nefes alabilen astar nemi uzakla\u015ft\u0131r\u0131r ve benzersiz bir konfor sa\u011flayarak bu slip-on ayakkab\u0131lar\u0131 sabahtan ak\u015fama kadar giymeyi bir zevk haline getirir. S\u0131rt k\u0131sm\u0131ndaki delikli detaylar sadece zarif bir \u015f\u0131kl\u0131k katmakla kalmaz, ayn\u0131 zamanda nefes alabilirli\u011fi de art\u0131r\u0131r.<\/p>\n<h3>EVA Taban ile Geli\u015fmi\u015f Konfor<\/h3>\n<p>Geleneksel a\u011f\u0131r tabanlardan farkl\u0131 olarak, bu mokasen ayakkab\u0131lar son teknoloji EVA tabana sahiptir. Bu hafif, esnek ve \u015fok emici malzeme maksimum konfor sa\u011flar ve uzun s\u00fcreli kullan\u0131mdan sonra bile ayak yorgunlu\u011funu azalt\u0131r. Sa\u011flam ancak esnek EVA taban m\u00fckemmel \u00e7eki\u015f g\u00fcc\u00fc sunar ve bu mokasenleri <b>Erkek Kahverengi Dana Derisi Loafer<\/b> g\u00fcnl\u00fck kullan\u0131m i\u00e7in idealdir ve her ad\u0131mda yast\u0131kl\u0131 bir ad\u0131m sa\u011flar. Hem esteti\u011fi hem de ergonomik deste\u011fi g\u00f6z \u00f6n\u00fcnde bulunduran \u00f6zenli tasar\u0131m, hem stile hem de sa\u011fl\u0131\u011fa de\u011fer veren se\u00e7ici beyler i\u00e7in m\u00fckemmeldir.<\/p>\n<h3>Her Durum i\u00e7in \u00c7ok Y\u00f6nl\u00fc Stil<\/h3>\n<p>Bu g\u00fcndelik klasik mokasen ayakkab\u0131lar\u0131n g\u00fczelli\u011fi uyarlanabilir olmalar\u0131nda yat\u0131yor. Zamans\u0131z penny loafer sil\u00fceti, modern, daha kal\u0131n EVA taban ile birle\u015fti\u011finde, g\u00fcndelik ortamlardan smart-casual ortamlara zahmetsizce ge\u00e7i\u015f yapmas\u0131n\u0131 sa\u011flar. Rahat bir hafta sonu g\u00f6r\u00fcn\u00fcm\u00fc i\u00e7in chino pantolon veya kot pantolon ile e\u015fle\u015ftirin ya da daha g\u00f6steri\u015fli bir g\u00f6r\u00fcn\u00fcm i\u00e7in \u00f6zel dikim pantolon ve blazer ceket ile giydirin. Sofistike kahverengi tonu, geni\u015f bir renk ve stil yelpazesini tamamlayarak vazge\u00e7ilmez bir ayakkab\u0131 tercihi olmas\u0131n\u0131 sa\u011flar. \u0130\u015f toplant\u0131lar\u0131ndan hafta sonu brunch'lar\u0131na kadar, bu loafer'lar etkilemek i\u00e7in tasarland\u0131.<\/p>\n<h3>Toptan Sat\u0131\u015f F\u0131rsatlar\u0131 Mevcut<\/h3>\n<p>Y\u00fcksek kaliteli ayakkab\u0131lar sunmak isteyen perakendeciler ve i\u015fletmeler i\u00e7in <b>Erkek Kahverengi Dana Derisi Loafer<\/b> toptan sat\u0131n al\u0131nabilir. Yaln\u0131zca 16 \u00e7iftlik minimum sipari\u015f miktar\u0131yla, envanterinizi bu pop\u00fcler ve iyi haz\u0131rlanm\u0131\u015f ayakkab\u0131larla kolayca stoklayabilirsiniz. M\u00fc\u015fterilerinizi memnun edecek rekabet\u00e7i fiyatland\u0131rma ve \u00fcst\u00fcn \u00fcr\u00fcn kalitesinden yararlan\u0131n. Bu mokasen ayakkab\u0131lar 40, 41, 42, 43 ve 44 numaral\u0131 temel Avrupa bedenlerinde mevcuttur ve geni\u015f bir m\u00fc\u015fteri taban\u0131na hitap eder. L\u00fcks, konfor ve zamans\u0131z \u00e7ekicili\u011fi bir araya getiren ayakkab\u0131lara yat\u0131r\u0131m yaparak m\u00fc\u015fteri memnuniyetini ve i\u015f tekrar\u0131n\u0131 sa\u011flay\u0131n.<\/p>","protected":false},"excerpt":{"rendered":"<ul>\n<li>Dayan\u0131kl\u0131l\u0131k ve Stil i\u00e7in Premium Dana Derisi Saya<\/li>\n<li>L\u00fcks Ke\u00e7i Derisi Astar Nefes Alabilirlik ve Konfor Sa\u011flar<\/li>\n<li>G\u00fcn Boyu Kullan\u0131m i\u00e7in Hafif ve Esnek EVA Taban<\/li>\n<li>Modern Delikli Detaylara Sahip Klasik Loafer Tasar\u0131m\u0131<\/li>\n<li>40, 41, 42, 43, 44 Avrupa Bedenlerinde Mevcuttur<\/li>\n<li>Minimum 16 \u00e7ift sipari\u015f ile toptan sat\u0131\u015f se\u00e7enekleri mevcuttur.<\/li>\n<\/ul>","protected":false},"featured_media":6936,"template":"","meta":{"_acf_changed":false,"_uag_custom_page_level_css":"","site-sidebar-layout":"default","site-content-layout":"","ast-site-content-layout":"default","site-content-style":"default","site-sidebar-style":"default","ast-global-header-display":"","ast-banner-title-visibility":"","ast-main-header-display":"","ast-hfb-above-header-display":"","ast-hfb-below-header-display":"","ast-hfb-mobile-header-display":"","site-post-title":"","ast-breadcrumbs-content":"","ast-featured-img":"","footer-sml-layout":"","ast-disable-related-posts":"","theme-transparent-header-meta":"","adv-header-id-meta":"","stick-header-meta":"","header-above-stick-meta":"","header-main-stick-meta":"","header-below-stick-meta":"","astra-migrate-meta-layouts":"default","ast-page-background-enabled":"default","ast-page-background-meta":{"desktop":{"background-color":"var(--ast-global-color-4)","background-image":"","background-repeat":"repeat","background-position":"center center","background-size":"auto","background-attachment":"scroll","background-type":"","background-media":"","overlay-type":"","overlay-color":"","overlay-opacity":"","overlay-gradient":""},"tablet":{"background-color":"","background-image":"","background-repeat":"repeat","background-position":"center center","background-size":"auto","background-attachment":"scroll","background-type":"","background-media":"","overlay-type":"","overlay-color":"","overlay-opacity":"","overlay-gradient":""},"mobile":{"background-color":"","background-image":"","background-repeat":"repeat","background-position":"center center","background-size":"auto","background-attachment":"scroll","background-type":"","background-media":"","overlay-type":"","overlay-color":"","overlay-opacity":"","overlay-gradient":""}},"ast-content-background-meta":{"desktop":{"background-color":"var(--ast-global-color-5)","background-image":"","background-repeat":"repeat","background-position":"center center","background-size":"auto","background-attachment":"scroll","background-type":"","background-media":"","overlay-type":"","overlay-color":"","overlay-opacity":"","overlay-gradient":""},"tablet":{"background-color":"var(--ast-global-color-5)","background-image":"","background-repeat":"repeat","background-position":"center center","background-size":"auto","background-attachment":"scroll","background-type":"","background-media":"","overlay-type":"","overlay-color":"","overlay-opacity":"","overlay-gradient":""},"mobile":{"background-color":"var(--ast-global-color-5)","background-image":"","background-repeat":"repeat","background-position":"center center","background-size":"auto","background-attachment":"scroll","background-type":"","background-media":"","overlay-type":"","overlay-color":"","overlay-opacity":"","overlay-gradient":""}}},"product_brand":[],"product_cat":[48,47,49,430,1200],"product_tag":[147,185,457,287,189,384,198,184,281],"class_list":{"0":"post-8174","1":"product","2":"type-product","3":"status-publish","4":"has-post-thumbnail","6":"product_cat-casual","7":"product_cat-classic","8":"product_cat-loafer","9":"product_cat-men","10":"product_cat-mens-shoes-2","11":"product_tag-brown-loafers","12":"product_tag-calf-leather-shoes","13":"product_tag-classic-loafers","14":"product_tag-eva-sole-shoes","15":"product_tag-goat-leather-lining","16":"product_tag-luxury-loafers","17":"product_tag-mens-fashion","18":"product_tag-slip-on-shoes","19":"product_tag-wholesale-shoes","20":"desktop-align-center","21":"tablet-align-center","22":"mobile-align-center","24":"first","25":"instock","26":"shipping-taxable","27":"purchasable","28":"product-type-variable","29":"has-default-attributes"},"acf":[],"uagb_featured_image_src":{"full":["https:\/\/turkishtrade.co\/wp-content\/uploads\/2026\/01\/2600NZTMN00044-BROWN.png",453,250,false],"thumbnail":["https:\/\/turkishtrade.co\/wp-content\/uploads\/2026\/01\/2600NZTMN00044-BROWN-150x150.png",150,150,true],"medium":["https:\/\/turkishtrade.co\/wp-content\/uploads\/2026\/01\/2600NZTMN00044-BROWN-300x166.png",300,166,true],"medium_large":["https:\/\/turkishtrade.co\/wp-content\/uploads\/2026\/01\/2600NZTMN00044-BROWN.png",453,250,false],"large":["https:\/\/turkishtrade.co\/wp-content\/uploads\/2026\/01\/2600NZTMN00044-BROWN.png",453,250,false],"1536x1536":["https:\/\/turkishtrade.co\/wp-content\/uploads\/2026\/01\/2600NZTMN00044-BROWN.png",453,250,false],"2048x2048":["https:\/\/turkishtrade.co\/wp-content\/uploads\/2026\/01\/2600NZTMN00044-BROWN.png",453,250,false],"trp-custom-language-flag":["https:\/\/turkishtrade.co\/wp-content\/uploads\/2026\/01\/2600NZTMN00044-BROWN-18x10.png",18,10,true],"woocommerce_thumbnail":["https:\/\/turkishtrade.co\/wp-content\/uploads\/2026\/01\/2600NZTMN00044-BROWN-400x250.png",400,250,true],"woocommerce_single":["https:\/\/turkishtrade.co\/wp-content\/uploads\/2026\/01\/2600NZTMN00044-BROWN.png",453,250,false],"woocommerce_gallery_thumbnail":["https:\/\/turkishtrade.co\/wp-content\/uploads\/2026\/01\/2600NZTMN00044-BROWN-100x100.png",100,100,true]},"uagb_author_info":{"display_name":"python python","author_link":"https:\/\/turkishtrade.co\/tr\/author\/"},"uagb_comment_info":0,"uagb_excerpt":"Premium Calf Leather Upper for Durability and Style Luxurious Goat Leather Lining Ensures Breathability and Comfort Lightweight and Flexible EVA Sole for All-Day Wear Classic Loafer Design with Modern Perforated Detailing Available in European Sizes 40, 41, 42, 43, 44 Wholesale options available with a minimum order of 16 pairs.","_links":{"self":[{"href":"https:\/\/turkishtrade.co\/tr\/wp-json\/wp\/v2\/product\/8174","targetHints":{"allow":["GET"]}}],"collection":[{"href":"https:\/\/turkishtrade.co\/tr\/wp-json\/wp\/v2\/product"}],"about":[{"href":"https:\/\/turkishtrade.co\/tr\/wp-json\/wp\/v2\/types\/product"}],"wp:featuredmedia":[{"embeddable":true,"href":"https:\/\/turkishtrade.co\/tr\/wp-json\/wp\/v2\/media\/6936"}],"wp:attachment":[{"href":"https:\/\/turkishtrade.co\/tr\/wp-json\/wp\/v2\/media?parent=8174"}],"wp:term":[{"taxonomy":"product_brand","embeddable":true,"href":"https:\/\/turkishtrade.co\/tr\/wp-json\/wp\/v2\/product_brand?post=8174"},{"taxonomy":"product_cat","embeddable":true,"href":"https:\/\/turkishtrade.co\/tr\/wp-json\/wp\/v2\/product_cat?post=8174"},{"taxonomy":"product_tag","embeddable":true,"href":"https:\/\/turkishtrade.co\/tr\/wp-json\/wp\/v2\/product_tag?post=8174"}],"curies":[{"name":"wp","href":"https:\/\/api.w.org\/{rel}","templated":true}]}}