{"id":8173,"date":"2026-01-29T14:48:10","date_gmt":"2026-01-29T14:48:10","guid":{"rendered":"https:\/\/turkishtrade.co\/?post_type=product&#038;p=8173"},"modified":"2026-04-09T20:33:23","modified_gmt":"2026-04-09T20:33:23","slug":"mens-black-leather-derby-shoes-16","status":"publish","type":"product","link":"https:\/\/turkishtrade.co\/tr\/shop\/mens-black-leather-derby-shoes-16\/","title":{"rendered":"Erkek Siyah Deri Derbi Ayakkab\u0131 Authentic | Erkek Siyah Dana Derisi Derbi"},"content":{"rendered":"<p><strong>Erkek Siyah Deri Derby Ayakkab\u0131<\/strong>. Otantik kalite ve tasar\u0131m.<\/p>\n<p>\u00dcst\u00fcn kaliteli \u00fcr\u00fcnlerimizle sofistike bir tarza ve benzersiz bir konfora ad\u0131m at\u0131n <b>Erkek Siyah Deri Derby Ayakkab\u0131<\/b>. Zamans\u0131z \u015f\u0131kl\u0131\u011f\u0131 modern giyilebilirlikle harmanlamak i\u00e7in ustal\u0131kla \u00fcretilen bu ayakkab\u0131lar, hem esteti\u011fe hem de i\u015flevselli\u011fe de\u011fer veren se\u00e7ici bireyler i\u00e7in tasarlanm\u0131\u015ft\u0131r. Klasik Derby silueti ile birle\u015fen \u015f\u0131k siyah kaplama, bu ayakkab\u0131lar\u0131 her gard\u0131rop i\u00e7in vazge\u00e7ilmez bir eklenti haline getirir ve i\u015f hayat\u0131ndan ak\u015fam etkinliklerine zahmetsizce ge\u00e7i\u015f sa\u011flar.<\/p>\n<h3>Rakipsiz Stili Ke\u015ffedin: Erkek Siyah Deri Derby Ayakkab\u0131<\/h3>\n<p>Bizim <b>Erkek Siyah Deri Derby Ayakkab\u0131<\/b> bir ayakkab\u0131dan \u00e7ok daha fazlas\u0131d\u0131r; rafine bir zevkin ifadesidir. \u00c7arp\u0131c\u0131 tasar\u0131m, \u0131\u015f\u0131\u011f\u0131 g\u00fczel bir \u015fekilde yakalayan parlak dana derisi sayaya sahiptir ve gitti\u011finiz her yerde dikkatleri \u00fczerinize \u00e7ekmeyi vaat eder. Klasik stilleri yans\u0131t\u0131rken, sa\u011flam ancak hafif EVA taban, bu ayakkab\u0131lar\u0131n sadece \u015f\u0131k de\u011fil, ayn\u0131 zamanda uzun s\u00fcreli kullan\u0131m i\u00e7in inan\u0131lmaz derecede rahat olmas\u0131n\u0131 sa\u011flayarak \u00e7a\u011fda\u015f bir kenar getiriyor. Bu benzersiz kombinasyon, bu ayakkab\u0131lar\u0131 hem \u015f\u0131k hem de pratik bir ayakkab\u0131 arayanlar i\u00e7in m\u00fckemmel k\u0131l\u0131yor.<\/p>\n<h3>Kal\u0131c\u0131 Konfor ve Dayan\u0131kl\u0131l\u0131k i\u00e7in Birinci S\u0131n\u0131f Malzemeler<\/h3>\n<p>Tasar\u0131mlar\u0131m\u0131zda kalite \u00f6n plandad\u0131r. Bu siyah Derby ayakkab\u0131lar\u0131n her bir \u00e7ifti y\u00fcksek kaliteli malzemeler kullan\u0131larak titizlikle \u00fcretilmi\u015ftir. D\u0131\u015f y\u00fczeyi, esnek dokusu, dayan\u0131kl\u0131l\u0131\u011f\u0131 ve zaman i\u00e7inde g\u00fczel bir patine geli\u015ftirme yetene\u011fi ile bilinen hakiki dana derisine sahiptir. \u0130\u00e7 k\u0131s\u0131mda, ayaklar\u0131n\u0131z yumu\u015fak ve nefes alabilen ke\u00e7i derisi astarla sar\u0131lacak, rahats\u0131zl\u0131\u011f\u0131 \u00f6nleyecek ve her ad\u0131mda l\u00fcks bir his sa\u011flayacakt\u0131r. Yenilik\u00e7i EVA taban, \u00fcst\u00fcn yast\u0131klama ve esneklik sa\u011flayarak bu ayakkab\u0131lar\u0131 en rahat ayakkab\u0131lardan biri haline getirir. <b>Erkek Siyah Deri Derby Ayakkab\u0131<\/b> sahip olabilece\u011finiz en iyi \u00fcr\u00fcnd\u00fcr. Bu \u00f6zenli malzeme se\u00e7imi hem sofistike bir g\u00f6r\u00fcn\u00fcm\u00fc hem de uzun s\u00fcreli kullan\u0131m\u0131 garanti eder.<\/p>\n<h3>G\u00fcnl\u00fck ve Klasi\u011fin M\u00fckemmel Kar\u0131\u015f\u0131m\u0131<\/h3>\n<p>\u0130ster kurumsal bir toplant\u0131ya, ister sosyal bir bulu\u015fmaya ya da hafta sonu gezisine gidiyor olun, bu \u00e7ok y\u00f6nl\u00fc ba\u011fc\u0131kl\u0131 ayakkab\u0131lar ideal yol arkada\u015f\u0131n\u0131zd\u0131r. Zarif Derby ba\u011fc\u0131k sistemi g\u00fcvenli bir uyum ve sade bir estetik sunarken, modern EVA taban m\u00fckemmel tutu\u015f ve \u00e7a\u011fda\u015f bir profil sunar. Keskin bir profesyonel g\u00f6r\u00fcn\u00fcm i\u00e7in bu ayakkab\u0131lar\u0131 \u00f6zel dikim tak\u0131m elbiselerle e\u015fle\u015ftirin ya da daha rahat ama zarif bir topluluk i\u00e7in chino pantolonlar ve \u015f\u0131k g\u00fcndelik k\u0131yafetlerle giydirin. Bu ayakkab\u0131lar, stilden \u00f6d\u00fcn vermeden maksimum \u00e7ok y\u00f6nl\u00fcl\u00fck sa\u011flamak i\u00e7in tasarlanm\u0131\u015ft\u0131r ve modern bir klasi\u011fin \u00f6z\u00fcn\u00fc ger\u00e7ekten somutla\u015ft\u0131r\u0131r.<\/p>\n<h3>Her Ad\u0131m i\u00e7in Ola\u011fan\u00fcst\u00fc \u0130\u015f\u00e7ilik<\/h3>\n<p>Bunlar\u0131n her detay\u0131 <b>Erkek Siyah Deri Derby Ayakkab\u0131<\/b> yarat\u0131m\u0131nda yer alan titiz i\u015f\u00e7ilik hakk\u0131nda \u00e7ok \u015fey anlat\u0131yor. Hassas diki\u015flerden m\u00fckemmel dengeli siluete kadar, kaliteye olan ba\u011fl\u0131l\u0131\u011f\u0131m\u0131z sadece ola\u011fan\u00fcst\u00fc g\u00f6r\u00fcnen de\u011fil ayn\u0131 zamanda kusursuz performans g\u00f6steren bir \u00fcr\u00fcn sa\u011flar. Hem zamans\u0131z bir \u00e7ekicilik hem de kal\u0131c\u0131 bir rahatl\u0131k sunan bir \u00e7ifte yat\u0131r\u0131m yaparak stilinizi y\u0131llarca sa\u011flamla\u015ft\u0131r\u0131n.<\/p>","protected":false},"excerpt":{"rendered":"<ul>\n<li>\u015e\u0131k ve g\u00f6steri\u015fli bir g\u00f6r\u00fcn\u00fcm i\u00e7in birinci s\u0131n\u0131f dana derisi saya<\/li>\n<li>L\u00fcks ke\u00e7i derisi astar nefes alabilen konfor sa\u011flar<\/li>\n<li>T\u00fcm g\u00fcn kullan\u0131m i\u00e7in hafif ve esnek EVA taban<\/li>\n<li>\u00c7e\u015fitli durumlar i\u00e7in uygun klasik ba\u011fc\u0131kl\u0131 Derby tasar\u0131m\u0131<\/li>\n<li>40, 41, 42, 43, 44 AB bedenlerinde mevcuttur<\/li>\n<li>Toptan sipari\u015fler minimum 16 \u00e7ift ile kabul edilir<\/li>\n<\/ul>","protected":false},"featured_media":6934,"template":"","meta":{"_acf_changed":false,"_uag_custom_page_level_css":"","site-sidebar-layout":"default","site-content-layout":"","ast-site-content-layout":"default","site-content-style":"default","site-sidebar-style":"default","ast-global-header-display":"","ast-banner-title-visibility":"","ast-main-header-display":"","ast-hfb-above-header-display":"","ast-hfb-below-header-display":"","ast-hfb-mobile-header-display":"","site-post-title":"","ast-breadcrumbs-content":"","ast-featured-img":"","footer-sml-layout":"","ast-disable-related-posts":"","theme-transparent-header-meta":"","adv-header-id-meta":"","stick-header-meta":"","header-above-stick-meta":"","header-main-stick-meta":"","header-below-stick-meta":"","astra-migrate-meta-layouts":"default","ast-page-background-enabled":"default","ast-page-background-meta":{"desktop":{"background-color":"var(--ast-global-color-4)","background-image":"","background-repeat":"repeat","background-position":"center center","background-size":"auto","background-attachment":"scroll","background-type":"","background-media":"","overlay-type":"","overlay-color":"","overlay-opacity":"","overlay-gradient":""},"tablet":{"background-color":"","background-image":"","background-repeat":"repeat","background-position":"center center","background-size":"auto","background-attachment":"scroll","background-type":"","background-media":"","overlay-type":"","overlay-color":"","overlay-opacity":"","overlay-gradient":""},"mobile":{"background-color":"","background-image":"","background-repeat":"repeat","background-position":"center center","background-size":"auto","background-attachment":"scroll","background-type":"","background-media":"","overlay-type":"","overlay-color":"","overlay-opacity":"","overlay-gradient":""}},"ast-content-background-meta":{"desktop":{"background-color":"var(--ast-global-color-5)","background-image":"","background-repeat":"repeat","background-position":"center center","background-size":"auto","background-attachment":"scroll","background-type":"","background-media":"","overlay-type":"","overlay-color":"","overlay-opacity":"","overlay-gradient":""},"tablet":{"background-color":"var(--ast-global-color-5)","background-image":"","background-repeat":"repeat","background-position":"center center","background-size":"auto","background-attachment":"scroll","background-type":"","background-media":"","overlay-type":"","overlay-color":"","overlay-opacity":"","overlay-gradient":""},"mobile":{"background-color":"var(--ast-global-color-5)","background-image":"","background-repeat":"repeat","background-position":"center center","background-size":"auto","background-attachment":"scroll","background-type":"","background-media":"","overlay-type":"","overlay-color":"","overlay-opacity":"","overlay-gradient":""}}},"product_brand":[],"product_cat":[48,47,49,430,1200],"product_tag":[196,185,213,290,287,251,310,632],"class_list":{"0":"post-8173","1":"product","2":"type-product","3":"status-publish","4":"has-post-thumbnail","6":"product_cat-casual","7":"product_cat-classic","8":"product_cat-loafer","9":"product_cat-men","10":"product_cat-mens-shoes-2","11":"product_tag-black-leather-shoes","12":"product_tag-calf-leather-shoes","13":"product_tag-casual-dress-shoes","14":"product_tag-comfortable-mens-shoes","15":"product_tag-eva-sole-shoes","16":"product_tag-formal-shoes","17":"product_tag-mens-derby-shoes","18":"product_tag-premium-leather-shoes","19":"desktop-align-center","20":"tablet-align-center","21":"mobile-align-center","23":"first","24":"instock","25":"shipping-taxable","26":"purchasable","27":"product-type-variable","28":"has-default-attributes"},"acf":[],"uagb_featured_image_src":{"full":["https:\/\/turkishtrade.co\/wp-content\/uploads\/2026\/01\/2600NZTMN00043-BLACK.png",453,250,false],"thumbnail":["https:\/\/turkishtrade.co\/wp-content\/uploads\/2026\/01\/2600NZTMN00043-BLACK-150x150.png",150,150,true],"medium":["https:\/\/turkishtrade.co\/wp-content\/uploads\/2026\/01\/2600NZTMN00043-BLACK-300x166.png",300,166,true],"medium_large":["https:\/\/turkishtrade.co\/wp-content\/uploads\/2026\/01\/2600NZTMN00043-BLACK.png",453,250,false],"large":["https:\/\/turkishtrade.co\/wp-content\/uploads\/2026\/01\/2600NZTMN00043-BLACK.png",453,250,false],"1536x1536":["https:\/\/turkishtrade.co\/wp-content\/uploads\/2026\/01\/2600NZTMN00043-BLACK.png",453,250,false],"2048x2048":["https:\/\/turkishtrade.co\/wp-content\/uploads\/2026\/01\/2600NZTMN00043-BLACK.png",453,250,false],"trp-custom-language-flag":["https:\/\/turkishtrade.co\/wp-content\/uploads\/2026\/01\/2600NZTMN00043-BLACK-18x10.png",18,10,true],"woocommerce_thumbnail":["https:\/\/turkishtrade.co\/wp-content\/uploads\/2026\/01\/2600NZTMN00043-BLACK-400x250.png",400,250,true],"woocommerce_single":["https:\/\/turkishtrade.co\/wp-content\/uploads\/2026\/01\/2600NZTMN00043-BLACK.png",453,250,false],"woocommerce_gallery_thumbnail":["https:\/\/turkishtrade.co\/wp-content\/uploads\/2026\/01\/2600NZTMN00043-BLACK-100x100.png",100,100,true]},"uagb_author_info":{"display_name":"python python","author_link":"https:\/\/turkishtrade.co\/tr\/author\/"},"uagb_comment_info":0,"uagb_excerpt":"Premium calf leather upper for a sleek, polished finish Luxurious goat leather lining ensures breathable comfort Lightweight and flexible EVA sole for all-day wear Classic lace-up Derby design suitable for various occasions Available in EU sizes 40, 41, 42, 43, 44 Wholesale orders are welcome with a minimum of 16 pairs","_links":{"self":[{"href":"https:\/\/turkishtrade.co\/tr\/wp-json\/wp\/v2\/product\/8173","targetHints":{"allow":["GET"]}}],"collection":[{"href":"https:\/\/turkishtrade.co\/tr\/wp-json\/wp\/v2\/product"}],"about":[{"href":"https:\/\/turkishtrade.co\/tr\/wp-json\/wp\/v2\/types\/product"}],"wp:featuredmedia":[{"embeddable":true,"href":"https:\/\/turkishtrade.co\/tr\/wp-json\/wp\/v2\/media\/6934"}],"wp:attachment":[{"href":"https:\/\/turkishtrade.co\/tr\/wp-json\/wp\/v2\/media?parent=8173"}],"wp:term":[{"taxonomy":"product_brand","embeddable":true,"href":"https:\/\/turkishtrade.co\/tr\/wp-json\/wp\/v2\/product_brand?post=8173"},{"taxonomy":"product_cat","embeddable":true,"href":"https:\/\/turkishtrade.co\/tr\/wp-json\/wp\/v2\/product_cat?post=8173"},{"taxonomy":"product_tag","embeddable":true,"href":"https:\/\/turkishtrade.co\/tr\/wp-json\/wp\/v2\/product_tag?post=8173"}],"curies":[{"name":"wp","href":"https:\/\/api.w.org\/{rel}","templated":true}]}}