{"id":8172,"date":"2026-01-29T14:48:10","date_gmt":"2026-01-29T14:48:10","guid":{"rendered":"https:\/\/turkishtrade.co\/?post_type=product&#038;p=8172"},"modified":"2026-04-09T20:33:32","modified_gmt":"2026-04-09T20:33:32","slug":"mens-suede-casual-loafers-8","status":"publish","type":"product","link":"https:\/\/turkishtrade.co\/tr\/shop\/mens-suede-casual-loafers-8\/","title":{"rendered":"EVA Tabanl\u0131 Erkek S\u00fcet G\u00fcnl\u00fck Loafer Elite |"},"content":{"rendered":"<p><strong>Erkek S\u00fcet G\u00fcnl\u00fck Loafer<\/strong>. Elit kalite ve tasar\u0131m.<\/p>\n<p>Sofistike stil ve benzersiz konforun m\u00fckemmel kar\u0131\u015f\u0131m\u0131n\u0131 birinci s\u0131n\u0131f \u00fcr\u00fcnlerimizle ke\u015ffedin <strong>erkek s\u00fcet g\u00fcnl\u00fck mokasen<\/strong>. Hem esteti\u011fe hem de giyilebilirli\u011fe de\u011fer veren modern erkekler i\u00e7in tasarlanan bu mokasen ayakkab\u0131lar, kaliteli i\u015f\u00e7ili\u011fin ve \u00f6zenli tasar\u0131m\u0131n bir kan\u0131t\u0131d\u0131r. \u0130ster yo\u011fun bir i\u015f g\u00fcn\u00fc ge\u00e7iriyor olun, ister hafta sonu brunch'\u0131n\u0131n tad\u0131n\u0131 \u00e7\u0131kar\u0131n ya da ak\u015fam gezintisine \u00e7\u0131k\u0131n, bu mokasen ayakkab\u0131lar rahatl\u0131ktan \u00f6d\u00fcn vermeden se\u00e7kin bir g\u00f6r\u00fcn\u00fcm sunan ideal yol arkada\u015f\u0131n\u0131zd\u0131r.<\/p>\n<h3>Rakipsiz Konfor ve Birinci S\u0131n\u0131f Malzemeler<\/h3>\n<p>Bu istisnai \u00e7al\u0131\u015fmalar\u0131n merkezinde <strong>erkek s\u00fcet g\u00fcnl\u00fck mokasen<\/strong> sadece en iyi malzemeleri kullanma taahh\u00fcd\u00fcd\u00fcr. Hakiki s\u00fcet dana derisinden titizlikle \u00fcretilen \u00fcst k\u0131s\u0131m, zaman i\u00e7inde aya\u011f\u0131n\u0131za uyum sa\u011flayan yumu\u015fak ve l\u00fcks bir doku sunar. Bu birinci s\u0131n\u0131f deri yaln\u0131zca dayan\u0131kl\u0131l\u0131k sa\u011flamakla kalmaz, ayn\u0131 zamanda g\u00fcndelik ya da ak\u0131ll\u0131 g\u00fcndelik k\u0131yafetleri y\u00fckselten zarif bir estetik sunar. \u0130\u00e7 k\u0131s\u0131mda, ayaklar\u0131n\u0131z nefes alabilirli\u011fi ve hipoalerjenik \u00f6zellikleriyle tan\u0131nan yumu\u015fak ke\u00e7i derisi astarla sar\u0131lacak ve saatlerce giydikten sonra bile ayaklar\u0131n\u0131z\u0131n serin ve rahat kalmas\u0131n\u0131 sa\u011flayacakt\u0131r. Rahats\u0131zl\u0131\u011fa veda edin ve e\u015fi benzeri olmayan bir y\u00fcr\u00fcy\u00fc\u015f deneyimine merhaba deyin.<\/p>\n<h3>Zahmetsiz Kullan\u0131m i\u00e7in Hafif Tasar\u0131m<\/h3>\n<p>Yenilik\u00e7i EVA taban ile bulutlar\u0131n \u00fczerinde y\u00fcr\u00fcmenin keyfini ya\u015fay\u0131n. Bu hafif ve esnek malzeme, ola\u011fan\u00fcst\u00fc \u015fok emilimi sunarak yorgunlu\u011fu azalt\u0131r ve g\u00fcn boyunca yayl\u0131 bir ad\u0131m atman\u0131z\u0131 sa\u011flar. Geleneksel a\u011f\u0131r tabanlardan farkl\u0131 olarak, EVA taban bu ayakkab\u0131n\u0131n <strong>erkek s\u00fcet g\u00fcnl\u00fck mokasen<\/strong> inan\u0131lmaz derecede hafiftir, bu da onlar\u0131 uzun s\u00fcreli kullan\u0131m i\u00e7in m\u00fckemmel k\u0131lar. Taban tasar\u0131m\u0131 da m\u00fckemmel tutu\u015f sa\u011flayarak \u00e7e\u015fitli y\u00fczeylerde denge sa\u011flar. \u0130nce ama \u015f\u0131k metal toka vurgusuyla zenginle\u015ftirilen klasik loafer silueti, zamans\u0131z bir zarafet dokunu\u015fu katarak bu ayakkab\u0131lar\u0131 her gard\u0131rop i\u00e7in \u00e7ok y\u00f6nl\u00fc bir eklenti haline getirir.<\/p>\n<h3>Her Durum i\u00e7in \u00c7ok Y\u00f6nl\u00fc Stil<\/h3>\n<p>Erkek s\u00fcet g\u00fcnl\u00fck mokasen ayakkab\u0131lar\u0131m\u0131z sadece rahatl\u0131k de\u011fil, ayn\u0131 zamanda zahmetsiz bir stilin ifadesidir. \u00c7ok y\u00f6nl\u00fc tasar\u0131mlar\u0131, onlar\u0131 \u00e7ok \u00e7e\u015fitli durumlar i\u00e7in uygun hale getirir. \u015e\u0131k bir g\u00fcndelik g\u00f6r\u00fcn\u00fcm i\u00e7in chino pantolon ve polo ti\u015f\u00f6rt ile e\u015fle\u015ftirin ya da \u015f\u0131k bir etkinlik i\u00e7in \u00f6zel dikim pantolon ve blazer ceket ile giydirin. S\u00fcetin zengin, topraks\u0131 tonu her k\u0131yafete derinlik ve incelik katarak bu mokasenleri abart\u0131s\u0131z \u015f\u0131kl\u0131\u011f\u0131 takdir eden erkekler i\u00e7in bir tercih haline getiriyor. 40'tan 44'e kadar \u00e7e\u015fitli AB bedenlerinde mevcut olup, geni\u015f bir m\u00fc\u015fteri kitlesi i\u00e7in m\u00fckemmel bir uyum sa\u011fl\u0131yoruz. Ayr\u0131ca, y\u00fcksek kaliteli ayakkab\u0131 stoklamak isteyen i\u015fletmelere de hitap ediyor ve bu l\u00fcks mokasenleri minimum 16 \u00e7ift sipari\u015fle toptan sat\u0131\u015f i\u00e7in sunuyoruz.<\/p>","protected":false},"excerpt":{"rendered":"<ul>\n<li>L\u00fcks bir his i\u00e7in hakiki S\u00fcet Dana Derisinden \u00fcretilmi\u015ftir<\/li>\n<li>Yumu\u015fak Ke\u00e7i Derisi Astar \u00fcst\u00fcn nefes alabilirlik ve konfor sa\u011flar<\/li>\n<li>Hafif ve esnek EVA Taban g\u00fcn boyu yast\u0131klama ve destek sa\u011flar<\/li>\n<li>Zarif metal toka vurgulu klasik rahat loafer tasar\u0131m\u0131<\/li>\n<li>\u00c7ok y\u00f6nl\u00fc AB Bedenleri yelpazesinde mevcuttur: 40, 41, 42, 43, 44<\/li>\n<li>Toptan sat\u0131\u015f f\u0131rsatlar\u0131 mevcuttur (Minimum sipari\u015f: 16 \u00e7ift)<\/li>\n<\/ul>","protected":false},"featured_media":6931,"template":"","meta":{"_acf_changed":false,"_uag_custom_page_level_css":"","site-sidebar-layout":"default","site-content-layout":"","ast-site-content-layout":"default","site-content-style":"default","site-sidebar-style":"default","ast-global-header-display":"","ast-banner-title-visibility":"","ast-main-header-display":"","ast-hfb-above-header-display":"","ast-hfb-below-header-display":"","ast-hfb-mobile-header-display":"","site-post-title":"","ast-breadcrumbs-content":"","ast-featured-img":"","footer-sml-layout":"","ast-disable-related-posts":"","theme-transparent-header-meta":"","adv-header-id-meta":"","stick-header-meta":"","header-above-stick-meta":"","header-main-stick-meta":"","header-below-stick-meta":"","astra-migrate-meta-layouts":"default","ast-page-background-enabled":"default","ast-page-background-meta":{"desktop":{"background-color":"var(--ast-global-color-4)","background-image":"","background-repeat":"repeat","background-position":"center center","background-size":"auto","background-attachment":"scroll","background-type":"","background-media":"","overlay-type":"","overlay-color":"","overlay-opacity":"","overlay-gradient":""},"tablet":{"background-color":"","background-image":"","background-repeat":"repeat","background-position":"center center","background-size":"auto","background-attachment":"scroll","background-type":"","background-media":"","overlay-type":"","overlay-color":"","overlay-opacity":"","overlay-gradient":""},"mobile":{"background-color":"","background-image":"","background-repeat":"repeat","background-position":"center center","background-size":"auto","background-attachment":"scroll","background-type":"","background-media":"","overlay-type":"","overlay-color":"","overlay-opacity":"","overlay-gradient":""}},"ast-content-background-meta":{"desktop":{"background-color":"var(--ast-global-color-5)","background-image":"","background-repeat":"repeat","background-position":"center center","background-size":"auto","background-attachment":"scroll","background-type":"","background-media":"","overlay-type":"","overlay-color":"","overlay-opacity":"","overlay-gradient":""},"tablet":{"background-color":"var(--ast-global-color-5)","background-image":"","background-repeat":"repeat","background-position":"center center","background-size":"auto","background-attachment":"scroll","background-type":"","background-media":"","overlay-type":"","overlay-color":"","overlay-opacity":"","overlay-gradient":""},"mobile":{"background-color":"var(--ast-global-color-5)","background-image":"","background-repeat":"repeat","background-position":"center center","background-size":"auto","background-attachment":"scroll","background-type":"","background-media":"","overlay-type":"","overlay-color":"","overlay-opacity":"","overlay-gradient":""}}},"product_brand":[],"product_cat":[48,49,430,1200],"product_tag":[147,185,449,220,438,964,186,184,149,456],"class_list":{"0":"post-8172","1":"product","2":"type-product","3":"status-publish","4":"has-post-thumbnail","6":"product_cat-casual","7":"product_cat-loafer","8":"product_cat-men","9":"product_cat-mens-shoes-2","10":"product_tag-brown-loafers","11":"product_tag-calf-leather-shoes","12":"product_tag-casual-shoes","13":"product_tag-comfortable-loafers","14":"product_tag-eva-sole","15":"product_tag-mens-casual-footwear","16":"product_tag-mens-loafers","17":"product_tag-slip-on-shoes","18":"product_tag-suede-loafers","19":"product_tag-wholesale-loafers","20":"desktop-align-center","21":"tablet-align-center","22":"mobile-align-center","24":"first","25":"instock","26":"shipping-taxable","27":"purchasable","28":"product-type-variable","29":"has-default-attributes"},"acf":[],"uagb_featured_image_src":{"full":["https:\/\/turkishtrade.co\/wp-content\/uploads\/2026\/01\/2600NZTMN00042-BEIGE.png",453,250,false],"thumbnail":["https:\/\/turkishtrade.co\/wp-content\/uploads\/2026\/01\/2600NZTMN00042-BEIGE-150x150.png",150,150,true],"medium":["https:\/\/turkishtrade.co\/wp-content\/uploads\/2026\/01\/2600NZTMN00042-BEIGE-300x166.png",300,166,true],"medium_large":["https:\/\/turkishtrade.co\/wp-content\/uploads\/2026\/01\/2600NZTMN00042-BEIGE.png",453,250,false],"large":["https:\/\/turkishtrade.co\/wp-content\/uploads\/2026\/01\/2600NZTMN00042-BEIGE.png",453,250,false],"1536x1536":["https:\/\/turkishtrade.co\/wp-content\/uploads\/2026\/01\/2600NZTMN00042-BEIGE.png",453,250,false],"2048x2048":["https:\/\/turkishtrade.co\/wp-content\/uploads\/2026\/01\/2600NZTMN00042-BEIGE.png",453,250,false],"trp-custom-language-flag":["https:\/\/turkishtrade.co\/wp-content\/uploads\/2026\/01\/2600NZTMN00042-BEIGE-18x10.png",18,10,true],"woocommerce_thumbnail":["https:\/\/turkishtrade.co\/wp-content\/uploads\/2026\/01\/2600NZTMN00042-BEIGE-400x250.png",400,250,true],"woocommerce_single":["https:\/\/turkishtrade.co\/wp-content\/uploads\/2026\/01\/2600NZTMN00042-BEIGE.png",453,250,false],"woocommerce_gallery_thumbnail":["https:\/\/turkishtrade.co\/wp-content\/uploads\/2026\/01\/2600NZTMN00042-BEIGE-100x100.png",100,100,true]},"uagb_author_info":{"display_name":"python python","author_link":"https:\/\/turkishtrade.co\/tr\/author\/"},"uagb_comment_info":0,"uagb_excerpt":"Crafted from genuine Suede Calf Leather for a luxurious feel Soft Goat Leather Lining ensures superior breathability and comfort Lightweight and flexible EVA Sole provides all-day cushioning and support Classic casual loafer design with elegant metal buckle accent Available in a versatile range of EU Sizes: 40, 41, 42, 43, 44 Wholesale opportunities available (Minimum&hellip;","_links":{"self":[{"href":"https:\/\/turkishtrade.co\/tr\/wp-json\/wp\/v2\/product\/8172","targetHints":{"allow":["GET"]}}],"collection":[{"href":"https:\/\/turkishtrade.co\/tr\/wp-json\/wp\/v2\/product"}],"about":[{"href":"https:\/\/turkishtrade.co\/tr\/wp-json\/wp\/v2\/types\/product"}],"wp:featuredmedia":[{"embeddable":true,"href":"https:\/\/turkishtrade.co\/tr\/wp-json\/wp\/v2\/media\/6931"}],"wp:attachment":[{"href":"https:\/\/turkishtrade.co\/tr\/wp-json\/wp\/v2\/media?parent=8172"}],"wp:term":[{"taxonomy":"product_brand","embeddable":true,"href":"https:\/\/turkishtrade.co\/tr\/wp-json\/wp\/v2\/product_brand?post=8172"},{"taxonomy":"product_cat","embeddable":true,"href":"https:\/\/turkishtrade.co\/tr\/wp-json\/wp\/v2\/product_cat?post=8172"},{"taxonomy":"product_tag","embeddable":true,"href":"https:\/\/turkishtrade.co\/tr\/wp-json\/wp\/v2\/product_tag?post=8172"}],"curies":[{"name":"wp","href":"https:\/\/api.w.org\/{rel}","templated":true}]}}