{"id":8171,"date":"2026-01-29T14:48:10","date_gmt":"2026-01-29T14:48:10","guid":{"rendered":"https:\/\/turkishtrade.co\/?post_type=product&#038;p=8171"},"modified":"2026-04-09T20:33:35","modified_gmt":"2026-04-09T20:33:35","slug":"mens-brown-leather-loafers-12","status":"publish","type":"product","link":"https:\/\/turkishtrade.co\/tr\/shop\/mens-brown-leather-loafers-12\/","title":{"rendered":"Erkek Kahverengi Deri Loafer Garantili | Erkek Kahverengi Deri G\u00fcnl\u00fck Loafer"},"content":{"rendered":"<p><strong>Erkek Kahverengi Deri Loafer<\/strong>. Garantili kalite ve tasar\u0131m.<\/p>\n<p>Enfes tasar\u0131m\u0131m\u0131zla sofistike bir konfora ad\u0131m at\u0131n <strong>Erkek Kahverengi Deri Loafer<\/strong>. Modern beyefendiler i\u00e7in ustal\u0131kla \u00fcretilen bu mokasen ayakkab\u0131lar, zamans\u0131z stili \u00e7a\u011fda\u015f tasar\u0131mla kusursuz bir \u015fekilde harmanl\u0131yor. Birinci s\u0131n\u0131f dana derisi sayan\u0131n zengin kahverengi tonu, \u00e7ok y\u00f6nl\u00fc bir estetik sunarak bu mokasen ayakkab\u0131lar\u0131 \u00e7ok \u00e7e\u015fitli g\u00fcndelik ve \u015f\u0131k k\u0131yafetler i\u00e7in m\u00fckemmel bir tamamlay\u0131c\u0131 haline getirir. \u0130ster bir hafta sonu brunch'\u0131na, ister rahat bir i\u015f toplant\u0131s\u0131na gidiyor olun, ister sadece bir gezintinin tad\u0131n\u0131 \u00e7\u0131kar\u0131n, bu mokasen ayakkab\u0131lar g\u00f6r\u00fcn\u00fcm\u00fcn\u00fcz\u00fc zahmetsiz bir \u015f\u0131kl\u0131kla y\u00fckseltmeyi vaat ediyor.<\/p>\n<h3>E\u015fsiz Konfor ve \u0130\u015f\u00e7ilik<\/h3>\n<p>Bu ayakkab\u0131lar\u0131n \u00f6zenli yap\u0131s\u0131 sayesinde her ad\u0131mda benzersiz bir konfor ya\u015fay\u0131n <strong>Erkek Kahverengi Deri Loafer<\/strong>. \u00dcst k\u0131s\u0131m, dayan\u0131kl\u0131l\u0131\u011f\u0131, yumu\u015fakl\u0131\u011f\u0131 ve zamanla aya\u011f\u0131n\u0131za uyum sa\u011flamas\u0131yla bilinen y\u00fcksek kaliteli dana derisinden yap\u0131lm\u0131\u015ft\u0131r. \u0130\u00e7 k\u0131s\u0131mda, ayaklar\u0131n\u0131z ola\u011fan\u00fcst\u00fc nefes alabilirlik ve g\u00fcn boyu s\u00fcren pel\u00fc\u015f bir his sa\u011flayan l\u00fcks ke\u00e7i derisi astarla sar\u0131l\u0131r. Geleneksel a\u011f\u0131r tabanlardan farkl\u0131 olarak, bu mokasen ayakkab\u0131lar hafif ve esnek bir EVA tabana sahiptir. Bu yenilik\u00e7i taban malzemesi \u00fcst\u00fcn yast\u0131klama, \u015fok emilimi ve m\u00fckemmel kavrama sa\u011flayarak uzun s\u00fcreli kullan\u0131m i\u00e7in inan\u0131lmaz rahatl\u0131k sunar.<\/p>\n<p>Klasik penny loafer tasar\u0131m\u0131, \u015f\u0131k bir profil ve ince bir metal detayla g\u00fcncellenerek zamans\u0131z cazibesinden \u00f6d\u00fcn vermeden \u00e7a\u011fda\u015f bir dokunu\u015f kat\u0131yor. Titiz diki\u015f ve kaplama, kaliteli i\u015f\u00e7ilik hakk\u0131nda \u00e7ok \u015fey anlat\u0131r ve bu ayakkab\u0131lar\u0131n <strong>Erkek Kahverengi Deri Loafer<\/strong> sadece bir sat\u0131n alma de\u011fil, gard\u0131robunuza bir yat\u0131r\u0131md\u0131r. Pop\u00fcler Avrupa bedenleri 40, 41, 42, 43 ve 44'te mevcut olup, geni\u015f bir m\u00fc\u015fteri yelpazesi i\u00e7in m\u00fckemmel bir uyum sa\u011fl\u0131yoruz.<\/p>\n<h3>Her Durum i\u00e7in \u00c7ok Y\u00f6nl\u00fc Stil<\/h3>\n<p>Bu kahverengi deri mokasen ayakkab\u0131lar inan\u0131lmaz derecede \u00e7ok y\u00f6nl\u00fcd\u00fcr ve her gard\u0131rop i\u00e7in olmazsa olmazd\u0131r. \u015e\u0131k ve rahat bir g\u00f6r\u00fcn\u00fcm i\u00e7in chino pantolon ve d\u00fc\u011fmeli bir g\u00f6mlekle e\u015fle\u015ftirin ya da rahat bir hafta sonu stili i\u00e7in kot pantolon ve polo ti\u015f\u00f6rtle kombinleyin. Koyu kahverengi renk, k\u0131yafetlerinize s\u0131cakl\u0131k ve zenginlik sa\u011flayarak siyaha sofistike bir alternatif sunar. Y\u00fcksek kaliteli ayakkab\u0131 stoklamak isteyen i\u015fletmeler i\u00e7in bu <strong>Erkek Kahverengi Deri Loafer<\/strong> minimum 16 \u00e7ift miktar\u0131yla toptan sipari\u015fler i\u00e7in mevcuttur. Bu ola\u011fan\u00fcst\u00fc ayakkab\u0131 ile m\u00fc\u015fterilerinize konfor, dayan\u0131kl\u0131l\u0131k ve klasik tarz\u0131n m\u00fckemmel kar\u0131\u015f\u0131m\u0131n\u0131 sunun.<\/p>","protected":false},"excerpt":{"rendered":"<ul>\n<li>Dayan\u0131kl\u0131l\u0131k ve Stil i\u00e7in Premium Dana Derisi Saya<\/li>\n<li>Nefes Alabilir Konfor i\u00e7in L\u00fcks Ke\u00e7i Derisi Astar<\/li>\n<li>G\u00fcn Boyu Kullan\u0131m i\u00e7in Hafif ve Esnek EVA Taban<\/li>\n<li>Modern G\u00fcnl\u00fck \u00c7ekicili\u011fe Sahip Klasik Penny Loafer Tasar\u0131m\u0131<\/li>\n<li>40, 41, 42, 43, 44 Avrupa Bedenlerinde Mevcuttur<\/li>\n<li>Hem g\u00fcndelik geziler hem de \u015f\u0131k ve rahat etkinlikler i\u00e7in ideal<\/li>\n<li>Toptan sipari\u015fler kabul edilir (Minimum sipari\u015f: 16 \u00e7ift)<\/li>\n<\/ul>","protected":false},"featured_media":6930,"template":"","meta":{"_acf_changed":false,"_uag_custom_page_level_css":"","site-sidebar-layout":"default","site-content-layout":"","ast-site-content-layout":"default","site-content-style":"default","site-sidebar-style":"default","ast-global-header-display":"","ast-banner-title-visibility":"","ast-main-header-display":"","ast-hfb-above-header-display":"","ast-hfb-below-header-display":"","ast-hfb-mobile-header-display":"","site-post-title":"","ast-breadcrumbs-content":"","ast-featured-img":"","footer-sml-layout":"","ast-disable-related-posts":"","theme-transparent-header-meta":"","adv-header-id-meta":"","stick-header-meta":"","header-above-stick-meta":"","header-main-stick-meta":"","header-below-stick-meta":"","astra-migrate-meta-layouts":"default","ast-page-background-enabled":"default","ast-page-background-meta":{"desktop":{"background-color":"var(--ast-global-color-4)","background-image":"","background-repeat":"repeat","background-position":"center center","background-size":"auto","background-attachment":"scroll","background-type":"","background-media":"","overlay-type":"","overlay-color":"","overlay-opacity":"","overlay-gradient":""},"tablet":{"background-color":"","background-image":"","background-repeat":"repeat","background-position":"center center","background-size":"auto","background-attachment":"scroll","background-type":"","background-media":"","overlay-type":"","overlay-color":"","overlay-opacity":"","overlay-gradient":""},"mobile":{"background-color":"","background-image":"","background-repeat":"repeat","background-position":"center center","background-size":"auto","background-attachment":"scroll","background-type":"","background-media":"","overlay-type":"","overlay-color":"","overlay-opacity":"","overlay-gradient":""}},"ast-content-background-meta":{"desktop":{"background-color":"var(--ast-global-color-5)","background-image":"","background-repeat":"repeat","background-position":"center center","background-size":"auto","background-attachment":"scroll","background-type":"","background-media":"","overlay-type":"","overlay-color":"","overlay-opacity":"","overlay-gradient":""},"tablet":{"background-color":"var(--ast-global-color-5)","background-image":"","background-repeat":"repeat","background-position":"center center","background-size":"auto","background-attachment":"scroll","background-type":"","background-media":"","overlay-type":"","overlay-color":"","overlay-opacity":"","overlay-gradient":""},"mobile":{"background-color":"var(--ast-global-color-5)","background-image":"","background-repeat":"repeat","background-position":"center center","background-size":"auto","background-attachment":"scroll","background-type":"","background-media":"","overlay-type":"","overlay-color":"","overlay-opacity":"","overlay-gradient":""}}},"product_brand":[],"product_cat":[48,49,430,1200],"product_tag":[292,202,449,220,438,189,186,279,546,254],"class_list":{"0":"post-8171","1":"product","2":"type-product","3":"status-publish","4":"has-post-thumbnail","6":"product_cat-casual","7":"product_cat-loafer","8":"product_cat-men","9":"product_cat-mens-shoes-2","10":"product_tag-brown-leather-shoes","11":"product_tag-calf-leather","12":"product_tag-casual-shoes","13":"product_tag-comfortable-loafers","14":"product_tag-eva-sole","15":"product_tag-goat-leather-lining","16":"product_tag-mens-loafers","17":"product_tag-penny-loafers","18":"product_tag-stylish-mens-shoes","19":"product_tag-wholesale-footwear","20":"desktop-align-center","21":"tablet-align-center","22":"mobile-align-center","24":"first","25":"instock","26":"shipping-taxable","27":"purchasable","28":"product-type-variable","29":"has-default-attributes"},"acf":[],"uagb_featured_image_src":{"full":["https:\/\/turkishtrade.co\/wp-content\/uploads\/2026\/01\/2600NZTMN00041-BLACK.png",453,250,false],"thumbnail":["https:\/\/turkishtrade.co\/wp-content\/uploads\/2026\/01\/2600NZTMN00041-BLACK-150x150.png",150,150,true],"medium":["https:\/\/turkishtrade.co\/wp-content\/uploads\/2026\/01\/2600NZTMN00041-BLACK-300x166.png",300,166,true],"medium_large":["https:\/\/turkishtrade.co\/wp-content\/uploads\/2026\/01\/2600NZTMN00041-BLACK.png",453,250,false],"large":["https:\/\/turkishtrade.co\/wp-content\/uploads\/2026\/01\/2600NZTMN00041-BLACK.png",453,250,false],"1536x1536":["https:\/\/turkishtrade.co\/wp-content\/uploads\/2026\/01\/2600NZTMN00041-BLACK.png",453,250,false],"2048x2048":["https:\/\/turkishtrade.co\/wp-content\/uploads\/2026\/01\/2600NZTMN00041-BLACK.png",453,250,false],"trp-custom-language-flag":["https:\/\/turkishtrade.co\/wp-content\/uploads\/2026\/01\/2600NZTMN00041-BLACK-18x10.png",18,10,true],"woocommerce_thumbnail":["https:\/\/turkishtrade.co\/wp-content\/uploads\/2026\/01\/2600NZTMN00041-BLACK-400x250.png",400,250,true],"woocommerce_single":["https:\/\/turkishtrade.co\/wp-content\/uploads\/2026\/01\/2600NZTMN00041-BLACK.png",453,250,false],"woocommerce_gallery_thumbnail":["https:\/\/turkishtrade.co\/wp-content\/uploads\/2026\/01\/2600NZTMN00041-BLACK-100x100.png",100,100,true]},"uagb_author_info":{"display_name":"python python","author_link":"https:\/\/turkishtrade.co\/tr\/author\/"},"uagb_comment_info":0,"uagb_excerpt":"Premium Calf Leather Upper for Durability &amp; Style Luxurious Goat Leather Lining for Breathable Comfort Lightweight &amp; Flexible EVA Sole for All-Day Wear Classic Penny Loafer Design with Modern Casual Appeal Available in European Sizes 40, 41, 42, 43, 44 Ideal for both casual outings and smart-casual events Wholesale orders welcome (Minimum order: 16 pairs)","_links":{"self":[{"href":"https:\/\/turkishtrade.co\/tr\/wp-json\/wp\/v2\/product\/8171","targetHints":{"allow":["GET"]}}],"collection":[{"href":"https:\/\/turkishtrade.co\/tr\/wp-json\/wp\/v2\/product"}],"about":[{"href":"https:\/\/turkishtrade.co\/tr\/wp-json\/wp\/v2\/types\/product"}],"wp:featuredmedia":[{"embeddable":true,"href":"https:\/\/turkishtrade.co\/tr\/wp-json\/wp\/v2\/media\/6930"}],"wp:attachment":[{"href":"https:\/\/turkishtrade.co\/tr\/wp-json\/wp\/v2\/media?parent=8171"}],"wp:term":[{"taxonomy":"product_brand","embeddable":true,"href":"https:\/\/turkishtrade.co\/tr\/wp-json\/wp\/v2\/product_brand?post=8171"},{"taxonomy":"product_cat","embeddable":true,"href":"https:\/\/turkishtrade.co\/tr\/wp-json\/wp\/v2\/product_cat?post=8171"},{"taxonomy":"product_tag","embeddable":true,"href":"https:\/\/turkishtrade.co\/tr\/wp-json\/wp\/v2\/product_tag?post=8171"}],"curies":[{"name":"wp","href":"https:\/\/api.w.org\/{rel}","templated":true}]}}