{"id":8170,"date":"2026-01-29T14:48:10","date_gmt":"2026-01-29T14:48:10","guid":{"rendered":"https:\/\/turkishtrade.co\/?post_type=product&#038;p=8170"},"modified":"2026-04-09T20:33:38","modified_gmt":"2026-04-09T20:33:38","slug":"mens-black-calf-leather-loafers-2","status":"publish","type":"product","link":"https:\/\/turkishtrade.co\/tr\/shop\/mens-black-calf-leather-loafers-2\/","title":{"rendered":"Erkek Siyah Dana Derisi Loafer En \u00c7ok Satan | Erkek Siyah Dana Derisi G\u00fcnl\u00fck Giyim"},"content":{"rendered":"<p><strong>Erkek Siyah Dana Derisi Loafer<\/strong>. En \u00c7ok Satan kalite ve tasar\u0131m.<\/p>\n<p>Enfes tasar\u0131m\u0131m\u0131zla benzersiz bir stil ve konfora ad\u0131m at\u0131n <strong>Erkek Siyah Dana Derisi Loafer<\/strong>. Modern erkek i\u00e7in ustal\u0131kla \u00fcretilen bu mokasen ayakkab\u0131lar, zamans\u0131z \u015f\u0131kl\u0131\u011f\u0131 \u00e7a\u011fda\u015f tasar\u0131mla birle\u015ftirerek her gard\u0131robun vazge\u00e7ilmez bir par\u00e7as\u0131 haline geliyor. Zengin siyah dana derisi d\u0131\u015f y\u00fczeyi sofistike bir g\u00f6r\u00fcn\u00fcm sergiler ve g\u00fcndelik gezilerden daha rafine durumlara sorunsuzca ge\u00e7i\u015f yapan \u00e7ok y\u00f6nl\u00fc bir estetik sunar. Her bir \u00e7ift, dayan\u0131kl\u0131l\u0131k ve zarif bir y\u00fczey vaat eden \u00fcst\u00fcn i\u015f\u00e7ili\u011fin bir kan\u0131t\u0131d\u0131r.<\/p>\n<h3>Rakipsiz Konfor ve Birinci S\u0131n\u0131f Malzemeler<\/h3>\n<p>Birinci s\u0131n\u0131f malzemelerin \u00f6zenle se\u00e7ilmesi sayesinde her ad\u0131mda l\u00fcks konforu ya\u015fay\u0131n. \u00dcst k\u0131s\u0131m, esnek dokusu ve kal\u0131c\u0131 \u00e7ekicili\u011fiyle bilinen y\u00fcksek kaliteli siyah dana derisinden \u00fcretilmi\u015ftir. \u0130\u00e7 k\u0131s\u0131mda, ayaklar\u0131n\u0131z\u0131 yumu\u015fak ve nefes alabilen ke\u00e7i derisi astar sararak maksimum konfor sa\u011flar ve uzun s\u00fcreli kullan\u0131mlarda bile tahri\u015fi \u00f6nler. Ancak konfor bununla da bitmiyor. Bunlar <strong>Erkek Siyah Dana Derisi Loafer<\/strong> hafif ve esnek bir EVA tabana sahiptir. Bu geli\u015fmi\u015f taban teknolojisi, m\u00fckemmel \u015fok emilimi ve \u00fcst\u00fcn \u00e7eki\u015f g\u00fcc\u00fc sunarak g\u00fcn boyunca ayaklar\u0131n\u0131z\u0131 destekleyen rahat bir temel sa\u011flar.<\/p>\n<h3>Her Durum i\u00e7in \u00c7ok Y\u00f6nl\u00fc Stil<\/h3>\n<p>\u00c7ok y\u00f6nl\u00fcl\u00fck d\u00fc\u015f\u00fcn\u00fclerek tasarlanan bu rahat mokasen ayakkab\u0131lar, bir\u00e7ok ortam i\u00e7in m\u00fckemmeldir. \u0130ster bir hafta sonu brunch'\u0131, ister rahat bir ofis ortam\u0131 ya da bir ak\u015fam toplant\u0131s\u0131 i\u00e7in giyiniyor olun, bu <strong>Erkek Siyah Dana Derisi Loafer<\/strong> tak\u0131m\u0131n\u0131z\u0131 y\u00fckseltecek. Slip-on tasar\u0131m\u0131 rahatl\u0131k sa\u011flarken, vampir k\u0131sm\u0131ndaki ince metal detaylara sahip klasik silueti sade bir \u00e7ekicilik katar. \u015e\u0131k ve rahat bir g\u00f6r\u00fcn\u00fcm i\u00e7in chino pantolonlarla veya zahmetsizce \u015f\u0131k bir hava i\u00e7in kot pantolonlarla e\u015fle\u015ftirin. 40, 41, 42, 43 ve 44 beden se\u00e7enekleri ile geni\u015f bir m\u00fc\u015fteri yelpazesine m\u00fckemmel uyum sa\u011fl\u0131yoruz.<\/p>\n<h3>Dayan\u0131kl\u0131l\u0131k ve Kal\u0131c\u0131 Etki i\u00e7in \u00dcretildi<\/h3>\n<p>Zamana meydan okuyan kaliteli ayakkab\u0131lara yat\u0131r\u0131m yap\u0131n. Siyah dana derisi mokasen ayakkab\u0131lar\u0131m\u0131z sadece estetikten ibaret de\u011fildir; uzun \u00f6m\u00fcrl\u00fc olacak \u015fekilde \u00fcretilmi\u015ftir. Sa\u011flam dana derisi saya, dayan\u0131kl\u0131 EVA tabanla birle\u015ferek uzun \u00f6m\u00fcrl\u00fcl\u00fck ve g\u00fcnl\u00fck a\u015f\u0131nma ve y\u0131pranmaya kar\u015f\u0131 diren\u00e7 sa\u011flar. Titiz diki\u015f ve sonland\u0131rma, m\u00fckemmelli\u011fe olan ba\u011fl\u0131l\u0131\u011f\u0131 yans\u0131t\u0131r ve size zarif g\u00f6r\u00fcn\u00fcm\u00fcn\u00fc y\u0131llarca koruyacak bir \u00e7ift ayakkab\u0131 sa\u011flar. Perakendeciler ve i\u015fletmeler i\u00e7in bu birinci s\u0131n\u0131f mokasen ayakkab\u0131lar, minimum 16 \u00e7ift sipari\u015fle toptan sat\u0131n al\u0131nabilir ve bu da onlar\u0131 \u00fcst d\u00fczey ayakkab\u0131 koleksiyonunuza m\u00fckemmel bir katk\u0131 haline getirir. Bu ola\u011fan\u00fcst\u00fc erkek deri mokasen ayakkab\u0131larla stil, konfor ve dayan\u0131kl\u0131l\u0131\u011f\u0131n m\u00fckemmel kar\u0131\u015f\u0131m\u0131n\u0131 kucaklay\u0131n.<\/p>","protected":false},"excerpt":{"rendered":"<ul>\n<li>Sofistike bir g\u00f6r\u00fcn\u00fcm i\u00e7in birinci s\u0131n\u0131f siyah dana derisi saya<\/li>\n<li>L\u00fcks ke\u00e7i derisi astar ola\u011fan\u00fcst\u00fc nefes alabilirlik ve yumu\u015fakl\u0131k sa\u011flar<\/li>\n<li>Hafif ve esnek EVA taban g\u00fcn boyu konfor ve \u00fcst\u00fcn tutu\u015f sa\u011flar<\/li>\n<li>\u0130nce metalik vurgulu klasik g\u00fcnl\u00fck mokasen tasar\u0131m\u0131<\/li>\n<li>\u00c7e\u015fitli ebatlarda mevcuttur: 40, 41, 42, 43, 44<\/li>\n<li>Minimum 16 \u00e7ift sipari\u015f miktar\u0131 ile toptan sat\u0131\u015f mevcuttur<\/li>\n<\/ul>","protected":false},"featured_media":6929,"template":"","meta":{"_acf_changed":false,"_uag_custom_page_level_css":"","site-sidebar-layout":"default","site-content-layout":"","ast-site-content-layout":"default","site-content-style":"default","site-sidebar-style":"default","ast-global-header-display":"","ast-banner-title-visibility":"","ast-main-header-display":"","ast-hfb-above-header-display":"","ast-hfb-below-header-display":"","ast-hfb-mobile-header-display":"","site-post-title":"","ast-breadcrumbs-content":"","ast-featured-img":"","footer-sml-layout":"","ast-disable-related-posts":"","theme-transparent-header-meta":"","adv-header-id-meta":"","stick-header-meta":"","header-above-stick-meta":"","header-main-stick-meta":"","header-below-stick-meta":"","astra-migrate-meta-layouts":"default","ast-page-background-enabled":"default","ast-page-background-meta":{"desktop":{"background-color":"var(--ast-global-color-4)","background-image":"","background-repeat":"repeat","background-position":"center center","background-size":"auto","background-attachment":"scroll","background-type":"","background-media":"","overlay-type":"","overlay-color":"","overlay-opacity":"","overlay-gradient":""},"tablet":{"background-color":"","background-image":"","background-repeat":"repeat","background-position":"center center","background-size":"auto","background-attachment":"scroll","background-type":"","background-media":"","overlay-type":"","overlay-color":"","overlay-opacity":"","overlay-gradient":""},"mobile":{"background-color":"","background-image":"","background-repeat":"repeat","background-position":"center center","background-size":"auto","background-attachment":"scroll","background-type":"","background-media":"","overlay-type":"","overlay-color":"","overlay-opacity":"","overlay-gradient":""}},"ast-content-background-meta":{"desktop":{"background-color":"var(--ast-global-color-5)","background-image":"","background-repeat":"repeat","background-position":"center center","background-size":"auto","background-attachment":"scroll","background-type":"","background-media":"","overlay-type":"","overlay-color":"","overlay-opacity":"","overlay-gradient":""},"tablet":{"background-color":"var(--ast-global-color-5)","background-image":"","background-repeat":"repeat","background-position":"center center","background-size":"auto","background-attachment":"scroll","background-type":"","background-media":"","overlay-type":"","overlay-color":"","overlay-opacity":"","overlay-gradient":""},"mobile":{"background-color":"var(--ast-global-color-5)","background-image":"","background-repeat":"repeat","background-position":"center center","background-size":"auto","background-attachment":"scroll","background-type":"","background-media":"","overlay-type":"","overlay-color":"","overlay-opacity":"","overlay-gradient":""}}},"product_brand":[],"product_cat":[48,49,430,1200],"product_tag":[370,185,512,220,303,189,1371,536,1372,546],"class_list":{"0":"post-8170","1":"product","2":"type-product","3":"status-publish","4":"has-post-thumbnail","6":"product_cat-casual","7":"product_cat-loafer","8":"product_cat-men","9":"product_cat-mens-shoes-2","10":"product_tag-black-loafers","11":"product_tag-calf-leather-shoes","12":"product_tag-casual-loafers","13":"product_tag-comfortable-loafers","14":"product_tag-eva-sole-footwear","15":"product_tag-goat-leather-lining","16":"product_tag-mens-black-calf-leather-loafers","17":"product_tag-premium-leather-loafers","18":"product_tag-slip-on-shoes-men","19":"product_tag-stylish-mens-shoes","20":"desktop-align-center","21":"tablet-align-center","22":"mobile-align-center","24":"first","25":"instock","26":"shipping-taxable","27":"purchasable","28":"product-type-variable","29":"has-default-attributes"},"acf":[],"uagb_featured_image_src":{"full":["https:\/\/turkishtrade.co\/wp-content\/uploads\/2026\/01\/2600NZTMN00040-BLACK.png",453,250,false],"thumbnail":["https:\/\/turkishtrade.co\/wp-content\/uploads\/2026\/01\/2600NZTMN00040-BLACK-150x150.png",150,150,true],"medium":["https:\/\/turkishtrade.co\/wp-content\/uploads\/2026\/01\/2600NZTMN00040-BLACK-300x166.png",300,166,true],"medium_large":["https:\/\/turkishtrade.co\/wp-content\/uploads\/2026\/01\/2600NZTMN00040-BLACK.png",453,250,false],"large":["https:\/\/turkishtrade.co\/wp-content\/uploads\/2026\/01\/2600NZTMN00040-BLACK.png",453,250,false],"1536x1536":["https:\/\/turkishtrade.co\/wp-content\/uploads\/2026\/01\/2600NZTMN00040-BLACK.png",453,250,false],"2048x2048":["https:\/\/turkishtrade.co\/wp-content\/uploads\/2026\/01\/2600NZTMN00040-BLACK.png",453,250,false],"trp-custom-language-flag":["https:\/\/turkishtrade.co\/wp-content\/uploads\/2026\/01\/2600NZTMN00040-BLACK-18x10.png",18,10,true],"woocommerce_thumbnail":["https:\/\/turkishtrade.co\/wp-content\/uploads\/2026\/01\/2600NZTMN00040-BLACK-400x250.png",400,250,true],"woocommerce_single":["https:\/\/turkishtrade.co\/wp-content\/uploads\/2026\/01\/2600NZTMN00040-BLACK.png",453,250,false],"woocommerce_gallery_thumbnail":["https:\/\/turkishtrade.co\/wp-content\/uploads\/2026\/01\/2600NZTMN00040-BLACK-100x100.png",100,100,true]},"uagb_author_info":{"display_name":"python python","author_link":"https:\/\/turkishtrade.co\/tr\/author\/"},"uagb_comment_info":0,"uagb_excerpt":"Premium black calf leather upper for a sophisticated look Luxurious goat leather lining ensures exceptional breathability and softness Lightweight and flexible EVA sole provides all-day comfort and superior traction Classic casual loafer design with a subtle metallic accent Available in a range of sizes: 40, 41, 42, 43, 44 Wholesale available with a minimum order&hellip;","_links":{"self":[{"href":"https:\/\/turkishtrade.co\/tr\/wp-json\/wp\/v2\/product\/8170","targetHints":{"allow":["GET"]}}],"collection":[{"href":"https:\/\/turkishtrade.co\/tr\/wp-json\/wp\/v2\/product"}],"about":[{"href":"https:\/\/turkishtrade.co\/tr\/wp-json\/wp\/v2\/types\/product"}],"wp:featuredmedia":[{"embeddable":true,"href":"https:\/\/turkishtrade.co\/tr\/wp-json\/wp\/v2\/media\/6929"}],"wp:attachment":[{"href":"https:\/\/turkishtrade.co\/tr\/wp-json\/wp\/v2\/media?parent=8170"}],"wp:term":[{"taxonomy":"product_brand","embeddable":true,"href":"https:\/\/turkishtrade.co\/tr\/wp-json\/wp\/v2\/product_brand?post=8170"},{"taxonomy":"product_cat","embeddable":true,"href":"https:\/\/turkishtrade.co\/tr\/wp-json\/wp\/v2\/product_cat?post=8170"},{"taxonomy":"product_tag","embeddable":true,"href":"https:\/\/turkishtrade.co\/tr\/wp-json\/wp\/v2\/product_tag?post=8170"}],"curies":[{"name":"wp","href":"https:\/\/api.w.org\/{rel}","templated":true}]}}