{"id":8168,"date":"2026-01-29T14:48:10","date_gmt":"2026-01-29T14:48:10","guid":{"rendered":"https:\/\/turkishtrade.co\/?post_type=product&#038;p=8168"},"modified":"2026-04-09T20:33:54","modified_gmt":"2026-04-09T20:33:54","slug":"mens-black-leather-loafers-21","status":"publish","type":"product","link":"https:\/\/turkishtrade.co\/tr\/shop\/mens-black-leather-loafers-21\/","title":{"rendered":"Beyaz EVA Tabanl\u0131 Erkek Siyah Deri Loafer Hakiki |"},"content":{"rendered":"<p>Enfes koleksiyonumuzla tan\u0131\u015f\u0131n <b>Erkek Siyah Deri Loafer<\/b>, hem stil hem de konfora de\u011fer veren modern erkekler i\u00e7in tasarland\u0131. Bu \u00e7ok y\u00f6nl\u00fc slip-on ayakkab\u0131lar, g\u00fcndelik gezilerden daha rafine durumlara sorunsuz bir \u015fekilde ge\u00e7i\u015f yaparak her gard\u0131ropta bulunmas\u0131 gereken bir eklentidir. Detaylara titizlikle \u00f6zen g\u00f6sterilerek \u00fcretilen bu <b>Erkek Siyah Deri Loafer<\/b> kalite ve kal\u0131c\u0131 moday\u0131 temsil eder.<\/p>\n<h3>Rakipsiz Konfor ve Birinci S\u0131n\u0131f Malzemeler<\/h3>\n<p>Bu s\u0131ra d\u0131\u015f\u0131 mokasen ayakkab\u0131n\u0131n \u00f6zenli yap\u0131s\u0131 sayesinde her ad\u0131mda benzersiz bir konfor ya\u015fay\u0131n. \u00dcst k\u0131s\u0131m, yumu\u015fak dokusu, dayan\u0131kl\u0131l\u0131\u011f\u0131 ve zamanla aya\u011f\u0131n\u0131za uyum sa\u011flamas\u0131yla bilinen 100% hakiki dana derisinden yap\u0131lm\u0131\u015ft\u0131r. \u0130\u00e7 k\u0131s\u0131mda ayaklar\u0131n\u0131z, \u00fcst\u00fcn nefes alabilirlik ve cilde kar\u015f\u0131 p\u00fcr\u00fczs\u00fcz, rahat bir his sa\u011flayan l\u00fcks ke\u00e7i derisi astarla sar\u0131l\u0131r. Sentetik alternatiflerin aksine, ke\u00e7i derisi astar\u0131m\u0131z ayaklar\u0131n\u0131z\u0131n g\u00fcn boyunca ferah kalmas\u0131n\u0131 sa\u011flar.<\/p>\n<p>Bu ola\u011fan\u00fcst\u00fc projelerin temeli <b>Erkek Siyah Deri Loafer<\/b> hafif EVA taban\u0131d\u0131r. Bu geli\u015fmi\u015f taban teknolojisi m\u00fckemmel \u015fok emilimi sunarak yorgunlu\u011fu azalt\u0131r ve yayl\u0131, yast\u0131kl\u0131 bir s\u00fcr\u00fc\u015f sa\u011flar. Bembeyaz EVA taban, zarif siyah deri ile \u00e7arp\u0131c\u0131 bir kontrast olu\u015fturarak klasik bir tasar\u0131ma \u00e7a\u011fda\u015f bir hava katar. \u0130ster \u015fehir sokaklar\u0131nda geziniyor ister rahat bir hafta sonunun tad\u0131n\u0131 \u00e7\u0131kar\u0131yor olun, bu loafer'lar \u00fcst\u00fcn konfor vaat ediyor.<\/p>\n<h3>Her Durum i\u00e7in \u00c7ok Y\u00f6nl\u00fc Stil<\/h3>\n<p>Bizim <b>Erkek Siyah Deri Loafer<\/b> \u00e7ok y\u00f6nl\u00fc ayakkab\u0131lar\u0131n \u00f6z\u00fcd\u00fcr. Zamans\u0131z rahat loafer silueti, onlar\u0131 say\u0131s\u0131z ortam i\u00e7in uygun hale getirir. Sofistike bir g\u00fcndelik g\u00f6r\u00fcn\u00fcm i\u00e7in chino veya kot pantolonlarla e\u015fle\u015ftirin ya da i\u015f ama\u00e7l\u0131 g\u00fcndelik Cuma g\u00fcnleri veya ak\u015fam etkinlikleri i\u00e7in m\u00fckemmel bir smart-casual topluluk i\u00e7in \u00f6zel dikim pantolonlarla giydirin. Klasik siyah renk tonu, hemen hemen her k\u0131yafeti tamamlayarak ayakkab\u0131 koleksiyonunuzun temel ta\u015flar\u0131ndan biri olmas\u0131n\u0131 sa\u011flar.<\/p>\n<p>40'tan 44'e kadar \u00e7e\u015fitli bedenlerde mevcuttur, m\u00fckemmel uyumunuzu bulmak kolayd\u0131r. Her bir \u00e7ift, geleneksel ayakkab\u0131c\u0131l\u0131k sanat\u0131 ve \u00e7a\u011fda\u015f tasar\u0131m\u0131n bir kar\u0131\u015f\u0131m\u0131n\u0131 sunan yetenekli i\u015f\u00e7ili\u011fin bir kan\u0131t\u0131d\u0131r. Bunlar sadece ayakkab\u0131 de\u011fil; size y\u0131llarca iyi hizmet edecek stil, konfor ve kaliteye yap\u0131lan bir yat\u0131r\u0131md\u0131r. Ticari m\u00fc\u015fterilerimiz i\u00e7in bu y\u00fcksek talep <b>Erkek Siyah Deri Loafer<\/b> minimum 16 \u00e7ift sipari\u015fle toptan sat\u0131\u015f i\u00e7in mevcuttur, en \u00e7ok satan bir \u00fcr\u00fcnle envanterinizi geni\u015fletmek i\u00e7in m\u00fckemmeldir.<\/p>","protected":false},"excerpt":{"rendered":"<ul>\n<li>Birinci s\u0131n\u0131f hakiki dana derisi saya, dayan\u0131kl\u0131l\u0131k ve sofistike bir g\u00f6r\u00fcn\u00fcm sa\u011flar.<\/li>\n<li>L\u00fcks ke\u00e7i derisi i\u00e7 astar ola\u011fan\u00fcst\u00fc konfor ve nefes alabilirlik sa\u011flar.<\/li>\n<li>Hafif ve esnek EVA taban, \u00fcst\u00fcn yast\u0131klama ve g\u00fcn boyu giyilebilirlik sunar.<\/li>\n<li>Modern \u015f\u0131kl\u0131k i\u00e7in kontrast beyaz tabana sahip \u015f\u0131k siyah g\u00fcnl\u00fck loafer tasar\u0131m.<\/li>\n<li>M\u00fckemmel uyumu sa\u011flamak i\u00e7in 40, 41, 42, 43, 44 AB bedenlerinde mevcuttur.<\/li>\n<li>Toptan sipari\u015fler minimum 16 \u00e7ift sipari\u015f miktar\u0131 ile kabul edilir.<\/li>\n<\/ul>","protected":false},"featured_media":6923,"template":"","meta":{"_acf_changed":false,"_uag_custom_page_level_css":"","site-sidebar-layout":"default","site-content-layout":"","ast-site-content-layout":"default","site-content-style":"default","site-sidebar-style":"default","ast-global-header-display":"","ast-banner-title-visibility":"","ast-main-header-display":"","ast-hfb-above-header-display":"","ast-hfb-below-header-display":"","ast-hfb-mobile-header-display":"","site-post-title":"","ast-breadcrumbs-content":"","ast-featured-img":"","footer-sml-layout":"","ast-disable-related-posts":"","theme-transparent-header-meta":"","adv-header-id-meta":"","stick-header-meta":"","header-above-stick-meta":"","header-main-stick-meta":"","header-below-stick-meta":"","astra-migrate-meta-layouts":"default","ast-page-background-enabled":"default","ast-page-background-meta":{"desktop":{"background-color":"var(--ast-global-color-4)","background-image":"","background-repeat":"repeat","background-position":"center center","background-size":"auto","background-attachment":"scroll","background-type":"","background-media":"","overlay-type":"","overlay-color":"","overlay-opacity":"","overlay-gradient":""},"tablet":{"background-color":"","background-image":"","background-repeat":"repeat","background-position":"center center","background-size":"auto","background-attachment":"scroll","background-type":"","background-media":"","overlay-type":"","overlay-color":"","overlay-opacity":"","overlay-gradient":""},"mobile":{"background-color":"","background-image":"","background-repeat":"repeat","background-position":"center center","background-size":"auto","background-attachment":"scroll","background-type":"","background-media":"","overlay-type":"","overlay-color":"","overlay-opacity":"","overlay-gradient":""}},"ast-content-background-meta":{"desktop":{"background-color":"var(--ast-global-color-5)","background-image":"","background-repeat":"repeat","background-position":"center center","background-size":"auto","background-attachment":"scroll","background-type":"","background-media":"","overlay-type":"","overlay-color":"","overlay-opacity":"","overlay-gradient":""},"tablet":{"background-color":"var(--ast-global-color-5)","background-image":"","background-repeat":"repeat","background-position":"center center","background-size":"auto","background-attachment":"scroll","background-type":"","background-media":"","overlay-type":"","overlay-color":"","overlay-opacity":"","overlay-gradient":""},"mobile":{"background-color":"var(--ast-global-color-5)","background-image":"","background-repeat":"repeat","background-position":"center center","background-size":"auto","background-attachment":"scroll","background-type":"","background-media":"","overlay-type":"","overlay-color":"","overlay-opacity":"","overlay-gradient":""}}},"product_brand":[],"product_cat":[48,49,430,1200],"product_tag":[370,202,512,287,189,215,733,184,1063],"class_list":{"0":"post-8168","1":"product","2":"type-product","3":"status-publish","4":"has-post-thumbnail","6":"product_cat-casual","7":"product_cat-loafer","8":"product_cat-men","9":"product_cat-mens-shoes-2","10":"product_tag-black-loafers","11":"product_tag-calf-leather","12":"product_tag-casual-loafers","13":"product_tag-eva-sole-shoes","14":"product_tag-goat-leather-lining","15":"product_tag-leather-loafers","16":"product_tag-mens-black-leather-loafers","17":"product_tag-slip-on-shoes","18":"product_tag-turkish-trade-shoes","19":"desktop-align-center","20":"tablet-align-center","21":"mobile-align-center","23":"first","24":"instock","25":"shipping-taxable","26":"purchasable","27":"product-type-variable","28":"has-default-attributes"},"acf":[],"uagb_featured_image_src":{"full":["https:\/\/turkishtrade.co\/wp-content\/uploads\/2026\/01\/2600NZTMN00038-BLACK.png",453,250,false],"thumbnail":["https:\/\/turkishtrade.co\/wp-content\/uploads\/2026\/01\/2600NZTMN00038-BLACK-150x150.png",150,150,true],"medium":["https:\/\/turkishtrade.co\/wp-content\/uploads\/2026\/01\/2600NZTMN00038-BLACK-300x166.png",300,166,true],"medium_large":["https:\/\/turkishtrade.co\/wp-content\/uploads\/2026\/01\/2600NZTMN00038-BLACK.png",453,250,false],"large":["https:\/\/turkishtrade.co\/wp-content\/uploads\/2026\/01\/2600NZTMN00038-BLACK.png",453,250,false],"1536x1536":["https:\/\/turkishtrade.co\/wp-content\/uploads\/2026\/01\/2600NZTMN00038-BLACK.png",453,250,false],"2048x2048":["https:\/\/turkishtrade.co\/wp-content\/uploads\/2026\/01\/2600NZTMN00038-BLACK.png",453,250,false],"trp-custom-language-flag":["https:\/\/turkishtrade.co\/wp-content\/uploads\/2026\/01\/2600NZTMN00038-BLACK-18x10.png",18,10,true],"woocommerce_thumbnail":["https:\/\/turkishtrade.co\/wp-content\/uploads\/2026\/01\/2600NZTMN00038-BLACK-400x250.png",400,250,true],"woocommerce_single":["https:\/\/turkishtrade.co\/wp-content\/uploads\/2026\/01\/2600NZTMN00038-BLACK.png",453,250,false],"woocommerce_gallery_thumbnail":["https:\/\/turkishtrade.co\/wp-content\/uploads\/2026\/01\/2600NZTMN00038-BLACK-100x100.png",100,100,true]},"uagb_author_info":{"display_name":"python python","author_link":"https:\/\/turkishtrade.co\/tr\/author\/"},"uagb_comment_info":0,"uagb_excerpt":"Premium genuine calf leather upper ensures durability and a sophisticated look. Luxurious goat leather interior lining provides exceptional comfort and breathability. Lightweight and flexible EVA sole offers superior cushioning and all-day wearability. Sleek black casual loafer design with a contrasting white sole for modern elegance. Available in EU sizes 40, 41, 42, 43, 44 to&hellip;","_links":{"self":[{"href":"https:\/\/turkishtrade.co\/tr\/wp-json\/wp\/v2\/product\/8168","targetHints":{"allow":["GET"]}}],"collection":[{"href":"https:\/\/turkishtrade.co\/tr\/wp-json\/wp\/v2\/product"}],"about":[{"href":"https:\/\/turkishtrade.co\/tr\/wp-json\/wp\/v2\/types\/product"}],"wp:featuredmedia":[{"embeddable":true,"href":"https:\/\/turkishtrade.co\/tr\/wp-json\/wp\/v2\/media\/6923"}],"wp:attachment":[{"href":"https:\/\/turkishtrade.co\/tr\/wp-json\/wp\/v2\/media?parent=8168"}],"wp:term":[{"taxonomy":"product_brand","embeddable":true,"href":"https:\/\/turkishtrade.co\/tr\/wp-json\/wp\/v2\/product_brand?post=8168"},{"taxonomy":"product_cat","embeddable":true,"href":"https:\/\/turkishtrade.co\/tr\/wp-json\/wp\/v2\/product_cat?post=8168"},{"taxonomy":"product_tag","embeddable":true,"href":"https:\/\/turkishtrade.co\/tr\/wp-json\/wp\/v2\/product_tag?post=8168"}],"curies":[{"name":"wp","href":"https:\/\/api.w.org\/{rel}","templated":true}]}}