{"id":8167,"date":"2026-01-29T14:48:08","date_gmt":"2026-01-29T14:48:08","guid":{"rendered":"https:\/\/turkishtrade.co\/product\/men-2600nztmn00037\/"},"modified":"2026-04-09T20:34:00","modified_gmt":"2026-04-09T20:34:00","slug":"mens-casual-suede-brogue-shoes","status":"publish","type":"product","link":"https:\/\/turkishtrade.co\/tr\/shop\/mens-casual-suede-brogue-shoes\/","title":{"rendered":"Erkek G\u00fcnl\u00fck S\u00fcet Brogue Ayakkab\u0131 Ultimate | Erkek G\u00fcnl\u00fck S\u00fcet Brogue Derby"},"content":{"rendered":"<p><strong>Erkek G\u00fcnl\u00fck S\u00fcet Brogue Ayakkab\u0131<\/strong>. \u00dcst\u00fcn kalite ve tasar\u0131m.<\/p>\n<p>Klasik stil ve modern konforun m\u00fckemmel kar\u0131\u015f\u0131m\u0131n\u0131 birinci s\u0131n\u0131f \u00fcr\u00fcnlerimizle ke\u015ffedin <b>Erkek G\u00fcnl\u00fck S\u00fcet Brogue Ayakkab\u0131<\/b>. Hem esteti\u011fe hem de giyilebilirli\u011fe de\u011fer veren \u00e7a\u011fda\u015f erkekler i\u00e7in tasarlanan bu ayakkab\u0131lar, her sofistike g\u00fcndelik gard\u0131robun vazge\u00e7ilmez bir par\u00e7as\u0131d\u0131r. Bu \u00e7ok y\u00f6nl\u00fc ayakkab\u0131larla her ad\u0131mda benzersiz konforu ve zamans\u0131z \u015f\u0131kl\u0131\u011f\u0131 deneyimleyin <b>Erkek G\u00fcnl\u00fck S\u00fcet Brogue Ayakkab\u0131<\/b>.<\/p>\n<h3>Ustal\u0131k ve Birinci S\u0131n\u0131f Malzemeler<\/h3>\n<p>Bu zarif ayakkab\u0131lar\u0131n her bir \u00e7ifti, y\u00fcksek kaliteli hakiki dana derisinden titizlikle \u00fcretilmi\u015ftir ve hem dokunuldu\u011funda yumu\u015fak hem de son derece dayan\u0131kl\u0131 l\u00fcks bir s\u00fcet dokusu sunar. Zengin, toprak rengi kahverengi bu ayakkab\u0131lar\u0131 inan\u0131lmaz derecede \u00e7ok y\u00f6nl\u00fc k\u0131lar ve \u015f\u0131k g\u00fcnl\u00fck pantolonlardan s\u0131k\u0131nt\u0131l\u0131 kot pantolonlara kadar \u00e7e\u015fitli k\u0131yafetlerle zahmetsizce e\u015fle\u015fir. \u0130\u00e7 k\u0131s\u0131mda, ayaklar\u0131n\u0131z son derece yumu\u015fak ke\u00e7i derisi astarla sar\u0131lacak ve g\u00fcn boyunca nefes alabilirlik ve son derece rahat bir uyum sa\u011flayacakt\u0131r. Bu birinci s\u0131n\u0131f astar, ayaklar\u0131n\u0131z\u0131n ferah hissetmesini sa\u011flayarak bu ayakkab\u0131lar\u0131 <b>Erkek G\u00fcnl\u00fck S\u00fcet Brogue Ayakkab\u0131<\/b> uzun s\u00fcreli kullan\u0131m i\u00e7in idealdir. \u00dcst\u00fcn malzemeler kal\u0131c\u0131 kaliteyi ve g\u00f6ze \u00e7arpan rafine bir y\u00fczeyi garanti eder.<\/p>\n<h3>Yenilik\u00e7i Tasar\u0131m ve \u00dcst\u00fcn Konfor \u00d6zellikleri<\/h3>\n<p>Geleneksel ayakkab\u0131 yap\u0131m\u0131n\u0131n ay\u0131rt edici \u00f6zelli\u011fi olan brogue detaylar, bu g\u00fcndelik ayakkab\u0131lara klasik bir sofistike dokunu\u015f kat\u0131yor. Karma\u015f\u0131k delikler ve kanat ucundan ilham alan desenler genel tasar\u0131m\u0131 y\u00fckselterek bu ayakkab\u0131lar\u0131 <b>Erkek G\u00fcnl\u00fck S\u00fcet Brogue Ayakkab\u0131<\/b> \u00e7e\u015fitli durumlar i\u00e7in uygundur. Bu ayakkab\u0131lar\u0131 di\u011ferlerinden ay\u0131ran \u015fey, yenilik\u00e7i hafif EVA taban\u0131d\u0131r. Bu geli\u015fmi\u015f taban teknolojisi, her ad\u0131mda darbeyi emerek \u00fcst\u00fcn yast\u0131klama ve esneklik sa\u011flar. Bembeyaz EVA taban\u0131n zengin kahverengi s\u00fcet saya ile kontrast\u0131, modern tarz\u0131 yans\u0131tan \u00e7arp\u0131c\u0131 ve \u00e7a\u011fda\u015f bir g\u00f6r\u00fcn\u00fcm yarat\u0131r. \u0130ster \u015fehir sokaklar\u0131nda geziniyor ister rahat bir hafta sonunun tad\u0131n\u0131 \u00e7\u0131kar\u0131yor olun, EVA taban maksimum konfor ve destek sa\u011flayarak bu ayakkab\u0131lar\u0131 aktif ya\u015fam tarzlar\u0131 i\u00e7in tercih edilen ayakkab\u0131lar haline getirir.<\/p>\n<h3>Her Durum i\u00e7in \u00c7ok Y\u00f6nl\u00fcl\u00fck ve Stil<\/h3>\n<p>Bizim <b>Erkek G\u00fcnl\u00fck S\u00fcet Brogue Ayakkab\u0131<\/b> inan\u0131lmaz derecede \u00e7ok y\u00f6nl\u00fcd\u00fcr, ofiste rahatl\u0131ktan hafta sonu maceralar\u0131na sorunsuzca ge\u00e7i\u015f yapar. \u015e\u0131k ama rahat bir g\u00f6r\u00fcn\u00fcm i\u00e7in chino pantolon ve d\u00fc\u011fmeli g\u00f6mlekle e\u015fle\u015ftirin ya da zahmetsizce haval\u0131 bir g\u00f6r\u00fcn\u00fcm i\u00e7in en sevdi\u011finiz denimle giydirin. 40, 41, 42, 43 ve 44 erkek AB bedenlerinde mevcut oldu\u011fundan, m\u00fckemmel uyumunuzu bulmak \u00e7ok kolay. Ayakkab\u0131 koleksiyonunuzu konfor, dayan\u0131kl\u0131l\u0131k ve inkar edilemez stili m\u00fckemmel bir \u015fekilde \u00f6zetleyen bir \u00e7ift ile y\u00fckseltin. Perakendeciler ve i\u015fletmeler i\u00e7in bu ola\u011fan\u00fcst\u00fc <b>Erkek G\u00fcnl\u00fck S\u00fcet Brogue Ayakkab\u0131<\/b> minimum 16 \u00e7ift sipari\u015f miktar\u0131 ile toptan sat\u0131n al\u0131nabilir, bu da onlar\u0131 envanterinizi y\u00fcksek talep g\u00f6ren, kaliteli ayakkab\u0131larla geni\u015fletmek i\u00e7in m\u00fckemmel bir se\u00e7im haline getirir. Bize yat\u0131r\u0131m yap\u0131n <b>Erkek G\u00fcnl\u00fck S\u00fcet Brogue Ayakkab\u0131<\/b> bug\u00fcn ve g\u00fcndelik \u015f\u0131kl\u0131\u011f\u0131n\u0131z\u0131 yeniden tan\u0131mlay\u0131n.<\/p>","protected":false},"excerpt":{"rendered":"<ul>\n<li>\u00dcst\u00fcn konfor i\u00e7in yumu\u015fak ke\u00e7i derisi astarl\u0131 birinci s\u0131n\u0131f dana derisinden \u00fcretilmi\u015ftir.<\/li>\n<li>\u015e\u0131k brogue detaylara ve dayan\u0131kl\u0131, hafif EVA tabana sahiptir.<\/li>\n<li>Sofistikeli\u011fi g\u00fcnl\u00fck konforla birle\u015ftiren \u00e7ok y\u00f6nl\u00fc g\u00fcndelik giyim i\u00e7in m\u00fckemmeldir.<\/li>\n<li>40-44 erkek AB bedenlerinde mevcuttur.<\/li>\n<li>Toptan sat\u0131\u015f talepleri kabul edilir; minimum sipari\u015f miktar\u0131 16 \u00e7ifttir.<\/li>\n<\/ul>","protected":false},"featured_media":6921,"template":"","meta":{"_acf_changed":false,"_uag_custom_page_level_css":"","site-sidebar-layout":"default","site-content-layout":"","ast-site-content-layout":"default","site-content-style":"default","site-sidebar-style":"default","ast-global-header-display":"","ast-banner-title-visibility":"","ast-main-header-display":"","ast-hfb-above-header-display":"","ast-hfb-below-header-display":"","ast-hfb-mobile-header-display":"","site-post-title":"","ast-breadcrumbs-content":"","ast-featured-img":"","footer-sml-layout":"","ast-disable-related-posts":"","theme-transparent-header-meta":"","adv-header-id-meta":"","stick-header-meta":"","header-above-stick-meta":"","header-main-stick-meta":"","header-below-stick-meta":"","astra-migrate-meta-layouts":"default","ast-page-background-enabled":"default","ast-page-background-meta":{"desktop":{"background-color":"var(--ast-global-color-4)","background-image":"","background-repeat":"repeat","background-position":"center center","background-size":"auto","background-attachment":"scroll","background-type":"","background-media":"","overlay-type":"","overlay-color":"","overlay-opacity":"","overlay-gradient":""},"tablet":{"background-color":"","background-image":"","background-repeat":"repeat","background-position":"center center","background-size":"auto","background-attachment":"scroll","background-type":"","background-media":"","overlay-type":"","overlay-color":"","overlay-opacity":"","overlay-gradient":""},"mobile":{"background-color":"","background-image":"","background-repeat":"repeat","background-position":"center center","background-size":"auto","background-attachment":"scroll","background-type":"","background-media":"","overlay-type":"","overlay-color":"","overlay-opacity":"","overlay-gradient":""}},"ast-content-background-meta":{"desktop":{"background-color":"var(--ast-global-color-5)","background-image":"","background-repeat":"repeat","background-position":"center center","background-size":"auto","background-attachment":"scroll","background-type":"","background-media":"","overlay-type":"","overlay-color":"","overlay-opacity":"","overlay-gradient":""},"tablet":{"background-color":"var(--ast-global-color-5)","background-image":"","background-repeat":"repeat","background-position":"center center","background-size":"auto","background-attachment":"scroll","background-type":"","background-media":"","overlay-type":"","overlay-color":"","overlay-opacity":"","overlay-gradient":""},"mobile":{"background-color":"var(--ast-global-color-5)","background-image":"","background-repeat":"repeat","background-position":"center center","background-size":"auto","background-attachment":"scroll","background-type":"","background-media":"","overlay-type":"","overlay-color":"","overlay-opacity":"","overlay-gradient":""}}},"product_brand":[],"product_cat":[48,49,430,1200],"product_tag":[199,185,1368,1369,303,1258,1370,649,337,262],"class_list":{"0":"post-8167","1":"product","2":"type-product","3":"status-publish","4":"has-post-thumbnail","6":"product_cat-casual","7":"product_cat-loafer","8":"product_cat-men","9":"product_cat-mens-shoes-2","10":"product_tag-brown-dress-shoes","11":"product_tag-calf-leather-shoes","12":"product_tag-casual-brogues","13":"product_tag-comfort-shoes-men","14":"product_tag-eva-sole-footwear","15":"product_tag-goat-lined-shoes","16":"product_tag-lace-up-casual","17":"product_tag-leather-derby-shoes","18":"product_tag-mens-suede-shoes","19":"product_tag-wholesale-mens-shoes","20":"desktop-align-center","21":"tablet-align-center","22":"mobile-align-center","24":"first","25":"instock","26":"shipping-taxable","27":"purchasable","28":"product-type-variable","29":"has-default-attributes"},"acf":[],"uagb_featured_image_src":{"full":["https:\/\/turkishtrade.co\/wp-content\/uploads\/2026\/01\/2600NZTMN00037-BEIGE.png",453,250,false],"thumbnail":["https:\/\/turkishtrade.co\/wp-content\/uploads\/2026\/01\/2600NZTMN00037-BEIGE-150x150.png",150,150,true],"medium":["https:\/\/turkishtrade.co\/wp-content\/uploads\/2026\/01\/2600NZTMN00037-BEIGE-300x166.png",300,166,true],"medium_large":["https:\/\/turkishtrade.co\/wp-content\/uploads\/2026\/01\/2600NZTMN00037-BEIGE.png",453,250,false],"large":["https:\/\/turkishtrade.co\/wp-content\/uploads\/2026\/01\/2600NZTMN00037-BEIGE.png",453,250,false],"1536x1536":["https:\/\/turkishtrade.co\/wp-content\/uploads\/2026\/01\/2600NZTMN00037-BEIGE.png",453,250,false],"2048x2048":["https:\/\/turkishtrade.co\/wp-content\/uploads\/2026\/01\/2600NZTMN00037-BEIGE.png",453,250,false],"trp-custom-language-flag":["https:\/\/turkishtrade.co\/wp-content\/uploads\/2026\/01\/2600NZTMN00037-BEIGE-18x10.png",18,10,true],"woocommerce_thumbnail":["https:\/\/turkishtrade.co\/wp-content\/uploads\/2026\/01\/2600NZTMN00037-BEIGE-400x250.png",400,250,true],"woocommerce_single":["https:\/\/turkishtrade.co\/wp-content\/uploads\/2026\/01\/2600NZTMN00037-BEIGE.png",453,250,false],"woocommerce_gallery_thumbnail":["https:\/\/turkishtrade.co\/wp-content\/uploads\/2026\/01\/2600NZTMN00037-BEIGE-100x100.png",100,100,true]},"uagb_author_info":{"display_name":"python python","author_link":"https:\/\/turkishtrade.co\/tr\/author\/"},"uagb_comment_info":0,"uagb_excerpt":"Crafted from premium calf leather with a soft goat leather lining for supreme comfort. Features stylish brogue detailing and a durable, lightweight EVA sole. Perfect for versatile casual wear, combining sophistication with everyday comfort. Available in men's EU sizes 40-44. Wholesale inquiries welcome; minimum order quantity is 16 pairs.","_links":{"self":[{"href":"https:\/\/turkishtrade.co\/tr\/wp-json\/wp\/v2\/product\/8167","targetHints":{"allow":["GET"]}}],"collection":[{"href":"https:\/\/turkishtrade.co\/tr\/wp-json\/wp\/v2\/product"}],"about":[{"href":"https:\/\/turkishtrade.co\/tr\/wp-json\/wp\/v2\/types\/product"}],"wp:featuredmedia":[{"embeddable":true,"href":"https:\/\/turkishtrade.co\/tr\/wp-json\/wp\/v2\/media\/6921"}],"wp:attachment":[{"href":"https:\/\/turkishtrade.co\/tr\/wp-json\/wp\/v2\/media?parent=8167"}],"wp:term":[{"taxonomy":"product_brand","embeddable":true,"href":"https:\/\/turkishtrade.co\/tr\/wp-json\/wp\/v2\/product_brand?post=8167"},{"taxonomy":"product_cat","embeddable":true,"href":"https:\/\/turkishtrade.co\/tr\/wp-json\/wp\/v2\/product_cat?post=8167"},{"taxonomy":"product_tag","embeddable":true,"href":"https:\/\/turkishtrade.co\/tr\/wp-json\/wp\/v2\/product_tag?post=8167"}],"curies":[{"name":"wp","href":"https:\/\/api.w.org\/{rel}","templated":true}]}}