{"id":8151,"date":"2026-01-29T14:47:55","date_gmt":"2026-01-29T14:47:55","guid":{"rendered":"https:\/\/turkishtrade.co\/?post_type=product&#038;p=8151"},"modified":"2026-04-09T20:34:03","modified_gmt":"2026-04-09T20:34:03","slug":"mens-navy-suede-derby-shoes","status":"publish","type":"product","link":"https:\/\/turkishtrade.co\/tr\/shop\/mens-navy-suede-derby-shoes\/","title":{"rendered":"EVA Tabanl\u0131 Erkek Lacivert S\u00fcet Derby Ayakkab\u0131 Proven |"},"content":{"rendered":"<p><strong>Erkek Lacivert S\u00fcet Derby Ayakkab\u0131<\/strong>. Kan\u0131tlanm\u0131\u015f kalite ve tasar\u0131m.<\/p>\n<p>G\u00fcnl\u00fck ayakkab\u0131 koleksiyonunuzu se\u00e7kin \u00fcr\u00fcnlerimizle y\u00fckseltmeye haz\u0131r olun <strong>Erkek Lacivert S\u00fcet Derby Ayakkab\u0131<\/strong>. Hem sofistike stile hem de benzersiz konfora de\u011fer veren modern erkekler i\u00e7in tasarlanan bu ayakkab\u0131lar, kaliteli i\u015f\u00e7ili\u011fin bir kan\u0131t\u0131d\u0131r. Klasik tasar\u0131m\u0131 \u00e7a\u011fda\u015f \u00f6zelliklerle m\u00fckemmel bir \u015fekilde harmanlayan bu <strong>Erkek Lacivert S\u00fcet Derby Ayakkab\u0131<\/strong> her se\u00e7kin beyefendinin gard\u0131robunun vazge\u00e7ilmez bir par\u00e7as\u0131d\u0131r ve g\u00fcnd\u00fczden geceye keskin g\u00f6r\u00fcnmenizi ve harika hissetmenizi sa\u011flar.<\/p>\n<p>Birinci s\u0131n\u0131f dana derisinden \u00fcretilen \u00fcst k\u0131s\u0131m, zarif bir doku ve \u00e7ok y\u00f6nl\u00fc bir \u00e7ekicilik sunan l\u00fcks lacivert s\u00fcet kaplamaya sahiptir. Zengin, koyu mavi renk tonu, bu ayakkab\u0131lar\u0131n \u015f\u0131k g\u00fcnl\u00fck pantolonlar ve chino pantolonlardan rahat denimlere kadar \u00e7ok \u00e7e\u015fitli k\u0131yafetlerle inan\u0131lmaz derecede kolay bir \u015fekilde e\u015fle\u015ftirilmesini sa\u011flar. Diki\u015flerde ve genel yap\u0131da detaylara g\u00f6sterilen titizlik, d\u00fczenli giyimde bile zarif g\u00f6r\u00fcn\u00fcm\u00fcn\u00fc ve yap\u0131sal b\u00fct\u00fcnl\u00fc\u011f\u00fcn\u00fc koruyan dayan\u0131kl\u0131 ve uzun \u00f6m\u00fcrl\u00fc bir ayakkab\u0131 sa\u011flar.<\/p>\n<p>Son derece yumu\u015fak ve nefes alabilen ke\u00e7i derisi i\u00e7 astar sayesinde her ad\u0131mda \u00fcst\u00fcn konforu ya\u015fay\u0131n. Bu do\u011fal malzeme aya\u011f\u0131n\u0131za nazik\u00e7e uyum sa\u011flayarak m\u00fckemmel havaland\u0131rma sa\u011flar ve uzun s\u00fcreli kullan\u0131mdan sonra bile rahats\u0131zl\u0131\u011f\u0131 \u00f6nler. \u00dcst\u00fcn i\u00e7 i\u015f\u00e7ilik, ayaklar\u0131n\u0131z i\u00e7in destekleyici ve rahat bir ortam yaratmaya odaklanarak g\u00fcn boyunca keyifli bir deneyim sa\u011flar.<\/p>\n<p>Alt\u0131nda, bunlar <strong>Erkek Lacivert S\u00fcet Derby Ayakkab\u0131<\/strong> son teknoloji \u00fcr\u00fcn\u00fc EVA tabana sahiptir. Hafifli\u011fi ve \u015fok emici \u00f6zellikleriyle tan\u0131nan EVA taban, \u00fcst\u00fcn yast\u0131klama ve ola\u011fan\u00fcst\u00fc esneklik sa\u011flar. Bu geli\u015fmi\u015f taban teknolojisi, \u00e7e\u015fitli y\u00fczeylerde m\u00fckemmel kavrama sa\u011flar ve ayak yorgunlu\u011funu \u00f6nemli \u00f6l\u00e7\u00fcde azalt\u0131r, bu ayakkab\u0131lar\u0131 ister kalabal\u0131k \u015fehir sokaklar\u0131nda geziniyor ister rahat bir hafta sonu gezintisinin tad\u0131n\u0131 \u00e7\u0131kar\u0131yor olun, g\u00fcnl\u00fck kullan\u0131m i\u00e7in ideal hale getirir. Taban\u0131n hafif\u00e7e y\u00fckseltilmesi de klasik Derby sil\u00fcetine \u00e7a\u011fda\u015f bir hava katarak modern \u00e7ekicili\u011fini art\u0131r\u0131r.<\/p>\n<h3>Her Durum i\u00e7in \u00c7ok Y\u00f6nl\u00fcl\u00fck ve Stil<\/h3>\n<p>Bu \u00e7ok y\u00f6nl\u00fc ba\u011fc\u0131kl\u0131 ayakkab\u0131lar, ofisteki g\u00fcndelik Cuma g\u00fcnlerinden hafta sonu toplant\u0131lar\u0131na, ak\u015fam yeme\u011fi randevular\u0131na ve yar\u0131 resmi etkinliklere zahmetsizce ge\u00e7i\u015f yaparak \u00e7e\u015fitli durumlar i\u00e7in m\u00fckemmeldir. Zamans\u0131z Derby tasar\u0131m\u0131, ay\u0131rt edici lacivert s\u00fcet ile birle\u015fti\u011finde, geleneksel resmi ayakkab\u0131lara \u015f\u0131k bir alternatif sunarak rahatl\u0131ktan veya \u00e7a\u011fda\u015f tarzdan \u00f6d\u00fcn vermeyen abart\u0131s\u0131z bir zarafet sa\u011flar. 40, 41, 42, 43 ve 44 dahil olmak \u00fczere kapsaml\u0131 bir Avrupa beden yelpazesinde mevcut oldu\u011fundan, m\u00fckemmel uyumunuzu bulmak basit ve anla\u015f\u0131l\u0131rd\u0131r. Ayakkab\u0131 koleksiyonunuz i\u00e7in ak\u0131ll\u0131ca bir yat\u0131r\u0131m haline getirerek hem inkar edilemez bir stil hem de kal\u0131c\u0131 bir i\u00e7erik vaat eden bir \u00e7ift ile ayakkab\u0131 oyununuzu y\u00fckseltin.<\/p>\n<p>Y\u00fcksek kaliteli erkek ayakkab\u0131s\u0131 stoklamak isteyen i\u015fletmeler i\u00e7in bu Lacivert S\u00fcet Derby Ayakkab\u0131lar toptan sat\u0131n al\u0131nabilir. M\u00fc\u015fterilerinize birinci s\u0131n\u0131f, \u015f\u0131k ve rahat se\u00e7enekler sunmak i\u00e7in harika bir f\u0131rsat sunan minimum 16 \u00e7ift sipari\u015fe ihtiyac\u0131m\u0131z var. Toplu fiyatland\u0131rma ve bu aranan ayakkab\u0131lar\u0131 envanterinize nas\u0131l dahil edece\u011finiz hakk\u0131nda daha fazla bilgi i\u00e7in bizimle ileti\u015fime ge\u00e7in.<\/p>","protected":false},"excerpt":{"rendered":"<ul>\n<li>Premium Lacivert Dana Derisi S\u00fcet Saya<\/li>\n<li>Nefes Alabilirlik i\u00e7in Yumu\u015fak Ke\u00e7i Derisi \u0130\u00e7 Astar<\/li>\n<li>T\u00fcm G\u00fcn Konfor i\u00e7in Hafif ve Esnek EVA Taban<\/li>\n<li>\u00c7ok Y\u00f6nl\u00fc G\u00fcnl\u00fck Giyim i\u00e7in Klasik Ba\u011fc\u0131kl\u0131 Derby Stili<\/li>\n<li>40, 41, 42, 43, 44 Avrupa bedenlerinde mevcuttur<\/li>\n<li>Toptan sipari\u015fler mevcuttur (minimum 16 \u00e7ift)<\/li>\n<\/ul>","protected":false},"featured_media":6920,"template":"","meta":{"_acf_changed":false,"_uag_custom_page_level_css":"","site-sidebar-layout":"default","site-content-layout":"","ast-site-content-layout":"default","site-content-style":"default","site-sidebar-style":"default","ast-global-header-display":"","ast-banner-title-visibility":"","ast-main-header-display":"","ast-hfb-above-header-display":"","ast-hfb-below-header-display":"","ast-hfb-mobile-header-display":"","site-post-title":"","ast-breadcrumbs-content":"","ast-featured-img":"","footer-sml-layout":"","ast-disable-related-posts":"","theme-transparent-header-meta":"","adv-header-id-meta":"","stick-header-meta":"","header-above-stick-meta":"","header-main-stick-meta":"","header-below-stick-meta":"","astra-migrate-meta-layouts":"default","ast-page-background-enabled":"default","ast-page-background-meta":{"desktop":{"background-color":"var(--ast-global-color-4)","background-image":"","background-repeat":"repeat","background-position":"center center","background-size":"auto","background-attachment":"scroll","background-type":"","background-media":"","overlay-type":"","overlay-color":"","overlay-opacity":"","overlay-gradient":""},"tablet":{"background-color":"","background-image":"","background-repeat":"repeat","background-position":"center center","background-size":"auto","background-attachment":"scroll","background-type":"","background-media":"","overlay-type":"","overlay-color":"","overlay-opacity":"","overlay-gradient":""},"mobile":{"background-color":"","background-image":"","background-repeat":"repeat","background-position":"center center","background-size":"auto","background-attachment":"scroll","background-type":"","background-media":"","overlay-type":"","overlay-color":"","overlay-opacity":"","overlay-gradient":""}},"ast-content-background-meta":{"desktop":{"background-color":"var(--ast-global-color-5)","background-image":"","background-repeat":"repeat","background-position":"center center","background-size":"auto","background-attachment":"scroll","background-type":"","background-media":"","overlay-type":"","overlay-color":"","overlay-opacity":"","overlay-gradient":""},"tablet":{"background-color":"var(--ast-global-color-5)","background-image":"","background-repeat":"repeat","background-position":"center center","background-size":"auto","background-attachment":"scroll","background-type":"","background-media":"","overlay-type":"","overlay-color":"","overlay-opacity":"","overlay-gradient":""},"mobile":{"background-color":"var(--ast-global-color-5)","background-image":"","background-repeat":"repeat","background-position":"center center","background-size":"auto","background-attachment":"scroll","background-type":"","background-media":"","overlay-type":"","overlay-color":"","overlay-opacity":"","overlay-gradient":""}}},"product_brand":[],"product_cat":[48,49,430,1200],"product_tag":[185,248,290,287,1278,310,1272,1367,280],"class_list":{"0":"post-8151","1":"product","2":"type-product","3":"status-publish","4":"has-post-thumbnail","6":"product_cat-casual","7":"product_cat-loafer","8":"product_cat-men","9":"product_cat-mens-shoes-2","10":"product_tag-calf-leather-shoes","11":"product_tag-casual-leather-shoes","12":"product_tag-comfortable-mens-shoes","13":"product_tag-eva-sole-shoes","14":"product_tag-goat-lining-shoes","15":"product_tag-mens-derby-shoes","16":"product_tag-mens-fashion-footwear","17":"product_tag-navy-suede-shoes","18":"product_tag-smart-casual-shoes","19":"desktop-align-center","20":"tablet-align-center","21":"mobile-align-center","23":"first","24":"instock","25":"shipping-taxable","26":"purchasable","27":"product-type-variable","28":"has-default-attributes"},"acf":[],"uagb_featured_image_src":{"full":["https:\/\/turkishtrade.co\/wp-content\/uploads\/2026\/01\/2600NZTMN00036-DARK-BLUE.png",453,250,false],"thumbnail":["https:\/\/turkishtrade.co\/wp-content\/uploads\/2026\/01\/2600NZTMN00036-DARK-BLUE-150x150.png",150,150,true],"medium":["https:\/\/turkishtrade.co\/wp-content\/uploads\/2026\/01\/2600NZTMN00036-DARK-BLUE-300x166.png",300,166,true],"medium_large":["https:\/\/turkishtrade.co\/wp-content\/uploads\/2026\/01\/2600NZTMN00036-DARK-BLUE.png",453,250,false],"large":["https:\/\/turkishtrade.co\/wp-content\/uploads\/2026\/01\/2600NZTMN00036-DARK-BLUE.png",453,250,false],"1536x1536":["https:\/\/turkishtrade.co\/wp-content\/uploads\/2026\/01\/2600NZTMN00036-DARK-BLUE.png",453,250,false],"2048x2048":["https:\/\/turkishtrade.co\/wp-content\/uploads\/2026\/01\/2600NZTMN00036-DARK-BLUE.png",453,250,false],"trp-custom-language-flag":["https:\/\/turkishtrade.co\/wp-content\/uploads\/2026\/01\/2600NZTMN00036-DARK-BLUE-18x10.png",18,10,true],"woocommerce_thumbnail":["https:\/\/turkishtrade.co\/wp-content\/uploads\/2026\/01\/2600NZTMN00036-DARK-BLUE-400x250.png",400,250,true],"woocommerce_single":["https:\/\/turkishtrade.co\/wp-content\/uploads\/2026\/01\/2600NZTMN00036-DARK-BLUE.png",453,250,false],"woocommerce_gallery_thumbnail":["https:\/\/turkishtrade.co\/wp-content\/uploads\/2026\/01\/2600NZTMN00036-DARK-BLUE-100x100.png",100,100,true]},"uagb_author_info":{"display_name":"python python","author_link":"https:\/\/turkishtrade.co\/tr\/author\/"},"uagb_comment_info":0,"uagb_excerpt":"Premium Navy Calf Leather Suede Upper Soft Goat Leather Inner Lining for Breathability Lightweight and Flexible EVA Sole for All-Day Comfort Classic Lace-Up Derby Style for Versatile Casual Wear Available in European sizes 40, 41, 42, 43, 44 Wholesale orders available (minimum 16 pairs)","_links":{"self":[{"href":"https:\/\/turkishtrade.co\/tr\/wp-json\/wp\/v2\/product\/8151","targetHints":{"allow":["GET"]}}],"collection":[{"href":"https:\/\/turkishtrade.co\/tr\/wp-json\/wp\/v2\/product"}],"about":[{"href":"https:\/\/turkishtrade.co\/tr\/wp-json\/wp\/v2\/types\/product"}],"wp:featuredmedia":[{"embeddable":true,"href":"https:\/\/turkishtrade.co\/tr\/wp-json\/wp\/v2\/media\/6920"}],"wp:attachment":[{"href":"https:\/\/turkishtrade.co\/tr\/wp-json\/wp\/v2\/media?parent=8151"}],"wp:term":[{"taxonomy":"product_brand","embeddable":true,"href":"https:\/\/turkishtrade.co\/tr\/wp-json\/wp\/v2\/product_brand?post=8151"},{"taxonomy":"product_cat","embeddable":true,"href":"https:\/\/turkishtrade.co\/tr\/wp-json\/wp\/v2\/product_cat?post=8151"},{"taxonomy":"product_tag","embeddable":true,"href":"https:\/\/turkishtrade.co\/tr\/wp-json\/wp\/v2\/product_tag?post=8151"}],"curies":[{"name":"wp","href":"https:\/\/api.w.org\/{rel}","templated":true}]}}