{"id":8149,"date":"2026-01-29T14:47:55","date_gmt":"2026-01-29T14:47:55","guid":{"rendered":"https:\/\/turkishtrade.co\/?post_type=product&#038;p=8149"},"modified":"2026-04-09T20:34:09","modified_gmt":"2026-04-09T20:34:09","slug":"mens-black-calf-leather-loafers","status":"publish","type":"product","link":"https:\/\/turkishtrade.co\/tr\/shop\/mens-black-calf-leather-loafers\/","title":{"rendered":"Erkek Siyah Dana Derisi Loafer Authentic | Erkek Siyah Dana Derisi Casual"},"content":{"rendered":"<p><strong>Erkek Siyah Dana Derisi Loafer<\/strong>. Otantik kalite ve tasar\u0131m.<\/p>\n<p>Enfes \u00fcr\u00fcnlerimizle sofistike konfora ad\u0131m at\u0131n <strong>Erkek Siyah Dana Derisi Loafer<\/strong>. Hem stile hem de \u00f6ze de\u011fer veren modern erkekler i\u00e7in tasarlanan bu g\u00fcnl\u00fck mokasen ayakkab\u0131lar, kaliteli i\u015f\u00e7ili\u011fin ve \u00e7a\u011fda\u015f tasar\u0131m\u0131n bir kan\u0131t\u0131d\u0131r. \u0130ster g\u00fcndelik bir i\u015f toplant\u0131s\u0131na gidiyor olun, ister hafta sonu gezintisinin tad\u0131n\u0131 \u00e7\u0131kar\u0131n, bu <strong>Erkek Siyah Dana Derisi Loafer<\/strong> kusursuz g\u00f6r\u00fcnmenizi ve g\u00fcn boyu harika hissetmenizi sa\u011flayacakt\u0131r.<\/p>\n<h3>E\u015fsiz Konfor ve Premium Malzemeler<\/h3>\n<p>En iyi hakiki dana derisinden \u00fcretilen bu ayakkab\u0131n\u0131n \u00fcst k\u0131sm\u0131 <strong>Erkek Siyah Dana Derisi Loafer<\/strong> l\u00fcks bir parlakl\u0131\u011fa ve ola\u011fan\u00fcst\u00fc dayan\u0131kl\u0131l\u0131\u011fa sahiptir. Zengin siyah kaplama inan\u0131lmaz derecede \u00e7ok y\u00f6nl\u00fcd\u00fcr ve bu \u015f\u0131k <strong>Erkek Siyah Dana Derisi Loafer<\/strong> her se\u00e7kin beyefendinin gard\u0131robunun vazge\u00e7ilmez bir par\u00e7as\u0131d\u0131r. Ancak ger\u00e7ek l\u00fcks y\u00fczeyin \u00f6tesine uzan\u0131r; i\u00e7 k\u0131s\u0131mda ayaklar\u0131n\u0131z yumu\u015fak ve nefes alabilen ke\u00e7i derisi astarla sar\u0131l\u0131r. Bu birinci s\u0131n\u0131f astar yaln\u0131zca \u00fcst\u00fcn konfor sa\u011flamakla kalmaz, ayn\u0131 zamanda s\u0131cakl\u0131\u011f\u0131 d\u00fczenlemeye yard\u0131mc\u0131 olarak saatlerce giydikten sonra bile ayaklar\u0131n\u0131z\u0131n ferah kalmas\u0131n\u0131 sa\u011flar. Bu \u00f6zellikler koleksiyonumuzu <strong>Erkek Siyah Dana Derisi Loafer<\/strong> ayr\u0131.<\/p>\n<p>\u0130novasyon taban ile devam ediyor. Bizim <strong>Erkek Siyah Dana Derisi Loafer<\/strong> hafif ve esnek bir EVA tabana sahiptir. Bu geli\u015fmi\u015f malzeme m\u00fckemmel \u015fok emilimi sunarak yorgunlu\u011fu azalt\u0131r ve her ad\u0131mda yayl\u0131 bir ad\u0131m sa\u011flar. Kontrast olu\u015fturan beyaz EVA taban da klasik loafer sil\u00fcetine \u00e7a\u011fda\u015f bir hava katarak bu ayakkab\u0131lar\u0131 ger\u00e7ek bir moda ifadesi haline getiriyor. 40'tan 44'e (AB) kadar \u00e7e\u015fitli bedenlerde mevcut olan bu premium ayakkab\u0131lar i\u00e7in m\u00fckemmel uyumu bulmak <strong>Erkek Siyah Dana Derisi Loafer<\/strong> basit.<\/p>\n<h3>\u00c7ok \u015eey Anlatan Stil<\/h3>\n<p>Bu ayakkab\u0131 s\u0131radan bir mokasen de\u011fildir; geleneksel zarafet ve modern yetene\u011fin \u00f6zenle tasarlanm\u0131\u015f bir birle\u015fimidir. S\u0131rt k\u0131sm\u0131ndaki klasik penny loafer kay\u0131\u015f\u0131, ince perforasyon detaylar\u0131yla birle\u015ferek \u015f\u0131k siyah esteti\u011fi bast\u0131rmadan karakter katar. Hafif kal\u0131n ama zarif EVA taban, ayakkab\u0131y\u0131 hem ger\u00e7ek hem de mecazi anlamda y\u00fckseltir ve \u00f6zel dikim pantolonlardan \u015f\u0131k denimlere kadar \u00e7e\u015fitli k\u0131yafetleri tamamlayan modaya uygun bir platform sa\u011flar. Bizim <strong>Erkek Siyah Dana Derisi Loafer<\/strong> ger\u00e7ekten \u00e7ok y\u00f6nl\u00fc bir se\u00e7imdir.<\/p>\n<h3>G\u00fcnl\u00fck \u015e\u0131kl\u0131k i\u00e7in Tercihiniz<\/h3>\n<p>Bu \u00e7ok y\u00f6nl\u00fc \u00fcr\u00fcnlerle zahmetsiz stili kucaklay\u0131n <strong>Erkek Siyah Dana Derisi Loafer<\/strong>. Ofis k\u0131yafetlerinden ak\u015fam etkinliklerine veya \u015fehir ke\u015fiflerinden rahat toplant\u0131lara sorunsuzca ge\u00e7i\u015f yapan ayakkab\u0131lar\u0131 takdir edenler i\u00e7in m\u00fckemmeldir. Sa\u011flam diki\u015flerden cilal\u0131 deri kaplamaya kadar detaylara g\u00f6sterilen titizlik, uzun \u00f6m\u00fcrl\u00fc ve etkilemek i\u00e7in tasarlanm\u0131\u015f bir \u00fcr\u00fcn\u00fc garanti eder. Her bir \u00e7iftimizde \u00fcst\u00fcn kalitenin fark\u0131n\u0131 ya\u015fay\u0131n <strong>Erkek Siyah Dana Derisi Loafer<\/strong>.<\/p>\n<p>M\u00fc\u015fterilerine ola\u011fan\u00fcst\u00fc kalite sunmak isteyen perakendeciler i\u00e7in bunlar <strong>Erkek Siyah Dana Derisi Loafer<\/strong> minimum 16 \u00e7ift sipari\u015f miktar\u0131 ile toptan sat\u0131n al\u0131nabilir. Konfor, stil ve birinci s\u0131n\u0131f malzemeleri bir araya getiren ve her kullan\u0131c\u0131 i\u00e7in memnuniyet vaat eden ayakkab\u0131larla envanterinizi y\u00fckseltin.<\/p>","protected":false},"excerpt":{"rendered":"<ul>\n<li>Hakiki dana derisi saya ile \u00fcst\u00fcn konforu ya\u015fay\u0131n<\/li>\n<li>T\u00fcm g\u00fcn kullan\u0131m i\u00e7in hafif ve esnek EVA taban<\/li>\n<li>L\u00fcks ke\u00e7i derisi astar nefes alabilirlik sa\u011flar<\/li>\n<li>Modern erkekler i\u00e7in m\u00fckemmel, \u015f\u0131k ve rahat loafer tasar\u0131m\u0131<\/li>\n<li>40-44 (AB) bedenlerde mevcuttur<\/li>\n<li>Toptan sipari\u015fler kabul edilir (minimum 16 \u00e7ift)<\/li>\n<\/ul>","protected":false},"featured_media":6918,"template":"","meta":{"_acf_changed":false,"_uag_custom_page_level_css":"","site-sidebar-layout":"default","site-content-layout":"","ast-site-content-layout":"default","site-content-style":"default","site-sidebar-style":"default","ast-global-header-display":"","ast-banner-title-visibility":"","ast-main-header-display":"","ast-hfb-above-header-display":"","ast-hfb-below-header-display":"","ast-hfb-mobile-header-display":"","site-post-title":"","ast-breadcrumbs-content":"","ast-featured-img":"","footer-sml-layout":"","ast-disable-related-posts":"","theme-transparent-header-meta":"","adv-header-id-meta":"","stick-header-meta":"","header-above-stick-meta":"","header-main-stick-meta":"","header-below-stick-meta":"","astra-migrate-meta-layouts":"default","ast-page-background-enabled":"default","ast-page-background-meta":{"desktop":{"background-color":"var(--ast-global-color-4)","background-image":"","background-repeat":"repeat","background-position":"center center","background-size":"auto","background-attachment":"scroll","background-type":"","background-media":"","overlay-type":"","overlay-color":"","overlay-opacity":"","overlay-gradient":""},"tablet":{"background-color":"","background-image":"","background-repeat":"repeat","background-position":"center center","background-size":"auto","background-attachment":"scroll","background-type":"","background-media":"","overlay-type":"","overlay-color":"","overlay-opacity":"","overlay-gradient":""},"mobile":{"background-color":"","background-image":"","background-repeat":"repeat","background-position":"center center","background-size":"auto","background-attachment":"scroll","background-type":"","background-media":"","overlay-type":"","overlay-color":"","overlay-opacity":"","overlay-gradient":""}},"ast-content-background-meta":{"desktop":{"background-color":"var(--ast-global-color-5)","background-image":"","background-repeat":"repeat","background-position":"center center","background-size":"auto","background-attachment":"scroll","background-type":"","background-media":"","overlay-type":"","overlay-color":"","overlay-opacity":"","overlay-gradient":""},"tablet":{"background-color":"var(--ast-global-color-5)","background-image":"","background-repeat":"repeat","background-position":"center center","background-size":"auto","background-attachment":"scroll","background-type":"","background-media":"","overlay-type":"","overlay-color":"","overlay-opacity":"","overlay-gradient":""},"mobile":{"background-color":"var(--ast-global-color-5)","background-image":"","background-repeat":"repeat","background-position":"center center","background-size":"auto","background-attachment":"scroll","background-type":"","background-media":"","overlay-type":"","overlay-color":"","overlay-opacity":"","overlay-gradient":""}}},"product_brand":[],"product_cat":[48,49,430,1200],"product_tag":[814,185,512,220,287,189,198,186,280,254],"class_list":{"0":"post-8149","1":"product","2":"type-product","3":"status-publish","4":"has-post-thumbnail","6":"product_cat-casual","7":"product_cat-loafer","8":"product_cat-men","9":"product_cat-mens-shoes-2","10":"product_tag-black-leather-loafers","11":"product_tag-calf-leather-shoes","12":"product_tag-casual-loafers","13":"product_tag-comfortable-loafers","14":"product_tag-eva-sole-shoes","15":"product_tag-goat-leather-lining","16":"product_tag-mens-fashion","17":"product_tag-mens-loafers","18":"product_tag-smart-casual-shoes","19":"product_tag-wholesale-footwear","20":"desktop-align-center","21":"tablet-align-center","22":"mobile-align-center","24":"first","25":"instock","26":"shipping-taxable","27":"purchasable","28":"product-type-variable","29":"has-default-attributes"},"acf":[],"uagb_featured_image_src":{"full":["https:\/\/turkishtrade.co\/wp-content\/uploads\/2026\/01\/2600NZTMN00034-BLACK.png",453,250,false],"thumbnail":["https:\/\/turkishtrade.co\/wp-content\/uploads\/2026\/01\/2600NZTMN00034-BLACK-150x150.png",150,150,true],"medium":["https:\/\/turkishtrade.co\/wp-content\/uploads\/2026\/01\/2600NZTMN00034-BLACK-300x166.png",300,166,true],"medium_large":["https:\/\/turkishtrade.co\/wp-content\/uploads\/2026\/01\/2600NZTMN00034-BLACK.png",453,250,false],"large":["https:\/\/turkishtrade.co\/wp-content\/uploads\/2026\/01\/2600NZTMN00034-BLACK.png",453,250,false],"1536x1536":["https:\/\/turkishtrade.co\/wp-content\/uploads\/2026\/01\/2600NZTMN00034-BLACK.png",453,250,false],"2048x2048":["https:\/\/turkishtrade.co\/wp-content\/uploads\/2026\/01\/2600NZTMN00034-BLACK.png",453,250,false],"trp-custom-language-flag":["https:\/\/turkishtrade.co\/wp-content\/uploads\/2026\/01\/2600NZTMN00034-BLACK-18x10.png",18,10,true],"woocommerce_thumbnail":["https:\/\/turkishtrade.co\/wp-content\/uploads\/2026\/01\/2600NZTMN00034-BLACK-400x250.png",400,250,true],"woocommerce_single":["https:\/\/turkishtrade.co\/wp-content\/uploads\/2026\/01\/2600NZTMN00034-BLACK.png",453,250,false],"woocommerce_gallery_thumbnail":["https:\/\/turkishtrade.co\/wp-content\/uploads\/2026\/01\/2600NZTMN00034-BLACK-100x100.png",100,100,true]},"uagb_author_info":{"display_name":"python python","author_link":"https:\/\/turkishtrade.co\/tr\/author\/"},"uagb_comment_info":0,"uagb_excerpt":"Experience ultimate comfort with genuine calf leather upper Lightweight and flexible EVA sole for all-day wear Luxurious goat leather lining ensures breathability Stylish casual loafer design, perfect for modern men Available in sizes 40-44 (EU) Wholesale orders welcome (minimum 16 pairs)","_links":{"self":[{"href":"https:\/\/turkishtrade.co\/tr\/wp-json\/wp\/v2\/product\/8149","targetHints":{"allow":["GET"]}}],"collection":[{"href":"https:\/\/turkishtrade.co\/tr\/wp-json\/wp\/v2\/product"}],"about":[{"href":"https:\/\/turkishtrade.co\/tr\/wp-json\/wp\/v2\/types\/product"}],"wp:featuredmedia":[{"embeddable":true,"href":"https:\/\/turkishtrade.co\/tr\/wp-json\/wp\/v2\/media\/6918"}],"wp:attachment":[{"href":"https:\/\/turkishtrade.co\/tr\/wp-json\/wp\/v2\/media?parent=8149"}],"wp:term":[{"taxonomy":"product_brand","embeddable":true,"href":"https:\/\/turkishtrade.co\/tr\/wp-json\/wp\/v2\/product_brand?post=8149"},{"taxonomy":"product_cat","embeddable":true,"href":"https:\/\/turkishtrade.co\/tr\/wp-json\/wp\/v2\/product_cat?post=8149"},{"taxonomy":"product_tag","embeddable":true,"href":"https:\/\/turkishtrade.co\/tr\/wp-json\/wp\/v2\/product_tag?post=8149"}],"curies":[{"name":"wp","href":"https:\/\/api.w.org\/{rel}","templated":true}]}}