{"id":8148,"date":"2026-01-29T14:47:55","date_gmt":"2026-01-29T14:47:55","guid":{"rendered":"https:\/\/turkishtrade.co\/?post_type=product&#038;p=8148"},"modified":"2026-04-09T20:34:12","modified_gmt":"2026-04-09T20:34:12","slug":"mens-black-calf-leather-casual-loafer-shoes","status":"publish","type":"product","link":"https:\/\/turkishtrade.co\/tr\/shop\/mens-black-calf-leather-casual-loafer-shoes\/","title":{"rendered":"Erkek Siyah Dana Derisi G\u00fcnl\u00fck Loafer Ayakkab\u0131 Amazing"},"content":{"rendered":"<p><strong>Erkek Siyah Dana Derisi G\u00fcnl\u00fck Loafer Ayakkab\u0131<\/strong>. \u0130nan\u0131lmaz kalite ve tasar\u0131m.<\/p>\n<p>\u00dcst\u00fcn kaliteli \u00fcr\u00fcnlerimizle rafine konfora ve zahmetsiz stile ad\u0131m at\u0131n <strong>Erkek Siyah Dana Derisi G\u00fcnl\u00fck Loafer Ayakkab\u0131<\/strong>. Hem \u015f\u0131kl\u0131\u011fa hem de pratikli\u011fe de\u011fer veren modern erkekler i\u00e7in tasarlanan bu <strong>siyah dana derisi loafer ayakkab\u0131<\/strong> her gard\u0131rop i\u00e7in \u00e7ok y\u00f6nl\u00fc bir eklentidir. \u0130ster g\u00fcndelik bir toplant\u0131ya gidiyor olun, ister hafta sonu gezintisinin tad\u0131n\u0131 \u00e7\u0131kar\u0131n ya da sofistike g\u00fcnl\u00fck ayakkab\u0131lar ar\u0131yor olun, bu ayakkab\u0131lar her y\u00f6nden ba\u015far\u0131l\u0131d\u0131r.<\/p>\n<h3>E\u015fsiz Konfor ve Premium Malzemeler<\/h3>\n<p>Zarif, esnek dana derisinden \u00fcretilen bu ayakkab\u0131lar\u0131n \u00fcst k\u0131sm\u0131 <strong>erkek si\u0307yah dana deri\u0307si\u0307 g\u00fcnl\u00fck loafer ayakkabi<\/strong> sofistike bir g\u00f6r\u00fcn\u00fcm ve dayan\u0131kl\u0131 a\u015f\u0131nma sunar. Zengin siyah tonu zamans\u0131z bir \u00e7ekicilik sa\u011flarken, ince dokulu detaylar benzersiz bir karakter dokunu\u015fu katar. \u0130\u00e7 k\u0131s\u0131mdaki yumu\u015fak, nefes alabilen ke\u00e7i derisi astar sayesinde ayaklar\u0131n\u0131z benzersiz bir konfor ya\u015fayacak. Bu birinci s\u0131n\u0131f astar, g\u00fcn boyunca rahat bir uyum sa\u011flayarak uzun s\u00fcreli kullan\u0131mlarda bile rahats\u0131zl\u0131\u011f\u0131 \u00f6nler. \u00d6ne \u00e7\u0131kan \u00f6zelli\u011fi, \u00fcst\u00fcn yast\u0131klama ve esneklik sa\u011flayan hafif ama sa\u011flam EVA taban\u0131d\u0131r. Bu yenilik\u00e7i taban tasar\u0131m\u0131, bu ayakkab\u0131lar\u0131 <strong>siyah dana derisi loafer ayakkab\u0131<\/strong> Uzun y\u00fcr\u00fcy\u00fc\u015fler veya g\u00fcnl\u00fck g\u00fcndelik gezintiler i\u00e7in m\u00fckemmeldir ve her ad\u0131m\u0131n bir zevk olmas\u0131n\u0131 sa\u011flar.<\/p>\n<h3>Her Durum i\u00e7in \u00c7ok Y\u00f6nl\u00fc Stil<\/h3>\n<p>\u0130nce dantel detaylar\u0131yla tamamlanan klasik g\u00fcndelik loafer tasar\u0131m\u0131, bu <strong>erkek g\u00fcnl\u00fck mokasen ayakkabi<\/strong> ay\u0131rt edici bir \u00e7ekicilik. Smart-casual ile rahatl\u0131k aras\u0131nda m\u00fckemmel bir denge kurarak \u00e7ok \u00e7e\u015fitli durumlar i\u00e7in uygun hale getirir. Bunlar\u0131 e\u015fle\u015ftirin <strong>deri\u0307 g\u00fcnl\u00fck ayakkabi<\/strong> Hafta sonu brunch'lar\u0131 i\u00e7in chino pantolonlarla kombinleyin, i\u015f hayat\u0131nda rahat bir g\u00f6r\u00fcn\u00fcm i\u00e7in \u00f6zel dikim pantolonlarla hafif\u00e7e s\u00fcsleyin veya en \u00fcst d\u00fczey rahatl\u0131k i\u00e7in kot pantolonlarla giyin. Zamans\u0131z siyah renk tonu, mevcut k\u0131yafetlerinize sorunsuz bir \u015fekilde entegre olmas\u0131n\u0131 sa\u011flar ve ayakkab\u0131 koleksiyonunuzun vazge\u00e7ilmez bir par\u00e7as\u0131 haline getirir.<\/p>\n<h3>Kaliteli \u0130\u015f\u00e7ilik &amp; Toptan Sat\u0131\u015f F\u0131rsatlar\u0131<\/h3>\n<p>40'tan 44'e kadar \u00e7e\u015fitli pop\u00fcler AB bedenlerinde mevcuttur. <strong>erkek si\u0307yah dana deri\u0307si\u0307 g\u00fcnl\u00fck loafer ayakkabi<\/strong> m\u00fckemmel bir uyum ve kal\u0131c\u0131 kalite sa\u011flamak i\u00e7in titizlikle \u00fcretilmi\u015ftir. Hassas diki\u015flerden birinci s\u0131n\u0131f malzeme se\u00e7imine kadar her ayr\u0131nt\u0131, \u00fcst\u00fcn ayakkab\u0131lara olan ba\u011fl\u0131l\u0131\u011f\u0131 yans\u0131t\u0131r. Bunlara yat\u0131r\u0131m yapmak <strong>siyah dana derisi loafer ayakkab\u0131<\/strong> zamana meydan okuyacak kal\u0131c\u0131 bir stil ve konfora yat\u0131r\u0131m yapmak anlam\u0131na gelir.<\/p>\n<p>Ola\u011fan\u00fcst\u00fc ayakkab\u0131lar sunmak isteyen i\u015fletmeler i\u00e7in bu <strong>erkek si\u0307yah dana deri\u0307si\u0307 g\u00fcnl\u00fck loafer ayakkabi<\/strong> minimum 16 \u00e7ift miktar\u0131yla toptan sipari\u015fler i\u00e7in mevcuttur. M\u00fc\u015fteri memnuniyeti, \u00fcst\u00fcn kalite ve zamans\u0131z stil vaat eden bir \u00fcr\u00fcnle koleksiyonunuzu geni\u015fletin.<\/p>\n<p>Konfordan veya tarzdan \u00f6d\u00fcn vermeyin. Bizimkini se\u00e7in <strong>Erkek Siyah Dana Derisi G\u00fcnl\u00fck Loafer Ayakkab\u0131<\/strong> ve birinci s\u0131n\u0131f malzemeler, uzman i\u015f\u00e7ilik ve \u00e7a\u011fda\u015f tasar\u0131m\u0131n m\u00fckemmel kar\u0131\u015f\u0131m\u0131n\u0131 deneyimleyin.<\/p>","protected":false},"excerpt":{"rendered":"<ul>\n<li>Dayan\u0131kl\u0131l\u0131k ve Stil i\u00e7in Premium Dana Derisi Saya<\/li>\n<li>T\u00fcm G\u00fcn Konfor i\u00e7in Yumu\u015fak ve Nefes Alabilir Ke\u00e7i Derisi Astar<\/li>\n<li>M\u00fckemmel Yast\u0131klama ve Esneklik i\u00e7in Hafif EVA Taban<\/li>\n<li>\u0130nce Dantel Detayl\u0131 Zarif G\u00fcnl\u00fck Loafer Tasar\u0131m\u0131<\/li>\n<li>AB Bedenlerinde mevcuttur: 40, 41, 42, 43, 44<\/li>\n<li>Toptan sipari\u015fler kabul edilir (Minimum Sipari\u015f: 16 \u00c7ift)<\/li>\n<\/ul>","protected":false},"featured_media":6917,"template":"","meta":{"_acf_changed":false,"_uag_custom_page_level_css":"","site-sidebar-layout":"default","site-content-layout":"","ast-site-content-layout":"default","site-content-style":"default","site-sidebar-style":"default","ast-global-header-display":"","ast-banner-title-visibility":"","ast-main-header-display":"","ast-hfb-above-header-display":"","ast-hfb-below-header-display":"","ast-hfb-mobile-header-display":"","site-post-title":"","ast-breadcrumbs-content":"","ast-featured-img":"","footer-sml-layout":"","ast-disable-related-posts":"","theme-transparent-header-meta":"","adv-header-id-meta":"","stick-header-meta":"","header-above-stick-meta":"","header-main-stick-meta":"","header-below-stick-meta":"","astra-migrate-meta-layouts":"default","ast-page-background-enabled":"default","ast-page-background-meta":{"desktop":{"background-color":"var(--ast-global-color-4)","background-image":"","background-repeat":"repeat","background-position":"center center","background-size":"auto","background-attachment":"scroll","background-type":"","background-media":"","overlay-type":"","overlay-color":"","overlay-opacity":"","overlay-gradient":""},"tablet":{"background-color":"","background-image":"","background-repeat":"repeat","background-position":"center center","background-size":"auto","background-attachment":"scroll","background-type":"","background-media":"","overlay-type":"","overlay-color":"","overlay-opacity":"","overlay-gradient":""},"mobile":{"background-color":"","background-image":"","background-repeat":"repeat","background-position":"center center","background-size":"auto","background-attachment":"scroll","background-type":"","background-media":"","overlay-type":"","overlay-color":"","overlay-opacity":"","overlay-gradient":""}},"ast-content-background-meta":{"desktop":{"background-color":"var(--ast-global-color-5)","background-image":"","background-repeat":"repeat","background-position":"center center","background-size":"auto","background-attachment":"scroll","background-type":"","background-media":"","overlay-type":"","overlay-color":"","overlay-opacity":"","overlay-gradient":""},"tablet":{"background-color":"var(--ast-global-color-5)","background-image":"","background-repeat":"repeat","background-position":"center center","background-size":"auto","background-attachment":"scroll","background-type":"","background-media":"","overlay-type":"","overlay-color":"","overlay-opacity":"","overlay-gradient":""},"mobile":{"background-color":"var(--ast-global-color-5)","background-image":"","background-repeat":"repeat","background-position":"center center","background-size":"auto","background-attachment":"scroll","background-type":"","background-media":"","overlay-type":"","overlay-color":"","overlay-opacity":"","overlay-gradient":""}}},"product_brand":[],"product_cat":[48,49,430,1200],"product_tag":[370,185,449,222,438,189,941,380,281],"class_list":{"0":"post-8148","1":"product","2":"type-product","3":"status-publish","4":"has-post-thumbnail","6":"product_cat-casual","7":"product_cat-loafer","8":"product_cat-men","9":"product_cat-mens-shoes-2","10":"product_tag-black-loafers","11":"product_tag-calf-leather-shoes","12":"product_tag-casual-shoes","13":"product_tag-comfortable-shoes","14":"product_tag-eva-sole","15":"product_tag-goat-leather-lining","16":"product_tag-lace-up-loafers","17":"product_tag-smart-casual-footwear","18":"product_tag-wholesale-shoes","19":"desktop-align-center","20":"tablet-align-center","21":"mobile-align-center","23":"first","24":"instock","25":"shipping-taxable","26":"purchasable","27":"product-type-variable","28":"has-default-attributes"},"acf":[],"uagb_featured_image_src":{"full":["https:\/\/turkishtrade.co\/wp-content\/uploads\/2026\/01\/2600NZTMN00033-BLACK.png",453,250,false],"thumbnail":["https:\/\/turkishtrade.co\/wp-content\/uploads\/2026\/01\/2600NZTMN00033-BLACK-150x150.png",150,150,true],"medium":["https:\/\/turkishtrade.co\/wp-content\/uploads\/2026\/01\/2600NZTMN00033-BLACK-300x166.png",300,166,true],"medium_large":["https:\/\/turkishtrade.co\/wp-content\/uploads\/2026\/01\/2600NZTMN00033-BLACK.png",453,250,false],"large":["https:\/\/turkishtrade.co\/wp-content\/uploads\/2026\/01\/2600NZTMN00033-BLACK.png",453,250,false],"1536x1536":["https:\/\/turkishtrade.co\/wp-content\/uploads\/2026\/01\/2600NZTMN00033-BLACK.png",453,250,false],"2048x2048":["https:\/\/turkishtrade.co\/wp-content\/uploads\/2026\/01\/2600NZTMN00033-BLACK.png",453,250,false],"trp-custom-language-flag":["https:\/\/turkishtrade.co\/wp-content\/uploads\/2026\/01\/2600NZTMN00033-BLACK-18x10.png",18,10,true],"woocommerce_thumbnail":["https:\/\/turkishtrade.co\/wp-content\/uploads\/2026\/01\/2600NZTMN00033-BLACK-400x250.png",400,250,true],"woocommerce_single":["https:\/\/turkishtrade.co\/wp-content\/uploads\/2026\/01\/2600NZTMN00033-BLACK.png",453,250,false],"woocommerce_gallery_thumbnail":["https:\/\/turkishtrade.co\/wp-content\/uploads\/2026\/01\/2600NZTMN00033-BLACK-100x100.png",100,100,true]},"uagb_author_info":{"display_name":"python python","author_link":"https:\/\/turkishtrade.co\/tr\/author\/"},"uagb_comment_info":0,"uagb_excerpt":"Premium Calf Leather Upper for Durability &amp; Style Soft &amp; Breathable Goat Leather Lining for All-Day Comfort Lightweight EVA Sole for Excellent Cushioning and Flexibility Elegant Casual Loafer Design with Subtle Lace Detailing Available in EU Sizes: 40, 41, 42, 43, 44 Wholesale orders welcome (Minimum Order: 16 Pairs)","_links":{"self":[{"href":"https:\/\/turkishtrade.co\/tr\/wp-json\/wp\/v2\/product\/8148","targetHints":{"allow":["GET"]}}],"collection":[{"href":"https:\/\/turkishtrade.co\/tr\/wp-json\/wp\/v2\/product"}],"about":[{"href":"https:\/\/turkishtrade.co\/tr\/wp-json\/wp\/v2\/types\/product"}],"wp:featuredmedia":[{"embeddable":true,"href":"https:\/\/turkishtrade.co\/tr\/wp-json\/wp\/v2\/media\/6917"}],"wp:attachment":[{"href":"https:\/\/turkishtrade.co\/tr\/wp-json\/wp\/v2\/media?parent=8148"}],"wp:term":[{"taxonomy":"product_brand","embeddable":true,"href":"https:\/\/turkishtrade.co\/tr\/wp-json\/wp\/v2\/product_brand?post=8148"},{"taxonomy":"product_cat","embeddable":true,"href":"https:\/\/turkishtrade.co\/tr\/wp-json\/wp\/v2\/product_cat?post=8148"},{"taxonomy":"product_tag","embeddable":true,"href":"https:\/\/turkishtrade.co\/tr\/wp-json\/wp\/v2\/product_tag?post=8148"}],"curies":[{"name":"wp","href":"https:\/\/api.w.org\/{rel}","templated":true}]}}