{"id":8146,"date":"2026-01-29T14:47:55","date_gmt":"2026-01-29T14:47:55","guid":{"rendered":"https:\/\/turkishtrade.co\/?post_type=product&#038;p=8146"},"modified":"2026-04-09T20:34:21","modified_gmt":"2026-04-09T20:34:21","slug":"mens-classic-brown-suede-loafers","status":"publish","type":"product","link":"https:\/\/turkishtrade.co\/tr\/shop\/mens-classic-brown-suede-loafers\/","title":{"rendered":"Erkek Klasik Kahverengi S\u00fcet Loaferlar Dana Derisi ve EVA ile \u0130nan\u0131lmaz |"},"content":{"rendered":"<p><strong>Erkek Klasik Kahverengi S\u00fcet Loafer<\/strong>. \u0130nan\u0131lmaz kalite ve tasar\u0131m.<\/p>\n<p>Enfes tasar\u0131m\u0131m\u0131zla benzersiz bir sofistike ve konforlu ortama ad\u0131m at\u0131n <b>Erkek Klasik Kahverengi S\u00fcet Loafer<\/b>. Se\u00e7kin beyefendiler i\u00e7in tasarlanan bu mokasen ayakkab\u0131lar, zamans\u0131z \u015f\u0131kl\u0131\u011f\u0131 modern konforla kusursuz bir \u015fekilde harmanlayarak her gard\u0131rop i\u00e7in vazge\u00e7ilmez bir eklenti haline geliyor. Zengin kahverengi tonundan ince toka s\u00fcslemesine kadar her ayr\u0131nt\u0131, rafine zevki ve \u00fcst\u00fcn i\u015f\u00e7ili\u011fi yans\u0131t\u0131yor.<\/p>\n<p>Birinci s\u0131n\u0131f malzemeden \u00fcretilmi\u015ftir <i>dana deri<\/i> (dana derisi) s\u00fcet, bunlar\u0131n \u00fcst k\u0131sm\u0131 <b>Erkek Klasik Kahverengi S\u00fcet Loafer<\/b> l\u00fcks bir yumu\u015fak dokunu\u015f ve yaln\u0131zca y\u00fcksek kaliteli s\u00fcetin sa\u011flayabilece\u011fi ay\u0131rt edici bir estetik sunar. S\u00fcetin do\u011fal dokusu sadece rahat bir sofistike dokunu\u015f katmakla kalmaz, ayn\u0131 zamanda dayan\u0131kl\u0131l\u0131k ve zaman i\u00e7inde g\u00fczel bir patina sa\u011flar. \u0130\u00e7 k\u0131s\u0131mda, ayaklar\u0131n\u0131z son derece yumu\u015fak bir tabanla sar\u0131l\u0131r. <i>ici keci astar<\/i> (ke\u00e7i derisi astar), nefes alabilirli\u011fi ve p\u00fcr\u00fczs\u00fcz hissi ile bilinir ve uzun s\u00fcreli kullan\u0131mdan sonra bile rahats\u0131zl\u0131\u011f\u0131 \u00f6nler. \u0130\u00e7 konfora olan bu ba\u011fl\u0131l\u0131k, bu ayakkab\u0131lar\u0131 ger\u00e7ekten belirleyen \u015feydir <b>Erkek Klasik Kahverengi S\u00fcet Loafer<\/b> ayr\u0131.<\/p>\n<p>Konfor sadece sonradan d\u00fc\u015f\u00fcn\u00fclm\u00fc\u015f bir \u015fey de\u011fildir; bu ayakkab\u0131lar\u0131n temeline i\u015flenmi\u015ftir. Yenilik\u00e7i <i>eva taban<\/i> (EVA taban) hafif yast\u0131klama ve m\u00fckemmel \u015fok emilimi sa\u011flayarak g\u00fcn boyunca zahmetsizce hareket etmenize olanak tan\u0131r. \u0130ster \u015fehir sokaklar\u0131nda geziniyor ister saatlerce ayakta duruyor olun, EVA taban yorgunlu\u011fu en aza indirerek <b>Erkek Klasik Kahverengi S\u00fcet Loafer<\/b> \u015f\u0131k olduklar\u0131 kadar rahatt\u0131rlar. Bu \u00fcst\u00fcn malzemelerle birle\u015fen klasik tasar\u0131m, bu ayakkab\u0131lar\u0131 <b>Erkek Klasik Kahverengi S\u00fcet Loafer<\/b> resmi etkinliklerden \u015f\u0131k ve g\u00fcndelik toplant\u0131lara kadar \u00e7e\u015fitli durumlar i\u00e7in m\u00fckemmeldir.<\/p>\n<h3>Erkek Klasik Kahverengi S\u00fcet Loafer'lar ile E\u015fsiz Stil ve \u00c7ok Y\u00f6nl\u00fcl\u00fck<\/h3>\n<p>Kal\u0131c\u0131 cazibesi <b>Erkek Klasik Kahverengi S\u00fcet Loafer<\/b> inan\u0131lmaz \u00e7ok y\u00f6nl\u00fcl\u00fc\u011f\u00fcnde yat\u0131yor. Keskin bir i\u015f k\u0131yafeti g\u00f6r\u00fcn\u00fcm\u00fc i\u00e7in \u00f6zel dikim pantolon ve blazer ceket ile e\u015fle\u015ftirin ya da rahat ama g\u00f6steri\u015fli bir kombin i\u00e7in chino pantolon ve polo ti\u015f\u00f6rt ile giydirin. Zengin kahverengi s\u00fcet, her k\u0131yafete s\u0131cak ve davetkar bir dokunu\u015f katarak bu mokasenleri mevsimsel ge\u00e7i\u015fler ve y\u0131l boyunca \u015f\u0131kl\u0131k i\u00e7in tercih edilen bir se\u00e7enek haline getirir. Her bir \u00e7ift, ola\u011fan\u00fcst\u00fc kalitede ve kal\u0131c\u0131 stilde bir \u00fcr\u00fcn alman\u0131z\u0131 sa\u011flayan titiz ayakkab\u0131 yap\u0131m\u0131n\u0131n miras\u0131n\u0131 yans\u0131t\u0131r. Yaln\u0131zca ustal\u0131kla haz\u0131rlanm\u0131\u015f bir ayakkab\u0131n\u0131n sundu\u011fu konforu ve sofistikeli\u011fi kucaklay\u0131n. <b>Erkek Klasik Kahverengi S\u00fcet Loafer<\/b> sunabilir. Her ad\u0131mda gelenek ve yenili\u011fin m\u00fckemmel kar\u0131\u015f\u0131m\u0131n\u0131 deneyimleyin.<\/p>","protected":false},"excerpt":{"rendered":"<ul>\n<li>L\u00fcks bir his ve sofistike bir g\u00f6r\u00fcn\u00fcm i\u00e7in birinci s\u0131n\u0131f dana s\u00fcet saya<\/li>\n<li>G\u00fcn boyu konfor i\u00e7in yumu\u015fak ve nefes alabilen ke\u00e7i derisi astar<\/li>\n<li>\u00dcst\u00fcn destek i\u00e7in hafif ve \u015fok emici EVA taban<\/li>\n<li>Zarif toka detaylar\u0131na sahip zamans\u0131z klasik loafer tasar\u0131m\u0131<\/li>\n<li>Toptan sat\u0131n al\u0131nabilir (minimum sipari\u015f: 16 \u00e7ift)<\/li>\n<\/ul>","protected":false},"featured_media":6998,"template":"","meta":{"_acf_changed":false,"_uag_custom_page_level_css":"","site-sidebar-layout":"default","site-content-layout":"","ast-site-content-layout":"default","site-content-style":"default","site-sidebar-style":"default","ast-global-header-display":"","ast-banner-title-visibility":"","ast-main-header-display":"","ast-hfb-above-header-display":"","ast-hfb-below-header-display":"","ast-hfb-mobile-header-display":"","site-post-title":"","ast-breadcrumbs-content":"","ast-featured-img":"","footer-sml-layout":"","ast-disable-related-posts":"","theme-transparent-header-meta":"","adv-header-id-meta":"","stick-header-meta":"","header-above-stick-meta":"","header-main-stick-meta":"","header-below-stick-meta":"","astra-migrate-meta-layouts":"default","ast-page-background-enabled":"default","ast-page-background-meta":{"desktop":{"background-color":"var(--ast-global-color-4)","background-image":"","background-repeat":"repeat","background-position":"center center","background-size":"auto","background-attachment":"scroll","background-type":"","background-media":"","overlay-type":"","overlay-color":"","overlay-opacity":"","overlay-gradient":""},"tablet":{"background-color":"","background-image":"","background-repeat":"repeat","background-position":"center center","background-size":"auto","background-attachment":"scroll","background-type":"","background-media":"","overlay-type":"","overlay-color":"","overlay-opacity":"","overlay-gradient":""},"mobile":{"background-color":"","background-image":"","background-repeat":"repeat","background-position":"center center","background-size":"auto","background-attachment":"scroll","background-type":"","background-media":"","overlay-type":"","overlay-color":"","overlay-opacity":"","overlay-gradient":""}},"ast-content-background-meta":{"desktop":{"background-color":"var(--ast-global-color-5)","background-image":"","background-repeat":"repeat","background-position":"center center","background-size":"auto","background-attachment":"scroll","background-type":"","background-media":"","overlay-type":"","overlay-color":"","overlay-opacity":"","overlay-gradient":""},"tablet":{"background-color":"var(--ast-global-color-5)","background-image":"","background-repeat":"repeat","background-position":"center center","background-size":"auto","background-attachment":"scroll","background-type":"","background-media":"","overlay-type":"","overlay-color":"","overlay-opacity":"","overlay-gradient":""},"mobile":{"background-color":"var(--ast-global-color-5)","background-image":"","background-repeat":"repeat","background-position":"center center","background-size":"auto","background-attachment":"scroll","background-type":"","background-media":"","overlay-type":"","overlay-color":"","overlay-opacity":"","overlay-gradient":""}}},"product_brand":[],"product_cat":[47,430,1200],"product_tag":[348,513,185,457,454,438,189,198,186,184],"class_list":{"0":"post-8146","1":"product","2":"type-product","3":"status-publish","4":"has-post-thumbnail","6":"product_cat-classic","7":"product_cat-men","8":"product_cat-mens-shoes-2","9":"product_tag-brown-suede-shoes","10":"product_tag-business-casual-shoes","11":"product_tag-calf-leather-shoes","12":"product_tag-classic-loafers","13":"product_tag-elegant-footwear","14":"product_tag-eva-sole","15":"product_tag-goat-leather-lining","16":"product_tag-mens-fashion","17":"product_tag-mens-loafers","18":"product_tag-slip-on-shoes","19":"desktop-align-center","20":"tablet-align-center","21":"mobile-align-center","23":"first","24":"instock","25":"shipping-taxable","26":"purchasable","27":"product-type-variable","28":"has-default-attributes"},"acf":[],"uagb_featured_image_src":{"full":["https:\/\/turkishtrade.co\/wp-content\/uploads\/2026\/01\/2600NZTMN00031-BROWN.png",453,250,false],"thumbnail":["https:\/\/turkishtrade.co\/wp-content\/uploads\/2026\/01\/2600NZTMN00031-BROWN-150x150.png",150,150,true],"medium":["https:\/\/turkishtrade.co\/wp-content\/uploads\/2026\/01\/2600NZTMN00031-BROWN-300x166.png",300,166,true],"medium_large":["https:\/\/turkishtrade.co\/wp-content\/uploads\/2026\/01\/2600NZTMN00031-BROWN.png",453,250,false],"large":["https:\/\/turkishtrade.co\/wp-content\/uploads\/2026\/01\/2600NZTMN00031-BROWN.png",453,250,false],"1536x1536":["https:\/\/turkishtrade.co\/wp-content\/uploads\/2026\/01\/2600NZTMN00031-BROWN.png",453,250,false],"2048x2048":["https:\/\/turkishtrade.co\/wp-content\/uploads\/2026\/01\/2600NZTMN00031-BROWN.png",453,250,false],"trp-custom-language-flag":["https:\/\/turkishtrade.co\/wp-content\/uploads\/2026\/01\/2600NZTMN00031-BROWN-18x10.png",18,10,true],"woocommerce_thumbnail":["https:\/\/turkishtrade.co\/wp-content\/uploads\/2026\/01\/2600NZTMN00031-BROWN-400x250.png",400,250,true],"woocommerce_single":["https:\/\/turkishtrade.co\/wp-content\/uploads\/2026\/01\/2600NZTMN00031-BROWN.png",453,250,false],"woocommerce_gallery_thumbnail":["https:\/\/turkishtrade.co\/wp-content\/uploads\/2026\/01\/2600NZTMN00031-BROWN-100x100.png",100,100,true]},"uagb_author_info":{"display_name":"python python","author_link":"https:\/\/turkishtrade.co\/tr\/author\/"},"uagb_comment_info":0,"uagb_excerpt":"Premium calf suede upper for a luxurious feel and sophisticated look Soft and breathable goat leather lining for all-day comfort Lightweight and shock-absorbing EVA sole for superior support Timeless classic loafer design with elegant buckle detailing Available for wholesale purchase (minimum order: 16 pairs)","_links":{"self":[{"href":"https:\/\/turkishtrade.co\/tr\/wp-json\/wp\/v2\/product\/8146","targetHints":{"allow":["GET"]}}],"collection":[{"href":"https:\/\/turkishtrade.co\/tr\/wp-json\/wp\/v2\/product"}],"about":[{"href":"https:\/\/turkishtrade.co\/tr\/wp-json\/wp\/v2\/types\/product"}],"wp:featuredmedia":[{"embeddable":true,"href":"https:\/\/turkishtrade.co\/tr\/wp-json\/wp\/v2\/media\/6998"}],"wp:attachment":[{"href":"https:\/\/turkishtrade.co\/tr\/wp-json\/wp\/v2\/media?parent=8146"}],"wp:term":[{"taxonomy":"product_brand","embeddable":true,"href":"https:\/\/turkishtrade.co\/tr\/wp-json\/wp\/v2\/product_brand?post=8146"},{"taxonomy":"product_cat","embeddable":true,"href":"https:\/\/turkishtrade.co\/tr\/wp-json\/wp\/v2\/product_cat?post=8146"},{"taxonomy":"product_tag","embeddable":true,"href":"https:\/\/turkishtrade.co\/tr\/wp-json\/wp\/v2\/product_tag?post=8146"}],"curies":[{"name":"wp","href":"https:\/\/api.w.org\/{rel}","templated":true}]}}