{"id":8145,"date":"2026-01-29T14:47:55","date_gmt":"2026-01-29T14:47:55","guid":{"rendered":"https:\/\/turkishtrade.co\/?post_type=product&#038;p=8145"},"modified":"2026-04-09T20:34:24","modified_gmt":"2026-04-09T20:34:24","slug":"mens-classic-black-calf-leather-loafers","status":"publish","type":"product","link":"https:\/\/turkishtrade.co\/tr\/shop\/mens-classic-black-calf-leather-loafers\/","title":{"rendered":"Erkek Klasik Siyah Dana Derisi Loafer'lar Rakipsiz"},"content":{"rendered":"<p><strong>Erkek Klasik Siyah Dana Derisi Loafer<\/strong>. Rakipsiz kalite ve tasar\u0131m.<\/p>\n<p>Sofistike tarz\u0131n \u00f6z\u00fcn\u00fc bizim ile ke\u015ffedin <strong>Erkek Klasik Siyah Dana Derisi Loafer<\/strong>. Se\u00e7kin beyefendiler i\u00e7in tasarlanan bu mokasen ayakkab\u0131lar, zamans\u0131z \u015f\u0131kl\u0131\u011f\u0131 modern konforla kusursuz bir \u015fekilde harmanl\u0131yor. En iyi malzemelerden \u00fcretilen bu ayakkab\u0131lar, her gard\u0131rop i\u00e7in m\u00fckemmel bir eklentidir ve her zaman benzersiz bir \u015f\u0131kl\u0131kla d\u0131\u015far\u0131 \u00e7\u0131kman\u0131z\u0131 sa\u011flar.<\/p>\n<h3>\u00dcst\u00fcn \u0130\u015f\u00e7ilik ve Malzemeler<\/h3>\n<p>Bu s\u0131ra d\u0131\u015f\u0131 mokasen ayakkab\u0131lar\u0131n her bir \u00e7ifti, yumu\u015fak dokusu, dayan\u0131kl\u0131l\u0131\u011f\u0131 ve ki\u015fiselle\u015ftirilmi\u015f bir uyum i\u00e7in aya\u011f\u0131n\u0131za \u015fekil verme kabiliyetiyle tan\u0131nan birinci s\u0131n\u0131f dana derisi kullan\u0131larak titizlikle \u00fcretilmi\u015ftir. \u0130\u00e7 k\u0131s\u0131mdaki l\u00fcks ke\u00e7i derisi astar, \u00fcst\u00fcn nefes alabilirlik ve cilde kar\u015f\u0131 son derece p\u00fcr\u00fczs\u00fcz bir his sa\u011flayarak ayakkab\u0131y\u0131 g\u00fcn boyu rahat ettirir. Sa\u011flam ancak hafif EVA taban, m\u00fckemmel \u015fok emilimi ve esneklik sunarak her ad\u0131m\u0131n bir zevk olmas\u0131n\u0131 sa\u011flar. Bu \u00fcst d\u00fczey malzeme kombinasyonu, sadece \u015f\u0131k de\u011fil ayn\u0131 zamanda uzun \u00f6m\u00fcrl\u00fc bir ayakkab\u0131y\u0131 garanti eder. <strong>Erkek Klasik Siyah Dana Derisi Loafer<\/strong> ak\u0131ll\u0131 bir yat\u0131r\u0131m.<\/p>\n<h3>Zahmetsiz Stil ve \u00c7ok Y\u00f6nl\u00fcl\u00fck<\/h3>\n<p>Bunlar\u0131n klasik siyah tasar\u0131m\u0131 <strong>Erkek Klasik Siyah Dana Derisi Loafer<\/strong> inan\u0131lmaz derecede \u00e7ok y\u00f6nl\u00fc olmas\u0131n\u0131 sa\u011flar. \u0130ster bir i\u015f toplant\u0131s\u0131na gidiyor olun, ister resmi bir etkinli\u011fe kat\u0131l\u0131n ya da \u015f\u0131k ve g\u00fcndelik bir gezintinin tad\u0131n\u0131 \u00e7\u0131kar\u0131n, bu ayakkab\u0131lar kombininizi m\u00fckemmel bir \u015fekilde tamamlayacakt\u0131r. Slip-on tasar\u0131m\u0131 rahatl\u0131k sa\u011flarken, zarif silueti her g\u00f6r\u00fcn\u00fcme abart\u0131s\u0131z bir l\u00fcks dokunu\u015fu katar. Hem incelik hem de kolayl\u0131k sunmak i\u00e7in tasarlanan bu temel ayakkab\u0131 par\u00e7alar\u0131yla profesyonel k\u0131yafetlerinizi y\u00fckseltin veya hafta sonu giyiminizi geli\u015ftirin.<\/p>\n<h3>G\u00fcn Boyu Kullan\u0131m i\u00e7in E\u015fsiz Konfor<\/h3>\n<p>Konforun \u00f6nemini anl\u0131yoruz ve bu <strong>Erkek Klasik Siyah Dana Derisi Loafer<\/strong> teslim edin. Esnek dana derisi saya aya\u011f\u0131n\u0131za uyum sa\u011flarken ke\u00e7i derisi astar nemi uzakla\u015ft\u0131rarak ayaklar\u0131n\u0131z\u0131n kuru ve ferah kalmas\u0131n\u0131 sa\u011flar. Geli\u015fmi\u015f EVA taban yast\u0131klama ve destek sa\u011flayarak uzun s\u00fcreli kullan\u0131mlarda bile ayak yorgunlu\u011funu azalt\u0131r. 40, 41c, 42c, 43c ve 44c'ye kadar geni\u015f bir beden yelpazesinde mevcut olan bu ayakkab\u0131, maksimum konfor ve giyilebilirlik sa\u011flayarak m\u00fckemmel uyumunuzu bulman\u0131z\u0131 kolayla\u015ft\u0131r\u0131r.<\/p>\n<h3>\u0130\u015fletmeler i\u00e7in Toptan Sat\u0131\u015f F\u0131rsat\u0131<\/h3>\n<p>\u00dcst\u00fcn kaliteli ayakkab\u0131lar sunmak isteyen perakendeciler ve i\u015fletmeler i\u00e7in <strong>Erkek Klasik Siyah Dana Derisi Loafer<\/strong> toptan sat\u0131n al\u0131nabilir. Sadece 16 \u00e7iftlik minimum sipari\u015f miktar\u0131yla, bu pop\u00fcler ve y\u00fcksek kaliteli \u00fcr\u00fcn\u00fc kolayca stoklayabilir, m\u00fc\u015fterilerinize ola\u011fan\u00fcst\u00fc de\u011fer ve stil sa\u011flayabilirsiniz. Kaliteli erkek ayakkab\u0131s\u0131 arayan geni\u015f bir pazara hitap ederek koleksiyonunuza zamans\u0131z \u015f\u0131kl\u0131k ve \u00fcst\u00fcn i\u015f\u00e7ilik getirmek i\u00e7in bizimle i\u015f birli\u011fi yap\u0131n.<\/p>\n<p>Zamana kar\u015f\u0131 ger\u00e7ekten dayan\u0131kl\u0131 bir \u00e7ift ayakkab\u0131ya yat\u0131r\u0131m yap\u0131n. Bizim <strong>Erkek Klasik Siyah Dana Derisi Loafer<\/strong> stil, konfor ve dayan\u0131kl\u0131l\u0131\u011f\u0131n uyumlu bir kar\u0131\u015f\u0131m\u0131n\u0131 sunar. Uzman i\u015f\u00e7ilik ve \u00fcst\u00fcn malzemelerin yaratt\u0131\u011f\u0131 fark\u0131 deneyimleyin. Bug\u00fcn sipari\u015finizi verin ve ayakkab\u0131 koleksiyonunuzu klasik sofistike bir dokunu\u015fla yeniden tan\u0131mlay\u0131n.<\/p>","protected":false},"excerpt":{"rendered":"<ul>\n<li>Enfes <strong>Dana Derisi Saya<\/strong> \u00fcst\u00fcn dayan\u0131kl\u0131l\u0131k ve sofistike bir his i\u00e7in.<\/li>\n<li>L\u00fcks <strong>Ke\u00e7i Derisi Astar<\/strong> benzersiz nefes alabilirlik ve konfor sa\u011flar.<\/li>\n<li>Hafif ve esnek <strong>EVA Taban<\/strong> t\u00fcm g\u00fcn yast\u0131klama ve destek i\u00e7in.<\/li>\n<li>Zamans\u0131z slip-on tasar\u0131m, hem resmi hem de \u015f\u0131k g\u00fcndelik durumlar i\u00e7in m\u00fckemmeldir.<\/li>\n<li>\u0130deal bir uyum i\u00e7in 40, 41c, 42c, 43c, 44 bedenleri mevcuttur.<\/li>\n<li>Toptan sat\u0131\u015f talepleri kabul edilir: Minimum sipari\u015f miktar\u0131 16 \u00e7ift.<\/li>\n<\/ul>","protected":false},"featured_media":7010,"template":"","meta":{"_acf_changed":false,"_uag_custom_page_level_css":"","site-sidebar-layout":"default","site-content-layout":"","ast-site-content-layout":"default","site-content-style":"default","site-sidebar-style":"default","ast-global-header-display":"","ast-banner-title-visibility":"","ast-main-header-display":"","ast-hfb-above-header-display":"","ast-hfb-below-header-display":"","ast-hfb-mobile-header-display":"","site-post-title":"","ast-breadcrumbs-content":"","ast-featured-img":"","footer-sml-layout":"","ast-disable-related-posts":"","theme-transparent-header-meta":"","adv-header-id-meta":"","stick-header-meta":"","header-above-stick-meta":"","header-main-stick-meta":"","header-below-stick-meta":"","astra-migrate-meta-layouts":"default","ast-page-background-enabled":"default","ast-page-background-meta":{"desktop":{"background-color":"var(--ast-global-color-4)","background-image":"","background-repeat":"repeat","background-position":"center center","background-size":"auto","background-attachment":"scroll","background-type":"","background-media":"","overlay-type":"","overlay-color":"","overlay-opacity":"","overlay-gradient":""},"tablet":{"background-color":"","background-image":"","background-repeat":"repeat","background-position":"center center","background-size":"auto","background-attachment":"scroll","background-type":"","background-media":"","overlay-type":"","overlay-color":"","overlay-opacity":"","overlay-gradient":""},"mobile":{"background-color":"","background-image":"","background-repeat":"repeat","background-position":"center center","background-size":"auto","background-attachment":"scroll","background-type":"","background-media":"","overlay-type":"","overlay-color":"","overlay-opacity":"","overlay-gradient":""}},"ast-content-background-meta":{"desktop":{"background-color":"var(--ast-global-color-5)","background-image":"","background-repeat":"repeat","background-position":"center center","background-size":"auto","background-attachment":"scroll","background-type":"","background-media":"","overlay-type":"","overlay-color":"","overlay-opacity":"","overlay-gradient":""},"tablet":{"background-color":"var(--ast-global-color-5)","background-image":"","background-repeat":"repeat","background-position":"center center","background-size":"auto","background-attachment":"scroll","background-type":"","background-media":"","overlay-type":"","overlay-color":"","overlay-opacity":"","overlay-gradient":""},"mobile":{"background-color":"var(--ast-global-color-5)","background-image":"","background-repeat":"repeat","background-position":"center center","background-size":"auto","background-attachment":"scroll","background-type":"","background-media":"","overlay-type":"","overlay-color":"","overlay-opacity":"","overlay-gradient":""}}},"product_brand":[],"product_cat":[47,430,1200],"product_tag":[196,185,457,438,352,1249,186,184,280,254],"class_list":{"0":"post-8145","1":"product","2":"type-product","3":"status-publish","4":"has-post-thumbnail","6":"product_cat-classic","7":"product_cat-men","8":"product_cat-mens-shoes-2","9":"product_tag-black-leather-shoes","10":"product_tag-calf-leather-shoes","11":"product_tag-classic-loafers","12":"product_tag-eva-sole","13":"product_tag-formal-loafers","14":"product_tag-goat-lining","15":"product_tag-mens-loafers","16":"product_tag-slip-on-shoes","17":"product_tag-smart-casual-shoes","18":"product_tag-wholesale-footwear","19":"desktop-align-center","20":"tablet-align-center","21":"mobile-align-center","23":"first","24":"instock","25":"shipping-taxable","26":"purchasable","27":"product-type-variable","28":"has-default-attributes"},"acf":[],"uagb_featured_image_src":{"full":["https:\/\/turkishtrade.co\/wp-content\/uploads\/2026\/01\/2600NZTMN00030-BLACK.png",453,250,false],"thumbnail":["https:\/\/turkishtrade.co\/wp-content\/uploads\/2026\/01\/2600NZTMN00030-BLACK-150x150.png",150,150,true],"medium":["https:\/\/turkishtrade.co\/wp-content\/uploads\/2026\/01\/2600NZTMN00030-BLACK-300x166.png",300,166,true],"medium_large":["https:\/\/turkishtrade.co\/wp-content\/uploads\/2026\/01\/2600NZTMN00030-BLACK.png",453,250,false],"large":["https:\/\/turkishtrade.co\/wp-content\/uploads\/2026\/01\/2600NZTMN00030-BLACK.png",453,250,false],"1536x1536":["https:\/\/turkishtrade.co\/wp-content\/uploads\/2026\/01\/2600NZTMN00030-BLACK.png",453,250,false],"2048x2048":["https:\/\/turkishtrade.co\/wp-content\/uploads\/2026\/01\/2600NZTMN00030-BLACK.png",453,250,false],"trp-custom-language-flag":["https:\/\/turkishtrade.co\/wp-content\/uploads\/2026\/01\/2600NZTMN00030-BLACK-18x10.png",18,10,true],"woocommerce_thumbnail":["https:\/\/turkishtrade.co\/wp-content\/uploads\/2026\/01\/2600NZTMN00030-BLACK-400x250.png",400,250,true],"woocommerce_single":["https:\/\/turkishtrade.co\/wp-content\/uploads\/2026\/01\/2600NZTMN00030-BLACK.png",453,250,false],"woocommerce_gallery_thumbnail":["https:\/\/turkishtrade.co\/wp-content\/uploads\/2026\/01\/2600NZTMN00030-BLACK-100x100.png",100,100,true]},"uagb_author_info":{"display_name":"python python","author_link":"https:\/\/turkishtrade.co\/tr\/author\/"},"uagb_comment_info":0,"uagb_excerpt":"Exquisite Calf Leather Upper for supreme durability and a sophisticated feel. Luxurious Goat Leather Lining ensuring unparalleled breathability and comfort. Lightweight and flexible EVA Sole for all-day cushioning and support. Timeless slip-on design, perfect for both formal and smart-casual occasions. Available in sizes 40, 41c, 42c, 43c, 44 for an ideal fit. Wholesale inquiries welcome:&hellip;","_links":{"self":[{"href":"https:\/\/turkishtrade.co\/tr\/wp-json\/wp\/v2\/product\/8145","targetHints":{"allow":["GET"]}}],"collection":[{"href":"https:\/\/turkishtrade.co\/tr\/wp-json\/wp\/v2\/product"}],"about":[{"href":"https:\/\/turkishtrade.co\/tr\/wp-json\/wp\/v2\/types\/product"}],"wp:featuredmedia":[{"embeddable":true,"href":"https:\/\/turkishtrade.co\/tr\/wp-json\/wp\/v2\/media\/7010"}],"wp:attachment":[{"href":"https:\/\/turkishtrade.co\/tr\/wp-json\/wp\/v2\/media?parent=8145"}],"wp:term":[{"taxonomy":"product_brand","embeddable":true,"href":"https:\/\/turkishtrade.co\/tr\/wp-json\/wp\/v2\/product_brand?post=8145"},{"taxonomy":"product_cat","embeddable":true,"href":"https:\/\/turkishtrade.co\/tr\/wp-json\/wp\/v2\/product_cat?post=8145"},{"taxonomy":"product_tag","embeddable":true,"href":"https:\/\/turkishtrade.co\/tr\/wp-json\/wp\/v2\/product_tag?post=8145"}],"curies":[{"name":"wp","href":"https:\/\/api.w.org\/{rel}","templated":true}]}}