{"id":8144,"date":"2026-01-29T14:47:55","date_gmt":"2026-01-29T14:47:55","guid":{"rendered":"https:\/\/turkishtrade.co\/?post_type=product&#038;p=8144"},"modified":"2026-04-09T20:34:26","modified_gmt":"2026-04-09T20:34:26","slug":"mens-classic-brown-leather-loafers","status":"publish","type":"product","link":"https:\/\/turkishtrade.co\/tr\/shop\/mens-classic-brown-leather-loafers\/","title":{"rendered":"Erkek Klasik Kahverengi Deri Loafer Authentic | Erkek Klasik Kahverengi Deri Penny"},"content":{"rendered":"<h3>Premium Erkek Klasik Kahverengi Deri Loafer'lar ile Stilinizi Y\u00fckseltin<\/h3>\n<p>Zarif tasar\u0131m\u0131m\u0131zla zamans\u0131z \u015f\u0131kl\u0131\u011f\u0131n ve konforun \u00f6z\u00fcn\u00fc ke\u015ffedin <strong>Erkek Klasik Kahverengi Deri Loafer<\/strong>. Modern beyefendiler i\u00e7in ustal\u0131kla \u00fcretilen bu mokasen ayakkab\u0131lar, sofistike esteti\u011fi \u00fcst\u00fcn giyilebilirlikle harmanlayarak kal\u0131c\u0131 bir etki b\u0131rakmak \u00fczere tasarlanm\u0131\u015ft\u0131r. \u0130ster bir i\u015f toplant\u0131s\u0131na, ister g\u00fcndelik bir brunch'a ya da bir ak\u015fam etkinli\u011fine gidiyor olun <strong>Erkek Klasik Kahverengi Deri Loafer<\/strong> stil ve g\u00fcven i\u00e7inde d\u0131\u015far\u0131 \u00e7\u0131kman\u0131z\u0131 sa\u011flayacakt\u0131r.<\/p>\n<h3>E\u015fsiz \u0130\u015f\u00e7ilik ve \u00dcst\u00fcn Malzemeler<\/h3>\n<p>Bu ola\u011fan\u00fcst\u00fc \u00e7iftlerin her biri <strong>Erkek Klasik Kahverengi Deri Loafer<\/strong> ola\u011fan\u00fcst\u00fc i\u015f\u00e7ili\u011fin bir kan\u0131t\u0131d\u0131r. \u00dcst k\u0131s\u0131m, l\u00fcks dokusu, dayan\u0131kl\u0131l\u0131\u011f\u0131 ve zarif bir \u015fekilde eskime kabiliyetiyle tan\u0131nan birinci s\u0131n\u0131f \u201cDana Deri \u201dden titizlikle \u00fcretilmi\u015ftir. Derinin zengin, koyu kahverengi tonu ola\u011fan\u00fcst\u00fc bir \u00e7ok y\u00f6nl\u00fcl\u00fck sunarak geni\u015f bir k\u0131yafet yelpazesiyle e\u015fle\u015ftirmeyi kolayla\u015ft\u0131r\u0131r. Ay\u0131rt edici cazibesine ek olarak, bu mokasenleri di\u011ferlerinden ay\u0131ran ince ama sofistike bir ayr\u0131nt\u0131 sa\u011flayan \u015f\u0131k bir delikli tasar\u0131ma sahiptir. Alt k\u0131s\u0131mdaki hafif ve esnek \u201cEVA Taban\u201d benzersiz bir konfor sunarak her ad\u0131mda \u015foku emer ve g\u00fcn boyunca p\u00fcr\u00fczs\u00fcz, zahmetsiz bir ad\u0131m atman\u0131z\u0131 sa\u011flar. \u0130\u00e7 k\u0131s\u0131mda, ayaklar\u0131n\u0131z \u00fcst\u00fcn nefes alabilirlik ve bu ayakkab\u0131lar\u0131 giymeyi bir keyif haline getiren pel\u00fc\u015f bir his sunan \u201cKeci Astar \u201d\u0131n (ke\u00e7i derisi astar) yumu\u015fak kuca\u011f\u0131yla sar\u0131lacak.<\/p>\n<h3>Her Durum \u0130\u00e7in M\u00fckemmel Penny Loafer<\/h3>\n<p>Klasik penny loafer sil\u00fcetini yans\u0131tan bu ayakkab\u0131lar, vampir boyunca uzanan ikonik kay\u0131\u015f\u0131yla rafine bir cazibeye sahiptir. Tasar\u0131m\u0131m\u0131z <strong>Erkek Klasik Kahverengi Deri Loafer<\/strong> hem geleneksel hem de \u00e7a\u011fda\u015ft\u0131r, bu da onlar\u0131 her se\u00e7ici erke\u011fin gard\u0131robuna vazge\u00e7ilmez bir katk\u0131 haline getirir. Ak\u0131ll\u0131 g\u00fcndelik k\u0131yafetlerinizi y\u00fckseltmekten daha resmi topluluklar\u0131 tamamlamaya kadar \u00e7e\u015fitli durumlar i\u00e7in m\u00fckemmel bir \u015fekilde uygundur. 40'tan 44'e kadar geni\u015f bir beden yelpazesinde mevcut oldu\u011fundan ideal uyumunuzu bulmak \u00e7ok kolay. Bu \u00e7ok y\u00f6nl\u00fc ayakkab\u0131larla stil, konfor ve kal\u0131c\u0131 kalitenin m\u00fckemmel birle\u015fimini deneyimleyin <strong>Erkek Klasik Kahverengi Deri Loafer<\/strong> y\u0131llarca ayakkab\u0131 koleksiyonunuzun temel ta\u015f\u0131 olmay\u0131 vaat ediyor.<\/p>\n<h3>Toptan Ayakkab\u0131 i\u00e7in G\u00fcvenilir Orta\u011f\u0131n\u0131z<\/h3>\n<p>Y\u00fcksek kaliteli, arzu edilen ayakkab\u0131lar\u0131 stoklamak isteyen perakendeciler ve i\u015fletmeler i\u00e7in <strong>Erkek Klasik Kahverengi Deri Loafer<\/strong> toptan sat\u0131n al\u0131nabilir. Minimum sipari\u015f miktar\u0131n\u0131 16 \u00e7ift olarak tutuyoruz ve m\u00fc\u015fterilerinize pop\u00fcler bir se\u00e7im olaca\u011f\u0131 kesin olan birinci s\u0131n\u0131f, el yap\u0131m\u0131 ayakkab\u0131lar sunmak i\u00e7in m\u00fckemmel bir f\u0131rsat sa\u011fl\u0131yoruz. Ola\u011fan\u00fcst\u00fc de\u011fer ve stil sa\u011flamak i\u00e7in bizimle i\u015f ortakl\u0131\u011f\u0131 yap\u0131n ve bu aranan <strong>Erkek Klasik Kahverengi Deri Loafer<\/strong> \u00fcr\u00fcn tekliflerinizi geli\u015ftirin. M\u00fc\u015fterilerinizde yank\u0131 uyand\u0131ran ve markan\u0131z\u0131 y\u00fckselten kaliteye yat\u0131r\u0131m yap\u0131n.<\/p>","protected":false},"excerpt":{"rendered":"<ul>\n<li>Dayan\u0131kl\u0131l\u0131k ve stil i\u00e7in Premium Dana Derisi (Dana Deri) saya<\/li>\n<li>G\u00fcn boyu konfor i\u00e7in hafif ve esnek EVA Taban (Eva Taban)<\/li>\n<li>Nefes alabilirlik ve l\u00fcks i\u00e7in Yumu\u015fak Ke\u00e7i Derisi Astar (Keci Astar)<\/li>\n<li>Delikli detaylara sahip zamans\u0131z klasik Penny Loafer tasar\u0131m\u0131<\/li>\n<li>\u00c7e\u015fitli ebatlarda mevcuttur: 40, 41, 42, 43, 44<\/li>\n<li>Toptan sipari\u015fler kabul edilir (Minimum Sipari\u015f: 16 \u00c7ift)<\/li>\n<\/ul>","protected":false},"featured_media":7009,"template":"","meta":{"_acf_changed":false,"_uag_custom_page_level_css":"","site-sidebar-layout":"default","site-content-layout":"","ast-site-content-layout":"default","site-content-style":"default","site-sidebar-style":"default","ast-global-header-display":"","ast-banner-title-visibility":"","ast-main-header-display":"","ast-hfb-above-header-display":"","ast-hfb-below-header-display":"","ast-hfb-mobile-header-display":"","site-post-title":"","ast-breadcrumbs-content":"","ast-featured-img":"","footer-sml-layout":"","ast-disable-related-posts":"","theme-transparent-header-meta":"","adv-header-id-meta":"","stick-header-meta":"","header-above-stick-meta":"","header-main-stick-meta":"","header-below-stick-meta":"","astra-migrate-meta-layouts":"default","ast-page-background-enabled":"default","ast-page-background-meta":{"desktop":{"background-color":"var(--ast-global-color-4)","background-image":"","background-repeat":"repeat","background-position":"center center","background-size":"auto","background-attachment":"scroll","background-type":"","background-media":"","overlay-type":"","overlay-color":"","overlay-opacity":"","overlay-gradient":""},"tablet":{"background-color":"","background-image":"","background-repeat":"repeat","background-position":"center center","background-size":"auto","background-attachment":"scroll","background-type":"","background-media":"","overlay-type":"","overlay-color":"","overlay-opacity":"","overlay-gradient":""},"mobile":{"background-color":"","background-image":"","background-repeat":"repeat","background-position":"center center","background-size":"auto","background-attachment":"scroll","background-type":"","background-media":"","overlay-type":"","overlay-color":"","overlay-opacity":"","overlay-gradient":""}},"ast-content-background-meta":{"desktop":{"background-color":"var(--ast-global-color-5)","background-image":"","background-repeat":"repeat","background-position":"center center","background-size":"auto","background-attachment":"scroll","background-type":"","background-media":"","overlay-type":"","overlay-color":"","overlay-opacity":"","overlay-gradient":""},"tablet":{"background-color":"var(--ast-global-color-5)","background-image":"","background-repeat":"repeat","background-position":"center center","background-size":"auto","background-attachment":"scroll","background-type":"","background-media":"","overlay-type":"","overlay-color":"","overlay-opacity":"","overlay-gradient":""},"mobile":{"background-color":"var(--ast-global-color-5)","background-image":"","background-repeat":"repeat","background-position":"center center","background-size":"auto","background-attachment":"scroll","background-type":"","background-media":"","overlay-type":"","overlay-color":"","overlay-opacity":"","overlay-gradient":""}}},"product_brand":[],"product_cat":[47,430,1200],"product_tag":[147,449,457,438,251,1249,215,186,279,281],"class_list":{"0":"post-8144","1":"product","2":"type-product","3":"status-publish","4":"has-post-thumbnail","6":"product_cat-classic","7":"product_cat-men","8":"product_cat-mens-shoes-2","9":"product_tag-brown-loafers","10":"product_tag-casual-shoes","11":"product_tag-classic-loafers","12":"product_tag-eva-sole","13":"product_tag-formal-shoes","14":"product_tag-goat-lining","15":"product_tag-leather-loafers","16":"product_tag-mens-loafers","17":"product_tag-penny-loafers","18":"product_tag-wholesale-shoes","19":"desktop-align-center","20":"tablet-align-center","21":"mobile-align-center","23":"first","24":"instock","25":"shipping-taxable","26":"purchasable","27":"product-type-variable","28":"has-default-attributes"},"acf":[],"uagb_featured_image_src":{"full":["https:\/\/turkishtrade.co\/wp-content\/uploads\/2026\/01\/2600NZTMN00029-BROWN.png",453,250,false],"thumbnail":["https:\/\/turkishtrade.co\/wp-content\/uploads\/2026\/01\/2600NZTMN00029-BROWN-150x150.png",150,150,true],"medium":["https:\/\/turkishtrade.co\/wp-content\/uploads\/2026\/01\/2600NZTMN00029-BROWN-300x166.png",300,166,true],"medium_large":["https:\/\/turkishtrade.co\/wp-content\/uploads\/2026\/01\/2600NZTMN00029-BROWN.png",453,250,false],"large":["https:\/\/turkishtrade.co\/wp-content\/uploads\/2026\/01\/2600NZTMN00029-BROWN.png",453,250,false],"1536x1536":["https:\/\/turkishtrade.co\/wp-content\/uploads\/2026\/01\/2600NZTMN00029-BROWN.png",453,250,false],"2048x2048":["https:\/\/turkishtrade.co\/wp-content\/uploads\/2026\/01\/2600NZTMN00029-BROWN.png",453,250,false],"trp-custom-language-flag":["https:\/\/turkishtrade.co\/wp-content\/uploads\/2026\/01\/2600NZTMN00029-BROWN-18x10.png",18,10,true],"woocommerce_thumbnail":["https:\/\/turkishtrade.co\/wp-content\/uploads\/2026\/01\/2600NZTMN00029-BROWN-400x250.png",400,250,true],"woocommerce_single":["https:\/\/turkishtrade.co\/wp-content\/uploads\/2026\/01\/2600NZTMN00029-BROWN.png",453,250,false],"woocommerce_gallery_thumbnail":["https:\/\/turkishtrade.co\/wp-content\/uploads\/2026\/01\/2600NZTMN00029-BROWN-100x100.png",100,100,true]},"uagb_author_info":{"display_name":"python python","author_link":"https:\/\/turkishtrade.co\/tr\/author\/"},"uagb_comment_info":0,"uagb_excerpt":"Premium Calf Leather (Dana Deri) upper for durability and style Lightweight and flexible EVA Sole (Eva Taban) for all-day comfort Soft Goat Leather Lining (Keci Astar) for breathability and luxury Timeless Classic Penny Loafer design with perforated detail Available in a range of sizes: 40, 41, 42, 43, 44 Wholesale orders welcome (Minimum Order: 16&hellip;","_links":{"self":[{"href":"https:\/\/turkishtrade.co\/tr\/wp-json\/wp\/v2\/product\/8144","targetHints":{"allow":["GET"]}}],"collection":[{"href":"https:\/\/turkishtrade.co\/tr\/wp-json\/wp\/v2\/product"}],"about":[{"href":"https:\/\/turkishtrade.co\/tr\/wp-json\/wp\/v2\/types\/product"}],"wp:featuredmedia":[{"embeddable":true,"href":"https:\/\/turkishtrade.co\/tr\/wp-json\/wp\/v2\/media\/7009"}],"wp:attachment":[{"href":"https:\/\/turkishtrade.co\/tr\/wp-json\/wp\/v2\/media?parent=8144"}],"wp:term":[{"taxonomy":"product_brand","embeddable":true,"href":"https:\/\/turkishtrade.co\/tr\/wp-json\/wp\/v2\/product_brand?post=8144"},{"taxonomy":"product_cat","embeddable":true,"href":"https:\/\/turkishtrade.co\/tr\/wp-json\/wp\/v2\/product_cat?post=8144"},{"taxonomy":"product_tag","embeddable":true,"href":"https:\/\/turkishtrade.co\/tr\/wp-json\/wp\/v2\/product_tag?post=8144"}],"curies":[{"name":"wp","href":"https:\/\/api.w.org\/{rel}","templated":true}]}}