{"id":8143,"date":"2026-01-29T14:47:55","date_gmt":"2026-01-29T14:47:55","guid":{"rendered":"https:\/\/turkishtrade.co\/?post_type=product&#038;p=8143"},"modified":"2026-04-09T20:34:28","modified_gmt":"2026-04-09T20:34:28","slug":"mens-classic-leather-shoes-3","status":"publish","type":"product","link":"https:\/\/turkishtrade.co\/tr\/shop\/mens-classic-leather-shoes-3\/","title":{"rendered":"Erkek Klasik Deri Ayakkab\u0131 Ultimate | Erkek Klasik Kahverengi Dana Derisi"},"content":{"rendered":"<p>Enfes tasar\u0131m\u0131m\u0131zla zamans\u0131z \u015f\u0131kl\u0131\u011fa ad\u0131m at\u0131n <strong>Erkek Klasik Deri Ayakkab\u0131<\/strong>. Modern beyefendiler i\u00e7in titizlikle haz\u0131rlanan bu ayakkab\u0131lar, geleneksel tasar\u0131m\u0131 \u00e7a\u011fda\u015f konforla harmanlayarak her se\u00e7kin gard\u0131robun vazge\u00e7ilmez bir par\u00e7as\u0131 haline geliyor. Her bir \u00e7ift, ister bir i\u015f toplant\u0131s\u0131na, ister resmi bir etkinli\u011fe gidiyor olun, ister sadece sofistike g\u00fcnl\u00fck ayakkab\u0131lar ar\u0131yor olun, stil katsay\u0131n\u0131z\u0131 y\u00fckseltmek i\u00e7in tasarlanm\u0131\u015f \u00fcst\u00fcn i\u015f\u00e7ili\u011fin bir kan\u0131t\u0131d\u0131r. Kal\u0131c\u0131 stil ve kaliteyi takdir edenler i\u00e7in bu <strong>Erkek Klasik Deri Ayakkab\u0131<\/strong> ayakkab\u0131 m\u00fckemmelli\u011finin zirvesini temsil eder.<\/p>\n<h3>Rakipsiz Kalite ve Konfor<\/h3>\n<p>Birinci s\u0131n\u0131f malzemelerin fark\u0131n\u0131 bizim ile ya\u015fay\u0131n <strong>Erkek Klasik Deri Ayakkab\u0131<\/strong>. \u00dcst k\u0131s\u0131m, esnek dokusu, dayan\u0131kl\u0131l\u0131\u011f\u0131 ve do\u011fal parlakl\u0131\u011f\u0131 ile tan\u0131nan y\u00fcksek kaliteli dana derisinden \u00fcretilmi\u015ftir. Bu zengin kahverengi dana derisi sadece l\u00fcks\u00fc yans\u0131tmakla kalmaz, ayn\u0131 zamanda zaman i\u00e7inde aya\u011f\u0131n\u0131za g\u00fczel bir \u015fekilde uyum sa\u011flayarak ki\u015fiselle\u015ftirilmi\u015f bir uyum sa\u011flar. Sa\u011flam d\u0131\u015f y\u00fczeyi tamamlayan l\u00fcks ke\u00e7i derisi astar, uzun s\u00fcreli kullan\u0131mlarda bile ola\u011fan\u00fcst\u00fc nefes alabilirlik ve cildinizde yumu\u015fak, rahat bir his sa\u011flar. Bu unsurlar, ayakkab\u0131n\u0131z\u0131 giydi\u011finiz andan itibaren ger\u00e7ekten l\u00fcks bir deneyim sunmak i\u00e7in bir araya geliyor. <strong>Erkek Klasik Deri Ayakkab\u0131<\/strong>.<\/p>\n<h3>Stil ve Performans i\u00e7in Tasarland\u0131<\/h3>\n<p>Bizim <strong>Erkek Klasik Deri Ayakkab\u0131<\/strong> zarif bir ba\u011fc\u0131kl\u0131 tasar\u0131ma sahiptir, g\u00f6steri\u015fli ve sofistike bir g\u00f6r\u00fcn\u00fcm elde etmek i\u00e7in m\u00fckemmeldir. Daha p\u00fcr\u00fczs\u00fcz bir vampir ve ince dokulu bir \u00e7eyrek ile iki tonlu kahverengi estetik, onlar\u0131 ay\u0131ran benzersiz bir derinlik ve karakter katar. \u00c7arp\u0131c\u0131 g\u00f6r\u00fcn\u00fcm\u00fcn\u00fcn \u00f6tesinde, bu ayakkab\u0131lar konfor ve pratiklik i\u00e7in tasarlanm\u0131\u015ft\u0131r. Hafif EVA taban, m\u00fckemmel \u015fok emilimi ve esneklik sunarak \u00e7e\u015fitli y\u00fczeylerde kendinden emin ad\u0131mlar ve \u00fcst\u00fcn tutu\u015f sa\u011flar. Bu klasik tasar\u0131m, geni\u015f bir tercih yelpazesine hitap eden 40 ila 44 beden aral\u0131\u011f\u0131nda mevcuttur. Bunlara yat\u0131r\u0131m yapmak <strong>Erkek Klasik Deri Ayakkab\u0131<\/strong> hem stili hem de kal\u0131c\u0131 konforu se\u00e7mek anlam\u0131na gelir.<\/p>\n<h3>Her Durum \u0130\u00e7in M\u00fckemmel Se\u00e7im<\/h3>\n<p>\u00c7ok y\u00f6nl\u00fcl\u00fck \u00f6nemlidir ve bunlar <strong>Erkek Klasik Deri Ayakkab\u0131<\/strong> farkl\u0131 ortamlara uyum sa\u011flama konusunda m\u00fckemmeldir. Toplant\u0131 odas\u0131nda g\u00fc\u00e7l\u00fc bir izlenim b\u0131rakmak i\u00e7in keskin bir tak\u0131m elbise ile e\u015fle\u015ftirin ya da \u015f\u0131k ve rahat bir kombin i\u00e7in chino pantolon ve blazer ceket ile kombinleyin. Kal\u0131c\u0131 cazibeleri ve ola\u011fan\u00fcst\u00fc yap\u0131lar\u0131, bu ayakkab\u0131lar\u0131n sadece bir sat\u0131n alma de\u011fil, ki\u015fisel tarz\u0131n\u0131za bir yat\u0131r\u0131m oldu\u011fu anlam\u0131na gelir. Y\u00fcksek kaliteli ayakkab\u0131 stoklamak isteyen perakendeciler ve i\u015fletmeler i\u00e7in bu birinci s\u0131n\u0131f ayakkab\u0131lar, minimum 16 \u00e7ift sipari\u015fle toptan sat\u0131n al\u0131nabilir ve m\u00fc\u015fterilerinize \u00fcst d\u00fczey ayakkab\u0131lar sunmak i\u00e7in m\u00fckemmel bir f\u0131rsat sunar. <strong>Erkek Klasik Deri Ayakkab\u0131<\/strong> kesinlikle etkileyecek. Bizim se\u00e7in <strong>Erkek Klasik Deri Ayakkab\u0131<\/strong> stil, konfor ve kal\u0131c\u0131 kalitenin ger\u00e7ekten \u00f6ne \u00e7\u0131kan uyumlu bir kar\u0131\u015f\u0131m\u0131 i\u00e7in.<\/p>","protected":false},"excerpt":{"rendered":"<ul>\n<li>\u00dcst\u00fcn dayan\u0131kl\u0131l\u0131k ve sofistike stil i\u00e7in Premium Dana Derisi Saya.<\/li>\n<li>L\u00fcks Ke\u00e7i Derisi Astar, nefes alabilirlik ve ola\u011fan\u00fcst\u00fc konfor sa\u011flar.<\/li>\n<li>Hafif ve esnek EVA Taban m\u00fckemmel tutu\u015f ve g\u00fcn boyu giyilebilirlik sa\u011flar.<\/li>\n<li>Klasik Ba\u011fc\u0131kl\u0131 Tasar\u0131m resmi etkinlikler, i\u015f veya \u015f\u0131k g\u00fcndelik k\u0131yafetler i\u00e7in idealdir.<\/li>\n<li>40-44 AB Bedenlerinde mevcuttur.<\/li>\n<li>Minimum 16 \u00e7ift sipari\u015f ile toptan sat\u0131\u015f f\u0131rsatlar\u0131 mevcuttur.<\/li>\n<\/ul>","protected":false},"featured_media":6997,"template":"","meta":{"_acf_changed":false,"_uag_custom_page_level_css":"","site-sidebar-layout":"default","site-content-layout":"","ast-site-content-layout":"default","site-content-style":"default","site-sidebar-style":"default","ast-global-header-display":"","ast-banner-title-visibility":"","ast-main-header-display":"","ast-hfb-above-header-display":"","ast-hfb-below-header-display":"","ast-hfb-mobile-header-display":"","site-post-title":"","ast-breadcrumbs-content":"","ast-featured-img":"","footer-sml-layout":"","ast-disable-related-posts":"","theme-transparent-header-meta":"","adv-header-id-meta":"","stick-header-meta":"","header-above-stick-meta":"","header-main-stick-meta":"","header-below-stick-meta":"","astra-migrate-meta-layouts":"default","ast-page-background-enabled":"default","ast-page-background-meta":{"desktop":{"background-color":"var(--ast-global-color-4)","background-image":"","background-repeat":"repeat","background-position":"center center","background-size":"auto","background-attachment":"scroll","background-type":"","background-media":"","overlay-type":"","overlay-color":"","overlay-opacity":"","overlay-gradient":""},"tablet":{"background-color":"","background-image":"","background-repeat":"repeat","background-position":"center center","background-size":"auto","background-attachment":"scroll","background-type":"","background-media":"","overlay-type":"","overlay-color":"","overlay-opacity":"","overlay-gradient":""},"mobile":{"background-color":"","background-image":"","background-repeat":"repeat","background-position":"center center","background-size":"auto","background-attachment":"scroll","background-type":"","background-media":"","overlay-type":"","overlay-color":"","overlay-opacity":"","overlay-gradient":""}},"ast-content-background-meta":{"desktop":{"background-color":"var(--ast-global-color-5)","background-image":"","background-repeat":"repeat","background-position":"center center","background-size":"auto","background-attachment":"scroll","background-type":"","background-media":"","overlay-type":"","overlay-color":"","overlay-opacity":"","overlay-gradient":""},"tablet":{"background-color":"var(--ast-global-color-5)","background-image":"","background-repeat":"repeat","background-position":"center center","background-size":"auto","background-attachment":"scroll","background-type":"","background-media":"","overlay-type":"","overlay-color":"","overlay-opacity":"","overlay-gradient":""},"mobile":{"background-color":"var(--ast-global-color-5)","background-image":"","background-repeat":"repeat","background-position":"center center","background-size":"auto","background-attachment":"scroll","background-type":"","background-media":"","overlay-type":"","overlay-color":"","overlay-opacity":"","overlay-gradient":""}}},"product_brand":[],"product_cat":[47,430,1200],"product_tag":[292,185,1409,284,287,251,189,973],"class_list":{"0":"post-8143","1":"product","2":"type-product","3":"status-publish","4":"has-post-thumbnail","6":"product_cat-classic","7":"product_cat-men","8":"product_cat-mens-shoes-2","9":"product_tag-brown-leather-shoes","10":"product_tag-calf-leather-shoes","11":"product_tag-classic-style-shoes","12":"product_tag-dress-shoes","13":"product_tag-eva-sole-shoes","14":"product_tag-formal-shoes","15":"product_tag-goat-leather-lining","16":"product_tag-mens-classic-leather-shoes","17":"desktop-align-center","18":"tablet-align-center","19":"mobile-align-center","21":"first","22":"instock","23":"shipping-taxable","24":"purchasable","25":"product-type-variable","26":"has-default-attributes"},"acf":[],"uagb_featured_image_src":{"full":["https:\/\/turkishtrade.co\/wp-content\/uploads\/2026\/01\/2600NZTMN00028-CAMEL.png",453,250,false],"thumbnail":["https:\/\/turkishtrade.co\/wp-content\/uploads\/2026\/01\/2600NZTMN00028-CAMEL-150x150.png",150,150,true],"medium":["https:\/\/turkishtrade.co\/wp-content\/uploads\/2026\/01\/2600NZTMN00028-CAMEL-300x166.png",300,166,true],"medium_large":["https:\/\/turkishtrade.co\/wp-content\/uploads\/2026\/01\/2600NZTMN00028-CAMEL.png",453,250,false],"large":["https:\/\/turkishtrade.co\/wp-content\/uploads\/2026\/01\/2600NZTMN00028-CAMEL.png",453,250,false],"1536x1536":["https:\/\/turkishtrade.co\/wp-content\/uploads\/2026\/01\/2600NZTMN00028-CAMEL.png",453,250,false],"2048x2048":["https:\/\/turkishtrade.co\/wp-content\/uploads\/2026\/01\/2600NZTMN00028-CAMEL.png",453,250,false],"trp-custom-language-flag":["https:\/\/turkishtrade.co\/wp-content\/uploads\/2026\/01\/2600NZTMN00028-CAMEL-18x10.png",18,10,true],"woocommerce_thumbnail":["https:\/\/turkishtrade.co\/wp-content\/uploads\/2026\/01\/2600NZTMN00028-CAMEL-400x250.png",400,250,true],"woocommerce_single":["https:\/\/turkishtrade.co\/wp-content\/uploads\/2026\/01\/2600NZTMN00028-CAMEL.png",453,250,false],"woocommerce_gallery_thumbnail":["https:\/\/turkishtrade.co\/wp-content\/uploads\/2026\/01\/2600NZTMN00028-CAMEL-100x100.png",100,100,true]},"uagb_author_info":{"display_name":"python python","author_link":"https:\/\/turkishtrade.co\/tr\/author\/"},"uagb_comment_info":0,"uagb_excerpt":"Premium Calf Leather Upper for superior durability and sophisticated style. Luxurious Goat Leather Lining ensures breathability and exceptional comfort. Lightweight and flexible EVA Sole provides excellent traction and all-day wearability. Classic Lace-Up Design ideal for formal events, business, or smart casual attire. Available in EU Sizes 40-44. Wholesale opportunities available with a minimum order of&hellip;","_links":{"self":[{"href":"https:\/\/turkishtrade.co\/tr\/wp-json\/wp\/v2\/product\/8143","targetHints":{"allow":["GET"]}}],"collection":[{"href":"https:\/\/turkishtrade.co\/tr\/wp-json\/wp\/v2\/product"}],"about":[{"href":"https:\/\/turkishtrade.co\/tr\/wp-json\/wp\/v2\/types\/product"}],"wp:featuredmedia":[{"embeddable":true,"href":"https:\/\/turkishtrade.co\/tr\/wp-json\/wp\/v2\/media\/6997"}],"wp:attachment":[{"href":"https:\/\/turkishtrade.co\/tr\/wp-json\/wp\/v2\/media?parent=8143"}],"wp:term":[{"taxonomy":"product_brand","embeddable":true,"href":"https:\/\/turkishtrade.co\/tr\/wp-json\/wp\/v2\/product_brand?post=8143"},{"taxonomy":"product_cat","embeddable":true,"href":"https:\/\/turkishtrade.co\/tr\/wp-json\/wp\/v2\/product_cat?post=8143"},{"taxonomy":"product_tag","embeddable":true,"href":"https:\/\/turkishtrade.co\/tr\/wp-json\/wp\/v2\/product_tag?post=8143"}],"curies":[{"name":"wp","href":"https:\/\/api.w.org\/{rel}","templated":true}]}}