{"id":8141,"date":"2026-01-29T14:47:54","date_gmt":"2026-01-29T14:47:54","guid":{"rendered":"https:\/\/turkishtrade.co\/?post_type=product&#038;p=8141"},"modified":"2026-04-09T20:34:35","modified_gmt":"2026-04-09T20:34:35","slug":"classic-brown-calf-leather-shoes-2","status":"publish","type":"product","link":"https:\/\/turkishtrade.co\/tr\/shop\/classic-brown-calf-leather-shoes-2\/","title":{"rendered":"Klasik Kahverengi Dana Derisi Ayakkab\u0131 Exclusive | Klasik Kahverengi Dana Derisi Derby"},"content":{"rendered":"<p>Enfes tasar\u0131m\u0131m\u0131zla zamans\u0131z \u015f\u0131kl\u0131\u011fa ad\u0131m at\u0131n <strong>Klasik Kahverengi Dana Derisi Ayakkab\u0131<\/strong>. Se\u00e7kin beyefendiler i\u00e7in titizlikle \u00fcretilen bu Derby ayakkab\u0131lar, geleneksel tasar\u0131m\u0131 modern konforla harmanlayarak her gard\u0131robun vazge\u00e7ilmez bir par\u00e7as\u0131 haline geliyor. Bu birinci s\u0131n\u0131f ayakkab\u0131lar\u0131n zengin, perdahlanm\u0131\u015f kahverengi tonu, sofistike bir cazibe katarak gitti\u011finiz her yerde zarif bir ifade olu\u015fturman\u0131z\u0131 sa\u011flar. Bunlar sadece ayakkab\u0131 de\u011fil; kal\u0131c\u0131 stilin ve benzersiz kalitenin bir kan\u0131t\u0131d\u0131r.<\/p>\n<h3>Benzersiz \u0130\u015f\u00e7ilik ve \u00dcst\u00fcn Kaliteli Malzemeler<\/h3>\n<p>Orijinal malzemelerin l\u00fcks\u00fcn\u00fc, \u00fcr\u00fcnlerimizde att\u0131\u011f\u0131n\u0131z her ad\u0131mda ya\u015fay\u0131n <strong>Klasik Kahverengi Dana Derisi Ayakkab\u0131<\/strong>. Bu sofistike ayakkab\u0131lar\u0131n \u00fcst k\u0131sm\u0131 y\u00fcksek kaliteli <strong>dana derisi<\/strong>, ola\u011fan\u00fcst\u00fc dayan\u0131kl\u0131l\u0131\u011f\u0131, esnek yumu\u015fakl\u0131\u011f\u0131 ve zarif bir \u015fekilde ya\u015flanma kabiliyeti ile \u00fcnl\u00fcd\u00fcr. Bu birinci s\u0131n\u0131f deri, inkar edilemez bir \u015f\u0131kl\u0131k sergileyen \u015f\u0131k, cilal\u0131 bir y\u00fczey sa\u011flar. \u0130\u00e7 k\u0131s\u0131mda, ayaklar\u0131n\u0131z son derece yumu\u015fak ve nefes alabilen bir deri ile sar\u0131l\u0131r. <strong>ke\u00e7i derisi astar<\/strong>, G\u00fcn boyu kullan\u0131m i\u00e7in \u00fcst\u00fcn konfor ve etkili nem emme \u00f6zelli\u011fi sunar. Diki\u015flerde ve genel yap\u0131da detaylara g\u00f6sterilen titizlik, bu kaliteli Klasik Kahverengi Dana Derisi Ayakkab\u0131lar\u0131n her bir \u00e7iftine d\u00f6k\u00fclen kalite ve \u00f6zveri hakk\u0131nda \u00e7ok \u015fey anlat\u0131yor.<\/p>\n<h3>Konfor ve Stil M\u00fckemmel Uyum \u0130\u00e7inde<\/h3>\n<p>Hem kusursuz stil hem de \u00fcst\u00fcn konfor i\u00e7in tasarlanan bu ayakkab\u0131lar, yenilik\u00e7i <strong>EVA taban<\/strong>. Bu hafif ve son derece esnek taban, m\u00fckemmel \u015fok emilimi ve yast\u0131klama sa\u011flayarak uzun s\u00fcreli y\u00fcr\u00fcy\u00fc\u015f veya ayakta durma s\u0131ras\u0131nda bile konforu garanti eder. Geleneksel a\u011f\u0131r tabanlardan farkl\u0131 olarak EVA taban, ayakkab\u0131n\u0131n klasik esteti\u011finden \u00f6d\u00fcn vermeden \u00e7evikli\u011fi art\u0131r\u0131r. \u015e\u0131k profili ve zarif ba\u011fc\u0131kl\u0131 tasar\u0131m\u0131, zamans\u0131z Derby stilini m\u00fckemmel bir \u015fekilde tan\u0131mlayarak bu ayakkab\u0131lar\u0131 <strong>Klasik Kahverengi Dana Derisi Ayakkab\u0131<\/strong> \u00e7ok \u00e7e\u015fitli ortamlar i\u00e7in son derece uygundur. \u00d6nemli i\u015f toplant\u0131lar\u0131 ve resmi etkinliklerden sofistike sosyal toplant\u0131lara kadar, \u00e7ok y\u00f6nl\u00fc kahverengi tonlar\u0131 \u00f6zel dikim tak\u0131mlar, \u015f\u0131k pantolonlar ve hatta l\u00fcks g\u00fcndelik k\u0131yafetlerle zahmetsizce e\u015fle\u015ferek onlar\u0131 ger\u00e7ek bir gard\u0131rop vazge\u00e7ilmezi haline getirir.<\/p>\n<h3>Her Durum \u0130\u00e7in Tercihiniz<\/h3>\n<p>\u0130ster y\u00f6netici ofisine gidiyor olun, ister kutlama ama\u00e7l\u0131 bir d\u00fc\u011f\u00fcne kat\u0131l\u0131yor olun ya da sadece g\u00fcnl\u00fck k\u0131yafetinizi y\u00fckseltmek istiyor olun, bu <strong>Klasik Kahverengi Dana Derisi Ayakkab\u0131<\/strong> ideal arkada\u015f\u0131n\u0131zd\u0131r. Kal\u0131c\u0131 cazibeleri, uzun y\u0131llar boyunca erkek modas\u0131nda \u00f6nemli bir yere sahip olmalar\u0131n\u0131 sa\u011flar. 40'tan 44'e kadar kapsaml\u0131 bir AB beden yelpazesinde mevcut olan bu ayakkab\u0131lar, her aya\u011fa m\u00fckemmel uyum sa\u011flayarak hem rahatl\u0131k hem de uzun s\u00fcreli sofistike bir g\u00f6r\u00fcn\u00fcm sunar.<\/p>\n<h3>\u00d6zel Toptan Sat\u0131\u015f F\u0131rsatlar\u0131<\/h3>\n<p>M\u00fc\u015fterilerine birinci s\u0131n\u0131f ayakkab\u0131lar sunmak isteyen se\u00e7kin perakendeciler ve i\u015fletmeler i\u00e7in bu ola\u011fan\u00fcst\u00fc <strong>Klasik Kahverengi Dana Derisi Ayakkab\u0131<\/strong> toptan al\u0131m i\u00e7in haz\u0131rd\u0131r. Minimum 16 \u00e7iftlik sipari\u015fleri memnuniyetle kar\u015f\u0131l\u0131yoruz ve ger\u00e7ekten \u00f6ne \u00e7\u0131kan y\u00fcksek kaliteli, talep g\u00f6ren ayakkab\u0131lar\u0131 stoklamak i\u00e7in m\u00fckemmel bir f\u0131rsat sunuyoruz. Bu muhte\u015fem Klasik Kahverengi Dana Derisi Ayakkab\u0131 ile envanterinizi y\u00fckseltin ve m\u00fc\u015fterilerinize hem l\u00fcks\u00fc hem de benzersiz konforu temsil eden bir \u00fcr\u00fcn sunun.<\/p>","protected":false},"excerpt":{"rendered":"<ul>\n<li>L\u00fcks bir his ve uzun s\u00fcreli dayan\u0131kl\u0131l\u0131k i\u00e7in birinci s\u0131n\u0131f dana derisi saya.<\/li>\n<li>Yumu\u015fak, nefes alabilen ke\u00e7i derisi astar g\u00fcn boyu konfor ve ferahl\u0131k sa\u011flar.<\/li>\n<li>\u00dcst\u00fcn yast\u0131klama ve y\u00fcr\u00fcy\u00fc\u015f deneyimi i\u00e7in hafif ve esnek EVA taban.<\/li>\n<li>\u00c7ok y\u00f6nl\u00fc, zengin kahverengi tonunda zamans\u0131z klasik Derby tasar\u0131m\u0131.<\/li>\n<li>40-44 AB bedenlerinde mevcuttur ve m\u00fckemmel uyum sa\u011flar.<\/li>\n<li>Minimum 16 \u00e7ift sipari\u015f i\u00e7in toptan sat\u0131\u015f talepleri kabul edilir.<\/li>\n<\/ul>","protected":false},"featured_media":6995,"template":"","meta":{"_acf_changed":false,"_uag_custom_page_level_css":"","site-sidebar-layout":"default","site-content-layout":"","ast-site-content-layout":"default","site-content-style":"default","site-sidebar-style":"default","ast-global-header-display":"","ast-banner-title-visibility":"","ast-main-header-display":"","ast-hfb-above-header-display":"","ast-hfb-below-header-display":"","ast-hfb-mobile-header-display":"","site-post-title":"","ast-breadcrumbs-content":"","ast-featured-img":"","footer-sml-layout":"","ast-disable-related-posts":"","theme-transparent-header-meta":"","adv-header-id-meta":"","stick-header-meta":"","header-above-stick-meta":"","header-main-stick-meta":"","header-below-stick-meta":"","astra-migrate-meta-layouts":"default","ast-page-background-enabled":"default","ast-page-background-meta":{"desktop":{"background-color":"var(--ast-global-color-4)","background-image":"","background-repeat":"repeat","background-position":"center center","background-size":"auto","background-attachment":"scroll","background-type":"","background-media":"","overlay-type":"","overlay-color":"","overlay-opacity":"","overlay-gradient":""},"tablet":{"background-color":"","background-image":"","background-repeat":"repeat","background-position":"center center","background-size":"auto","background-attachment":"scroll","background-type":"","background-media":"","overlay-type":"","overlay-color":"","overlay-opacity":"","overlay-gradient":""},"mobile":{"background-color":"","background-image":"","background-repeat":"repeat","background-position":"center center","background-size":"auto","background-attachment":"scroll","background-type":"","background-media":"","overlay-type":"","overlay-color":"","overlay-opacity":"","overlay-gradient":""}},"ast-content-background-meta":{"desktop":{"background-color":"var(--ast-global-color-5)","background-image":"","background-repeat":"repeat","background-position":"center center","background-size":"auto","background-attachment":"scroll","background-type":"","background-media":"","overlay-type":"","overlay-color":"","overlay-opacity":"","overlay-gradient":""},"tablet":{"background-color":"var(--ast-global-color-5)","background-image":"","background-repeat":"repeat","background-position":"center center","background-size":"auto","background-attachment":"scroll","background-type":"","background-media":"","overlay-type":"","overlay-color":"","overlay-opacity":"","overlay-gradient":""},"mobile":{"background-color":"var(--ast-global-color-5)","background-image":"","background-repeat":"repeat","background-position":"center center","background-size":"auto","background-attachment":"scroll","background-type":"","background-media":"","overlay-type":"","overlay-color":"","overlay-opacity":"","overlay-gradient":""}}},"product_brand":[],"product_cat":[47,430,1200],"product_tag":[1407,405,299,1406,609,287,314,1326,310,262],"class_list":{"0":"post-8141","1":"product","2":"type-product","3":"status-publish","4":"has-post-thumbnail","6":"product_cat-classic","7":"product_cat-men","8":"product_cat-mens-shoes-2","9":"product_tag-brown-leather-dress-shoes","10":"product_tag-business-shoes","11":"product_tag-calf-leather-footwear","12":"product_tag-classic-brown-calf-leather-shoes","13":"product_tag-elegant-mens-shoes","14":"product_tag-eva-sole-shoes","15":"product_tag-formal-mens-shoes","16":"product_tag-goat-leather-lined-shoes","17":"product_tag-mens-derby-shoes","18":"product_tag-wholesale-mens-shoes","19":"desktop-align-center","20":"tablet-align-center","21":"mobile-align-center","23":"first","24":"instock","25":"shipping-taxable","26":"purchasable","27":"product-type-variable","28":"has-default-attributes"},"acf":[],"uagb_featured_image_src":{"full":["https:\/\/turkishtrade.co\/wp-content\/uploads\/2026\/01\/2600NZTMN00026-CAMEL.png",453,250,false],"thumbnail":["https:\/\/turkishtrade.co\/wp-content\/uploads\/2026\/01\/2600NZTMN00026-CAMEL-150x150.png",150,150,true],"medium":["https:\/\/turkishtrade.co\/wp-content\/uploads\/2026\/01\/2600NZTMN00026-CAMEL-300x166.png",300,166,true],"medium_large":["https:\/\/turkishtrade.co\/wp-content\/uploads\/2026\/01\/2600NZTMN00026-CAMEL.png",453,250,false],"large":["https:\/\/turkishtrade.co\/wp-content\/uploads\/2026\/01\/2600NZTMN00026-CAMEL.png",453,250,false],"1536x1536":["https:\/\/turkishtrade.co\/wp-content\/uploads\/2026\/01\/2600NZTMN00026-CAMEL.png",453,250,false],"2048x2048":["https:\/\/turkishtrade.co\/wp-content\/uploads\/2026\/01\/2600NZTMN00026-CAMEL.png",453,250,false],"trp-custom-language-flag":["https:\/\/turkishtrade.co\/wp-content\/uploads\/2026\/01\/2600NZTMN00026-CAMEL-18x10.png",18,10,true],"woocommerce_thumbnail":["https:\/\/turkishtrade.co\/wp-content\/uploads\/2026\/01\/2600NZTMN00026-CAMEL-400x250.png",400,250,true],"woocommerce_single":["https:\/\/turkishtrade.co\/wp-content\/uploads\/2026\/01\/2600NZTMN00026-CAMEL.png",453,250,false],"woocommerce_gallery_thumbnail":["https:\/\/turkishtrade.co\/wp-content\/uploads\/2026\/01\/2600NZTMN00026-CAMEL-100x100.png",100,100,true]},"uagb_author_info":{"display_name":"python python","author_link":"https:\/\/turkishtrade.co\/tr\/author\/"},"uagb_comment_info":0,"uagb_excerpt":"Premium calf leather upper for a luxurious feel and lasting durability. Soft, breathable goat leather lining ensures all-day comfort and freshness. Lightweight and flexible EVA sole for superior cushioning and walking experience. Timeless classic Derby design in a versatile, rich brown shade. Available in EU sizes 40-44, ensuring a perfect fit. Wholesale inquiries welcome for&hellip;","_links":{"self":[{"href":"https:\/\/turkishtrade.co\/tr\/wp-json\/wp\/v2\/product\/8141","targetHints":{"allow":["GET"]}}],"collection":[{"href":"https:\/\/turkishtrade.co\/tr\/wp-json\/wp\/v2\/product"}],"about":[{"href":"https:\/\/turkishtrade.co\/tr\/wp-json\/wp\/v2\/types\/product"}],"wp:featuredmedia":[{"embeddable":true,"href":"https:\/\/turkishtrade.co\/tr\/wp-json\/wp\/v2\/media\/6995"}],"wp:attachment":[{"href":"https:\/\/turkishtrade.co\/tr\/wp-json\/wp\/v2\/media?parent=8141"}],"wp:term":[{"taxonomy":"product_brand","embeddable":true,"href":"https:\/\/turkishtrade.co\/tr\/wp-json\/wp\/v2\/product_brand?post=8141"},{"taxonomy":"product_cat","embeddable":true,"href":"https:\/\/turkishtrade.co\/tr\/wp-json\/wp\/v2\/product_cat?post=8141"},{"taxonomy":"product_tag","embeddable":true,"href":"https:\/\/turkishtrade.co\/tr\/wp-json\/wp\/v2\/product_tag?post=8141"}],"curies":[{"name":"wp","href":"https:\/\/api.w.org\/{rel}","templated":true}]}}